{"id":4974,"date":"2021-10-09T07:28:30","date_gmt":"2021-10-09T07:28:30","guid":{"rendered":"https:\/\/recyclingequipinc.com\/?post_type=product&#038;p=4974"},"modified":"2025-11-10T15:58:49","modified_gmt":"2025-11-10T07:58:49","slug":"5t-fish-meal-machine","status":"publish","type":"product","link":"https:\/\/recyclingequipinc.com\/de\/product\/5t-fish-meal-machine\/","title":{"rendered":"5T\/D Fischmehlmaschine"},"content":{"rendered":"<p>Fischmehl ist ein proteinreiches Futtermittel mit einer oder mehreren Fischarten als Rohstoff nach dem Ent\u00f6len, Dehydrieren und Zerkleinern, was sich positiv auf das Wachstum der Tiere auswirkt. Der Rohstoff stammt aus Knochen und Innereien von Fischen, die nicht f\u00fcr den menschlichen Verzehr verwendet werden. Bei Maschinen zur Herstellung von Fischmehl stehen sowohl Produktionslinien f\u00fcr gro\u00dfe Mengen als auch integrierte Fischmehlanlagen f\u00fcr kleine oder mittlere Mengen zur Verf\u00fcgung. Die Fischmehlanlage 5T\/D besteht aus einer Fischkochmaschine, einer Fischquetschmaschine, einem Fischmehltrockner und einem Fisch\u00f6labscheider. Es kann in kleinen Werkst\u00e4tten und auf dem Schiff beim Angeln auf dem Meer eingesetzt werden. Aus frischem rohem Fisch kann Fischmehl h\u00f6chster Qualit\u00e4t hergestellt werden.<\/p> <h2>5T\/D Fischmehlmaschine zu verkaufen<\/h2> <p>Die Fischpulver-Produktionseinheit eignet sich f\u00fcr kleine und mittlere Fischmehlwerkst\u00e4tten und kann auch auf Schiffen installiert werden, um auf See Fischmehl und Fisch\u00f6l herzustellen. Im Vergleich zu gro\u00dfen Fischmehlproduktionslinien erfordert die integrierte Fischmehlmaschine geringere Investitionen und ist eine integrierte Ausr\u00fcstung, die den Prozess des Schmorens, Pressens und Entw\u00e4sserns unabh\u00e4ngig abschlie\u00dfen kann. Wenn das Rohmaterial nicht klein ist, ist es besser, vor dem Kochen eine Fischschneidemaschine einzusetzen. Dar\u00fcber hinaus k\u00f6nnen Sie je nach Ihrem tats\u00e4chlichen Bedarf andere unterst\u00fctzende Maschinen ausw\u00e4hlen, z. B. eine F\u00f6rderschnecke, eine Fischmehl-Siebmaschine, eine Fischmehl-Zerkleinerungsmaschine, eine Fischmehl-Verpackungsmaschine usw. Allerdings weist der eingebaute Typ der Fischmehlmaschine einige Unterschiede auf In der gesamten Fischmehlproduktionslinie sind die Hauptproduktionsprozesse gleich.<\/p> <figure id=\"attachment_4989\" aria-describedby=\"caption-attachment-4989\" style=\"width: 713px\" class=\"wp-caption aligncenter\"><img fetchpriority=\"high\" decoding=\"async\" class=\"size-full wp-image-4989\" src=\"https:\/\/recyclingequipinc.com\/wp-content\/uploads\/2021\/10\/integrated-fish-meal-unit.jpg\" alt=\"integrierte Fischmehleinheit\" width=\"713\" height=\"540\" srcset=\"https:\/\/recyclingequipinc.com\/wp-content\/uploads\/2021\/10\/integrated-fish-meal-unit.jpg 713w, https:\/\/recyclingequipinc.com\/wp-content\/uploads\/2021\/10\/integrated-fish-meal-unit-300x227.jpg 300w, https:\/\/recyclingequipinc.com\/wp-content\/uploads\/2021\/10\/integrated-fish-meal-unit-600x454.jpg 600w\" sizes=\"(max-width: 713px) 100vw, 713px\" \/><figcaption id=\"caption-attachment-4989\" class=\"wp-caption-text\">integrierte Fischmehleinheit<\/figcaption><\/figure> <h2>Struktur der 5T\/D-Fischmehlmaschine<\/h2> <p>Die Fischmehlanlage 5T\/D besteht aus einer Fischschmormaschine, einer Fischquetschmaschine und einer Fischtrocknungsmaschine. Die Fischkochmaschine nutzt eine Dampferhitzungsmethode zum Schmoren und Sterilisieren von Fisch. Der stufenlose Regelmotor kann die Geschwindigkeit der Hauptwelle der Kochmaschine \u00e4ndern und ist so f\u00fcr unterschiedliche Produktionsprozesse je nach Jahreszeit, Fischart und Fischgr\u00f6\u00dfe geeignet. Der Fischquetscher ist ein Ger\u00e4t zum Entw\u00e4ssern der gekochten Fischst\u00fccke und zum Trennen des Fisch\u00f6ls vom Fischmehl. Bei der Fischmehlproduktion presst die Fischquetschmaschine so viel Fl\u00fcssigkeit wie m\u00f6glich aus, um die Qualit\u00e4t des Fischmehls zu verbessern und den Feuchtigkeitsgehalt des nassen Fischmehls zu reduzieren. Die Fischmehltrocknungsmaschine trocknet das nasse Fischmehl und reduziert seinen Wassergehalt auf weniger als 10%. Der gut konzipierte Trockner sorgt f\u00fcr die gr\u00f6\u00dfte Heizfl\u00e4che f\u00fcr Fischmehl, gleichm\u00e4\u00dfige Erw\u00e4rmung, gute Trocknungswirkung und hohe Effizienz.<\/p> <h2>Merkmale der Fischmehlanlage an Bord<\/h2> <ol> <li>Kompakte Struktur, vern\u00fcnftiges Design, einfache Bewegung, platzsparend<\/li> <li>Angemessener Preis, geringer Platzbedarf, starke Stabilit\u00e4t, einfache Bedienung<\/li> <li>Hohe Effizienz, Komfort, Kosteneinsparung, guter Produktionseffekt<\/li> <li>Integrierte Ausr\u00fcstung zum vollst\u00e4ndigen Kochen, Auspressen und Trocknen<\/li> <\/ol> <h2>Der gesamte Prozess der Fischmehlproduktion<\/h2> <p>Fischschneiden \u2013 Schneckenf\u00f6rderer \u2013 Transportieren von zerkleinertem Fisch \u2013 D\u00fcnsten von gekochten Fischst\u00fccken \u2013 Auspressen von Fischmehl \u2013 \u200b\u200bTrocknen von Fischmehl \u2013 \u200b\u200bSieben von Fischmehl \u2013 \u200b\u200berneutes Zerkleinern von Fischmehl \u2013 \u200b\u200bVerpacken von Fischmehl<\/p> <h2>Zugeh\u00f6rige Ausr\u00fcstung<\/h2> <h3>#Fischschneidemaschine<\/h3> <p>Der Fischzerkleinerer wird zum Schneiden gro\u00dfer Fische in kleine St\u00fccke mit einer Gr\u00f6\u00dfe von weniger als 5 mm verwendet, um das Rohmaterial per Schneckenf\u00f6rderer in die Fischschmormaschine zu transportieren. Die Fischzerkleinerungsmaschine besteht aus einem Hauptrahmen, einem Motor, einem Fischeinlass, einem Zerkleinerungsauslass und einem Paar Rollschneidern.<\/p> <figure id=\"attachment_5000\" aria-describedby=\"caption-attachment-5000\" style=\"width: 720px\" class=\"wp-caption aligncenter\"><img decoding=\"async\" class=\"size-full wp-image-5000\" src=\"https:\/\/recyclingequipinc.com\/wp-content\/uploads\/2021\/10\/fish-cutting-machine.jpg\" alt=\"Fischschneidemaschine\" width=\"720\" height=\"540\" srcset=\"https:\/\/recyclingequipinc.com\/wp-content\/uploads\/2021\/10\/fish-cutting-machine.jpg 720w, https:\/\/recyclingequipinc.com\/wp-content\/uploads\/2021\/10\/fish-cutting-machine-300x225.jpg 300w, https:\/\/recyclingequipinc.com\/wp-content\/uploads\/2021\/10\/fish-cutting-machine-600x450.jpg 600w\" sizes=\"(max-width: 720px) 100vw, 720px\" \/><figcaption id=\"caption-attachment-5000\" class=\"wp-caption-text\">Fischschneidemaschine<\/figcaption><\/figure> <h3>#Schneckenf\u00f6rderer<\/h3> <p>Die F\u00f6rderschnecke ist eine g\u00e4ngige unterst\u00fctzende Maschine in der industriellen Produktion. In der Fischmehlproduktionslinie transportiert es zerkleinerten Fisch in die Fischkochmaschine. Die Ausr\u00fcstung bietet die Vorteile einer einfachen Struktur, einer guten Leistung, einer Arbeitsersparnis usw.<\/p> <h3>#Fischmehl-Siebmaschine<\/h3> <p>Die Fischmehl-Siebmaschine siebt Fischmehl nach dem Trocknen. Das kleine Fischmehl wird aus der Anlage entfernt, aber dieses Fischmehl, das nicht der erforderlichen Gr\u00f6\u00dfe entspricht, kann mit einer kleinen Zerkleinerungsmaschine erneut zerkleinert werden. Bei der Trommelsiebmaschine k\u00f6nnen verschiedene Siebmaischen gewechselt werden.<\/p> <figure id=\"attachment_5004\" aria-describedby=\"caption-attachment-5004\" style=\"width: 720px\" class=\"wp-caption aligncenter\"><img decoding=\"async\" class=\"size-full wp-image-5004\" src=\"https:\/\/recyclingequipinc.com\/wp-content\/uploads\/2021\/10\/fish-meal-screening-machine.jpg\" alt=\"Siebmaschine f\u00fcr Fischmehl\" width=\"720\" height=\"540\" srcset=\"https:\/\/recyclingequipinc.com\/wp-content\/uploads\/2021\/10\/fish-meal-screening-machine.jpg 720w, https:\/\/recyclingequipinc.com\/wp-content\/uploads\/2021\/10\/fish-meal-screening-machine-300x225.jpg 300w, https:\/\/recyclingequipinc.com\/wp-content\/uploads\/2021\/10\/fish-meal-screening-machine-600x450.jpg 600w\" sizes=\"(max-width: 720px) 100vw, 720px\" \/><figcaption id=\"caption-attachment-5004\" class=\"wp-caption-text\">Siebmaschine f\u00fcr Fischmehl<\/figcaption><\/figure> <h3>#Fischmehl-Verpackungsmaschine<\/h3> <p class=\"translation-block\">Die<a href=\"https:\/\/recyclingequipinc.com\/de\/produkt\/fish-meal-packing-machine\/\"><strong> Fischmehl-Verpackungsmaschine<\/strong><\/a> ist die Ausr\u00fcstung zum Verpacken von Fischmehlen in S\u00e4cken mit bestimmten Volumen- oder Gewichtsvorgaben. Gut verpacktes Fischmehl ist sauber und ansprechend auf dem Markt. Der Verpacker hat die Funktionen Messen, Sackherstellung, F\u00fcllen, Versiegeln, Schneiden und Z\u00e4hlen.<\/p> <h2>Abschluss<\/h2> <p>Die Fischmehlmaschine 5T\/D kann als integrierte Maschine das Kochen, Pressen und Trocknen unabh\u00e4ngig voneinander durchf\u00fchren. Aufgrund seiner kompakten Bauweise ist kein gro\u00dfer Platzbedarf erforderlich. Im Vergleich zu den Maschinen der gesamten Fischmehl-Produktionslinie ist diese Art von 5D\/T-Fischmehl kosteng\u00fcnstig. Wenn Sie weitere unterst\u00fctzende Maschinen ben\u00f6tigen, k\u00f6nnen Sie entsprechend Ihren tats\u00e4chlichen Anforderungen ausw\u00e4hlen oder sich mit uns in Verbindung setzen und die professionellen Mitarbeiter werden Ihnen n\u00fctzliche Vorschl\u00e4ge unterbreiten.<\/p>","protected":false},"excerpt":{"rendered":"<p>Fischmehl ist ein proteinreiches Futtermittel mit einer oder mehreren Fischarten als Rohstoff nach dem Ent\u00f6len, Dehydrieren und Zerkleinern, was sich positiv auf das Wachstum der Tiere auswirkt. Die Fischmehlanlage 5T\/D besteht aus einer Fischkochmaschine, einer Fischquetschmaschine, einem Fischmehltrockner und einem Fisch\u00f6labscheider. Es kann in kleinen Werkst\u00e4tten und auf dem Schiff beim Angeln auf dem Meer eingesetzt werden. Aus frischem rohem Fisch kann Fischmehl h\u00f6chster Qualit\u00e4t hergestellt werden.<\/p>","protected":false},"featured_media":4977,"template":"","meta":{"site-sidebar-layout":"default","site-content-layout":"default","ast-site-content-layout":"default","site-content-style":"default","site-sidebar-style":"default","ast-global-header-display":"","ast-banner-title-visibility":"","ast-main-header-display":"","ast-hfb-above-header-display":"","ast-hfb-below-header-display":"","ast-hfb-mobile-header-display":"","site-post-title":"","ast-breadcrumbs-content":"","ast-featured-img":"","footer-sml-layout":"","ast-disable-related-posts":"","theme-transparent-header-meta":"default","adv-header-id-meta":"","stick-header-meta":"default","header-above-stick-meta":"","header-main-stick-meta":"","header-below-stick-meta":"","astra-migrate-meta-layouts":"set","ast-page-background-enabled":"default","ast-page-background-meta":{"desktop":{"background-color":"","background-image":"","background-repeat":"repeat","background-position":"center center","background-size":"auto","background-attachment":"scroll","background-type":"","background-media":"","overlay-type":"","overlay-color":"","overlay-opacity":"","overlay-gradient":""},"tablet":{"background-color":"","background-image":"","background-repeat":"repeat","background-position":"center center","background-size":"auto","background-attachment":"scroll","background-type":"","background-media":"","overlay-type":"","overlay-color":"","overlay-opacity":"","overlay-gradient":""},"mobile":{"background-color":"","background-image":"","background-repeat":"repeat","background-position":"center center","background-size":"auto","background-attachment":"scroll","background-type":"","background-media":"","overlay-type":"","overlay-color":"","overlay-opacity":"","overlay-gradient":""}},"ast-content-background-meta":{"desktop":{"background-color":"var(--ast-global-color-5)","background-image":"","background-repeat":"repeat","background-position":"center center","background-size":"auto","background-attachment":"scroll","background-type":"","background-media":"","overlay-type":"","overlay-color":"","overlay-opacity":"","overlay-gradient":""},"tablet":{"background-color":"var(--ast-global-color-5)","background-image":"","background-repeat":"repeat","background-position":"center center","background-size":"auto","background-attachment":"scroll","background-type":"","background-media":"","overlay-type":"","overlay-color":"","overlay-opacity":"","overlay-gradient":""},"mobile":{"background-color":"var(--ast-global-color-5)","background-image":"","background-repeat":"repeat","background-position":"center center","background-size":"auto","background-attachment":"scroll","background-type":"","background-media":"","overlay-type":"","overlay-color":"","overlay-opacity":"","overlay-gradient":""}}},"product_brand":[],"product_cat":[15],"product_tag":[43],"class_list":{"0":"post-4974","1":"product","2":"type-product","3":"status-publish","4":"has-post-thumbnail","6":"product_cat-fish-meal-plant","7":"product_tag-fish-meal-machine","8":"desktop-align-center","9":"tablet-align-center","10":"mobile-align-center","12":"first","13":"instock","14":"shipping-taxable","15":"product-type-simple"},"_links":{"self":[{"href":"https:\/\/recyclingequipinc.com\/de\/wp-json\/wp\/v2\/product\/4974","targetHints":{"allow":["GET"]}}],"collection":[{"href":"https:\/\/recyclingequipinc.com\/de\/wp-json\/wp\/v2\/product"}],"about":[{"href":"https:\/\/recyclingequipinc.com\/de\/wp-json\/wp\/v2\/types\/product"}],"version-history":[{"count":0,"href":"https:\/\/recyclingequipinc.com\/de\/wp-json\/wp\/v2\/product\/4974\/revisions"}],"wp:featuredmedia":[{"embeddable":true,"href":"https:\/\/recyclingequipinc.com\/de\/wp-json\/wp\/v2\/media\/4977"}],"wp:attachment":[{"href":"https:\/\/recyclingequipinc.com\/de\/wp-json\/wp\/v2\/media?parent=4974"}],"wp:term":[{"taxonomy":"product_brand","embeddable":true,"href":"https:\/\/recyclingequipinc.com\/de\/wp-json\/wp\/v2\/product_brand?post=4974"},{"taxonomy":"product_cat","embeddable":true,"href":"https:\/\/recyclingequipinc.com\/de\/wp-json\/wp\/v2\/product_cat?post=4974"},{"taxonomy":"product_tag","embeddable":true,"href":"https:\/\/recyclingequipinc.com\/de\/wp-json\/wp\/v2\/product_tag?post=4974"}],"curies":[{"name":"wp","href":"https:\/\/api.w.org\/{rel}","templated":true}]}}