{"id":4938,"date":"2021-10-08T07:59:30","date_gmt":"2021-10-08T07:59:30","guid":{"rendered":"https:\/\/recyclingequipinc.com\/?post_type=product&#038;p=4938"},"modified":"2021-10-26T09:33:30","modified_gmt":"2021-10-26T09:33:30","slug":"egg-tray-dryer-machine","status":"publish","type":"product","link":"https:\/\/recyclingequipinc.com\/de\/product\/egg-tray-dryer-machine\/","title":{"rendered":"Eierschalen-Trocknungsmaschine"},"content":{"rendered":"<p class=\"translation-block\"><strong><b>Eierkarton-Trockner<\/b><\/strong><strong><b>\u00a0maschine<\/b><\/strong>\u00a0Funktionen\u00a0zum Entfernen der Feuchtigkeit von nassen Eierkartons in kurzer Zeit. Es\u00a0hilft, Eierkartons schnell in gro\u00dfen Mengen zu trocknen. Daher ist der Eierkarton-Trockner die wichtigste Gruppenausr\u00fcstung der Eierkarton-Herstellungsmaschine. Au\u00dferdem bestimmt die Trocknungsart des Eierkartons das Automatisierungsniveau einer Eierkarton-Produktionslinie. Nat\u00fcrlich variiert der Preis der Eierkartonmaschine. Wenn Sie an recycelten Maschinen interessiert sind, kontaktieren Sie uns bitte jederzeit, und wir werden Ihnen so schnell wie m\u00f6glich antworten!<\/p> <figure id=\"attachment_4964\" aria-describedby=\"caption-attachment-4964\" style=\"width: 800px\" class=\"wp-caption aligncenter\"><img fetchpriority=\"high\" decoding=\"async\" class=\"size-full wp-image-4964\" src=\"https:\/\/recyclingequipinc.com\/wp-content\/uploads\/2021\/10\/egg-tray-drying-methods.jpg\" alt=\"Methoden zum Trocknen von Eierschalen\" width=\"800\" height=\"800\" srcset=\"https:\/\/recyclingequipinc.com\/wp-content\/uploads\/2021\/10\/egg-tray-drying-methods.jpg 800w, https:\/\/recyclingequipinc.com\/wp-content\/uploads\/2021\/10\/egg-tray-drying-methods-100x100.jpg 100w, https:\/\/recyclingequipinc.com\/wp-content\/uploads\/2021\/10\/egg-tray-drying-methods-750x750.jpg 750w, https:\/\/recyclingequipinc.com\/wp-content\/uploads\/2021\/10\/egg-tray-drying-methods-300x300.jpg 300w, https:\/\/recyclingequipinc.com\/wp-content\/uploads\/2021\/10\/egg-tray-drying-methods-150x150.jpg 150w, https:\/\/recyclingequipinc.com\/wp-content\/uploads\/2021\/10\/egg-tray-drying-methods-768x768.jpg 768w, https:\/\/recyclingequipinc.com\/wp-content\/uploads\/2021\/10\/egg-tray-drying-methods-600x600.jpg 600w\" sizes=\"(max-width: 800px) 100vw, 800px\" \/><figcaption id=\"caption-attachment-4964\" class=\"wp-caption-text\">Methoden zum Trocknen von Eierschalen<\/figcaption><\/figure> <h2><strong><b>Drei M\u00f6glichkeiten zum Trocknen von Eierschalen <\/b><\/strong><\/h2> <p>Es gibt drei Arten zum Trocknen der nassen Eierschalen: nat\u00fcrliche Trocknung, Ziegeltrocknungslinie und Metalltrockner. Als professioneller Hersteller und Anbieter von Eierablagemaschinen m\u00f6chten wir Ihnen die Details dazu zur Verf\u00fcgung stellen, aus denen Sie ausw\u00e4hlen k\u00f6nnen.<\/p> <p>&nbsp;<\/p> <h3><strong><b>Nat\u00fcrliche Trocknung<\/b><\/strong><\/h3> <p>Wie der Name schon sagt, besteht die nat\u00fcrliche Trocknung darin, die nassen Eierschalen in die Sonne zu stellen. Es eignet sich f\u00fcr kleine Eierablagemaschinen. Die Vorteile sind niedrige Kosten, geringes Risiko und geringer Platzbedarf f\u00fcr die Eierschalenanlage. Aufgrund dieser Trocknungsmethode ben\u00f6tigt es gen\u00fcgend Platz, um nasse Eierschalen und den Wehenhelfer abzustellen. Das Trocknen der Eierschalen ben\u00f6tigt jedoch mehr Zeit. Und der Fortschritt beim Trocknen der Eierschale h\u00e4ngt stark vom Wetter ab.<\/p> <figure id=\"attachment_4960\" aria-describedby=\"caption-attachment-4960\" style=\"width: 1071px\" class=\"wp-caption aligncenter\"><img decoding=\"async\" class=\"size-full wp-image-4960\" src=\"https:\/\/recyclingequipinc.com\/wp-content\/uploads\/2021\/10\/natural-drying-for-egg-trays.jpg\" alt=\"nat\u00fcrliche Trocknung f\u00fcr Eierschalen\" width=\"1071\" height=\"414\" srcset=\"https:\/\/recyclingequipinc.com\/wp-content\/uploads\/2021\/10\/natural-drying-for-egg-trays.jpg 1071w, https:\/\/recyclingequipinc.com\/wp-content\/uploads\/2021\/10\/natural-drying-for-egg-trays-750x290.jpg 750w, https:\/\/recyclingequipinc.com\/wp-content\/uploads\/2021\/10\/natural-drying-for-egg-trays-300x116.jpg 300w, https:\/\/recyclingequipinc.com\/wp-content\/uploads\/2021\/10\/natural-drying-for-egg-trays-1024x396.jpg 1024w, https:\/\/recyclingequipinc.com\/wp-content\/uploads\/2021\/10\/natural-drying-for-egg-trays-768x297.jpg 768w, https:\/\/recyclingequipinc.com\/wp-content\/uploads\/2021\/10\/natural-drying-for-egg-trays-600x232.jpg 600w\" sizes=\"(max-width: 1071px) 100vw, 1071px\" \/><figcaption id=\"caption-attachment-4960\" class=\"wp-caption-text\">nat\u00fcrliche Trocknung<\/figcaption><\/figure> <h3><strong><b>Ziegeltrocknungslinie<\/b><\/strong><\/h3> <p>\u00dcber ein F\u00f6rderband k\u00f6nnen nasse Eierschalen automatisch in den Trockenraum bef\u00f6rdert werden. Diese Trocknungsmethode kann f\u00fcr alle Modelle verwendet werden, wird jedoch f\u00fcr mittelgro\u00dfe Eierablagemaschinen empfohlen. Es ist effektiver als die nat\u00fcrliche Trocknung und auch kosteng\u00fcnstiger als ein automatischer Metalltrockner. Es ist einfach zu warten und zu bedienen und hat zudem eine lange Lebensdauer. Es erfordert jedoch mehr Bauarbeiten und Platz.<\/p> <figure id=\"attachment_4958\" aria-describedby=\"caption-attachment-4958\" style=\"width: 1200px\" class=\"wp-caption aligncenter\"><img decoding=\"async\" class=\"size-full wp-image-4958\" src=\"https:\/\/recyclingequipinc.com\/wp-content\/uploads\/2021\/10\/brick-drying.jpg\" alt=\"Ziegeltrocknung\" width=\"1200\" height=\"500\" srcset=\"https:\/\/recyclingequipinc.com\/wp-content\/uploads\/2021\/10\/brick-drying.jpg 1200w, https:\/\/recyclingequipinc.com\/wp-content\/uploads\/2021\/10\/brick-drying-750x313.jpg 750w, https:\/\/recyclingequipinc.com\/wp-content\/uploads\/2021\/10\/brick-drying-300x125.jpg 300w, https:\/\/recyclingequipinc.com\/wp-content\/uploads\/2021\/10\/brick-drying-1024x427.jpg 1024w, https:\/\/recyclingequipinc.com\/wp-content\/uploads\/2021\/10\/brick-drying-768x320.jpg 768w, https:\/\/recyclingequipinc.com\/wp-content\/uploads\/2021\/10\/brick-drying-600x250.jpg 600w\" sizes=\"(max-width: 1200px) 100vw, 1200px\" \/><figcaption id=\"caption-attachment-4958\" class=\"wp-caption-text\">Ziegeltrocknung<\/figcaption><\/figure> <h3><strong><b>Metalltrockner<\/b><\/strong><\/h3> <p>Es handelt sich um ein automatisches Trocknungssystem. Es stehen mehrere Ebenen zur Auswahl. Es ist f\u00fcr alle Modelle geeignet. Angesichts der Kosten wird es fast f\u00fcr die Massenproduktion verwendet. Es ist nicht nur einfach zu transportieren, zu installieren und zu bedienen, sondern spart auch Platz. Und es ist effektiv. Aber es ist teuer und der Brennstoff kann nur Heiz\u00f6l oder Strom usw. sein.<\/p> <figure id=\"attachment_4962\" aria-describedby=\"caption-attachment-4962\" style=\"width: 1200px\" class=\"wp-caption aligncenter\"><img loading=\"lazy\" decoding=\"async\" class=\"size-full wp-image-4962\" src=\"https:\/\/recyclingequipinc.com\/wp-content\/uploads\/2021\/10\/metal-drying-for-egg-trays.jpg\" alt=\"Metalltrocknung f\u00fcr Eierschalen\" width=\"1200\" height=\"500\" srcset=\"https:\/\/recyclingequipinc.com\/wp-content\/uploads\/2021\/10\/metal-drying-for-egg-trays.jpg 1200w, https:\/\/recyclingequipinc.com\/wp-content\/uploads\/2021\/10\/metal-drying-for-egg-trays-750x313.jpg 750w, https:\/\/recyclingequipinc.com\/wp-content\/uploads\/2021\/10\/metal-drying-for-egg-trays-300x125.jpg 300w, https:\/\/recyclingequipinc.com\/wp-content\/uploads\/2021\/10\/metal-drying-for-egg-trays-1024x427.jpg 1024w, https:\/\/recyclingequipinc.com\/wp-content\/uploads\/2021\/10\/metal-drying-for-egg-trays-768x320.jpg 768w, https:\/\/recyclingequipinc.com\/wp-content\/uploads\/2021\/10\/metal-drying-for-egg-trays-600x250.jpg 600w\" sizes=\"(max-width: 1200px) 100vw, 1200px\" \/><figcaption id=\"caption-attachment-4962\" class=\"wp-caption-text\">Metalltrocknung<\/figcaption><\/figure> <h2><strong><b>Zugeh\u00f6rige Ausr\u00fcstung zur Bildung des gesamten Systems<\/b><\/strong><\/h2> <p class=\"translation-block\">Weil die Eierkartonmaschine eine umweltfreundliche Maschine ist, bestehen ihre Rohmaterialien aus Altpapier, alten Zeitschriften, alten Kisten usw. Der gesamte Prozess umfasst die Pulpermaschine, die Formmaschine, die Trocknungsmaschine sowie die Umform- und Verpackungsmaschine. Die <a href=\"https:\/\/recyclingequipinc.com\/de\/produkt\/egg-tray-pulping-machine\/\">Pulpermaschine<\/a> ist der erste Schritt, der Abfall in Zellstoff verwandelt. Die <a href=\"https:\/\/recyclingequipinc.com\/de\/produkt\/egg-tray-molding-machine\/\">Formmaschine<\/a> formt die Form, um verschiedene Gegenst\u00e4nde zu halten. Die Trocknungsmaschine trocknet das \u00fcbersch\u00fcssige Wasser von den nassen Eierkartons. Die <a href=\"https:\/\/recyclingequipinc.com\/de\/produkt\/egg-tray-reshaping-packing-progress\/\">Umform- und Verpackungsmaschine<\/a> spart Platz und sammelt die fertigen Produkte. Die Automatisierung des gesamten Prozesses h\u00e4ngt von der Trocknungsmethode ab. <a href=\"https:\/\/recyclingequipinc.com\/de\/\">Shuliy Machinery<\/a>\u00a0hat halbautomatische und vollautomatische Modelle. Die nat\u00fcrliche Trocknung geh\u00f6rt zur Halbtrocknung, w\u00e4hrend der Backsteintrockner und der Metalltrockner vollautomatisch sind. Wenn Sie Fragen haben, k\u00f6nnen Sie uns gerne <a href=\"https:\/\/recyclingequipinc.com\/de\/contact\/\">kontaktieren<\/a>!<\/p> <figure id=\"attachment_4957\" aria-describedby=\"caption-attachment-4957\" style=\"width: 800px\" class=\"wp-caption aligncenter\"><img loading=\"lazy\" decoding=\"async\" class=\"wp-image-4957 size-full\" src=\"https:\/\/recyclingequipinc.com\/wp-content\/uploads\/2021\/10\/related-equipment.jpg\" alt=\"Zugeh\u00f6rige Ausr\u00fcstung \u2013 Arbeiten mit einer Eierschalen-Trocknungsmaschine\" width=\"800\" height=\"697\" srcset=\"https:\/\/recyclingequipinc.com\/wp-content\/uploads\/2021\/10\/related-equipment.jpg 800w, https:\/\/recyclingequipinc.com\/wp-content\/uploads\/2021\/10\/related-equipment-750x653.jpg 750w, https:\/\/recyclingequipinc.com\/wp-content\/uploads\/2021\/10\/related-equipment-300x261.jpg 300w, https:\/\/recyclingequipinc.com\/wp-content\/uploads\/2021\/10\/related-equipment-768x669.jpg 768w, https:\/\/recyclingequipinc.com\/wp-content\/uploads\/2021\/10\/related-equipment-600x523.jpg 600w\" sizes=\"(max-width: 800px) 100vw, 800px\" \/><figcaption id=\"caption-attachment-4957\" class=\"wp-caption-text\">zugeh\u00f6rige Ausr\u00fcstung<\/figcaption><\/figure>","protected":false},"excerpt":{"rendered":"<p>Der Eierschalentrockner ist die wichtigste Ger\u00e4tegruppe der Eierschalenherstellungsmaschine. Dar\u00fcber hinaus bestimmt die Trocknungsart der Eierschale den automatischen F\u00fcllstand einer Eierschalen-Produktionslinie. Nat\u00fcrlich ist der Preis f\u00fcr die Eierablagemaschine unterschiedlich. Wenn Sie Interesse an recycelten Maschinen haben, nehmen Sie jederzeit Kontakt mit uns auf. Wir werden Ihnen so schnell wie m\u00f6glich antworten!<\/p>","protected":false},"featured_media":4953,"template":"","meta":{"site-sidebar-layout":"default","site-content-layout":"default","ast-site-content-layout":"default","site-content-style":"default","site-sidebar-style":"default","ast-global-header-display":"","ast-banner-title-visibility":"","ast-main-header-display":"","ast-hfb-above-header-display":"","ast-hfb-below-header-display":"","ast-hfb-mobile-header-display":"","site-post-title":"","ast-breadcrumbs-content":"","ast-featured-img":"","footer-sml-layout":"","ast-disable-related-posts":"","theme-transparent-header-meta":"default","adv-header-id-meta":"","stick-header-meta":"default","header-above-stick-meta":"","header-main-stick-meta":"","header-below-stick-meta":"","astra-migrate-meta-layouts":"default","ast-page-background-enabled":"default","ast-page-background-meta":{"desktop":{"background-color":"","background-image":"","background-repeat":"repeat","background-position":"center center","background-size":"auto","background-attachment":"scroll","background-type":"","background-media":"","overlay-type":"","overlay-color":"","overlay-opacity":"","overlay-gradient":""},"tablet":{"background-color":"","background-image":"","background-repeat":"repeat","background-position":"center center","background-size":"auto","background-attachment":"scroll","background-type":"","background-media":"","overlay-type":"","overlay-color":"","overlay-opacity":"","overlay-gradient":""},"mobile":{"background-color":"","background-image":"","background-repeat":"repeat","background-position":"center center","background-size":"auto","background-attachment":"scroll","background-type":"","background-media":"","overlay-type":"","overlay-color":"","overlay-opacity":"","overlay-gradient":""}},"ast-content-background-meta":{"desktop":{"background-color":"var(--ast-global-color-5)","background-image":"","background-repeat":"repeat","background-position":"center center","background-size":"auto","background-attachment":"scroll","background-type":"","background-media":"","overlay-type":"","overlay-color":"","overlay-opacity":"","overlay-gradient":""},"tablet":{"background-color":"var(--ast-global-color-5)","background-image":"","background-repeat":"repeat","background-position":"center center","background-size":"auto","background-attachment":"scroll","background-type":"","background-media":"","overlay-type":"","overlay-color":"","overlay-opacity":"","overlay-gradient":""},"mobile":{"background-color":"var(--ast-global-color-5)","background-image":"","background-repeat":"repeat","background-position":"center center","background-size":"auto","background-attachment":"scroll","background-type":"","background-media":"","overlay-type":"","overlay-color":"","overlay-opacity":"","overlay-gradient":""}}},"product_brand":[],"product_cat":[35],"product_tag":[],"class_list":{"0":"post-4938","1":"product","2":"type-product","3":"status-publish","4":"has-post-thumbnail","6":"product_cat-egg-tray-machine","7":"desktop-align-center","8":"tablet-align-center","9":"mobile-align-center","11":"first","12":"instock","13":"shipping-taxable","14":"product-type-simple"},"_links":{"self":[{"href":"https:\/\/recyclingequipinc.com\/de\/wp-json\/wp\/v2\/product\/4938","targetHints":{"allow":["GET"]}}],"collection":[{"href":"https:\/\/recyclingequipinc.com\/de\/wp-json\/wp\/v2\/product"}],"about":[{"href":"https:\/\/recyclingequipinc.com\/de\/wp-json\/wp\/v2\/types\/product"}],"version-history":[{"count":0,"href":"https:\/\/recyclingequipinc.com\/de\/wp-json\/wp\/v2\/product\/4938\/revisions"}],"wp:featuredmedia":[{"embeddable":true,"href":"https:\/\/recyclingequipinc.com\/de\/wp-json\/wp\/v2\/media\/4953"}],"wp:attachment":[{"href":"https:\/\/recyclingequipinc.com\/de\/wp-json\/wp\/v2\/media?parent=4938"}],"wp:term":[{"taxonomy":"product_brand","embeddable":true,"href":"https:\/\/recyclingequipinc.com\/de\/wp-json\/wp\/v2\/product_brand?post=4938"},{"taxonomy":"product_cat","embeddable":true,"href":"https:\/\/recyclingequipinc.com\/de\/wp-json\/wp\/v2\/product_cat?post=4938"},{"taxonomy":"product_tag","embeddable":true,"href":"https:\/\/recyclingequipinc.com\/de\/wp-json\/wp\/v2\/product_tag?post=4938"}],"curies":[{"name":"wp","href":"https:\/\/api.w.org\/{rel}","templated":true}]}}