{"id":4528,"date":"2021-09-16T10:00:36","date_gmt":"2021-09-16T10:00:36","guid":{"rendered":"https:\/\/recyclingequipinc.com\/?post_type=product&#038;p=4528"},"modified":"2025-01-22T11:30:57","modified_gmt":"2025-01-22T03:30:57","slug":"rinsing-tank","status":"publish","type":"product","link":"https:\/\/recyclingequipinc.com\/de\/product\/rinsing-tank\/","title":{"rendered":"Kunststoff-Sp\u00fcltank f\u00fcr PP-LDPE-HDPE-Recycling"},"content":{"rendered":"<p class=\"translation-block\"><strong>Plastiksp\u00fclbeh\u00e4lter<\/strong> ist eine der Maschinen f\u00fcr das Plastikrecycling. Nach dem Zerkleinerungsprozess sind die Kunststoffmaterialien immer noch schmutzig. Daher ist es wichtig, den Sp\u00fclbeh\u00e4lter zu verwenden, um die Kunststoffflocken gr\u00fcndlich zu reinigen. Die Ausr\u00fcstung ist mit vielen gezahnten Platten ausgestattet, die die Kunststoffst\u00fccke zwingen, sich vorw\u00e4rts zu bewegen.<\/p> <div class=\"ast-oembed-container\" style=\"height: 100%;\"><iframe title=\"Hochwertiger Prozess zur Herstellung von Kunststoffabf\u00e4llen in Nigeria\" width=\"500\" height=\"281\" src=\"https:\/\/www.youtube.com\/embed\/zTQX3SMuR1o?feature=oembed\" frameborder=\"0\" allow=\"accelerometer; autoplay; clipboard-write; encrypted-media; gyroscope; picture-in-picture; web-share\" referrerpolicy=\"strict-origin-when-cross-origin\" allowfullscreen><\/iframe><\/div> <h2>PP LDPE HDPE Mahlgut-Reinigungsmaschine zu verkaufen<\/h2> <p><span style=\"font-size: 16px;\">Der Abfallwaschtank aus Kunststoff umfasst haupts\u00e4chlich zwei Arten von Formen: Eine ist ein fertiges Produkt mit Edelstahl- oder Eisenplatte, die andere wird von Ihnen selbst gebaut. Da die Ausr\u00fcstung normalerweise gro\u00df ist, ist der Transport per Schiff nicht einfach. Daher empfehlen wir Ihnen, insbesondere bei einem gro\u00dfen Sp\u00fclbecken, einen Selbstbau zu w\u00e4hlen. Wenn Sie Fragen zum Bau eines Waschtanks haben, k\u00f6nnen Sie sich an unseren Facharbeiter wenden.<\/span><\/p> <div id='gallery-1' class='gallery galleryid-4528 gallery-columns-2 gallery-size-full'><figure class='gallery-item'> \t\t\t<div class='gallery-icon landscape'> \t\t\t\t<img fetchpriority=\"high\" decoding=\"async\" width=\"720\" height=\"540\" src=\"https:\/\/recyclingequipinc.com\/wp-content\/uploads\/2021\/09\/plastic-washing-tank-2.webp\" class=\"attachment-full size-full\" alt=\"Waschtank aus Kunststoff\" aria-describedby=\"gallery-1-16836\" srcset=\"https:\/\/recyclingequipinc.com\/wp-content\/uploads\/2021\/09\/plastic-washing-tank-2.webp 720w, https:\/\/recyclingequipinc.com\/wp-content\/uploads\/2021\/09\/plastic-washing-tank-2-300x225.webp 300w, https:\/\/recyclingequipinc.com\/wp-content\/uploads\/2021\/09\/plastic-washing-tank-2-16x12.webp 16w\" sizes=\"(max-width: 720px) 100vw, 720px\" \/> \t\t\t<\/div> \t\t\t\t<figcaption class='wp-caption-text gallery-caption' id='gallery-1-16836'> \t\t\t\tWaschtank aus Kunststoff \t\t\t\t<\/figcaption><\/figure><figure class='gallery-item'> \t\t\t<div class='gallery-icon landscape'> \t\t\t\t<img decoding=\"async\" width=\"720\" height=\"540\" src=\"https:\/\/recyclingequipinc.com\/wp-content\/uploads\/2021\/09\/plastic-washing-tank.webp\" class=\"attachment-full size-full\" alt=\"Sp\u00fclbeh\u00e4lter aus Kunststoff\" aria-describedby=\"gallery-1-16835\" srcset=\"https:\/\/recyclingequipinc.com\/wp-content\/uploads\/2021\/09\/plastic-washing-tank.webp 720w, https:\/\/recyclingequipinc.com\/wp-content\/uploads\/2021\/09\/plastic-washing-tank-300x225.webp 300w, https:\/\/recyclingequipinc.com\/wp-content\/uploads\/2021\/09\/plastic-washing-tank-16x12.webp 16w\" sizes=\"(max-width: 720px) 100vw, 720px\" \/> \t\t\t<\/div> \t\t\t\t<figcaption class='wp-caption-text gallery-caption' id='gallery-1-16835'> \t\t\t\tSp\u00fclbeh\u00e4lter aus Kunststoff \t\t\t\t<\/figcaption><\/figure> \t\t<\/div>  <h2>Einsatzm\u00f6glichkeiten einer Plastikwaschmaschine<\/h2> <ul> <li>Der Sp\u00fcltank wird in der verwendet <a href=\"https:\/\/recyclingequipinc.com\/de\/produkt\/plastic-film-recycling-machine\/\"><strong>Kunststofffolien-Recyclinglinie<\/strong><\/a> Und <a href=\"https:\/\/recyclingequipinc.com\/de\/produkt\/pet-bottle-recycling-machine\/\"><strong>Produktionslinie f\u00fcr PET-Kunststoffrecycling<\/strong><\/a> zum Reinigen von Plastikfolien. Nachdem die verschmutzten Kunststoffabf\u00e4lle in die Anlage gelangt sind, treiben die R\u00fchrzahnplatten die Kunststoffflocken von einer Seite zur anderen, wodurch das Kunststoffmaterial immer wieder gewaschen wird und der verschmutzte Kunststoff sauber wird.<\/li> <li>Beim Hei\u00dfwaschen von Haustierflocken wird das Reinigungsmittel hinzugef\u00fcgt, um die Plastikflocken zu reinigen. Dadurch verbleibt etwas Reinigungsschaum in den Haustierflocken. Mithilfe der Haustierflocken-Waschmaschine wird jedoch der Reinigungsschaum in den Plastikflocken ausgewaschen.<\/li> <\/ul> <p>&nbsp;<\/p> <h2>Struktur des Sp\u00fclbeh\u00e4lters aus Kunststoff<\/h2> <p class=\"translation-block\">Der Waschbeh\u00e4lter besteht aus <a href=\"https:\/\/en.wikipedia.org\/wiki\/Stainless_steel\" target=\"_blank\" rel=\"noopener\">Edelstahl<\/a> oder Eisenplatte. Im Allgemeinen betr\u00e4gt die L\u00e4nge der Ausr\u00fcstung etwa 15-20 Meter. Der Abstand zwischen zwei r\u00fchrenden gezahnten Platten oder R\u00e4dern betr\u00e4gt 1,5-2 Meter. Sie k\u00f6nnen je nach Ihren Bed\u00fcrfnissen w\u00e4hlen. Wenn Sie nicht wissen, welche Gr\u00f6\u00dfe f\u00fcr Sie geeignet ist, k\u00f6nnen Sie uns kontaktieren, um weitere Details zu erhalten, und wir werden Ihnen so schnell wie m\u00f6glich antworten.<\/p>","protected":false},"excerpt":{"rendered":"<p>Plastic rinsing tank is one of the machines for plastic recycling. After the crushing process, the plastic materials are still [&hellip;]<\/p>\n","protected":false},"featured_media":16818,"template":"","meta":{"site-sidebar-layout":"default","site-content-layout":"default","ast-site-content-layout":"default","site-content-style":"default","site-sidebar-style":"default","ast-global-header-display":"","ast-banner-title-visibility":"","ast-main-header-display":"","ast-hfb-above-header-display":"","ast-hfb-below-header-display":"","ast-hfb-mobile-header-display":"","site-post-title":"","ast-breadcrumbs-content":"","ast-featured-img":"","footer-sml-layout":"","ast-disable-related-posts":"","theme-transparent-header-meta":"default","adv-header-id-meta":"","stick-header-meta":"default","header-above-stick-meta":"","header-main-stick-meta":"","header-below-stick-meta":"","astra-migrate-meta-layouts":"set","ast-page-background-enabled":"default","ast-page-background-meta":{"desktop":{"background-color":"","background-image":"","background-repeat":"repeat","background-position":"center center","background-size":"auto","background-attachment":"scroll","background-type":"","background-media":"","overlay-type":"","overlay-color":"","overlay-opacity":"","overlay-gradient":""},"tablet":{"background-color":"","background-image":"","background-repeat":"repeat","background-position":"center center","background-size":"auto","background-attachment":"scroll","background-type":"","background-media":"","overlay-type":"","overlay-color":"","overlay-opacity":"","overlay-gradient":""},"mobile":{"background-color":"","background-image":"","background-repeat":"repeat","background-position":"center center","background-size":"auto","background-attachment":"scroll","background-type":"","background-media":"","overlay-type":"","overlay-color":"","overlay-opacity":"","overlay-gradient":""}},"ast-content-background-meta":{"desktop":{"background-color":"var(--ast-global-color-5)","background-image":"","background-repeat":"repeat","background-position":"center center","background-size":"auto","background-attachment":"scroll","background-type":"","background-media":"","overlay-type":"","overlay-color":"","overlay-opacity":"","overlay-gradient":""},"tablet":{"background-color":"var(--ast-global-color-5)","background-image":"","background-repeat":"repeat","background-position":"center center","background-size":"auto","background-attachment":"scroll","background-type":"","background-media":"","overlay-type":"","overlay-color":"","overlay-opacity":"","overlay-gradient":""},"mobile":{"background-color":"var(--ast-global-color-5)","background-image":"","background-repeat":"repeat","background-position":"center center","background-size":"auto","background-attachment":"scroll","background-type":"","background-media":"","overlay-type":"","overlay-color":"","overlay-opacity":"","overlay-gradient":""}}},"product_brand":[],"product_cat":[36],"product_tag":[95],"class_list":{"0":"post-4528","1":"product","2":"type-product","3":"status-publish","4":"has-post-thumbnail","6":"product_cat-plastic-recycling-machine","7":"product_tag-washing","8":"desktop-align-center","9":"tablet-align-center","10":"mobile-align-center","12":"first","13":"instock","14":"shipping-taxable","15":"product-type-simple"},"_links":{"self":[{"href":"https:\/\/recyclingequipinc.com\/de\/wp-json\/wp\/v2\/product\/4528","targetHints":{"allow":["GET"]}}],"collection":[{"href":"https:\/\/recyclingequipinc.com\/de\/wp-json\/wp\/v2\/product"}],"about":[{"href":"https:\/\/recyclingequipinc.com\/de\/wp-json\/wp\/v2\/types\/product"}],"version-history":[{"count":0,"href":"https:\/\/recyclingequipinc.com\/de\/wp-json\/wp\/v2\/product\/4528\/revisions"}],"wp:featuredmedia":[{"embeddable":true,"href":"https:\/\/recyclingequipinc.com\/de\/wp-json\/wp\/v2\/media\/16818"}],"wp:attachment":[{"href":"https:\/\/recyclingequipinc.com\/de\/wp-json\/wp\/v2\/media?parent=4528"}],"wp:term":[{"taxonomy":"product_brand","embeddable":true,"href":"https:\/\/recyclingequipinc.com\/de\/wp-json\/wp\/v2\/product_brand?post=4528"},{"taxonomy":"product_cat","embeddable":true,"href":"https:\/\/recyclingequipinc.com\/de\/wp-json\/wp\/v2\/product_cat?post=4528"},{"taxonomy":"product_tag","embeddable":true,"href":"https:\/\/recyclingequipinc.com\/de\/wp-json\/wp\/v2\/product_tag?post=4528"}],"curies":[{"name":"wp","href":"https:\/\/api.w.org\/{rel}","templated":true}]}}