{"id":4415,"date":"2021-09-13T10:21:58","date_gmt":"2021-09-13T10:21:58","guid":{"rendered":"https:\/\/recyclingequipinc.com\/?post_type=product&#038;p=4415"},"modified":"2025-11-10T16:32:20","modified_gmt":"2025-11-10T08:32:20","slug":"egg-tray-reshaping-packing-progress","status":"publish","type":"product","link":"https:\/\/recyclingequipinc.com\/de\/product\/egg-tray-reshaping-packing-progress\/","title":{"rendered":"Fortschritte bei der Umformung und Verpackung der Eierablage"},"content":{"rendered":"<p class=\"translation-block\"><strong><b>Eierkarton-Formung &amp; Verpackungsfortschritt<\/b><\/strong> ist die letzte Phase des gesamten Prozesses der Eierkartonherstellung. Sie beinhaltet zwei Schritte: Hei\u00dfpressen und Verpacken. Daher sind Hei\u00dfpressmaschine und Verpackungsmaschine erforderlich. Die Hei\u00dfpresse reduziert das Volumen des Eierkartons und spart Platz. Die Verpackungsmaschine verpackt die fertigen Produkte. Sie k\u00f6nnen jedoch je nach tats\u00e4chlichem Bedarf manuelle oder automatische Verpackung w\u00e4hlen. Allgemein gilt: W\u00e4hrend des Prozesses der Eierkartonherstellung sollten nur Eiervorratsboxen umgestaltet werden. Dieser Schritt findet immer nach dem Trocknen statt. Der gesamte Prozess der Herstellung von Eierkartons umfasst also Aufpulpen (Pulpen), Formen, Trocknen, Hei\u00dfpressen und Verpacken. Bitte kontaktieren Sie uns f\u00fcr weitere Informationen!<\/p> <figure id=\"attachment_4532\" aria-describedby=\"caption-attachment-4532\" style=\"width: 750px\" class=\"wp-caption aligncenter\"><img fetchpriority=\"high\" decoding=\"async\" class=\"wp-image-4532 size-full\" src=\"https:\/\/recyclingequipinc.com\/wp-content\/uploads\/2021\/09\/reshaping-machine-1.jpg\" alt=\"Umformmaschine f\u00fcr Papier-Eierkartons\" width=\"750\" height=\"572\" srcset=\"https:\/\/recyclingequipinc.com\/wp-content\/uploads\/2021\/09\/reshaping-machine-1.jpg 750w, https:\/\/recyclingequipinc.com\/wp-content\/uploads\/2021\/09\/reshaping-machine-1-300x229.jpg 300w, https:\/\/recyclingequipinc.com\/wp-content\/uploads\/2021\/09\/reshaping-machine-1-600x458.jpg 600w\" sizes=\"(max-width: 750px) 100vw, 750px\" \/><figcaption id=\"caption-attachment-4532\" class=\"wp-caption-text\">Umformmaschine f\u00fcr Papier-Eierkartons<\/figcaption><\/figure> <h2><strong><b>Fortschritte bei der Umgestaltung der Eierablage<\/b><\/strong><\/h2> <p>Dabei ist die Hei\u00dfpresse eine unverzichtbare Maschine. Die Hei\u00dfpresse wird speziell bei umweltfreundlichen Produkten wie Eierkartons eingesetzt, um die Oberfl\u00e4che glatter und sch\u00f6ner zu machen. Auch nach dem Umformen des Eierwagens wird Platz gespart und es k\u00f6nnen mehr St\u00fccke aufbewahrt werden. Die Struktur der Hei\u00dfpresse umfasst die folgenden Teile: Bedienfeld, Zylinder, F\u00fchrungsstange, Rahmen, Einstellplatte, obere Schablone, untere Schablone, Drilling und Druckregelventil.\u00a0Und es wird durch die Luftsteuerung gesteuert. Es ist jedoch zu beachten, dass die Druckluft des Arbeitsmediums der Pneumatiksteuerung gereinigt und getrocknet werden muss, um die Lebensdauer der Luftsteuerung sicherzustellen.<\/p> <p>&nbsp;<\/p> <h2><strong><b>Verpackungsfortschritt<\/b><\/strong><\/h2> <p>Dieser Fortschritt ist der letzte Schritt. Die Verpackungsmaschine dient zum Verpacken von Eierschalen und erm\u00f6glicht eine einfache Lieferung. Der gesamte Prozess bei der Herstellung von Eierschalen besteht aus dem ordnungsgem\u00e4\u00dfen Zerkleinern, Formen, Trocknen, Umformen und Verpacken. Beim Pulpen wird Altpapier, Zeitschriften usw. zu Zellstoff verarbeitet. Beim Formen geht es darum, Zellstoff zu Formwerkzeugen zu verarbeiten. Beim Trocknen wird die Form durch nat\u00fcrliche Trocknung, Ziegeltrocknung oder Metalltrocknung getrocknet. Umformen und Verpacken sollen die Form umformen und einfach liefern. F\u00fcr die Herstellung eines Eierwagens ist jeder Arbeitsschritt absolut notwendig. Alles sollte aufeinander abgestimmt sein. Wenn Sie also Zweifel haben, kontaktieren Sie uns bitte so schnell wie m\u00f6glich!<\/p> <figure id=\"attachment_4541\" aria-describedby=\"caption-attachment-4541\" style=\"width: 670px\" class=\"wp-caption aligncenter\"><img decoding=\"async\" class=\"wp-image-4541 size-full\" src=\"https:\/\/recyclingequipinc.com\/wp-content\/uploads\/2021\/09\/flow-chart.jpg\" alt=\"Flussdiagramm\" width=\"670\" height=\"470\" srcset=\"https:\/\/recyclingequipinc.com\/wp-content\/uploads\/2021\/09\/flow-chart.jpg 670w, https:\/\/recyclingequipinc.com\/wp-content\/uploads\/2021\/09\/flow-chart-300x210.jpg 300w, https:\/\/recyclingequipinc.com\/wp-content\/uploads\/2021\/09\/flow-chart-600x421.jpg 600w\" sizes=\"(max-width: 670px) 100vw, 670px\" \/><figcaption id=\"caption-attachment-4541\" class=\"wp-caption-text\">Flussdiagramm<\/figcaption><\/figure> <h2><strong><b>Anleitung zur Hei\u00dfpressmaschine<\/b><\/strong><\/h2> <p class=\"translation-block\"><strong><b>Pr\u00fcfpunkte vor dem Start:<\/b><\/strong><\/p> <ol> <li>\u00dcberpr\u00fcfen Sie, ob die Maschinenform fest installiert ist.<\/li> <li>\u00dcberpr\u00fcfen Sie, ob die beweglichen Teile der Maschine gut geschmiert sind und ob die Schrauben jedes Teils locker sind.<\/li> <li>\u00dcberpr\u00fcfen Sie, ob der Arbeitsluftdruck und die Arbeitstemperatur den Anforderungen des Produktionsprozesses entsprechen (Luftdruck betr\u00e4gt 0,5 \u00b1 0,05 MPa, Arbeitstemperatur betr\u00e4gt 165 \u00b1 15 \u00b0C) und schalten Sie den Temperaturkontrollschalter am Bedienfeld ein.<\/li> <li>Betreiben Sie die Maschine manuell, um zu pr\u00fcfen, ob die Betriebssteuerung der Maschine normal ist.<\/li> <\/ol> <p>&nbsp;<\/p> <h2><strong><b>Operationsmethode<\/b><\/strong><strong><b>:<\/b><\/strong><\/h2> <ol> <li>Die Inspektionsarbeiten werden vor der Inbetriebnahme abgeschlossen und best\u00e4tigt, und der Produktionsbetrieb kann durchgef\u00fchrt werden.<\/li> <li>Stellen Sie den Drehschalter \u201eHand\/Automatik\u201c am Bedienfeld auf die Automatik-Position.<\/li> <li>Nehmen Sie das zur Form auf dem Ger\u00e4t passende Halbzeug, legen Sie es flach auf die Form und dr\u00fccken Sie mit beiden H\u00e4nden gleichzeitig die beiden Startschalter.<\/li> <li>Nachdem die obere und untere Werkbank des Ger\u00e4ts geschlossen sind, lassen Sie den Startknopf los, um das n\u00e4chste Produkt vorzubereiten, und warten Sie, bis sich die obere und untere Form getrennt haben.<\/li> <li>Nachdem die obere und untere Form getrennt wurden, nehmen Sie das geformte Produkt heraus und pr\u00fcfen Sie, ob das Produkt dem Qualit\u00e4tsstandard entspricht.<\/li> <li>\u00dcberpr\u00fcfen Sie das fertige Produkt und stapeln Sie es fertig, um mit der Formgebung des n\u00e4chsten Produkts fortzufahren.<\/li> <\/ol> <p>&nbsp;<\/p> <h2><strong><b>Angelegenheiten <\/b><\/strong><strong><b>Aufmerksamkeit brauchen<\/b><\/strong><strong><b>:<\/b><\/strong><\/h2> <ol> <li>1. Bediener m\u00fcssen bei der Arbeit Handschuhe und \u00c4rmel tragen, um Verbrennungen zu vermeiden.<\/li> <li>2. Es ist strengstens verboten, dass eine Person die Maschine startet und mehrere Personen das Produkt aufnehmen und platzieren, um Quetschungen zu vermeiden.<\/li> <li>3. Achten Sie w\u00e4hrend der Arbeit sorgf\u00e4ltig auf die Funktion des Ger\u00e4ts. Bei Unregelm\u00e4\u00dfigkeiten dr\u00fccken Sie sofort den Not-Aus-Schalter, schalten Sie den Strom aus und melden Sie sich rechtzeitig beim diensthabenden Vorgesetzten und dem zust\u00e4ndigen technischen Personal.<\/li> <\/ol> <p>&nbsp;<\/p> <h2><strong><b>Wartung<\/b><\/strong><\/h2> <ol> <li>\u00dcberpr\u00fcfen Sie w\u00e4hrend des Ger\u00e4tegebrauchs immer, ob das Gasversorgungssystem normal ist, ob die Stromversorgungsleitung normal ist, ob Sch\u00e4den und Leitungserw\u00e4rmung vorliegen.<\/li> <li>Wenn w\u00e4hrend des Ger\u00e4tebetriebs ungew\u00f6hnliche St\u00f6\u00dfe oder Ger\u00e4usche auftreten, sollte das Ger\u00e4t sofort zur Inspektion abgeschaltet werden, um die Ursache herauszufinden und zu beseitigen.<\/li> <li>Pneumatikteile m\u00fcssen geschmiert werden und regelm\u00e4\u00dfig Motor\u00f6l Nr. 20 in den \u00d6lbecher am Dreifachst\u00fcck eingef\u00fcllt werden.<\/li> <li>Bei l\u00e4ngerem Stillstand senken Sie die obere Form auf die unterste Position, polstern Sie die obere und untere Form mit Holz aus und schlie\u00dfen Sie die Luftquelle zum Ger\u00e4t. Tanken Sie regelm\u00e4\u00dfig nach und \u00fcberpr\u00fcfen Sie die beweglichen Teile des Ger\u00e4ts, um den normalen Betrieb des Ger\u00e4ts w\u00e4hrend des Gebrauchs sicherzustellen.<\/li> <\/ol> <p>&nbsp;<\/p> <h2><strong><b>Wie w\u00e4re es mit unserem Service?<\/b><\/strong><\/h2> <p>Alle bei uns gekauften Produkte haben eine Garantie von einem Jahr auf den einwandfreien Zustand. Sollten w\u00e4hrend der Garantiezeit Qualit\u00e4tsprobleme auftreten, \u00fcbernimmt unser Unternehmen die Wartung kostenlos.<\/p> <ol> <li>Bevor wir die Maschine versenden, f\u00fchren wir einen Test und eine Inbetriebnahme durch, sodass Sie sie direkt nach Erhalt verwenden k\u00f6nnen.<\/li> <li>Den Kunden werden Bedienungsvideos und Anweisungen zugesandt, damit sie die Maschinen besser nutzen k\u00f6nnen.<\/li> <li>Treten bei der Verwendung Probleme auf, wird professioneller Rat angeboten.<\/li> <li>H\u00e4ufig ben\u00f6tigte Teile aller Art werden das ganze Jahr \u00fcber geliefert.<\/li> <\/ol> <p>&nbsp;<\/p> <p>Dar\u00fcber hinaus bietet unser Unternehmen lebenslangen technischen Support und Ausstattung. Der Kundendienst ist nicht zeitlich begrenzt und wir werden Ihre Probleme rechtzeitig l\u00f6sen. Sollten bei der Verwendung unserer Produkte Probleme auftreten, k\u00f6nnen Sie sich jederzeit an uns wenden.<\/p> <figure id=\"attachment_4543\" aria-describedby=\"caption-attachment-4543\" style=\"width: 670px\" class=\"wp-caption aligncenter\"><img decoding=\"async\" class=\"wp-image-4543 size-full\" src=\"https:\/\/recyclingequipinc.com\/wp-content\/uploads\/2021\/09\/door-to-door-service.jpg\" alt=\"T\u00fcr-zu-T\u00fcr-Service\" width=\"670\" height=\"470\" srcset=\"https:\/\/recyclingequipinc.com\/wp-content\/uploads\/2021\/09\/door-to-door-service.jpg 670w, https:\/\/recyclingequipinc.com\/wp-content\/uploads\/2021\/09\/door-to-door-service-300x210.jpg 300w, https:\/\/recyclingequipinc.com\/wp-content\/uploads\/2021\/09\/door-to-door-service-600x421.jpg 600w\" sizes=\"(max-width: 670px) 100vw, 670px\" \/><figcaption id=\"caption-attachment-4543\" class=\"wp-caption-text\">T\u00fcr-zu-T\u00fcr-Service<\/figcaption><\/figure> <h2><strong><b>Abschluss<\/b><\/strong><\/h2> <p>Die beim Umformen und Verpacken eingesetzten Maschinen zeichnen sich durch eine vern\u00fcnftige Struktur, stabile Leistung und ein exquisites Erscheinungsbild aus. Der Preis variiert je nach der gesamten Maschinenkollokation. Als zuverl\u00e4ssiges und renommiertes Unternehmen haben wir unseren Sitz im praktischen Verkehrsknotenpunkt Chinas. Daher wird in der Regel die kosteng\u00fcnstige Liefermethode angewendet. N\u00e4mlich Seetransport. Bei der Lieferung auf dem Seeweg ist die Verpackung jedoch sehr wichtig. Daher werden Maschinen unseres Unternehmens, der Zhengzhou Shuliy Corporation, vor dem Verpacken in Plastikfolie eingewickelt, um Feuchtigkeit w\u00e4hrend des Versands zu vermeiden. Au\u00dferdem werden sie in einer stabilen Eisenblech-\/Holzkiste untergebracht, die frei von Begasung ist und bei Bedarf mit Metalldraht ausgekleidet ist. Wir unterst\u00fctzen auch Anpassungsdienste. Wir freuen uns auf Ihre Anfragen! Wir werden Ihnen sehr bald antworten!<\/p> <p>&nbsp;<\/p> <p>&nbsp;<\/p>","protected":false},"excerpt":{"rendered":"<p>Im Allgemeinen sollten im Verlauf der Herstellung von Eierschalen nur Eierschachteln umgeformt werden. Dieser Schritt wird immer nach dem Trocknen durchgef\u00fchrt. Der gesamte Prozess der Herstellung von Eierschalen umfasst also das Zerkleinern, Formen, Trocknen, Hei\u00dfpressen und Verpacken. Kontaktieren Sie uns f\u00fcr weitere Nachrichten!<\/p>","protected":false},"featured_media":4485,"template":"","meta":{"site-sidebar-layout":"default","site-content-layout":"default","ast-site-content-layout":"default","site-content-style":"default","site-sidebar-style":"default","ast-global-header-display":"","ast-banner-title-visibility":"","ast-main-header-display":"","ast-hfb-above-header-display":"","ast-hfb-below-header-display":"","ast-hfb-mobile-header-display":"","site-post-title":"","ast-breadcrumbs-content":"","ast-featured-img":"","footer-sml-layout":"","ast-disable-related-posts":"","theme-transparent-header-meta":"default","adv-header-id-meta":"","stick-header-meta":"default","header-above-stick-meta":"","header-main-stick-meta":"","header-below-stick-meta":"","astra-migrate-meta-layouts":"set","ast-page-background-enabled":"default","ast-page-background-meta":{"desktop":{"background-color":"","background-image":"","background-repeat":"repeat","background-position":"center center","background-size":"auto","background-attachment":"scroll","background-type":"","background-media":"","overlay-type":"","overlay-color":"","overlay-opacity":"","overlay-gradient":""},"tablet":{"background-color":"","background-image":"","background-repeat":"repeat","background-position":"center center","background-size":"auto","background-attachment":"scroll","background-type":"","background-media":"","overlay-type":"","overlay-color":"","overlay-opacity":"","overlay-gradient":""},"mobile":{"background-color":"","background-image":"","background-repeat":"repeat","background-position":"center center","background-size":"auto","background-attachment":"scroll","background-type":"","background-media":"","overlay-type":"","overlay-color":"","overlay-opacity":"","overlay-gradient":""}},"ast-content-background-meta":{"desktop":{"background-color":"var(--ast-global-color-5)","background-image":"","background-repeat":"repeat","background-position":"center center","background-size":"auto","background-attachment":"scroll","background-type":"","background-media":"","overlay-type":"","overlay-color":"","overlay-opacity":"","overlay-gradient":""},"tablet":{"background-color":"var(--ast-global-color-5)","background-image":"","background-repeat":"repeat","background-position":"center center","background-size":"auto","background-attachment":"scroll","background-type":"","background-media":"","overlay-type":"","overlay-color":"","overlay-opacity":"","overlay-gradient":""},"mobile":{"background-color":"var(--ast-global-color-5)","background-image":"","background-repeat":"repeat","background-position":"center center","background-size":"auto","background-attachment":"scroll","background-type":"","background-media":"","overlay-type":"","overlay-color":"","overlay-opacity":"","overlay-gradient":""}}},"product_brand":[],"product_cat":[35],"product_tag":[],"class_list":{"0":"post-4415","1":"product","2":"type-product","3":"status-publish","4":"has-post-thumbnail","6":"product_cat-egg-tray-machine","7":"desktop-align-center","8":"tablet-align-center","9":"mobile-align-center","11":"first","12":"instock","13":"shipping-taxable","14":"product-type-simple"},"_links":{"self":[{"href":"https:\/\/recyclingequipinc.com\/de\/wp-json\/wp\/v2\/product\/4415","targetHints":{"allow":["GET"]}}],"collection":[{"href":"https:\/\/recyclingequipinc.com\/de\/wp-json\/wp\/v2\/product"}],"about":[{"href":"https:\/\/recyclingequipinc.com\/de\/wp-json\/wp\/v2\/types\/product"}],"version-history":[{"count":0,"href":"https:\/\/recyclingequipinc.com\/de\/wp-json\/wp\/v2\/product\/4415\/revisions"}],"wp:featuredmedia":[{"embeddable":true,"href":"https:\/\/recyclingequipinc.com\/de\/wp-json\/wp\/v2\/media\/4485"}],"wp:attachment":[{"href":"https:\/\/recyclingequipinc.com\/de\/wp-json\/wp\/v2\/media?parent=4415"}],"wp:term":[{"taxonomy":"product_brand","embeddable":true,"href":"https:\/\/recyclingequipinc.com\/de\/wp-json\/wp\/v2\/product_brand?post=4415"},{"taxonomy":"product_cat","embeddable":true,"href":"https:\/\/recyclingequipinc.com\/de\/wp-json\/wp\/v2\/product_cat?post=4415"},{"taxonomy":"product_tag","embeddable":true,"href":"https:\/\/recyclingequipinc.com\/de\/wp-json\/wp\/v2\/product_tag?post=4415"}],"curies":[{"name":"wp","href":"https:\/\/api.w.org\/{rel}","templated":true}]}}