{"id":4411,"date":"2021-09-13T10:12:43","date_gmt":"2021-09-13T10:12:43","guid":{"rendered":"https:\/\/recyclingequipinc.com\/?post_type=product&#038;p=4411"},"modified":"2025-11-10T16:05:50","modified_gmt":"2025-11-10T08:05:50","slug":"egg-tray-pulping-machine","status":"publish","type":"product","link":"https:\/\/recyclingequipinc.com\/de\/product\/egg-tray-pulping-machine\/","title":{"rendered":"Eierschalen-Aufschlussmaschine"},"content":{"rendered":"<p>Eine Eierschalen-Aufschlussmaschine kann verschiedene Altpapiermaterialien in Zellstoff umwandeln, was den Anlegern viele Vorteile bringen kann. Es ist auch eine unverzichtbare Ausr\u00fcstung f\u00fcr die Herstellung von Eierschalen. Neben der Herstellung verschiedener Eierschalen k\u00f6nnen diese Pulpen auch zu Apfelschalen, Tassenschalen, Schuhschalen, medizinischen Schalen usw. verarbeitet werden. In Anbetracht der Rolle von Zellstoff ben\u00f6tigt jede komplette Produktionslinie eine hochwertige Zellstoffmaschine, um die Qualit\u00e4t sicherzustellen des fertigen Produkts. Zhengzhou Shuliy Machinery Co., Ltd. bietet verschiedene Eierschalen-Aufschlussmaschinen zur Auswahl. Mit langj\u00e4hriger Erfahrung und einem professionellen technischen Team sind unsere Maschinen von zuverl\u00e4ssiger Qualit\u00e4t und stabiler Leistung. Wenn Sie Bedarf haben, k\u00f6nnen Sie uns gerne f\u00fcr weitere Informationen kontaktieren.<\/p> <figure id=\"attachment_4523\" aria-describedby=\"caption-attachment-4523\" style=\"width: 750px\" class=\"wp-caption aligncenter\"><img fetchpriority=\"high\" decoding=\"async\" class=\"wp-image-4523 size-full\" src=\"https:\/\/recyclingequipinc.com\/wp-content\/uploads\/2021\/09\/pulp.jpg\" alt=\"Eierschalen-Aufschlussmaschine\" width=\"750\" height=\"710\" srcset=\"https:\/\/recyclingequipinc.com\/wp-content\/uploads\/2021\/09\/pulp.jpg 750w, https:\/\/recyclingequipinc.com\/wp-content\/uploads\/2021\/09\/pulp-300x284.jpg 300w, https:\/\/recyclingequipinc.com\/wp-content\/uploads\/2021\/09\/pulp-600x568.jpg 600w\" sizes=\"(max-width: 750px) 100vw, 750px\" \/><figcaption id=\"caption-attachment-4523\" class=\"wp-caption-text\">Eierschalen-Aufschlussmaschine<\/figcaption><\/figure> <h2><strong><b>Was ist Eierschalen-Aufschluss? <\/b><\/strong><strong><b>System?<\/b><\/strong><\/h2> <p>Das Eierschalen-Aufschlusssystem ist ein sehr wichtiger Schritt bei der Produktion von Eierschalen. Seine Funktion besteht darin, verschiedene Abfallmaterialien wie Altkarton, Altpapierkartons, Altb\u00fccher und Altzeitungen zu Zellstoff zu verarbeiten. Der gesamte Bedienungsprozess ist sehr einfach. Geben Sie die Rohstoffe der Eierschale in den hydraulischen Pulper. Dann gibt es noch einen Zellstoff-Teichklopfer, der zum Polieren des Zellstoffs verwendet werden kann, um ihn gleichm\u00e4\u00dfiger und glatter zu machen. Zus\u00e4tzlich zum hydraulischen Stoffl\u00f6ser ben\u00f6tigen wir noch weitere Ger\u00e4te, die den Stoffl\u00f6seprozess unterst\u00fctzen. Zum Beispiel R\u00fchrbeh\u00e4lter, Zellstoffpumpe usw. Als professioneller Lieferant von Eierschalen-Aufschlussmaschinen sind unsere Maschinen nicht nur von hoher Qualit\u00e4t, sondern auch von verschiedenen Typen. Dar\u00fcber hinaus k\u00f6nnen wir auch ma\u00dfgeschneiderte Dienstleistungen entsprechend den spezifischen Anforderungen unserer Kunden anbieten. F\u00fcr weitere Einzelheiten k\u00f6nnen Sie uns gerne kontaktieren.<\/p> <h2><strong><b>Verarbeitungsprozess von Eierschalenbrei<\/b><\/strong><strong><b>ing M<\/b><\/strong><strong><b>Aking-Maschine<\/b><\/strong><\/h2> <ol> <li>Gie\u00dfen Sie alle Arten von Altpapiermaterialien und Wasser in einem angemessenen Verh\u00e4ltnis in den hydraulischen Stoffl\u00f6ser. Anschlie\u00dfend beginnt der Zerkleinerungs- und Zerkleinerungsprozess in der mit Wasser gef\u00fcllten Trommel.<\/li> <li>Geben Sie das Fruchtfleisch in den R\u00fchrbeh\u00e4lter und selektieren Sie es anschlie\u00dfend durch den Homogenisator. Dadurch kann das Fruchtfleisch gleichm\u00e4\u00dfiger und glatter werden.<\/li> <li>W\u00e4hrend des Mischvorgangs k\u00f6nnen Arbeiter ein bestimmtes Viskosit\u00e4tsmittel hinzuf\u00fcgen, das dem Fruchtfleisch eine bessere Form verleihen kann. Dar\u00fcber hinaus k\u00f6nnen Arbeiter auch verschiedene Pigmente hinzuf\u00fcgen, um unterschiedliche Zellstofffarben zu erhalten.<\/li> <li>Nachdem die Maschine den Zellstoff auf die erforderliche Konsistenz ger\u00fchrt hat, transportieren Sie den Zellstoff zum Vorratstank zur Verwendung im n\u00e4chsten Prozess.<\/li> <\/ol> <h2><strong><b>Haupts\u00e4chlich <\/b><\/strong><strong><b>Teile des Eierschalen-Aufschlusssystems<\/b><\/strong><\/h2> <p class=\"translation-block\"><strong><b>Hydraulischer Pulper<\/b><\/strong>: Wird verwendet, um alle Arten von Altpapier, gebrauchten B\u00fcchern, Altzeitungen und anderen Rohstoffen f\u00fcr die Herstellung von Eierkartons in eine Aufschl\u00e4mmung zu mischen.<\/p> <p class=\"translation-block\"><strong><b>Pulper-Beh\u00e4lter<\/b><\/strong>: Durch Zerkleinern, Sieben und andere Methoden kann der Zellstoff aufgeschlossen und gleichm\u00e4\u00dfiger gemacht werden.<\/p> <p class=\"translation-block\"><strong><b>Pulper-Pumpe<\/b><\/strong>: Die Funktion besteht darin, den Zellstoff zum Zellstofflagerbeh\u00e4lter und zum Raffinationsbeh\u00e4lter zu transportieren.<\/p> <p class=\"translation-block\"><strong><b>Wasserpumpe: <\/b><\/strong>Wird verwendet, um das Wasser im Becken zum hydraulischen Pulper zu transportieren, und wird auch verwendet, um das Abwasser aus dem Pulpprozess zur\u00fcckzugewinnen.<\/p> <p class=\"translation-block\"><strong><b>Wasserbecken: <\/b><\/strong>Speichert das f\u00fcr das Pulpen ben\u00f6tigte Wasser und das w\u00e4hrend des Pulpprozesses entstehende Abwasser.<\/p> <p class=\"translation-block\"><strong><b>Zellstofflagerbecken: <\/b><\/strong>Speichert den Zellstoff, der ger\u00fchrt, getrennt und zerkleinert wurde, f\u00fcr den n\u00e4chsten Prozess.<\/p> <p class=\"translation-block\"><strong><b>Raffinationsbecken: <\/b><\/strong>R\u00fchrt den zerkleinerten Zellstoff durch R\u00fchren, Trennen und andere Methoden gleichm\u00e4\u00dfiger auf.<\/p> <figure id=\"attachment_4525\" aria-describedby=\"caption-attachment-4525\" style=\"width: 750px\" class=\"wp-caption aligncenter\"><img decoding=\"async\" class=\"wp-image-4525 size-full\" src=\"https:\/\/recyclingequipinc.com\/wp-content\/uploads\/2021\/09\/pulping-progress.jpg\" alt=\"Wastepapieraufbereitungsprozess\" width=\"750\" height=\"522\" srcset=\"https:\/\/recyclingequipinc.com\/wp-content\/uploads\/2021\/09\/pulping-progress.jpg 750w, https:\/\/recyclingequipinc.com\/wp-content\/uploads\/2021\/09\/pulping-progress-300x209.jpg 300w, https:\/\/recyclingequipinc.com\/wp-content\/uploads\/2021\/09\/pulping-progress-600x418.jpg 600w\" sizes=\"(max-width: 750px) 100vw, 750px\" \/><figcaption id=\"caption-attachment-4525\" class=\"wp-caption-text\">Wastepapieraufbereitungsprozess<\/figcaption><\/figure> <h2><strong><b>Vorteile von <\/b><\/strong><strong><b>Eierschalenbrei<\/b><\/strong><strong><b>ing-System <\/b><\/strong><\/h2> <ol> <li>Kosten sparen. Der Hauptrohstoff f\u00fcr die Herstellung von Papierzellstoff ist Altpapier, das reich an Quellen und g\u00fcnstig im Preis ist und zur umfassenden Entwicklung und Nutzung von Abf\u00e4llen geh\u00f6rt.<\/li> <li>Einfache Bedienung. Die Maschine verf\u00fcgt \u00fcber ein fortschrittliches Steuerungssystem. Die Arbeiter m\u00fcssen lediglich Altpapier in den hydraulischen Pulper f\u00fcllen. Dies macht die Bedienung einfach und sicher. Ein Arbeiter kann den gesamten Prozess abschlie\u00dfen.<\/li> <li>Hoher Automatisierungsgrad. Der gesamte Betriebsablauf wird von der Maschine gesteuert. Dies reduziert nicht nur die Arbeitsintensit\u00e4t erheblich, sondern verbessert auch die Arbeitseffizienz und -pr\u00e4zision, sodass die Qualit\u00e4t der Zellstoffprodukte entsprechend verbessert wird.<\/li> <li>Kleiner Fu\u00dfabdruck. Wir verwenden Metalltanks anstelle von Zellstoffbecken. Es ist nicht erforderlich, einen separaten Teich mit Zellstoff zu bauen. So nimmt das gesamte System eine kleine Fl\u00e4che ein und spart mehr Platz.<\/li> <\/ol> <h2><strong><b>Faktoren <\/b><\/strong><strong><b>A<\/b><\/strong><strong><b>Beeinflussung der <\/b><\/strong><strong><b>P<\/b><\/strong><strong><b>Reis der Eierschalen-Aufschlussmaschine<\/b><\/strong><\/h2> <ol> <li>Qualit\u00e4t der Maschine.<\/li> <li>Kosten der Maschine.<\/li> <li>Versandkosten<\/li> <li>Automatisierungsgrad.<\/li> <li>Marke.<\/li> <li>Material der Maschine.<\/li> <\/ol> <h2><strong><b>Unsere Dienstleistungen<\/b><\/strong><\/h2> <ol> <li>Wir bieten umfassende Beratungsleistungen. Wenn Sie beim Kauf der Maschine auf Probleme sto\u00dfen, k\u00f6nnen Sie sich an uns wenden. Wir werden Ihnen so schnell wie m\u00f6glich antworten.<\/li> <li>Wir bieten kostenlose Installationsberatung, Inbetriebnahme und Testproduktionsdienste. Stellen Sie sicher, dass die Maschine die Produktionsanforderungen innerhalb der geplanten Zeit erf\u00fcllen kann.<\/li> <li>Wir bieten kostenlose technische Schulungen an, einschlie\u00dflich der Installation, Bedienung, Vorsichtsma\u00dfnahmen und Wartung der Ger\u00e4te. In der Zwischenzeit werden Betriebsvideos und Anweisungen an Kunden gesendet, um ihnen zu helfen, die Maschinen besser zu nutzen.<\/li> <li>Perfekter After-Sales-Service. Alle bei uns gekauften Produkte haben eine Garantie von einem Jahr auf den einwandfreien Zustand. Sollten w\u00e4hrend der Garantiezeit Qualit\u00e4tsprobleme auftreten, \u00fcbernimmt unser Unternehmen die Wartung kostenlos.<\/li> <\/ol> <figure id=\"attachment_4521\" aria-describedby=\"caption-attachment-4521\" style=\"width: 734px\" class=\"wp-caption aligncenter\"><img decoding=\"async\" class=\"wp-image-4521 size-full\" src=\"https:\/\/recyclingequipinc.com\/wp-content\/uploads\/2021\/09\/customer-photo.jpg\" alt=\"Kundenfoto von Shuliy Machinery\" width=\"734\" height=\"603\" srcset=\"https:\/\/recyclingequipinc.com\/wp-content\/uploads\/2021\/09\/customer-photo.jpg 734w, https:\/\/recyclingequipinc.com\/wp-content\/uploads\/2021\/09\/customer-photo-300x246.jpg 300w, https:\/\/recyclingequipinc.com\/wp-content\/uploads\/2021\/09\/customer-photo-600x493.jpg 600w\" sizes=\"(max-width: 734px) 100vw, 734px\" \/><figcaption id=\"caption-attachment-4521\" class=\"wp-caption-text\">Kundenfoto von Shuliy Machinery<\/figcaption><\/figure> <h2><strong><b>Abschluss<\/b><\/strong><\/h2> <p>Die Investition in das Gesch\u00e4ft mit Eierschalen-Aufschlussmaschinen ist sehr profitabel. Einerseits gibt es einen riesigen Markt und eine gro\u00dfe Nachfrage. Sie k\u00f6nnen problemlos alle Arten von Tabletts aus Zellstoff verkaufen. Dar\u00fcber hinaus sind die Produktionskosten gering. Die Rohstoffe f\u00fcr die Zellstoffherstellung sind verschiedene Altpapiere, und der Preis ist niedrig. Wir sind ein professioneller Lieferant von Eierschalen-Zellstoffmaschinen und k\u00f6nnen unseren Kunden zufriedenstellende L\u00f6sungen bieten. Da wir \u00fcber eine eigene Fabrik verf\u00fcgen, sind unsere Preise relativ g\u00fcnstig. Wenn Sie Bedarf haben, setzen Sie sich bitte schnellstm\u00f6glich mit uns in Verbindung.<\/p>","protected":false},"excerpt":{"rendered":"<p>Eine Eierschalen-Aufschlussmaschine kann verschiedene Altpapiermaterialien in Zellstoff umwandeln, was den Anlegern viele Vorteile bringen kann. Es ist auch eine unverzichtbare Ausr\u00fcstung f\u00fcr die Herstellung von Eierschalen. Neben der Herstellung verschiedener Eierschalen k\u00f6nnen diese Pulpen auch zu Apfelschalen, Tassenschalen, Schuhschalen, medizinischen Schalen usw. verarbeitet werden. In Anbetracht der Rolle von Zellstoff ben\u00f6tigt jede komplette Produktionslinie eine hochwertige Zellstoffmaschine, um die Qualit\u00e4t sicherzustellen des fertigen Produkts.<\/p>","protected":false},"featured_media":4484,"template":"","meta":{"site-sidebar-layout":"default","site-content-layout":"default","ast-site-content-layout":"default","site-content-style":"default","site-sidebar-style":"default","ast-global-header-display":"","ast-banner-title-visibility":"","ast-main-header-display":"","ast-hfb-above-header-display":"","ast-hfb-below-header-display":"","ast-hfb-mobile-header-display":"","site-post-title":"","ast-breadcrumbs-content":"","ast-featured-img":"","footer-sml-layout":"","ast-disable-related-posts":"","theme-transparent-header-meta":"default","adv-header-id-meta":"","stick-header-meta":"default","header-above-stick-meta":"","header-main-stick-meta":"","header-below-stick-meta":"","astra-migrate-meta-layouts":"set","ast-page-background-enabled":"default","ast-page-background-meta":{"desktop":{"background-color":"","background-image":"","background-repeat":"repeat","background-position":"center center","background-size":"auto","background-attachment":"scroll","background-type":"","background-media":"","overlay-type":"","overlay-color":"","overlay-opacity":"","overlay-gradient":""},"tablet":{"background-color":"","background-image":"","background-repeat":"repeat","background-position":"center center","background-size":"auto","background-attachment":"scroll","background-type":"","background-media":"","overlay-type":"","overlay-color":"","overlay-opacity":"","overlay-gradient":""},"mobile":{"background-color":"","background-image":"","background-repeat":"repeat","background-position":"center center","background-size":"auto","background-attachment":"scroll","background-type":"","background-media":"","overlay-type":"","overlay-color":"","overlay-opacity":"","overlay-gradient":""}},"ast-content-background-meta":{"desktop":{"background-color":"var(--ast-global-color-5)","background-image":"","background-repeat":"repeat","background-position":"center center","background-size":"auto","background-attachment":"scroll","background-type":"","background-media":"","overlay-type":"","overlay-color":"","overlay-opacity":"","overlay-gradient":""},"tablet":{"background-color":"var(--ast-global-color-5)","background-image":"","background-repeat":"repeat","background-position":"center center","background-size":"auto","background-attachment":"scroll","background-type":"","background-media":"","overlay-type":"","overlay-color":"","overlay-opacity":"","overlay-gradient":""},"mobile":{"background-color":"var(--ast-global-color-5)","background-image":"","background-repeat":"repeat","background-position":"center center","background-size":"auto","background-attachment":"scroll","background-type":"","background-media":"","overlay-type":"","overlay-color":"","overlay-opacity":"","overlay-gradient":""}}},"product_brand":[],"product_cat":[35],"product_tag":[],"class_list":{"0":"post-4411","1":"product","2":"type-product","3":"status-publish","4":"has-post-thumbnail","6":"product_cat-egg-tray-machine","7":"desktop-align-center","8":"tablet-align-center","9":"mobile-align-center","11":"first","12":"instock","13":"shipping-taxable","14":"product-type-simple"},"_links":{"self":[{"href":"https:\/\/recyclingequipinc.com\/de\/wp-json\/wp\/v2\/product\/4411","targetHints":{"allow":["GET"]}}],"collection":[{"href":"https:\/\/recyclingequipinc.com\/de\/wp-json\/wp\/v2\/product"}],"about":[{"href":"https:\/\/recyclingequipinc.com\/de\/wp-json\/wp\/v2\/types\/product"}],"version-history":[{"count":0,"href":"https:\/\/recyclingequipinc.com\/de\/wp-json\/wp\/v2\/product\/4411\/revisions"}],"wp:featuredmedia":[{"embeddable":true,"href":"https:\/\/recyclingequipinc.com\/de\/wp-json\/wp\/v2\/media\/4484"}],"wp:attachment":[{"href":"https:\/\/recyclingequipinc.com\/de\/wp-json\/wp\/v2\/media?parent=4411"}],"wp:term":[{"taxonomy":"product_brand","embeddable":true,"href":"https:\/\/recyclingequipinc.com\/de\/wp-json\/wp\/v2\/product_brand?post=4411"},{"taxonomy":"product_cat","embeddable":true,"href":"https:\/\/recyclingequipinc.com\/de\/wp-json\/wp\/v2\/product_cat?post=4411"},{"taxonomy":"product_tag","embeddable":true,"href":"https:\/\/recyclingequipinc.com\/de\/wp-json\/wp\/v2\/product_tag?post=4411"}],"curies":[{"name":"wp","href":"https:\/\/api.w.org\/{rel}","templated":true}]}}