{"id":4406,"date":"2021-09-13T10:08:23","date_gmt":"2021-09-13T10:08:23","guid":{"rendered":"https:\/\/recyclingequipinc.com\/?post_type=product&#038;p=4406"},"modified":"2022-02-08T01:57:23","modified_gmt":"2022-02-08T01:57:23","slug":"egg-carton-making-machine","status":"publish","type":"product","link":"https:\/\/recyclingequipinc.com\/de\/product\/egg-carton-making-machine\/","title":{"rendered":"Maschine zur Herstellung von Eierkartons"},"content":{"rendered":"<p class=\"translation-block\">Die Eierkarton-Herstellungsmaschine wurde entwickelt und hergestellt, um verschiedene Zellstoff-Eierkartons f\u00fcr den Ferntransport von Eiern zu produzieren. Sie kann alle Arten von Abfallpapierkartons, Altzeitungen und alten B\u00fcchern recyceln und diese Materialien in Eierkartons verschiedener Stile verwandeln. Mit dem wachsenden Bewusstsein f\u00fcr Umweltschutz entscheiden sich die Menschen eher f\u00fcr relativ umweltfreundliche Maschinen. Und der Hauptrohstoff der Eierkarton-Herstellungsmaschine ist Altpapier, was dem Umweltkonzept der Menschen entspricht. Au\u00dferdem hat die Eierkartonmaschine eine breite Palette von Anwendungen. Au\u00dfer der Herstellung aller Arten von Eierkartons kann sie auch verschiedene <a href=\"https:\/\/recyclingequipinc.com\/de\/produkt\/apple-tray-making-machine\/\">Apfeltrays<\/a>, Weintragschalen, Tassen-Trays, medizinische Trays, Kaffeetrays und Setzlingstrays herstellen.<\/p> <p>Dar\u00fcber hinaus verf\u00fcgt unsere Maschine \u00fcber eine stabile Leistung und eine hohe Arbeitseffizienz, was Ihnen viele Vorteile bringen kann. F\u00fcr weitere Informationen k\u00f6nnen Sie uns gerne kontaktieren.<\/p> <figure id=\"attachment_4514\" aria-describedby=\"caption-attachment-4514\" style=\"width: 600px\" class=\"wp-caption aligncenter\"><img fetchpriority=\"high\" decoding=\"async\" class=\"wp-image-4514 size-full\" src=\"https:\/\/recyclingequipinc.com\/wp-content\/uploads\/2021\/09\/egg-carton-maker.jpg\" alt=\"Eierkartonhersteller\" width=\"600\" height=\"397\" srcset=\"https:\/\/recyclingequipinc.com\/wp-content\/uploads\/2021\/09\/egg-carton-maker.jpg 600w, https:\/\/recyclingequipinc.com\/wp-content\/uploads\/2021\/09\/egg-carton-maker-300x199.jpg 300w\" sizes=\"(max-width: 600px) 100vw, 600px\" \/><figcaption id=\"caption-attachment-4514\" class=\"wp-caption-text\">Eierkartonhersteller<\/figcaption><\/figure> <h2><strong><b>Anders\u00a0<\/b><\/strong><strong><b>Ei <\/b><\/strong><strong><b>Kartonherstellungsmaschine <\/b><\/strong><strong><b>f\u00fcr <\/b><\/strong><strong><b>S<\/b><\/strong><strong><b>Ale<\/b><\/strong><strong><b>\u00a0<\/b><\/strong><\/h2> <p>Als professioneller Lieferant von Eierkistenmaschinen sind verschiedene Arten von Maschinen zur Herstellung von Eierkisten erh\u00e4ltlich. Je nach Leistung der Maschine haben wir beispielsweise gro\u00dfe Eierkistenmaschinen und kleine Eierkistenmaschinen zur Auswahl. Die kleine Maschine eignet sich f\u00fcr kleine Unternehmen oder Privathaushalte. W\u00e4hrend die gro\u00dfe Maschine f\u00fcr die Produktion in gro\u00dfem Ma\u00dfstab geeignet ist und die Vorteile einer hohen Effizienz und einer gro\u00dfen Leistung bietet. Dar\u00fcber hinaus verf\u00fcgen wir je nach Automatisierungsgrad \u00fcber halbautomatische Eierkistenmaschinen und vollautomatische Eierkistenmaschinen. Ihr Hauptteil ist beide vollautomatisch, das Trocknungssystem ist jedoch unterschiedlich. Das vollautomatische System nutzt die Metalltrocknung, die den Trocknungsprozess automatisch abschlie\u00dfen kann, wodurch viel Zeit und Arbeitskosten gespart werden. Das halbautomatische Trocknungssystem umfasst Ziegelofentrocknung und Wagentrocknung. Seine Vorteile sind niedrige Kosten. Sie k\u00f6nnen entsprechend Ihren spezifischen Bed\u00fcrfnissen w\u00e4hlen.<\/p> <figure id=\"attachment_4518\" aria-describedby=\"caption-attachment-4518\" style=\"width: 750px\" class=\"wp-caption aligncenter\"><img decoding=\"async\" class=\"wp-image-4518 size-full\" src=\"https:\/\/recyclingequipinc.com\/wp-content\/uploads\/2021\/09\/egg-box-machine.jpg\" alt=\"Eierkartonmaschine\" width=\"750\" height=\"750\" srcset=\"https:\/\/recyclingequipinc.com\/wp-content\/uploads\/2021\/09\/egg-box-machine.jpg 750w, https:\/\/recyclingequipinc.com\/wp-content\/uploads\/2021\/09\/egg-box-machine-100x100.jpg 100w, https:\/\/recyclingequipinc.com\/wp-content\/uploads\/2021\/09\/egg-box-machine-300x300.jpg 300w, https:\/\/recyclingequipinc.com\/wp-content\/uploads\/2021\/09\/egg-box-machine-150x150.jpg 150w, https:\/\/recyclingequipinc.com\/wp-content\/uploads\/2021\/09\/egg-box-machine-600x600.jpg 600w\" sizes=\"(max-width: 750px) 100vw, 750px\" \/><figcaption id=\"caption-attachment-4518\" class=\"wp-caption-text\">Eierkartonmaschine<\/figcaption><\/figure> <h2><strong><b>Hauptbestandteile von <\/b><\/strong><strong><b>E<\/b><\/strong><strong><b>gg <\/b><\/strong><strong><b>C<\/b><\/strong><strong><b>Rate<\/b><\/strong><strong><b>\u00a0Herstellung<\/b><\/strong><strong><b>\u00a0<\/b><\/strong><strong><b>M<\/b><\/strong><strong><b>Maschine<\/b><\/strong><\/h2> <p>Eine komplette Maschine zur Herstellung von Eierkartons umfasst haupts\u00e4chlich Aufschlussteile, Formteile, Vakuumteile und Hei\u00dfpressteile.<\/p> <p class=\"translation-block\"><strong><b>Z<\/b><\/strong><strong><b>ellstoffteile<\/b><\/strong><strong><b>:<\/b><\/strong> Dieser Teil enth\u00e4lt einen hydraulischen Pulper, ein F\u00f6rderrohr, einen Zellstoffbeater usw. Durch diesen Prozess k\u00f6nnen verschiedene Abfallpapiere in Zellstoff umgewandelt werden.<\/p> <p class=\"translation-block\"><strong><b>Formteile<\/b><\/strong><strong><b>: <\/b><\/strong>Dieser Teil besteht haupts\u00e4chlich aus einer Formmaschine und einer Form, die Zellstoff in verschiedene Arten von Eierboxen entsprechend spezifischen Bed\u00fcrfnissen umwandeln kann.<\/p> <p class=\"translation-block\"><strong><b>V<\/b><\/strong><strong><b>akuumteile<\/b><\/strong><strong><b>: <\/b><\/strong>Dieser Teil besteht aus einer Vakuumpumpe, einem Vakuumbeh\u00e4lter mit Unterdruck usw. Das Vakuumsystem kann den Zellstoff auf die Form der Formmaschine ziehen und das \u00fcbersch\u00fcssige Wasser in den Wasser-Dampfabtrennungstank absaugen.<\/p> <p class=\"translation-block\"><strong><b>H<\/b><\/strong><strong><b>ei\u00dfpress-<\/b><\/strong><strong><b> und Verpackungsteile<\/b><\/strong><strong><b>:<\/b><\/strong><\/p> <p>Um Platz beim Packen zu sparen und die Oberfl\u00e4che des Eierkartons glatt zu machen, kann der Kunde den Eierkarton hei\u00dfpressen. Auf diese Weise kann der Transport von Eierkartons erleichtert werden.<\/p> <h2><strong><b>Arbeiten <\/b><\/strong><strong><b>P<\/b><\/strong><strong><b>Prozess von Dies<\/b><\/strong><strong><b>\u00a0<\/b><\/strong><strong><b>M<\/b><\/strong><strong><b>Maschine<\/b><\/strong><\/h2> <p>Der Herstellungsprozess von Eierkartons umfasst haupts\u00e4chlich vier Schritte: Zerkleinern, Formen, Trocknen und Hei\u00dfpressen.<\/p> <ol> <li><b><\/b><strong><b>Zellstoff<\/b><\/strong><strong><b>ing<\/b><\/strong><\/li> <\/ol> <p>Geben Sie Rohstoffe wie verschiedene Altpapiere, Abfallb\u00fccher und Abfallboxen in den hydraulischen Stoffl\u00f6ser. Anschlie\u00dfend die entsprechende Menge Wasser hinzuf\u00fcgen und lange r\u00fchren. Auf diese Weise kann eine bestimmte Konsistenz des Fruchtfleisches erreicht werden. Anschlie\u00dfend wird der gleichm\u00e4\u00dfige Papierbrei im Vorratsbeh\u00e4lter f\u00fcr Zellstoff als Reserve zwischengelagert.<\/p> <ol start=\"2\"> <li><strong><b> Bildung<\/b><\/strong><\/li> <\/ol> <p>F\u00fcr diese Aufgabe kommt eine Zellstoffformmaschine zum Einsatz. Es kann das vorbereitete Fruchtfleisch in die Form aufsaugen und so aus dem Fruchtfleisch einen kompletten Eierkarton machen.<\/p> <ol start=\"3\"> <li><strong><b> Trocknen <\/b><\/strong><\/li> <\/ol> <p>Es gibt vier Trocknungsmethoden. Sie k\u00f6nnen zwischen nat\u00fcrlicher Trocknung, Ziegeltrocknung, Wagentrocknung und Metalltrocknung w\u00e4hlen.<\/p> <ul> <li>Nat\u00fcrliche Trocknung: Der Eierkarton wird direkt durch die Sonne und den nat\u00fcrlichen Wind getrocknet.<\/li> <li>Ziegeltrocknung: Beim Bau von Ziegelofentunneln k\u00f6nnen wir zwischen Erdgas, Diesel, Kohle und anderen Brennstoffen w\u00e4hlen.<\/li> <\/ul> <p>(3) Wagentrocknung: Schieben Sie die geformten Eierschalen mit einem Wagen an einen Ort, um sie zentral zu trocknen.<\/p> <p>(4) Metalltrocknung: Es handelt sich um eine vollautomatische Trocknungsmethode.<\/p> <ol start=\"4\"> <li><strong><b> Hei\u00dfpressen<\/b><\/strong><\/li> <\/ol> <p>Verwenden Sie zum Formen des getrockneten Eierkartons eine Hei\u00dfpressmaschine, um die Oberfl\u00e4che des Eierkartons sauberer zu machen und Platz zu sparen. Verpacken Sie dann die geformten Eierschalen zur Verwendung.<\/p> <figure id=\"attachment_4495\" aria-describedby=\"caption-attachment-4495\" style=\"width: 750px\" class=\"wp-caption aligncenter\"><img decoding=\"async\" class=\"wp-image-4495 size-full\" src=\"https:\/\/recyclingequipinc.com\/wp-content\/uploads\/2021\/09\/technological-process-.jpg\" alt=\"technologischer Prozess-\" width=\"750\" height=\"457\" srcset=\"https:\/\/recyclingequipinc.com\/wp-content\/uploads\/2021\/09\/technological-process-.jpg 750w, https:\/\/recyclingequipinc.com\/wp-content\/uploads\/2021\/09\/technological-process--300x183.jpg 300w, https:\/\/recyclingequipinc.com\/wp-content\/uploads\/2021\/09\/technological-process--600x366.jpg 600w\" sizes=\"(max-width: 750px) 100vw, 750px\" \/><figcaption id=\"caption-attachment-4495\" class=\"wp-caption-text\">technologischer Prozess<\/figcaption><\/figure> <h2><strong><b>Verschiedene Vorteile der Eierkartonmaschine<\/b><\/strong><\/h2> <ol> <li>Die Hauptkomponenten von Maschinen zur Herstellung von Eierkartons sind allesamt bekannte Marken, die hocheffizient, energiesparend und langlebig sind.<\/li> <li>Die Trocknungssysteme sind vielf\u00e4ltig und Kunden k\u00f6nnen je nach Situation die am besten geeignete Trocknungslinie ausw\u00e4hlen. Dar\u00fcber hinaus kann der Brennstoff des Trocknungssystems verschiedene Brennstoffe wie Erdgas verwenden. <a href=\"https:\/\/en.wikipedia.org\/wiki\/Coal\" target=\"_blank\" rel=\"noopener\">Kohle<\/a>, Erd\u00f6l usw., die je nach den \u00f6rtlichen Gegebenheiten des Kunden ausgew\u00e4hlt werden k\u00f6nnen.<\/li> <li>Diese Produktionslinie f\u00fcr Eierablagemaschinen ist energiesparend, umweltfreundlich, praktisch und sch\u00f6n. W\u00e4hrend des gesamten Produktionsprozesses erfolgt keine Abwasserentsorgung.<\/li> <li>Die Rohstoffe f\u00fcr Eierablagen sind Zeitungen, Zeitschriften, B\u00fccher, Kartons usw. Daher sind die Rohstoffe reichlich vorhanden und der Preis niedrig, wodurch die Kosten f\u00fcr die Kunden gesenkt und die Effizienz verbessert werden k\u00f6nnen.<\/li> <\/ol> <h2><strong><b>Wartung der Maschine zur Herstellung von Eierkartons<\/b><\/strong><\/h2> <ol> <li>\u00dcberpr\u00fcfen Sie w\u00e4hrend der Verwendung des Ger\u00e4ts stets, ob das Gasversorgungssystem in Ordnung ist und ob die Stromversorgungsleitung besch\u00e4digt oder hei\u00df ist.<\/li> <li>Wenn w\u00e4hrend des Betriebs des Ger\u00e4ts ungew\u00f6hnliche St\u00f6\u00dfe oder Ger\u00e4usche auftreten, sollten Sie es sofort zur Inspektion abschalten, um die Ursache herauszufinden und diese zu beseitigen.<\/li> <li>Pneumatikteile m\u00fcssen geschmiert werden und es sollte regelm\u00e4\u00dfig \u00d6l in den \u00d6lbecher am Dreifachst\u00fcck eingef\u00fcllt werden.<\/li> <li>Schalten Sie bei l\u00e4ngeren Stillst\u00e4nden die Stromversorgung des Ger\u00e4ts aus, tanken Sie regelm\u00e4\u00dfig Kraftstoff auf und \u00fcberpr\u00fcfen Sie die beweglichen Teile des Ger\u00e4ts, um sicherzustellen, dass das Ger\u00e4t w\u00e4hrend des Betriebs normal funktioniert.<\/li> <\/ol> <h2><strong><b>Wie w\u00e4hlt man die richtige Maschine zur Herstellung von Eierkartons aus?<\/b><\/strong><\/h2> <ol> <li>Finden Sie den Zweck des Ger\u00e4ts heraus. Wenn Sie planen, Ihr Unternehmen zu erweitern, ben\u00f6tigen Sie m\u00f6glicherweise eine Maschine zur Herstellung von Eierkartons, die auch andere Arten von Papierschalen herstellen kann.<\/li> <li>Kosten. Viele Hersteller haben ihre eigenen Websites. Sie nutzen diese Websites, um f\u00fcr ihre Maschinen zu werben. Sie k\u00f6nnen verschiedene Websites besuchen und die Geb\u00fchren \u00fcberpr\u00fcfen. Vergleichen Sie Preise und Vorteile verschiedener Hersteller.<\/li> <li>Die Qualit\u00e4t der Maschine. Nachdem Sie die Kosten des Herstellers verstanden haben, besteht der n\u00e4chste Schritt darin, die Qualit\u00e4t seiner Maschinen zu bestimmen. Die Preise einiger Hersteller m\u00f6gen besonders niedrig sein, die Qualit\u00e4t ihrer Maschinen ist jedoch im Allgemeinen nicht hoch. Sie k\u00f6nnen mehrere Hersteller vergleichen und sich f\u00fcr den kosteng\u00fcnstigsten entscheiden.<\/li> <li>Erfahrung des Herstellers. Welchem \u200b\u200bHersteller sollte man vertrauen? W\u00e4hlen Sie besser einen erfahrenen Hersteller von Eierschalenherstellern. Weil sie m\u00f6glicherweise bessere Maschinen und Dienstleistungen haben.<\/li> <\/ol> <h2><strong><b>Warum sollten Sie uns als Ihren Hersteller w\u00e4hlen?<\/b><\/strong><\/h2> <p class=\"translation-block\">Wenn Sie eine Maschine kaufen, m\u00fcssen Sie auf einige wichtige Informationen achten. Diese <a href=\"https:\/\/recyclingequipinc.com\/de\/what-you-should-know-on-buying-egg-tray-making-machines\/\">Informationen helfen Ihnen, qualitativ hochwertigere Eierkarton-Herstellungsmaschinen<\/a> und vertrauensw\u00fcrdige Hersteller zu kaufen. Hier sind die Gr\u00fcnde, warum unsere Kunden uns w\u00e4hlen.<\/p> <p class=\"translation-block\"><strong><b>Reiche Erfahrung<\/b><\/strong>. Zhengzhou Shuliy Machinery Co., Ltd hat eine Geschichte von mehr als 20 Jahren. In dieser Zeit haben wir uns der Herstellung hochwertiger Eierkartonmaschinen verschrieben. Daher haben wir einen reichen Erfahrungsschatz und Technologie angesammelt.<\/p> <figure id=\"attachment_4512\" aria-describedby=\"caption-attachment-4512\" style=\"width: 634px\" class=\"wp-caption aligncenter\"><img loading=\"lazy\" decoding=\"async\" class=\"wp-image-4512 size-full\" src=\"https:\/\/recyclingequipinc.com\/wp-content\/uploads\/2021\/09\/display.jpg\" alt=\"Anzeige\" width=\"634\" height=\"651\" srcset=\"https:\/\/recyclingequipinc.com\/wp-content\/uploads\/2021\/09\/display.jpg 634w, https:\/\/recyclingequipinc.com\/wp-content\/uploads\/2021\/09\/display-292x300.jpg 292w, https:\/\/recyclingequipinc.com\/wp-content\/uploads\/2021\/09\/display-600x616.jpg 600w\" sizes=\"(max-width: 634px) 100vw, 634px\" \/><figcaption id=\"caption-attachment-4512\" class=\"wp-caption-text\">Anzeige<\/figcaption><\/figure> <p class=\"translation-block\"><strong><b>Hochwertige Maschine<\/b><\/strong>. Unsere Maschinen haben strenge Qualit\u00e4tspr\u00fcfungen bestanden und entsprechen voll und ganz den internationalen Standards. Unsere Maschinen sind nicht nur von hoher Qualit\u00e4t, sondern auch stabil in der Leistung. Sie k\u00f6nnen mit Vertrauen kaufen.<\/p> <p class=\"translation-block\"><strong><b>Gro\u00dfer Markt<\/b><\/strong>. Unsere <a href=\"https:\/\/recyclingequipinc.com\/de\/advantages-of-egg-trays\/\">Eiertray<\/a>-Maschinen werden von den Kunden wegen ihrer hohen Qualit\u00e4t und g\u00fcnstigen Preise gesch\u00e4tzt. Derzeit werden unsere Produkte in mehr als 50 L\u00e4nder und Regionen exportiert, darunter die Vereinigten Staaten, Kanada, S\u00fcdkorea und Japan.<\/p> <p class=\"translation-block\"><strong><b>Perfekter Service<\/b><\/strong>. Wir bieten hochwertige Dienstleistungen vor dem Verkauf, im Verkauf und nach dem Verkauf. Egal, welche Probleme Sie haben, Sie k\u00f6nnen uns jederzeit kontaktieren. Wir haben professionelles Personal, um Ihre Fragen zu beantworten. Willkommen, kontaktieren Sie uns so schnell wie m\u00f6glich.<\/p>","protected":false},"excerpt":{"rendered":"<p>Die Eierkarton-Herstellungsmaschine ist eine Ausr\u00fcstung zur Herstellung verschiedener Zellstoff-Eierkartons f\u00fcr den Langstreckentransport von Eiern. Es kann alle Arten von Altpapierkartons, Altzeitungen und Altb\u00fcchern recyceln und diese Materialien zu Eierkartons in verschiedenen Stilen verarbeiten. Kontaktieren Sie uns f\u00fcr eine kostenlose Preisliste.<\/p>","protected":false},"featured_media":4472,"template":"","meta":{"site-sidebar-layout":"default","site-content-layout":"default","ast-site-content-layout":"default","site-content-style":"default","site-sidebar-style":"default","ast-global-header-display":"","ast-banner-title-visibility":"","ast-main-header-display":"","ast-hfb-above-header-display":"","ast-hfb-below-header-display":"","ast-hfb-mobile-header-display":"","site-post-title":"","ast-breadcrumbs-content":"","ast-featured-img":"","footer-sml-layout":"","ast-disable-related-posts":"","theme-transparent-header-meta":"default","adv-header-id-meta":"","stick-header-meta":"default","header-above-stick-meta":"","header-main-stick-meta":"","header-below-stick-meta":"","astra-migrate-meta-layouts":"default","ast-page-background-enabled":"default","ast-page-background-meta":{"desktop":{"background-color":"","background-image":"","background-repeat":"repeat","background-position":"center center","background-size":"auto","background-attachment":"scroll","background-type":"","background-media":"","overlay-type":"","overlay-color":"","overlay-opacity":"","overlay-gradient":""},"tablet":{"background-color":"","background-image":"","background-repeat":"repeat","background-position":"center center","background-size":"auto","background-attachment":"scroll","background-type":"","background-media":"","overlay-type":"","overlay-color":"","overlay-opacity":"","overlay-gradient":""},"mobile":{"background-color":"","background-image":"","background-repeat":"repeat","background-position":"center center","background-size":"auto","background-attachment":"scroll","background-type":"","background-media":"","overlay-type":"","overlay-color":"","overlay-opacity":"","overlay-gradient":""}},"ast-content-background-meta":{"desktop":{"background-color":"var(--ast-global-color-5)","background-image":"","background-repeat":"repeat","background-position":"center center","background-size":"auto","background-attachment":"scroll","background-type":"","background-media":"","overlay-type":"","overlay-color":"","overlay-opacity":"","overlay-gradient":""},"tablet":{"background-color":"var(--ast-global-color-5)","background-image":"","background-repeat":"repeat","background-position":"center center","background-size":"auto","background-attachment":"scroll","background-type":"","background-media":"","overlay-type":"","overlay-color":"","overlay-opacity":"","overlay-gradient":""},"mobile":{"background-color":"var(--ast-global-color-5)","background-image":"","background-repeat":"repeat","background-position":"center center","background-size":"auto","background-attachment":"scroll","background-type":"","background-media":"","overlay-type":"","overlay-color":"","overlay-opacity":"","overlay-gradient":""}}},"product_brand":[],"product_cat":[35],"product_tag":[73],"class_list":{"0":"post-4406","1":"product","2":"type-product","3":"status-publish","4":"has-post-thumbnail","6":"product_cat-egg-tray-machine","7":"product_tag-egg-carton-making-machine","8":"desktop-align-center","9":"tablet-align-center","10":"mobile-align-center","12":"first","13":"instock","14":"shipping-taxable","15":"product-type-simple"},"_links":{"self":[{"href":"https:\/\/recyclingequipinc.com\/de\/wp-json\/wp\/v2\/product\/4406","targetHints":{"allow":["GET"]}}],"collection":[{"href":"https:\/\/recyclingequipinc.com\/de\/wp-json\/wp\/v2\/product"}],"about":[{"href":"https:\/\/recyclingequipinc.com\/de\/wp-json\/wp\/v2\/types\/product"}],"version-history":[{"count":0,"href":"https:\/\/recyclingequipinc.com\/de\/wp-json\/wp\/v2\/product\/4406\/revisions"}],"wp:featuredmedia":[{"embeddable":true,"href":"https:\/\/recyclingequipinc.com\/de\/wp-json\/wp\/v2\/media\/4472"}],"wp:attachment":[{"href":"https:\/\/recyclingequipinc.com\/de\/wp-json\/wp\/v2\/media?parent=4406"}],"wp:term":[{"taxonomy":"product_brand","embeddable":true,"href":"https:\/\/recyclingequipinc.com\/de\/wp-json\/wp\/v2\/product_brand?post=4406"},{"taxonomy":"product_cat","embeddable":true,"href":"https:\/\/recyclingequipinc.com\/de\/wp-json\/wp\/v2\/product_cat?post=4406"},{"taxonomy":"product_tag","embeddable":true,"href":"https:\/\/recyclingequipinc.com\/de\/wp-json\/wp\/v2\/product_tag?post=4406"}],"curies":[{"name":"wp","href":"https:\/\/api.w.org\/{rel}","templated":true}]}}