{"id":4403,"date":"2021-09-13T09:58:16","date_gmt":"2021-09-13T09:58:16","guid":{"rendered":"https:\/\/recyclingequipinc.com\/?post_type=product&#038;p=4403"},"modified":"2024-10-04T20:42:43","modified_gmt":"2024-10-04T12:42:43","slug":"egg-tray-molding-machine","status":"publish","type":"product","link":"https:\/\/recyclingequipinc.com\/de\/product\/egg-tray-molding-machine\/","title":{"rendered":"Eierablage-Formmaschine"},"content":{"rendered":"<p class=\"translation-block\"><strong><b>Eierablage-Formmaschine <\/b><\/strong>ist der Hauptteil des Formprozesses bei der Herstellung der Eierablage. Das Formsystem f\u00fcr Eierablagen ist der Kern der Eierablagen-Produktionslinie, und die Zellstoff-Formmaschine hat die h\u00f6chste Priorit\u00e4t. Wenn die gesamte Eierablagen-Produktionslinie als der Mensch betrachtet wird, ist die Zellstoff-Formmaschine das Gehirn des Menschen. Daher ist die Bedeutung selbsterkl\u00e4rend. Au\u00dferdem ist die Ausr\u00fcstung in der Regel eine rotierende Zellstoff-Formmaschine. Je nach Form k\u00f6nnen wir verschiedene Ablagen herstellen, wie Eierablagen, <a href=\"https:\/\/recyclingequipinc.com\/de\/produkt\/apple-tray-making-machine\/\">Apfelablagen<\/a>, Eierkartons, medizinische Ablagen usw. Was noch wichtiger ist: Diese Maschine ist eine umweltfreundliche Maschine, die zu unseren Lebensbedingungen beitr\u00e4gt. Kontaktieren Sie uns, um mehr Details zu erfahren!<\/p> <figure id=\"attachment_4477\" aria-describedby=\"caption-attachment-4477\" style=\"width: 750px\" class=\"wp-caption aligncenter\"><img fetchpriority=\"high\" decoding=\"async\" class=\"wp-image-4477 size-full\" src=\"https:\/\/recyclingequipinc.com\/wp-content\/uploads\/2021\/09\/egg-carton-marker.jpg\" alt=\"Eierkartonmarker\" width=\"750\" height=\"750\" srcset=\"https:\/\/recyclingequipinc.com\/wp-content\/uploads\/2021\/09\/egg-carton-marker.jpg 750w, https:\/\/recyclingequipinc.com\/wp-content\/uploads\/2021\/09\/egg-carton-marker-100x100.jpg 100w, https:\/\/recyclingequipinc.com\/wp-content\/uploads\/2021\/09\/egg-carton-marker-300x300.jpg 300w, https:\/\/recyclingequipinc.com\/wp-content\/uploads\/2021\/09\/egg-carton-marker-150x150.jpg 150w, https:\/\/recyclingequipinc.com\/wp-content\/uploads\/2021\/09\/egg-carton-marker-600x600.jpg 600w\" sizes=\"(max-width: 750px) 100vw, 750px\" \/><figcaption id=\"caption-attachment-4477\" class=\"wp-caption-text\">Eierkartonmarker<\/figcaption><\/figure> <h2><strong><b>Arbeitsanlage der Eierschalen-Formmaschine<\/b><\/strong><\/h2> <p>Die Eierschalenformmaschine ist ein Ger\u00e4t mit hoher Effizienz, geringem Energieverbrauch und extrem hoher Stabilit\u00e4t. Im Allgemeinen bilden die Formmaschine, das Vakuumsystem, der Luftkompressor + das Hochdruckrohr und die Formreinigungsmaschine das Formsystem. Wir werden wie folgt detailliert darauf eingehen.<\/p> <figure id=\"attachment_4547\" aria-describedby=\"caption-attachment-4547\" style=\"width: 750px\" class=\"wp-caption aligncenter\"><img decoding=\"async\" class=\"wp-image-4547 size-full\" src=\"https:\/\/recyclingequipinc.com\/wp-content\/uploads\/2021\/09\/machien-components.jpg\" alt=\"Maschinenkomponenten\" width=\"750\" height=\"750\" srcset=\"https:\/\/recyclingequipinc.com\/wp-content\/uploads\/2021\/09\/machien-components.jpg 750w, https:\/\/recyclingequipinc.com\/wp-content\/uploads\/2021\/09\/machien-components-100x100.jpg 100w, https:\/\/recyclingequipinc.com\/wp-content\/uploads\/2021\/09\/machien-components-300x300.jpg 300w, https:\/\/recyclingequipinc.com\/wp-content\/uploads\/2021\/09\/machien-components-150x150.jpg 150w, https:\/\/recyclingequipinc.com\/wp-content\/uploads\/2021\/09\/machien-components-600x600.jpg 600w\" sizes=\"(max-width: 750px) 100vw, 750px\" \/><figcaption id=\"caption-attachment-4547\" class=\"wp-caption-text\">Maschinenkomponenten<\/figcaption><\/figure> <h3><strong><b>Eierablage-Formmaschine<\/b><\/strong><\/h3> <p>Es besteht aus Formformen und Transferformen. Die Anzahl der Formwerkzeuge beeinflusst die Kapazit\u00e4t der Maschine. Es hat auch andere Komponenten. Nachfolgend aufgef\u00fchrt: elektromagnetisches Ventil, Zwei-Wege-F\u00fcnfwegeventil, Absperrklappe, Schaltschrank, Kugelventil, Gummischlauch, N\u00e4herungsschalter. Dies sind h\u00e4ufige Kollokationen. Die Zuteilung wird jedoch je nach Produktionskapazit\u00e4t unterschiedlich sein.<\/p> <h3><strong><b>Vakuumsystem<\/b><\/strong><\/h3> <p>Das Vakuumsystem besteht aus der Vakuumpumpe und der Vakuumleitung. Seine Funktion besteht darin, den Zellstoff an den Formwerkzeugen zu befestigen und das meiste Wasser aus dem Zellstoff zu entfernen. Die gleiche Theorie wird auf das Vakuumsystem angewendet. Es ist so, dass sich die Konfiguration zusammen mit der Produktionskapazit\u00e4t \u00e4ndert.<\/p> <h3><strong><b>Luftkompressor<\/b><\/strong><\/h3> <p>Der Luftkompressor arbeitet normalerweise f\u00fcr die Formmaschine. Im Formprozess trennt es haupts\u00e4chlich die geformte Form von den Formwerkzeugen, wodurch die geformte Form in die Transferform gelangt.<\/p> <h3><strong><b>Formenreinigungsmaschine<\/b><\/strong><\/h3> <p>Wie der Name schon sagt, wird es zum Reinigen der Form verwendet. Da es sich bei der Pulpe um eine Mischung aus Altpapier und Wasser handelt, bleibt beim Fertigstellen der Form etwas Schmutz zur\u00fcck. Zu diesem Zeitpunkt ist eine Formreinigungsmaschine erforderlich, um sie sauber und ordentlich zu machen, damit sie wieder verwendet werden kann.<\/p> <p>Alles in allem dienen das Vakuumsystem, der Luftkompressor und die Formreinigungsmaschine als Formmaschine. Wenn Sie eine Formmaschine kaufen m\u00f6chten, sind diese drei erforderlich.<\/p> <h2><strong><b>Verschiedene Eierschalenformmaschinen von <\/b><\/strong><strong><b>Shuliy-Maschinen<\/b><\/strong><\/h2> <p>Aus Ertragssicht gibt es verschiedene Typen: 1000 St\u00fcck\/h, 1500\u20132000 St\u00fcck\/h, 3000 St\u00fcck\/h, 5000 St\u00fcck\/h, 6000 St\u00fcck\/h, 8000 St\u00fcck\/h. Form, Aussehen und Gr\u00f6\u00dfe der Form sind die Schl\u00fcsselkomponenten der Formausr\u00fcstung und sollten bei der Gestaltung der Form ber\u00fccksichtigt werden. Auch wenn die Form h\u00e4ufig verwendet wird, sollte ihre Textur dauerhaft sein. Normalerweise gibt es zwei Arten von Formen, n\u00e4mlich Formformen und Transferformen. Wir bieten Ihnen die zufriedenstellendsten L\u00f6sungen entsprechend den unterschiedlichen Anforderungen und helfen Ihnen beim Aufbau einer kompletten Produktionslinie f\u00fcr Eierschalen. Unsere Formmaschine kann nicht nur Eierschalen, sondern auch Obstschalen, Tablettschuhe, Industrieschalen, medizinische Schalen usw. herstellen. M\u00f6chten Sie mehr wissen? Z\u00f6gern Sie nicht, uns anzurufen!<\/p> <figure id=\"attachment_4510\" aria-describedby=\"caption-attachment-4510\" style=\"width: 720px\" class=\"wp-caption aligncenter\"><img decoding=\"async\" class=\"wp-image-4510 size-full\" src=\"https:\/\/recyclingequipinc.com\/wp-content\/uploads\/2021\/09\/molding-machine.jpg\" alt=\"Formmaschine\" width=\"720\" height=\"540\" srcset=\"https:\/\/recyclingequipinc.com\/wp-content\/uploads\/2021\/09\/molding-machine.jpg 720w, https:\/\/recyclingequipinc.com\/wp-content\/uploads\/2021\/09\/molding-machine-300x225.jpg 300w, https:\/\/recyclingequipinc.com\/wp-content\/uploads\/2021\/09\/molding-machine-600x450.jpg 600w\" sizes=\"(max-width: 720px) 100vw, 720px\" \/><figcaption id=\"caption-attachment-4510\" class=\"wp-caption-text\">Formmaschine<\/figcaption><\/figure> <h2><strong><b>Vorteile von Papierzellstoffformmaschinen<\/b><\/strong><\/h2> <ol> <li>Die Hauptmaschine nutzt die taiwanesische Zahnradverteilertechnologie, um eine fehlerfreie Ger\u00e4tebetriebsgenauigkeit zu erreichen.<\/li> <li>Die Hauptmaschinenbasis besteht aus verdicktem 16#-Kanalstahl und die Getriebewelle ist aus 45#-Rundstahl pr\u00e4zisionsgefertigt.<\/li> <li>Der Motor der gesamten Maschine \u00fcbernimmt inl\u00e4ndische bekannte Marken.<\/li> <li>Der Positionierungsschlitten des Hauptmotors wird nach der W\u00e4rmebehandlung mit einer 45#-Stahlplatte verschwei\u00dft.<\/li> <li>F\u00fcr Vakuumpumpen und Luftkompressoren werden inl\u00e4ndische bekannte Marken ausgew\u00e4hlt.<\/li> <li>Hohe und schnelle Kapitalrendite f\u00fcr die Anleger.<\/li> <li>Es ist mit einem benutzerfreundlichen Bedienfeld und einem wartungsarmen Servicesystem ausgestattet.<\/li> <li>Wir unterst\u00fctzen Anpassungsdienste.<\/li> <\/ol> <h2><strong><b>Endprodukte der Zellstoffform-Produktionslinie<\/b><\/strong><\/h2> <p class=\"translation-block\">Die Endprodukte der Zellstoff-Formmaschine sind nicht nur Eierablagen, sondern auch Eierkartons, Obstablagen, Weindekl, medizinische Ablagen, Schuhablagen, Setzlingsabla\u00adgen, Industrieablagen, Elektrikablagen, Becherablagen usw. Tats\u00e4chlich stammen die Rohmaterialien f\u00fcr Formmaschinen aus breiter Quelle. Beispielsweise Papierabf\u00e4lle, Abfallkartons, Zeitungen, Zeitschriften usw. Es ist billig und sehr einfach zu bekommen. F\u00fcr Investoren sind die Kosten gering. Offensichtlich ist die Zellstoff-Formlinie eine gute Investition. Zus\u00e4tzlich stellen Zellstoff-Formmaschinen papiergeformte Ablagen her, die <a href=\"https:\/\/en.wikipedia.org\/wiki\/Biodegradation\" target=\"_blank\" rel=\"noopener\">biologisch abbaubar<\/a> sind. Mit dem Verbot von Plastik in vielen L\u00e4ndern gewinnen Papierablagen an Beliebtheit. Dar\u00fcber hinaus ist die Zellstoff-Formlinie schadstofffrei.<\/p> <figure id=\"attachment_4507\" aria-describedby=\"caption-attachment-4507\" style=\"width: 1024px\" class=\"wp-caption aligncenter\"><img loading=\"lazy\" decoding=\"async\" class=\"wp-image-4507 size-large\" src=\"https:\/\/recyclingequipinc.com\/wp-content\/uploads\/2021\/09\/end-products-1024x512.jpg\" alt=\"Endprodukte\" width=\"1024\" height=\"512\" srcset=\"https:\/\/recyclingequipinc.com\/wp-content\/uploads\/2021\/09\/end-products-1024x512.jpg 1024w, https:\/\/recyclingequipinc.com\/wp-content\/uploads\/2021\/09\/end-products-750x375.jpg 750w, https:\/\/recyclingequipinc.com\/wp-content\/uploads\/2021\/09\/end-products-300x150.jpg 300w, https:\/\/recyclingequipinc.com\/wp-content\/uploads\/2021\/09\/end-products-768x384.jpg 768w, https:\/\/recyclingequipinc.com\/wp-content\/uploads\/2021\/09\/end-products-1536x768.jpg 1536w, https:\/\/recyclingequipinc.com\/wp-content\/uploads\/2021\/09\/end-products-600x300.jpg 600w, https:\/\/recyclingequipinc.com\/wp-content\/uploads\/2021\/09\/end-products.jpg 1800w\" sizes=\"(max-width: 1024px) 100vw, 1024px\" \/><figcaption id=\"caption-attachment-4507\" class=\"wp-caption-text\">Endprodukte<\/figcaption><\/figure> <h2><strong><b>Hinterlassen Sie Ihre Daten<\/b><\/strong><\/h2> <p class=\"translation-block\">Als zuverl\u00e4ssiger Hersteller und Lieferant von Papier-Formmaschinen bieten wir die Formmaschine in hoher Qualit\u00e4t, zu vern\u00fcnftigen Preisen, mit langer Lebensdauer. Der Preis der Zellstoff-Formmaschine h\u00e4ngt von der Produktionskapazit\u00e4t und der Zusammenstellung ab. Wir statten Formmaschinen mit bekannten Marken aus. Zum Teil f\u00fchrt eine h\u00f6here Zuweisung zu einem h\u00f6heren Preis. Aber das alles lohnt sich. Wenn Sie bereit sind f\u00fcr die Papierablage-Maschine, sagen Sie uns, welche Produktionskapazit\u00e4t Sie w\u00fcnschen. Wir bieten perfekte L\u00f6sungen mit durchdienten Services. Nat\u00fcrlich ist der After-Sales-Service enthalten. Vertrauen Sie uns, diese Maschine erzielt eine gute Rendite (Return on Investment). M\u00f6chten Sie wissen, wie man die beste Eierablage-Formmaschine ausw\u00e4hlt, klicken Sie bitte auf diesen <a href=\"https:\/\/recyclingequipinc.com\/de\/what-you-should-know-on-buying-egg-tray-making-machines\/\">Kaufleitfaden f\u00fcr Eierablagemaschinen<\/a>. Wenn Sie Zweifel haben, kontaktieren Sie uns bitte sofort, wir antworten Ihnen sehr bald.<\/p>","protected":false},"excerpt":{"rendered":"<p class=\"translation-block\"><strong><b>Eierablage-Formmaschine <\/b><\/strong>ist der Hauptteil des Formprozesses bei der Herstellung der Eierablage. Das Formsystem f\u00fcr Eierablagen ist der Kern der Eierablagen-Produktionslinie, und die Zellstoff-Formmaschine hat die h\u00f6chste Priorit\u00e4t. Schicken Sie uns eine Email oder rufen Sie uns an f\u00fcr ein detailliertes Angebot.<\/p>","protected":false},"featured_media":4463,"template":"","meta":{"site-sidebar-layout":"default","site-content-layout":"default","ast-site-content-layout":"default","site-content-style":"default","site-sidebar-style":"default","ast-global-header-display":"","ast-banner-title-visibility":"","ast-main-header-display":"","ast-hfb-above-header-display":"","ast-hfb-below-header-display":"","ast-hfb-mobile-header-display":"","site-post-title":"","ast-breadcrumbs-content":"","ast-featured-img":"","footer-sml-layout":"","ast-disable-related-posts":"","theme-transparent-header-meta":"default","adv-header-id-meta":"","stick-header-meta":"default","header-above-stick-meta":"","header-main-stick-meta":"","header-below-stick-meta":"","astra-migrate-meta-layouts":"default","ast-page-background-enabled":"default","ast-page-background-meta":{"desktop":{"background-color":"","background-image":"","background-repeat":"repeat","background-position":"center center","background-size":"auto","background-attachment":"scroll","background-type":"","background-media":"","overlay-type":"","overlay-color":"","overlay-opacity":"","overlay-gradient":""},"tablet":{"background-color":"","background-image":"","background-repeat":"repeat","background-position":"center center","background-size":"auto","background-attachment":"scroll","background-type":"","background-media":"","overlay-type":"","overlay-color":"","overlay-opacity":"","overlay-gradient":""},"mobile":{"background-color":"","background-image":"","background-repeat":"repeat","background-position":"center center","background-size":"auto","background-attachment":"scroll","background-type":"","background-media":"","overlay-type":"","overlay-color":"","overlay-opacity":"","overlay-gradient":""}},"ast-content-background-meta":{"desktop":{"background-color":"var(--ast-global-color-5)","background-image":"","background-repeat":"repeat","background-position":"center center","background-size":"auto","background-attachment":"scroll","background-type":"","background-media":"","overlay-type":"","overlay-color":"","overlay-opacity":"","overlay-gradient":""},"tablet":{"background-color":"var(--ast-global-color-5)","background-image":"","background-repeat":"repeat","background-position":"center center","background-size":"auto","background-attachment":"scroll","background-type":"","background-media":"","overlay-type":"","overlay-color":"","overlay-opacity":"","overlay-gradient":""},"mobile":{"background-color":"var(--ast-global-color-5)","background-image":"","background-repeat":"repeat","background-position":"center center","background-size":"auto","background-attachment":"scroll","background-type":"","background-media":"","overlay-type":"","overlay-color":"","overlay-opacity":"","overlay-gradient":""}}},"product_brand":[],"product_cat":[35],"product_tag":[73],"class_list":{"0":"post-4403","1":"product","2":"type-product","3":"status-publish","4":"has-post-thumbnail","6":"product_cat-egg-tray-machine","7":"product_tag-egg-carton-making-machine","8":"desktop-align-center","9":"tablet-align-center","10":"mobile-align-center","12":"first","13":"instock","14":"shipping-taxable","15":"product-type-simple"},"_links":{"self":[{"href":"https:\/\/recyclingequipinc.com\/de\/wp-json\/wp\/v2\/product\/4403","targetHints":{"allow":["GET"]}}],"collection":[{"href":"https:\/\/recyclingequipinc.com\/de\/wp-json\/wp\/v2\/product"}],"about":[{"href":"https:\/\/recyclingequipinc.com\/de\/wp-json\/wp\/v2\/types\/product"}],"version-history":[{"count":0,"href":"https:\/\/recyclingequipinc.com\/de\/wp-json\/wp\/v2\/product\/4403\/revisions"}],"wp:featuredmedia":[{"embeddable":true,"href":"https:\/\/recyclingequipinc.com\/de\/wp-json\/wp\/v2\/media\/4463"}],"wp:attachment":[{"href":"https:\/\/recyclingequipinc.com\/de\/wp-json\/wp\/v2\/media?parent=4403"}],"wp:term":[{"taxonomy":"product_brand","embeddable":true,"href":"https:\/\/recyclingequipinc.com\/de\/wp-json\/wp\/v2\/product_brand?post=4403"},{"taxonomy":"product_cat","embeddable":true,"href":"https:\/\/recyclingequipinc.com\/de\/wp-json\/wp\/v2\/product_cat?post=4403"},{"taxonomy":"product_tag","embeddable":true,"href":"https:\/\/recyclingequipinc.com\/de\/wp-json\/wp\/v2\/product_tag?post=4403"}],"curies":[{"name":"wp","href":"https:\/\/api.w.org\/{rel}","templated":true}]}}