{"id":4400,"date":"2021-09-13T09:54:32","date_gmt":"2021-09-13T09:54:32","guid":{"rendered":"https:\/\/recyclingequipinc.com\/?post_type=product&#038;p=4400"},"modified":"2025-11-10T16:19:23","modified_gmt":"2025-11-10T08:19:23","slug":"egg-tray-making-machine","status":"publish","type":"product","link":"https:\/\/recyclingequipinc.com\/de\/product\/egg-tray-making-machine\/","title":{"rendered":"Maschine zur Herstellung von Eierschalen"},"content":{"rendered":"<p class=\"translation-block\"><strong><b>Eierpaletten-Herstellungsmaschine<\/b><\/strong> ist eine umweltfreundliche Maschine, die Abfall in Sch\u00e4tze verwandeln kann. Das liegt an ihren Rohstoffen. Die Rohstoffe stammen haupts\u00e4chlich von verschiedenen Zellstoffplatten wie Altpapier, Alt-Kartonpapier, Alt-Wei\u00dfpapier, Schilfzellstoff, Strohzellstoff, Brei, Bambuszellstoff und Holzzellstoff, Papierfabrikschwanzstoffabf\u00e4lle usw. Die Rohstoffe sind besonders einfach zu sammeln, und jeden Tag fallen gro\u00dfe Mengen an Rohstoffen an. Mit der Entwicklung der Gesellschaft legen Regionen und L\u00e4nder auf der ganzen Welt mehr Wert auf die Umwelt. Das ist ein Trend des sozialen Fortschritts. Deshalb ist die Eierpalettenmaschine so beliebt. M\u00f6chten Sie also diese Papierpaletten-Herstellungsmaschine? Kontaktieren Sie uns jetzt!<\/p> <figure id=\"attachment_4498\" aria-describedby=\"caption-attachment-4498\" style=\"width: 750px\" class=\"wp-caption aligncenter\"><img fetchpriority=\"high\" decoding=\"async\" class=\"wp-image-4498 size-full\" src=\"https:\/\/recyclingequipinc.com\/wp-content\/uploads\/2021\/09\/egg-tray-marker.jpg\" alt=\"Eierkartonhersteller\" width=\"750\" height=\"732\" srcset=\"https:\/\/recyclingequipinc.com\/wp-content\/uploads\/2021\/09\/egg-tray-marker.jpg 750w, https:\/\/recyclingequipinc.com\/wp-content\/uploads\/2021\/09\/egg-tray-marker-300x293.jpg 300w, https:\/\/recyclingequipinc.com\/wp-content\/uploads\/2021\/09\/egg-tray-marker-600x586.jpg 600w\" sizes=\"(max-width: 750px) 100vw, 750px\" \/><figcaption id=\"caption-attachment-4498\" class=\"wp-caption-text\">Eierkartonhersteller<\/figcaption><\/figure> <h2><strong><b>Herausragender Papier-Eierkartonhersteller zum Verkauf<\/b><\/strong><\/h2> <p>Bei Zhengzhou Shuliy Machinery Co., Ltd unterteilen wir die zum Verkauf stehenden Eierablagemaschinen im Allgemeinen nach den Trocknungsmethoden. Normalerweise gibt es hier zwei Typen: vollautomatisch und halbautomatisch. Vollautomatisch bezieht sich auf die Trocknungsmethode einer mentalen Eierschalen-Trocknungslinie mit mehreren Schichten. Die Halbautomatik bezieht sich auf die Trocknungsmethode der nat\u00fcrlichen Trocknung und die Trocknungslinie f\u00fcr gemauerte Eierschalen. Die gemauerte Trocknungslinie f\u00fcr Eierschalen sollte jedoch vom Kunden selbst gebaut werden. Entsprechend der Produktivit\u00e4t klassifizieren wir sie in 1000 St\u00fcck\/h, 1500\u20132000 St\u00fcck\/h, 3000 St\u00fcck\/h, 4000 St\u00fcck\/h, 5000 St\u00fcck\/h, 6000\u20137000 St\u00fcck\/h. Im Allgemeinen verwenden wir zur Beschreibung zwei Zahlen. Verwenden Sie beispielsweise 3*1, um die Produktivit\u00e4t von 1000 St\u00fcck\/h auszudr\u00fccken (3 steht f\u00fcr drei Teile einmal, 1 steht f\u00fcr nur eine Form). Bitte kontaktieren Sie uns f\u00fcr weitere Details!<\/p> <figure id=\"attachment_4496\" aria-describedby=\"caption-attachment-4496\" style=\"width: 750px\" class=\"wp-caption aligncenter\"><img decoding=\"async\" class=\"wp-image-4496 size-full\" title=\"Maschine zur Herstellung von Eierschalen\" src=\"https:\/\/recyclingequipinc.com\/wp-content\/uploads\/2021\/09\/egg-tray-making-machine-1.jpg\" alt=\"Maschine zur Herstellung von Eierschalen\" width=\"750\" height=\"750\" srcset=\"https:\/\/recyclingequipinc.com\/wp-content\/uploads\/2021\/09\/egg-tray-making-machine-1.jpg 750w, https:\/\/recyclingequipinc.com\/wp-content\/uploads\/2021\/09\/egg-tray-making-machine-1-100x100.jpg 100w, https:\/\/recyclingequipinc.com\/wp-content\/uploads\/2021\/09\/egg-tray-making-machine-1-300x300.jpg 300w, https:\/\/recyclingequipinc.com\/wp-content\/uploads\/2021\/09\/egg-tray-making-machine-1-150x150.jpg 150w, https:\/\/recyclingequipinc.com\/wp-content\/uploads\/2021\/09\/egg-tray-making-machine-1-600x600.jpg 600w\" sizes=\"(max-width: 750px) 100vw, 750px\" \/><figcaption id=\"caption-attachment-4496\" class=\"wp-caption-text\">Maschine zur Herstellung von Eierschalen<\/figcaption><\/figure> <h2><strong><b>Verschiedene Anwendungen der Papierschalenherstellungsmaschine<\/b><\/strong><\/h2> <p class=\"translation-block\">Wir recyceln die Abfallmaterialien, um die im Leben verwendeten Artikel herzustellen. Die Papierpaletten-Herstellungsmaschine ist eine solche Maschine. Die Endprodukte der Eierpaletten-Herstellungsmaschine sind Eierpaletten. Au\u00dferdem k\u00f6nnen die Endprodukte auch Eierkartons, <a href=\"https:\/\/recyclingequipinc.com\/de\/advantages-of-egg-trays\/\">Eierkartons<\/a>, Wachteleierpaletten, <a href=\"https:\/\/recyclingequipinc.com\/de\/produkt\/apple-tray-making-machine\/\">Apfelpaletten<\/a>, Obstpaletten, <a href=\"https:\/\/recyclingequipinc.com\/de\/produkt\/shoe-tray-making-machine\/\">Schuhpaletten<\/a>, Elektronikpaletten, Kaffeebecherpaletten, Papiermodelle, Setzlingspaletten, Weinpaletten, medizinische Paletten usw. sein. Zu beachten ist, dass es sich um eine Papierpaletten-Herstellungsmaschine handelt, keine Kunststoffpaletten-Herstellungsmaschine. Dar\u00fcber hinaus gibt es viele Rohstoffe, die zur Herstellung von Eierhaltern verwendet werden k\u00f6nnen. Die Rohstoffe umfassen Altpapier, alte Zeitungen, alte Zeitschriften, Wellpappe und andere. Das ist der Reiz umweltfreundlicher Maschinen. Die Eierpalettenmaschine ist in der Lage, diese Verpflichtung zu erf\u00fcllen. M\u00f6chten Sie unser Kooperationspartner werden? Nehmen Sie bald Kontakt mit uns auf!<\/p> <figure id=\"attachment_4492\" aria-describedby=\"caption-attachment-4492\" style=\"width: 750px\" class=\"wp-caption aligncenter\"><img decoding=\"async\" class=\"wp-image-4492 size-full\" src=\"https:\/\/recyclingequipinc.com\/wp-content\/uploads\/2021\/09\/finished-products.jpg\" alt=\"Eierkartonherstellungsmaschine Fertigprodukte\" width=\"750\" height=\"354\" srcset=\"https:\/\/recyclingequipinc.com\/wp-content\/uploads\/2021\/09\/finished-products.jpg 750w, https:\/\/recyclingequipinc.com\/wp-content\/uploads\/2021\/09\/finished-products-300x142.jpg 300w, https:\/\/recyclingequipinc.com\/wp-content\/uploads\/2021\/09\/finished-products-600x283.jpg 600w\" sizes=\"(max-width: 750px) 100vw, 750px\" \/><figcaption id=\"caption-attachment-4492\" class=\"wp-caption-text\">Eierkartonherstellungsmaschine Fertigprodukte<\/figcaption><\/figure> <h2><strong><b>Was<\/b><\/strong><strong><b>'<\/b><\/strong><strong><b>Was ist der technologische Prozess der Eierablagemaschine?<\/b><\/strong><\/h2> <p>Die Eierschalen-Produktionslinie wird wie folgt beschrieben: Altpapier\u2192Aufschluss\u2192Aufschlussmischung\u2192Sieben\u2192Zellstoffzufuhr\u2192Formen\u2192Trocknen\u2192Ganzzahl\u2192Auschecken\u2192Verpackung. Der Gesamtprozess l\u00e4sst sich in die folgenden Schritte zusammenfassen: Aufschlusssystem, Formungssystem, Trocknungssystem und Eierschalen-Umform- und Verpackungssystem.<\/p> <figure id=\"attachment_4495\" aria-describedby=\"caption-attachment-4495\" style=\"width: 750px\" class=\"wp-caption aligncenter\"><img loading=\"lazy\" decoding=\"async\" class=\"wp-image-4495 size-full\" src=\"https:\/\/recyclingequipinc.com\/wp-content\/uploads\/2021\/09\/technological-process-.jpg\" alt=\"Technologischer Prozess des Eierkartonherstellers\" width=\"750\" height=\"457\" srcset=\"https:\/\/recyclingequipinc.com\/wp-content\/uploads\/2021\/09\/technological-process-.jpg 750w, https:\/\/recyclingequipinc.com\/wp-content\/uploads\/2021\/09\/technological-process--300x183.jpg 300w, https:\/\/recyclingequipinc.com\/wp-content\/uploads\/2021\/09\/technological-process--600x366.jpg 600w\" sizes=\"(max-width: 750px) 100vw, 750px\" \/><figcaption id=\"caption-attachment-4495\" class=\"wp-caption-text\">Technologischer Prozess des Eierkartonherstellers<\/figcaption><\/figure> <p>&nbsp;<\/p> <h2><strong><b>Pulping-System<\/b><\/strong><\/h2> <p class=\"translation-block\">Pulpen ist der erste Schritt zur Herstellung von Eierpaletten. In diesem Schritt ist eine <a href=\"https:\/\/recyclingequipinc.com\/de\/produkt\/egg-tray-pulping-machine\/\">Eierpaletten-Pulpmaschine<\/a> notwendig. Sie besteht aus Pulper und Absperrklappe. Nat\u00fcrlich sind andere Kombinationen Pulppumpe, Pulverteichr\u00fchrer, Abwasserpumpe, Pulptransportrohr. Aber sie hat geringf\u00fcgige \u00c4nderungen auf der Grundlage unterschiedlicher Produktivit\u00e4t. Bei diesem Prozess wird das Altpapier in den Pulper gegeben und Wasser hinzugef\u00fcgt, um es zu zerkleinern und den Brei zu erhalten.<\/p> <p>Dar\u00fcber hinaus werden drei Becken f\u00fcr Zellstoff beantragt. Einer enth\u00e4lt den urspr\u00fcnglichen Zellstoff, ein anderer ist f\u00fcr Wasser und der andere ist f\u00fcr den Zellstoff eines bestimmten Anteils vorgesehen. Vergessen Sie also nicht, das Fruchtfleisch in einem bestimmten Verh\u00e4ltnis mit Wasser zu vermischen, bevor Sie mit dem n\u00e4chsten Schritt fortfahren.<\/p> <h2><strong><b>Formsystem<\/b><\/strong><\/h2> <p class=\"translation-block\">Formmaschine, <a href=\"https:\/\/en.wikipedia.org\/wiki\/Vacuum\" target=\"_blank\" rel=\"noopener\">Vakuum<\/a>system, Luftkompressor &amp; Hochdruckrohr und Formreinigungmaschinen werden \u00fcblicherweise verwendet. Durch das Pulptransportrohr gelangt der Brei in den Vorratstank der Formmaschine. Und dann wird der Brei mit Hilfe des Vakuumsystems in die Form gegossen. In der Zwischenzeit wird das Wei\u00dfwasser abgesaugt und zur\u00fcck in den Pool transportiert. Als n\u00e4chstes wird die geformte Form vom Luftkompressor zur Transferform geblasen. Schlie\u00dflich wird die Form von der Transferform aus gesendet. Wichtig ist, dass eine Eierpalettenmaschine nur eine Formmaschine hat.<\/p> <h2><strong><b>Trocknungssystem<\/b><\/strong><\/h2> <p>Seine Funktion besteht darin, \u00fcbersch\u00fcssiges Wasser in nasse Eierschalen zu dr\u00fccken. Es stehen drei Arten von Trocknungsmethoden zur Auswahl. Unterschiedliche Trocknungsmethoden haben eine unterschiedliche Zuordnung.<\/p> <ul> <li>Die nat\u00fcrliche Trocknung in der Sonne eignet sich f\u00fcr die Eierschalenproduktion in kleinem Ma\u00dfstab (geeignet f\u00fcr 2000 St\u00fcck oder weniger). Diese Methode erfordert die Hilfe von Arbeitern.<\/li> <li>Der gemauerte Eierschalentrockner ist mit 2500 Teilen und mehr ausgestattet; Es handelt sich um eine mittelgro\u00dfe Produktion. Trotz des auf eigene Kosten gebauten Ziegelofens ist weniger Arbeitsaufwand erforderlich.<\/li> <li>Das Eierschalen-Trocknungssystem aus Metall wird f\u00fcr Kunden verwendet, die nur wenig Platz zur Verf\u00fcgung haben. Es besteht normalerweise aus einer einzelnen Schicht und mehreren Schichten. Nahezu kein Arbeitsaufwand und vollst\u00e4ndige Automatisierung.<\/li> <\/ul> <h2><strong><b>System zum Umformen und Verpacken von Eierschalen<\/b><\/strong><\/h2> <p>F\u00fcr die Umformung ist eine Hei\u00dfpressmaschine erforderlich. Ziel ist es, Platz und Kosten zu sparen. Au\u00dferdem sorgt es f\u00fcr ein glattes Erscheinungsbild. Im Allgemeinen muss die Eierablage nicht umgeformt werden, es sei denn, es handelt sich um den Eierkarton. Schlie\u00dflich verwenden wir eine Eierschalen-Verpackungsmaschine, um die Eierschale zu verpacken und so die Lieferung zu erleichtern.<\/p> <p>Sie k\u00f6nnen sich auch f\u00fcr den automatischen Auffangbeh\u00e4lter entscheiden, der die Eierablage nach dem Trocknen automatisch einsammelt.<\/p> <p>Wir k\u00f6nnen drei Poolzeichnungen bereitstellen und die ma\u00dfgeschneiderten Produkte gem\u00e4\u00df Ihren tats\u00e4chlichen Anforderungen herstellen.<\/p> <figure id=\"attachment_4502\" aria-describedby=\"caption-attachment-4502\" style=\"width: 1024px\" class=\"wp-caption aligncenter\"><img loading=\"lazy\" decoding=\"async\" class=\"wp-image-4502 size-large\" src=\"https:\/\/recyclingequipinc.com\/wp-content\/uploads\/2021\/09\/progress-display-1024x471.jpg\" alt=\"Vollst\u00e4ndige Anzeige des Produktionsfortschritts f\u00fcr Eierkartons\" width=\"1024\" height=\"471\" srcset=\"https:\/\/recyclingequipinc.com\/wp-content\/uploads\/2021\/09\/progress-display-1024x471.jpg 1024w, https:\/\/recyclingequipinc.com\/wp-content\/uploads\/2021\/09\/progress-display-750x345.jpg 750w, https:\/\/recyclingequipinc.com\/wp-content\/uploads\/2021\/09\/progress-display-300x138.jpg 300w, https:\/\/recyclingequipinc.com\/wp-content\/uploads\/2021\/09\/progress-display-768x353.jpg 768w, https:\/\/recyclingequipinc.com\/wp-content\/uploads\/2021\/09\/progress-display-600x276.jpg 600w, https:\/\/recyclingequipinc.com\/wp-content\/uploads\/2021\/09\/progress-display.jpg 1087w\" sizes=\"(max-width: 1024px) 100vw, 1024px\" \/><figcaption id=\"caption-attachment-4502\" class=\"wp-caption-text\">Vollst\u00e4ndige Anzeige des Produktionsfortschritts f\u00fcr Eierkartons<\/figcaption><\/figure> <h2><strong><b>Wie man <\/b><\/strong><strong><b>F<\/b><\/strong><strong><b>ind <\/b><\/strong><strong><b>A<\/b><\/strong><strong><b>\u00a0<\/b><\/strong><strong><b>G<\/b><\/strong><strong><b>gut <\/b><\/strong><strong><b>R<\/b><\/strong><strong><b>seri\u00f6s <\/b><\/strong><strong><b>P<\/b><\/strong><strong><b>aper <\/b><\/strong><strong><b>E<\/b><\/strong><strong><b>gg <\/b><\/strong><strong><b>T<\/b><\/strong><strong><b>Strahl <\/b><\/strong><strong><b>M<\/b><\/strong><strong><b>aking <\/b><\/strong><strong><b>M<\/b><\/strong><strong><b>Maschine <\/b><\/strong><strong><b>M<\/b><\/strong><strong><b>Hersteller<\/b><\/strong><strong><b>\u00a0&amp; Anbieter<\/b><\/strong><strong><b>?<\/b><\/strong><\/h2> <p class=\"translation-block\">Wir, Zhengzhou Shuliy Machinery Co., Ltd, sind ein Unternehmen, das Forschung, Studium und Produktion integriert. Wir haben folgende Vorteile. Erstens hat unser Unternehmen fast drei\u00dfig Jahre Erfahrung in diesem Bereich gesammelt. Daher sind wir das erfahrene Unternehmen f\u00fcr die Lieferung von Eierpalettenmaschinen. Zweitens arbeiten wir mit ber\u00fchmten Marken zusammen. Aufgrund von Komponenten ber\u00fchmter Marken haben unsere Maschinen eine \u00fcberlegene Qualit\u00e4t und eine stabile Leistung. Drittens bieten wir unseren Kunden exzellenten Service. Egal zu welcher Zeit, solange die Kunden Bed\u00fcrfnisse haben, werden wir L\u00f6sungen und schnelle Antworten geben. Dar\u00fcber hinaus k\u00f6nnen Sie diese Papierbrei-Eierpalettenmaschinen erhalten, wenn Sie einen H\u00fchnerhof betreiben. Die Maschine kann Ihnen helfen, Ihre Interessen zu f\u00f6rdern und Ihr Gesch\u00e4ft zu verbessern.<\/p> <figure id=\"attachment_4545\" aria-describedby=\"caption-attachment-4545\" style=\"width: 720px\" class=\"wp-caption aligncenter\"><img loading=\"lazy\" decoding=\"async\" class=\"wp-image-4545 size-full\" src=\"https:\/\/recyclingequipinc.com\/wp-content\/uploads\/2021\/09\/factory-display.jpg\" alt=\"Shuliy Eierkartonhersteller-Fabrikdisplay\" width=\"720\" height=\"378\" srcset=\"https:\/\/recyclingequipinc.com\/wp-content\/uploads\/2021\/09\/factory-display.jpg 720w, https:\/\/recyclingequipinc.com\/wp-content\/uploads\/2021\/09\/factory-display-300x158.jpg 300w, https:\/\/recyclingequipinc.com\/wp-content\/uploads\/2021\/09\/factory-display-600x315.jpg 600w\" sizes=\"(max-width: 720px) 100vw, 720px\" \/><figcaption id=\"caption-attachment-4545\" class=\"wp-caption-text\">Shuliy Eierkartonhersteller-Fabrikdisplay<\/figcaption><\/figure> <h2><strong><b>Was<\/b><\/strong><strong><b>'<\/b><\/strong><strong><b>s E<\/b><\/strong><strong><b>gg <\/b><\/strong><strong><b>T<\/b><\/strong><strong><b>Strahl <\/b><\/strong><strong><b>M<\/b><\/strong><strong><b>Maschine <\/b><\/strong><strong><b>P<\/b><\/strong><strong><b>Reis<\/b><\/strong><strong><b>?<\/b><\/strong><\/h2> <p>Wenn Sie die Maschine zur Herstellung von Eierschalen kaufen, ist es wichtig, dass Sie sich \u00fcber Ihre Bestellpl\u00e4ne im Klaren sind. Da mittlerweile viele Hersteller und Anbieter diese Maschine haben, sollten Sie vergleichen und sich dann f\u00fcr die g\u00fcnstigste Variante entscheiden. Unsere Eierablagemaschinen sind mit bekannten Komponenten ausgestattet und daher wettbewerbsf\u00e4hig. Gleichzeitig \u00e4ndert sich jedoch mit der Kollokation auch der Preis. Dar\u00fcber hinaus m\u00fcssen Sie Ihr Budget und die Kosten f\u00fcr die Papierfachmaschine ber\u00fccksichtigen. Ihr Budget bestimmt, wie gro\u00df die Maschine ist, die Sie kaufen. Und unter allen Eierschalenherstellern ist die manuelle Maschine zur Herstellung von Eierschalen am g\u00fcnstigsten. Wenn Sie sich also f\u00fcr den Kauf solch umweltfreundlicher Maschinen entscheiden, sollten Sie Ihre Bestellpl\u00e4ne, Ihr Budget und die Maschinenkosten ber\u00fccksichtigen.<\/p> <h2><strong><b>Kontaktieren Sie uns, um Ihr Gesch\u00e4ft zu erleichtern<\/b><\/strong><\/h2> <p>Als verantwortungsbewusstes Unternehmen verfolgen wir aufmerksam das Tempo der gesellschaftlichen Entwicklung. In unserem Unternehmen ist es daher selbstverst\u00e4ndlich, dass die automatische Eierablagemaschine die Belastung der Erde verringert und den nachhaltigen Fortschritt f\u00f6rdert. Wenn Sie viel Recyclingpapier haben, empfehlen wir Ihnen diese Maschine. Der erste Vorteil der Maschine ist die Umweltfreundlichkeit. Es ersetzt die Plastikschale. Der zweite Grund sind die gro\u00dfen Rohstoffquellen und die niedrigen Kosten. Die Rohstoffe sind leicht zu sammeln und g\u00fcnstig. Nehmen Sie deshalb Kontakt zu uns auf, wenn Sie etwas zum Schutz unserer Umwelt tun m\u00f6chten. Bitte rufen Sie uns f\u00fcr weitere Informationen an und wir werden Ihnen sehr bald antworten!<\/p>","protected":false},"excerpt":{"rendered":"<p class=\"translation-block\"><strong><b>Eierpaletten-Herstellungsmaschine<\/b><\/strong> ist eine umweltfreundliche Maschine, die Abfall in Sch\u00e4tze verwandeln kann. Das liegt an ihren Rohstoffen. Die Rohstoffe stammen haupts\u00e4chlich von verschiedenen Zellstoffplatten wie Altpapier, Alt-Kartonpapier, Alt-Wei\u00dfpapier, Schilfzellstoff, Strohzellstoff, Brei, Bambuszellstoff und Holzzellstoff sowie von Papierfabrikschwanzstoffabf\u00e4llen usw. Kontaktieren Sie uns f\u00fcr ein kostenloses Angebot.<\/p>","protected":false},"featured_media":4443,"template":"","meta":{"site-sidebar-layout":"default","site-content-layout":"default","ast-site-content-layout":"default","site-content-style":"default","site-sidebar-style":"default","ast-global-header-display":"","ast-banner-title-visibility":"","ast-main-header-display":"","ast-hfb-above-header-display":"","ast-hfb-below-header-display":"","ast-hfb-mobile-header-display":"","site-post-title":"","ast-breadcrumbs-content":"","ast-featured-img":"","footer-sml-layout":"","ast-disable-related-posts":"","theme-transparent-header-meta":"default","adv-header-id-meta":"","stick-header-meta":"default","header-above-stick-meta":"","header-main-stick-meta":"","header-below-stick-meta":"","astra-migrate-meta-layouts":"set","ast-page-background-enabled":"default","ast-page-background-meta":{"desktop":{"background-color":"","background-image":"","background-repeat":"repeat","background-position":"center center","background-size":"auto","background-attachment":"scroll","background-type":"","background-media":"","overlay-type":"","overlay-color":"","overlay-opacity":"","overlay-gradient":""},"tablet":{"background-color":"","background-image":"","background-repeat":"repeat","background-position":"center center","background-size":"auto","background-attachment":"scroll","background-type":"","background-media":"","overlay-type":"","overlay-color":"","overlay-opacity":"","overlay-gradient":""},"mobile":{"background-color":"","background-image":"","background-repeat":"repeat","background-position":"center center","background-size":"auto","background-attachment":"scroll","background-type":"","background-media":"","overlay-type":"","overlay-color":"","overlay-opacity":"","overlay-gradient":""}},"ast-content-background-meta":{"desktop":{"background-color":"var(--ast-global-color-5)","background-image":"","background-repeat":"repeat","background-position":"center center","background-size":"auto","background-attachment":"scroll","background-type":"","background-media":"","overlay-type":"","overlay-color":"","overlay-opacity":"","overlay-gradient":""},"tablet":{"background-color":"var(--ast-global-color-5)","background-image":"","background-repeat":"repeat","background-position":"center center","background-size":"auto","background-attachment":"scroll","background-type":"","background-media":"","overlay-type":"","overlay-color":"","overlay-opacity":"","overlay-gradient":""},"mobile":{"background-color":"var(--ast-global-color-5)","background-image":"","background-repeat":"repeat","background-position":"center center","background-size":"auto","background-attachment":"scroll","background-type":"","background-media":"","overlay-type":"","overlay-color":"","overlay-opacity":"","overlay-gradient":""}}},"product_brand":[],"product_cat":[35],"product_tag":[73],"class_list":{"0":"post-4400","1":"product","2":"type-product","3":"status-publish","4":"has-post-thumbnail","6":"product_cat-egg-tray-machine","7":"product_tag-egg-carton-making-machine","8":"desktop-align-center","9":"tablet-align-center","10":"mobile-align-center","12":"first","13":"instock","14":"shipping-taxable","15":"product-type-simple"},"_links":{"self":[{"href":"https:\/\/recyclingequipinc.com\/de\/wp-json\/wp\/v2\/product\/4400","targetHints":{"allow":["GET"]}}],"collection":[{"href":"https:\/\/recyclingequipinc.com\/de\/wp-json\/wp\/v2\/product"}],"about":[{"href":"https:\/\/recyclingequipinc.com\/de\/wp-json\/wp\/v2\/types\/product"}],"version-history":[{"count":0,"href":"https:\/\/recyclingequipinc.com\/de\/wp-json\/wp\/v2\/product\/4400\/revisions"}],"wp:featuredmedia":[{"embeddable":true,"href":"https:\/\/recyclingequipinc.com\/de\/wp-json\/wp\/v2\/media\/4443"}],"wp:attachment":[{"href":"https:\/\/recyclingequipinc.com\/de\/wp-json\/wp\/v2\/media?parent=4400"}],"wp:term":[{"taxonomy":"product_brand","embeddable":true,"href":"https:\/\/recyclingequipinc.com\/de\/wp-json\/wp\/v2\/product_brand?post=4400"},{"taxonomy":"product_cat","embeddable":true,"href":"https:\/\/recyclingequipinc.com\/de\/wp-json\/wp\/v2\/product_cat?post=4400"},{"taxonomy":"product_tag","embeddable":true,"href":"https:\/\/recyclingequipinc.com\/de\/wp-json\/wp\/v2\/product_tag?post=4400"}],"curies":[{"name":"wp","href":"https:\/\/api.w.org\/{rel}","templated":true}]}}