{"id":4397,"date":"2021-09-13T09:45:45","date_gmt":"2021-09-13T09:45:45","guid":{"rendered":"https:\/\/recyclingequipinc.com\/?post_type=product&#038;p=4397"},"modified":"2025-01-20T10:22:57","modified_gmt":"2025-01-20T02:22:57","slug":"waste-plastic-crusher","status":"publish","type":"product","link":"https:\/\/recyclingequipinc.com\/de\/product\/waste-plastic-crusher\/","title":{"rendered":"Kunststoffabfallzerkleinerer"},"content":{"rendered":"<p class=\"translation-block\">Der Abfallkunststoffzerkleinerer ist die Ausr\u00fcstung zum Zerkleinern von Rohmaterial in der Kunststoffrecyclinglinie. Er eignet sich f\u00fcr das <a href=\"https:\/\/recyclingequipinc.com\/de\/produkt\/plastic-film-recycling-machine\/\"><strong>Recycling von PP PE-Folien<\/strong><\/a>, Flaschen usw. Der Kunststoffzerkleinerer schneidet das Rohmaterial in Flocken, nachdem der F\u00f6rderband in der Produktionslinie Kunststoffobjekte in den Zerkleinerer sendet. Wenn Sie Kunststofffragmente unterschiedlicher Gr\u00f6\u00dfen erhalten m\u00f6chten, k\u00f6nnen Sie diese durch den Austausch von Sieben unterschiedlicher Gr\u00f6\u00dfen erhalten. Er hat das Ziel, alle Arten von weichen und harten Kunststoffen zu zerkleinern, wie z. B. Kunststofffolien, Kunststoffflaschen, PVC-Rohre und andere Kunststoffabf\u00e4lle.<\/p> <figure id=\"attachment_5477\" aria-describedby=\"caption-attachment-5477\" style=\"width: 750px\" class=\"wp-caption aligncenter\"><img fetchpriority=\"high\" decoding=\"async\" src=\"https:\/\/recyclingequipinc.com\/wp-content\/uploads\/2021\/09\/Plastic-Crusher-Machine.jpg\" alt=\"Kunststoff-Zerkleinerungsmaschine\" width=\"750\" height=\"750\" \/><figcaption id=\"caption-attachment-5477\" class=\"wp-caption-text\">Kunststoff-Zerkleinerungsmaschine<\/figcaption><\/figure> <h2>Arbeitsvideo zum Plastikzerkleinerer zum Recycling<\/h2> <div class=\"ast-oembed-container\" style=\"height: 100%;\"><iframe title=\"Kunststoffzerkleinerungsmaschine zum Zerkleinern von HDPE-F\u00e4ssern, F\u00e4ssern und Flaschen | Maschinen f\u00fcr Kunststoffrecyclinganlagen\" width=\"500\" height=\"281\" src=\"https:\/\/www.youtube.com\/embed\/yePaMCce--I?feature=oembed\" frameborder=\"0\" allow=\"accelerometer; autoplay; clipboard-write; encrypted-media; gyroscope; picture-in-picture; web-share\" referrerpolicy=\"strict-origin-when-cross-origin\" allowfullscreen><\/iframe><\/div> <h2>Merkmale der Kunststoffzerkleinerungsmaschine<\/h2> <ul> <li>Der Zerkleinerer f\u00fcr Kunststoffabf\u00e4lle verwendet Klingen aus legiertem Stahl, die eine hohe H\u00e4rte und eine lange Nutzungsdauer aufweisen.<\/li> <li>Das Nasszerkleinern kann nicht nur den Wascheffekt von Kunststoffsp\u00e4nen verst\u00e4rken, sondern aufgrund des Wasserk\u00fchlungseffekts auch die Reibungsw\u00e4rme reduzieren und so die Lebensdauer der Klinge verl\u00e4ngern.<\/li> <li>Die Kunststoffzerkleinerungsmaschine zeichnet sich au\u00dferdem durch niedrige Geschwindigkeit, geringe Ger\u00e4uschentwicklung, lange Betriebszeit, geringe Wartungskosten und kein Schlackenmaterial aus.<\/li> <li>Spezielle Brechkammerkonstruktion, gro\u00dfer Zufuhreinlass und bequeme Beladung<\/li> <li>Stabile Bewegung, geringe Vibration und bequeme Bedienung<\/li> <\/ul> <h2>Parameter des Kunststoffabfallbrechers<\/h2> <table style=\"border-collapse: collapse; width: 426.1pt; margin-left: 6.75pt; margin-right: 6.75pt; border: initial none initial;\" border=\"1\" cellspacing=\"0\"> <tbody> <tr> <td style=\"width: 142pt; padding: 0pt 5.4pt; border-width: 1pt; border-color: windowtext;\" valign=\"top\" width=\"189\">Modell<\/td> <td style=\"width: 142.05pt; padding: 0pt 5.4pt; border-width: 1pt; border-color: windowtext;\" valign=\"top\" width=\"189\">60<\/td> <td style=\"width: 142.05pt; padding: 0pt 5.4pt; border-width: 1pt; border-color: windowtext;\" valign=\"top\" width=\"189\">80<\/td> <\/tr> <tr> <td style=\"width: 142pt; padding: 0pt 5.4pt; border-left-width: 1pt; border-left-color: windowtext; border-right-width: 1pt; border-right-color: windowtext; border-top: none; border-bottom-width: 1pt; border-bottom-color: windowtext;\" valign=\"top\" width=\"189\">Kapazit\u00e4t<\/td> <td style=\"width: 142.05pt; padding: 0pt 5.4pt; border-left-width: 1pt; border-left-color: windowtext; border-right-width: 1pt; border-right-color: windowtext; border-top: none; border-bottom-width: 1pt; border-bottom-color: windowtext;\" valign=\"top\" width=\"189\">500kg\/h<\/td> <td style=\"width: 142.05pt; padding: 0pt 5.4pt; border-left-width: 1pt; border-left-color: windowtext; border-right-width: 1pt; border-right-color: windowtext; border-top: none; border-bottom-width: 1pt; border-bottom-color: windowtext;\" valign=\"top\" width=\"189\">1t\/h<\/td> <\/tr> <tr> <td style=\"width: 142pt; padding: 0pt 5.4pt; border-left-width: 1pt; border-left-color: windowtext; border-right-width: 1pt; border-right-color: windowtext; border-top: none; border-bottom-width: 1pt; border-bottom-color: windowtext;\" valign=\"top\" width=\"189\">Balde-Breite<\/td> <td style=\"width: 142.05pt; padding: 0pt 5.4pt; border-left-width: 1pt; border-left-color: windowtext; border-right-width: 1pt; border-right-color: windowtext; border-top: none; border-bottom-width: 1pt; border-bottom-color: windowtext;\" valign=\"top\" width=\"189\">60cm+30cm<\/td> <td style=\"width: 142.05pt; padding: 0pt 5.4pt; border-left-width: 1pt; border-left-color: windowtext; border-right-width: 1pt; border-right-color: windowtext; border-top: none; border-bottom-width: 1pt; border-bottom-color: windowtext;\" valign=\"top\" width=\"189\">80cm+40vm<\/td> <\/tr> <tr> <td style=\"width: 142pt; padding: 0pt 5.4pt; border-left-width: 1pt; border-left-color: windowtext; border-right-width: 1pt; border-right-color: windowtext; border-top: none; border-bottom-width: 1pt; border-bottom-color: windowtext;\" valign=\"top\" width=\"189\">Leistung<\/td> <td style=\"width: 142.05pt; padding: 0pt 5.4pt; border-left-width: 1pt; border-left-color: windowtext; border-right-width: 1pt; border-right-color: windowtext; border-top: none; border-bottom-width: 1pt; border-bottom-color: windowtext;\" valign=\"top\" width=\"189\">15+7,5 kWkw<\/td> <td style=\"width: 142.05pt; padding: 0pt 5.4pt; border-left-width: 1pt; border-left-color: windowtext; border-right-width: 1pt; border-right-color: windowtext; border-top: none; border-bottom-width: 1pt; border-bottom-color: windowtext;\" valign=\"top\" width=\"189\">30+11 kW<\/td> <\/tr> <\/tbody> <\/table> <p>Dies sind zwei Modelle von Kunststoffzerkleinerungsmaschinen in unserem Unternehmen. Der gr\u00f6\u00dfte Unterschied zwischen den beiden Maschinen ist die Leistung. Einer betr\u00e4gt 500 kg\/h und der andere 1 Tonne\/h. Sie k\u00f6nnen das gew\u00fcnschte Maschinenmodell entsprechend Ihren Anforderungen ausw\u00e4hlen. Wenn Sie Fragen haben, k\u00f6nnen Sie sich gerne an uns wenden. Wir werden Ihnen so schnell wie m\u00f6glich antworten.<\/p> <h2>Anwendungen von Kunststoffzerkleinerern f\u00fcr das Recycling<\/h2> <p>Der Zerkleinerer von Kunststoffabf\u00e4llen ist normalerweise ein wichtiger Schritt bei der Herstellung von LDPE-LLDPE-Kunststofffolien und HDPE-Hartkunststoffen. Es wird zum Zerkleinern und Waschen einer Vielzahl von Kunststoffabf\u00e4llen verwendet, darunter weiche und harte Kunststoffe wie Kunststoffrohre, Kunststoffstangen, Kunststofffolien, Kunststoffspielzeug, Gummiabf\u00e4lle usw. Es verf\u00fcgt \u00fcber eine gro\u00dfe Behandlungskapazit\u00e4t, arbeitet effizient und wird von den Kunden einhellig gelobt.<\/p> <p class=\"translation-block\">Die Shuliy-Gruppe bietet auch professionelle Zerkleinerungsmaschinen f\u00fcr die <a href=\"https:\/\/recyclingequipinc.com\/de\/produkt\/pet-bottle-recycling-machine\/\"><strong>PET-Flaschen-Recyclinglinie<\/strong><\/a> an. Wenn Ihre Rohstoffe PET-Flaschen sind, empfehlen wir Ihnen, dieses Modell zu w\u00e4hlen: <strong><a href=\"https:\/\/recyclingequipinc.com\/de\/produkt\/pet-plastic-bottle-crushing-machine\/\">Kunststoffzerkleinerer f\u00fcr das PET-Recycling<\/a><\/strong>.<\/p>","protected":false},"excerpt":{"rendered":"<p>Der Kunststoffabfallbrecher ist die Ausr\u00fcstung zum Zerkleinern von Rohmaterial in der Kunststoffrecyclinglinie. Es eignet sich f\u00fcr PP-PE-Folien, Flaschen und Kartons usw. Der Bandf\u00f6rderer in der Produktionslinie bef\u00f6rdert die Rohstoffe in den Brecher, der die Flocken in St\u00fccke schneidet. Kontaktieren Sie uns f\u00fcr eine kostenlose Preisliste.<\/p>","protected":false},"featured_media":5650,"template":"","meta":{"site-sidebar-layout":"default","site-content-layout":"default","ast-site-content-layout":"default","site-content-style":"default","site-sidebar-style":"default","ast-global-header-display":"","ast-banner-title-visibility":"","ast-main-header-display":"","ast-hfb-above-header-display":"","ast-hfb-below-header-display":"","ast-hfb-mobile-header-display":"","site-post-title":"","ast-breadcrumbs-content":"","ast-featured-img":"","footer-sml-layout":"","ast-disable-related-posts":"","theme-transparent-header-meta":"default","adv-header-id-meta":"","stick-header-meta":"default","header-above-stick-meta":"","header-main-stick-meta":"","header-below-stick-meta":"","astra-migrate-meta-layouts":"set","ast-page-background-enabled":"default","ast-page-background-meta":{"desktop":{"background-color":"","background-image":"","background-repeat":"repeat","background-position":"center center","background-size":"auto","background-attachment":"scroll","background-type":"","background-media":"","overlay-type":"","overlay-color":"","overlay-opacity":"","overlay-gradient":""},"tablet":{"background-color":"","background-image":"","background-repeat":"repeat","background-position":"center center","background-size":"auto","background-attachment":"scroll","background-type":"","background-media":"","overlay-type":"","overlay-color":"","overlay-opacity":"","overlay-gradient":""},"mobile":{"background-color":"","background-image":"","background-repeat":"repeat","background-position":"center center","background-size":"auto","background-attachment":"scroll","background-type":"","background-media":"","overlay-type":"","overlay-color":"","overlay-opacity":"","overlay-gradient":""}},"ast-content-background-meta":{"desktop":{"background-color":"var(--ast-global-color-5)","background-image":"","background-repeat":"repeat","background-position":"center center","background-size":"auto","background-attachment":"scroll","background-type":"","background-media":"","overlay-type":"","overlay-color":"","overlay-opacity":"","overlay-gradient":""},"tablet":{"background-color":"var(--ast-global-color-5)","background-image":"","background-repeat":"repeat","background-position":"center center","background-size":"auto","background-attachment":"scroll","background-type":"","background-media":"","overlay-type":"","overlay-color":"","overlay-opacity":"","overlay-gradient":""},"mobile":{"background-color":"var(--ast-global-color-5)","background-image":"","background-repeat":"repeat","background-position":"center center","background-size":"auto","background-attachment":"scroll","background-type":"","background-media":"","overlay-type":"","overlay-color":"","overlay-opacity":"","overlay-gradient":""}}},"product_brand":[],"product_cat":[36],"product_tag":[96],"class_list":{"0":"post-4397","1":"product","2":"type-product","3":"status-publish","4":"has-post-thumbnail","6":"product_cat-plastic-recycling-machine","7":"product_tag-crusher","8":"desktop-align-center","9":"tablet-align-center","10":"mobile-align-center","12":"first","13":"instock","14":"shipping-taxable","15":"product-type-simple"},"_links":{"self":[{"href":"https:\/\/recyclingequipinc.com\/de\/wp-json\/wp\/v2\/product\/4397","targetHints":{"allow":["GET"]}}],"collection":[{"href":"https:\/\/recyclingequipinc.com\/de\/wp-json\/wp\/v2\/product"}],"about":[{"href":"https:\/\/recyclingequipinc.com\/de\/wp-json\/wp\/v2\/types\/product"}],"version-history":[{"count":0,"href":"https:\/\/recyclingequipinc.com\/de\/wp-json\/wp\/v2\/product\/4397\/revisions"}],"wp:featuredmedia":[{"embeddable":true,"href":"https:\/\/recyclingequipinc.com\/de\/wp-json\/wp\/v2\/media\/5650"}],"wp:attachment":[{"href":"https:\/\/recyclingequipinc.com\/de\/wp-json\/wp\/v2\/media?parent=4397"}],"wp:term":[{"taxonomy":"product_brand","embeddable":true,"href":"https:\/\/recyclingequipinc.com\/de\/wp-json\/wp\/v2\/product_brand?post=4397"},{"taxonomy":"product_cat","embeddable":true,"href":"https:\/\/recyclingequipinc.com\/de\/wp-json\/wp\/v2\/product_cat?post=4397"},{"taxonomy":"product_tag","embeddable":true,"href":"https:\/\/recyclingequipinc.com\/de\/wp-json\/wp\/v2\/product_tag?post=4397"}],"curies":[{"name":"wp","href":"https:\/\/api.w.org\/{rel}","templated":true}]}}