{"id":4394,"date":"2021-09-13T09:43:03","date_gmt":"2021-09-13T09:43:03","guid":{"rendered":"https:\/\/recyclingequipinc.com\/?post_type=product&#038;p=4394"},"modified":"2024-10-04T20:42:49","modified_gmt":"2024-10-04T12:42:49","slug":"vertical-baler","status":"publish","type":"product","link":"https:\/\/recyclingequipinc.com\/de\/product\/vertical-baler\/","title":{"rendered":"Vertikale Ballenpresse"},"content":{"rendered":"<p class=\"translation-block\"><strong>Hydraulischer vertikaler Ballenpress<\/strong> nutzt hydraulische Energie, um Altpapier, Pappe, Baumwolltextilien, Plastikflaschen, industrielle Eckmaterialien, Ringpull-Dosen, alte Kleidung und Schuhe, Luzerne, Stroh und andere Gegenst\u00e4nde zu pressen. Es stehen drei Arten von Entlademethoden zur Auswahl: Umkippen, den Sack herausdr\u00fccken oder manuelles Herausnehmen des Sacks. Motoren oder Dieselaggregate k\u00f6nnen als Antrieb verwendet werden. Die Ausr\u00fcstung kann die Fl\u00e4che von Abfallartikeln reduzieren und die Lagerung, den Transport und die sekund\u00e4re Verarbeitung und Nutzung des Materials erleichtern. Wir bieten sechs Standardtypen dieser Art von Ausr\u00fcstung an. Gleichzeitig ist ein OEM-Service basierend auf Ihren Bed\u00fcrfnissen verf\u00fcgbar.<\/p> <p>&nbsp;<\/p> <h2>Vertikalballenpresse zu verkaufen<\/h2> <p>Vertikale hydraulische Ballenpresse zum Verkauf in Shuliy Machinery zum Verkauf umfasst verschiedene hydraulische Leistungen, wie 40 Tonnen, 60 Tonnen, 80 Tonnen, 100 Tonnen, 120 Tonnen, 150 Tonnen usw. Das Verdichtungsverh\u00e4ltnis f\u00fcr diese Art von Ausr\u00fcstung betr\u00e4gt etwa 5:1. Je gr\u00f6\u00dfer die hydraulische Leistung, desto gr\u00f6\u00dfer sind die Verpackungsgr\u00f6\u00dfe, die Gr\u00f6\u00dfe der Einf\u00fcll\u00f6ffnung und die Ballendichte. Sie k\u00f6nnen je nach Bedarf w\u00e4hlen. Neben der hydraulischen Vertikalballenpresse bieten wir auch eine horizontale hydraulische Ballenpresse an, die gr\u00f6\u00dfer als eine Vertikalballenpresse ist. Dar\u00fcber hinaus unterst\u00fctzen wir Sie bei der individuellen Anpassung der Maschine an Ihre Anforderungen.<\/p> <div id='gallery-1' class='gallery galleryid-4394 gallery-columns-2 gallery-size-medium'><figure class='gallery-item'> \t\t\t<div class='gallery-icon landscape'> \t\t\t\t<img fetchpriority=\"high\" decoding=\"async\" width=\"300\" height=\"300\" src=\"https:\/\/recyclingequipinc.com\/wp-content\/uploads\/2021\/09\/baler-machine-with-blue-look-300x300.jpg\" class=\"attachment-medium size-medium\" alt=\"\" srcset=\"https:\/\/recyclingequipinc.com\/wp-content\/uploads\/2021\/09\/baler-machine-with-blue-look-300x300.jpg 300w, https:\/\/recyclingequipinc.com\/wp-content\/uploads\/2021\/09\/baler-machine-with-blue-look-100x100.jpg 100w, https:\/\/recyclingequipinc.com\/wp-content\/uploads\/2021\/09\/baler-machine-with-blue-look-150x150.jpg 150w, https:\/\/recyclingequipinc.com\/wp-content\/uploads\/2021\/09\/baler-machine-with-blue-look-600x600.jpg 600w, https:\/\/recyclingequipinc.com\/wp-content\/uploads\/2021\/09\/baler-machine-with-blue-look.jpg 750w\" sizes=\"(max-width: 300px) 100vw, 300px\" \/> \t\t\t<\/div><\/figure><figure class='gallery-item'> \t\t\t<div class='gallery-icon landscape'> \t\t\t\t<img decoding=\"async\" width=\"300\" height=\"300\" src=\"https:\/\/recyclingequipinc.com\/wp-content\/uploads\/2021\/09\/vertical-baler-with-red-appearance-1-300x300.jpg\" class=\"attachment-medium size-medium\" alt=\"\" srcset=\"https:\/\/recyclingequipinc.com\/wp-content\/uploads\/2021\/09\/vertical-baler-with-red-appearance-1-300x300.jpg 300w, https:\/\/recyclingequipinc.com\/wp-content\/uploads\/2021\/09\/vertical-baler-with-red-appearance-1-100x100.jpg 100w, https:\/\/recyclingequipinc.com\/wp-content\/uploads\/2021\/09\/vertical-baler-with-red-appearance-1-150x150.jpg 150w, https:\/\/recyclingequipinc.com\/wp-content\/uploads\/2021\/09\/vertical-baler-with-red-appearance-1-600x600.jpg 600w, https:\/\/recyclingequipinc.com\/wp-content\/uploads\/2021\/09\/vertical-baler-with-red-appearance-1.jpg 750w\" sizes=\"(max-width: 300px) 100vw, 300px\" \/> \t\t\t<\/div><\/figure> \t\t<\/div>  <h2>Breite Anwendungen der vertikalen hydraulischen Ballenpresse<\/h2> <p>Geeignet f\u00fcr Altpapier, Pappe, Baumwolltextilien, Wolle, Stroh, Schwamm, Altplastikflaschen, Ring-Pull-Dosen, Altkleidung und -schuhe, Reifen, Industriekantenmaterial usw. Wenn Sie das Altpapier zu Ballen formen, k\u00f6nnen Sie Pappe darauf legen Befestigen Sie die Papiere unten an der Oberseite, um zu verhindern, dass das Papier w\u00e4hrend des hydraulischen Prozesses aus dem Ger\u00e4t austritt. Diese Art von Vertikalballenpresse ist f\u00fcr eine Vielzahl von Verpackungsgr\u00f6\u00dfen geeignet, und Sie k\u00f6nnen sich die Parametertabelle im Detail ansehen.<\/p> <p>&nbsp;<\/p> <h2>Aufbau einer vertikalen Ballenpresse<\/h2> <p>Die vertikale Ballenpresse besteht aus einer Kompressionskammer, einem vertikalen Kompressionszylinder, einem Hydrauliksystem und einem Antriebssystem. Diese hydraulische Vertikalballenpresse verwendet hochwertige und dicke Platten, um einen soliden Rahmen zu bilden. Um die Lebensdauer der Ger\u00e4te sicherzustellen, wird ein fortschrittliches mechanisches Design verwendet. Es verf\u00fcgt \u00fcber ein fotoelektrisches Steuerungssystem und ist in vier Schritten verpackt: Spannung, W\u00e4rmekapazit\u00e4t, Bandschneiden und Verkleben. Das Hydrauliksystem umfasst eine Hydraulikpumpe, ein elektromagnetisches Ventil, eine hydraulische Zylinder\u00f6ldichtung und andere wichtige Teile, die importiertes Zubeh\u00f6r verwenden, sodass die Tragf\u00e4higkeit dieser hydraulischen Vertikalballenpresse stark und langlebiger ist.<\/p> <figure id=\"attachment_4647\" aria-describedby=\"caption-attachment-4647\" style=\"width: 720px\" class=\"wp-caption aligncenter\"><a href=\"https:\/\/recyclingequipinc.com\/wp-content\/uploads\/2021\/09\/vertical-baler-machine-structure.webp\"><img decoding=\"async\" class=\"size-full wp-image-4647\" src=\"https:\/\/recyclingequipinc.com\/wp-content\/uploads\/2021\/09\/vertical-baler-machine-structure.webp\" alt=\"Struktur der vertikalen Ballenpresse\" width=\"720\" height=\"540\" srcset=\"https:\/\/recyclingequipinc.com\/wp-content\/uploads\/2021\/09\/vertical-baler-machine-structure.webp 720w, https:\/\/recyclingequipinc.com\/wp-content\/uploads\/2021\/09\/vertical-baler-machine-structure-300x225.webp 300w, https:\/\/recyclingequipinc.com\/wp-content\/uploads\/2021\/09\/vertical-baler-machine-structure-600x450.webp 600w\" sizes=\"(max-width: 720px) 100vw, 720px\" \/><\/a><figcaption id=\"caption-attachment-4647\" class=\"wp-caption-text\">Struktur der vertikalen Ballenpresse<\/figcaption><\/figure> <h2>Preis einer vertikalen Ballenpresse<\/h2> <p>Der Preis einer vertikalen hydraulischen Ballenpresse h\u00e4ngt von den Kosten der Ausr\u00fcstung ab. F\u00fcr verschiedene Arten von vertikalen hydraulischen Ballenpressen sind unterschiedliche Kosten erforderlich, sodass ihre Preise unterschiedlich sein werden. Als Hersteller und Lieferant mit langj\u00e4hriger Erfahrung im Bereich Ballenpressen bieten wir Ballenpressen zum besten Preis und in guter Qualit\u00e4t. In der Zwischenzeit unterst\u00fctzen wir Anpassungsdienste entsprechend Ihren tats\u00e4chlichen Anforderungen. Wenn Sie daran interessiert sind, k\u00f6nnen Sie mit uns Kontakt aufnehmen, um weitere Details und den besten Preis zu erfahren.<\/p> <div id=\"gtx-trans\" style=\"position: absolute; left: 398px; top: 375px;\"> <div class=\"gtx-trans-icon\"><\/div> <\/div>","protected":false},"excerpt":{"rendered":"<p>Die hydraulische Vertikalballenpresse nutzt hydraulische Kraft, um Altpapier, Pappe, Baumwolltextilien, Plastikflaschen, Industriekantenmaterial, Ring-Pull-Dosen, Altkleider und -schuhe, Luzerne, Stroh und andere Gegenst\u00e4nde zu Ballen zu pressen. Es gibt optional drei Arten von Entlademethoden: Umdrehen, Schieben des Beutels oder manuelles Herausnehmen des Beutels. Kontaktieren Sie uns f\u00fcr weitere Details.<\/p>","protected":false},"featured_media":4637,"template":"","meta":{"site-sidebar-layout":"default","site-content-layout":"default","ast-site-content-layout":"default","site-content-style":"default","site-sidebar-style":"default","ast-global-header-display":"","ast-banner-title-visibility":"","ast-main-header-display":"","ast-hfb-above-header-display":"","ast-hfb-below-header-display":"","ast-hfb-mobile-header-display":"","site-post-title":"","ast-breadcrumbs-content":"","ast-featured-img":"","footer-sml-layout":"","ast-disable-related-posts":"","theme-transparent-header-meta":"default","adv-header-id-meta":"","stick-header-meta":"default","header-above-stick-meta":"","header-main-stick-meta":"","header-below-stick-meta":"","astra-migrate-meta-layouts":"default","ast-page-background-enabled":"default","ast-page-background-meta":{"desktop":{"background-color":"","background-image":"","background-repeat":"repeat","background-position":"center center","background-size":"auto","background-attachment":"scroll","background-type":"","background-media":"","overlay-type":"","overlay-color":"","overlay-opacity":"","overlay-gradient":""},"tablet":{"background-color":"","background-image":"","background-repeat":"repeat","background-position":"center center","background-size":"auto","background-attachment":"scroll","background-type":"","background-media":"","overlay-type":"","overlay-color":"","overlay-opacity":"","overlay-gradient":""},"mobile":{"background-color":"","background-image":"","background-repeat":"repeat","background-position":"center center","background-size":"auto","background-attachment":"scroll","background-type":"","background-media":"","overlay-type":"","overlay-color":"","overlay-opacity":"","overlay-gradient":""}},"ast-content-background-meta":{"desktop":{"background-color":"var(--ast-global-color-5)","background-image":"","background-repeat":"repeat","background-position":"center center","background-size":"auto","background-attachment":"scroll","background-type":"","background-media":"","overlay-type":"","overlay-color":"","overlay-opacity":"","overlay-gradient":""},"tablet":{"background-color":"var(--ast-global-color-5)","background-image":"","background-repeat":"repeat","background-position":"center center","background-size":"auto","background-attachment":"scroll","background-type":"","background-media":"","overlay-type":"","overlay-color":"","overlay-opacity":"","overlay-gradient":""},"mobile":{"background-color":"var(--ast-global-color-5)","background-image":"","background-repeat":"repeat","background-position":"center center","background-size":"auto","background-attachment":"scroll","background-type":"","background-media":"","overlay-type":"","overlay-color":"","overlay-opacity":"","overlay-gradient":""}}},"product_brand":[],"product_cat":[34],"product_tag":[],"class_list":{"0":"post-4394","1":"product","2":"type-product","3":"status-publish","4":"has-post-thumbnail","6":"product_cat-industrial-baler","7":"desktop-align-center","8":"tablet-align-center","9":"mobile-align-center","11":"first","12":"instock","13":"shipping-taxable","14":"product-type-simple"},"_links":{"self":[{"href":"https:\/\/recyclingequipinc.com\/de\/wp-json\/wp\/v2\/product\/4394","targetHints":{"allow":["GET"]}}],"collection":[{"href":"https:\/\/recyclingequipinc.com\/de\/wp-json\/wp\/v2\/product"}],"about":[{"href":"https:\/\/recyclingequipinc.com\/de\/wp-json\/wp\/v2\/types\/product"}],"version-history":[{"count":0,"href":"https:\/\/recyclingequipinc.com\/de\/wp-json\/wp\/v2\/product\/4394\/revisions"}],"wp:featuredmedia":[{"embeddable":true,"href":"https:\/\/recyclingequipinc.com\/de\/wp-json\/wp\/v2\/media\/4637"}],"wp:attachment":[{"href":"https:\/\/recyclingequipinc.com\/de\/wp-json\/wp\/v2\/media?parent=4394"}],"wp:term":[{"taxonomy":"product_brand","embeddable":true,"href":"https:\/\/recyclingequipinc.com\/de\/wp-json\/wp\/v2\/product_brand?post=4394"},{"taxonomy":"product_cat","embeddable":true,"href":"https:\/\/recyclingequipinc.com\/de\/wp-json\/wp\/v2\/product_cat?post=4394"},{"taxonomy":"product_tag","embeddable":true,"href":"https:\/\/recyclingequipinc.com\/de\/wp-json\/wp\/v2\/product_tag?post=4394"}],"curies":[{"name":"wp","href":"https:\/\/api.w.org\/{rel}","templated":true}]}}