{"id":4390,"date":"2021-09-13T09:39:45","date_gmt":"2021-09-13T09:39:45","guid":{"rendered":"https:\/\/recyclingequipinc.com\/?post_type=product&#038;p=4390"},"modified":"2025-01-20T10:23:10","modified_gmt":"2025-01-20T02:23:10","slug":"plastic-crushing-and-washing-machine","status":"publish","type":"product","link":"https:\/\/recyclingequipinc.com\/de\/product\/plastic-crushing-and-washing-machine\/","title":{"rendered":"Kunststoff-Recycling-Waschmaschine"},"content":{"rendered":"<p>Die Kunststoff-Recycling-Waschmaschine ist eine integrale Ausr\u00fcstung zum Zerkleinern und Reinigen von Material und eignet sich haupts\u00e4chlich f\u00fcr PP-PE-Kunststofffolien, landwirtschaftliche Kunststofffolien, PP-Webbeutel usw. Erstens kann sie Rohstoffe zerkleinern und reinigen und dann den Reinigungszylinder verwenden zur Nachreinigung. Die Anlage ist zur Zerkleinerung und Reinigung in geschlossener Bauweise ausgef\u00fchrt. Es zeichnet sich durch hohe Effizienz, geringe Ger\u00e4uschentwicklung, geringen Energieverbrauch und lange Lebensdauer aus.<\/p> <h2>Merkmale<\/h2> <p>Der Geh\u00e4usek\u00f6rper des Weichplastik-Zerkleinerers ist mit einer dicken Stahlplatte verschwei\u00dft. Seine Getriebeteile sind fein verarbeitet, die Klingen bestehen aus hochwertigem 65Mn-Stahl. Nach der Bearbeitung von 10 Tonnen Kunststoffmaterial muss die Klinge gesch\u00e4rft werden.<\/p> <figure id=\"attachment_4632\" aria-describedby=\"caption-attachment-4632\" style=\"width: 1020px\" class=\"wp-caption alignnone\"><img fetchpriority=\"high\" decoding=\"async\" class=\"size-full wp-image-4632\" src=\"https:\/\/recyclingequipinc.com\/wp-content\/uploads\/2021\/09\/plastic-crushing-and-cleaning-machine.jpg\" alt=\"Kunststoff-Zerkleinerungs- und Reinigungsmaschine\" width=\"1020\" height=\"729\" srcset=\"https:\/\/recyclingequipinc.com\/wp-content\/uploads\/2021\/09\/plastic-crushing-and-cleaning-machine.jpg 1020w, https:\/\/recyclingequipinc.com\/wp-content\/uploads\/2021\/09\/plastic-crushing-and-cleaning-machine-750x536.jpg 750w, https:\/\/recyclingequipinc.com\/wp-content\/uploads\/2021\/09\/plastic-crushing-and-cleaning-machine-300x214.jpg 300w, https:\/\/recyclingequipinc.com\/wp-content\/uploads\/2021\/09\/plastic-crushing-and-cleaning-machine-768x549.jpg 768w, https:\/\/recyclingequipinc.com\/wp-content\/uploads\/2021\/09\/plastic-crushing-and-cleaning-machine-600x429.jpg 600w\" sizes=\"(max-width: 1020px) 100vw, 1020px\" \/><figcaption id=\"caption-attachment-4632\" class=\"wp-caption-text\">Kunststoff-Zerkleinerungs- und Reinigungsmaschine<\/figcaption><\/figure> <h2>Die Aussicht auf eine Kunststoff-Recycling-Waschmaschine<\/h2> <p class=\"translation-block\">Heutzutage ist die Bew\u00e4ltigung von Plastik immer noch ein weltweites Problem. Da wir t\u00e4glich viele Kunststoffe verwenden, wie z. B. Plastikfolien, Plastikt\u00fcten, Plastikflaschen, Kunststoffrohre usw. Kunststoff-Recycling-Maschinen k\u00f6nnen nicht nur Umweltverschmutzung reduzieren, sondern auch Gewinne erzielen. Als ein Schritt der <a href=\"https:\/\/recyclingequipinc.com\/de\/produkt\/plastic-film-recycling-machine\/\"><strong>Kunststofffolien-Recycling-Produktionslinie<\/strong><\/a> ist die Wahl der Kunststoff-Recycling-Waschmaschine sehr wichtig.<\/p> <h2>Vorteile unserer Kunststoff-Recycling-Waschmaschine<\/h2> <p>Das gr\u00f6\u00dfte Merkmal dieser Maschine ist, dass sie nicht nur Kunststoffabf\u00e4lle reinigen, sondern auch Kunststoffprodukte zerkleinern kann. Daher hat es einen anderen Namen \u2013 Kunststoff-Zerkleinerungs- und Waschmaschine. Das bedeutet, dass Sie mit weniger Geld einen h\u00f6heren Wert erzielen k\u00f6nnen.<\/p> <p>Dar\u00fcber hinaus widmet sich unser Unternehmen seit vielen Jahren der Forschung, dem Design, der Produktion und dem Vertrieb von Umweltschutzger\u00e4ten. Bei jeder unserer Maschinen legen wir gro\u00dfen Wert auf Ehrlichkeit, hohe Qualit\u00e4t, gutes Aussehen, angemessenen Preis usw. Diese Art von neuer Plastikzerkleinerungs- und Waschmaschine hat viele Vorteile einer Reihe von Produkten \u00fcbernommen. Es wurden eine hohe Leistung, ein geringer Energieverbrauch, ein hoher Wirkungsgrad, ein geringer Ger\u00e4uschpegel, eine einfache Bedienung usw. erreicht.<\/p>","protected":false},"excerpt":{"rendered":"<p>Plastic recycling washing machine is a piece of integral equipment for crushing and cleaning material, mainly suitable for PP PE [&hellip;]<\/p>\n","protected":false},"featured_media":4470,"template":"","meta":{"site-sidebar-layout":"default","site-content-layout":"default","ast-site-content-layout":"default","site-content-style":"default","site-sidebar-style":"default","ast-global-header-display":"","ast-banner-title-visibility":"","ast-main-header-display":"","ast-hfb-above-header-display":"","ast-hfb-below-header-display":"","ast-hfb-mobile-header-display":"","site-post-title":"","ast-breadcrumbs-content":"","ast-featured-img":"","footer-sml-layout":"","ast-disable-related-posts":"","theme-transparent-header-meta":"default","adv-header-id-meta":"","stick-header-meta":"default","header-above-stick-meta":"","header-main-stick-meta":"","header-below-stick-meta":"","astra-migrate-meta-layouts":"default","ast-page-background-enabled":"default","ast-page-background-meta":{"desktop":{"background-color":"","background-image":"","background-repeat":"repeat","background-position":"center center","background-size":"auto","background-attachment":"scroll","background-type":"","background-media":"","overlay-type":"","overlay-color":"","overlay-opacity":"","overlay-gradient":""},"tablet":{"background-color":"","background-image":"","background-repeat":"repeat","background-position":"center center","background-size":"auto","background-attachment":"scroll","background-type":"","background-media":"","overlay-type":"","overlay-color":"","overlay-opacity":"","overlay-gradient":""},"mobile":{"background-color":"","background-image":"","background-repeat":"repeat","background-position":"center center","background-size":"auto","background-attachment":"scroll","background-type":"","background-media":"","overlay-type":"","overlay-color":"","overlay-opacity":"","overlay-gradient":""}},"ast-content-background-meta":{"desktop":{"background-color":"var(--ast-global-color-5)","background-image":"","background-repeat":"repeat","background-position":"center center","background-size":"auto","background-attachment":"scroll","background-type":"","background-media":"","overlay-type":"","overlay-color":"","overlay-opacity":"","overlay-gradient":""},"tablet":{"background-color":"var(--ast-global-color-5)","background-image":"","background-repeat":"repeat","background-position":"center center","background-size":"auto","background-attachment":"scroll","background-type":"","background-media":"","overlay-type":"","overlay-color":"","overlay-opacity":"","overlay-gradient":""},"mobile":{"background-color":"var(--ast-global-color-5)","background-image":"","background-repeat":"repeat","background-position":"center center","background-size":"auto","background-attachment":"scroll","background-type":"","background-media":"","overlay-type":"","overlay-color":"","overlay-opacity":"","overlay-gradient":""}}},"product_brand":[],"product_cat":[36],"product_tag":[95],"class_list":{"0":"post-4390","1":"product","2":"type-product","3":"status-publish","4":"has-post-thumbnail","6":"product_cat-plastic-recycling-machine","7":"product_tag-washing","8":"desktop-align-center","9":"tablet-align-center","10":"mobile-align-center","12":"first","13":"instock","14":"shipping-taxable","15":"product-type-simple"},"_links":{"self":[{"href":"https:\/\/recyclingequipinc.com\/de\/wp-json\/wp\/v2\/product\/4390","targetHints":{"allow":["GET"]}}],"collection":[{"href":"https:\/\/recyclingequipinc.com\/de\/wp-json\/wp\/v2\/product"}],"about":[{"href":"https:\/\/recyclingequipinc.com\/de\/wp-json\/wp\/v2\/types\/product"}],"version-history":[{"count":0,"href":"https:\/\/recyclingequipinc.com\/de\/wp-json\/wp\/v2\/product\/4390\/revisions"}],"wp:featuredmedia":[{"embeddable":true,"href":"https:\/\/recyclingequipinc.com\/de\/wp-json\/wp\/v2\/media\/4470"}],"wp:attachment":[{"href":"https:\/\/recyclingequipinc.com\/de\/wp-json\/wp\/v2\/media?parent=4390"}],"wp:term":[{"taxonomy":"product_brand","embeddable":true,"href":"https:\/\/recyclingequipinc.com\/de\/wp-json\/wp\/v2\/product_brand?post=4390"},{"taxonomy":"product_cat","embeddable":true,"href":"https:\/\/recyclingequipinc.com\/de\/wp-json\/wp\/v2\/product_cat?post=4390"},{"taxonomy":"product_tag","embeddable":true,"href":"https:\/\/recyclingequipinc.com\/de\/wp-json\/wp\/v2\/product_tag?post=4390"}],"curies":[{"name":"wp","href":"https:\/\/api.w.org\/{rel}","templated":true}]}}