{"id":4386,"date":"2021-09-13T09:35:32","date_gmt":"2021-09-13T09:35:32","guid":{"rendered":"https:\/\/recyclingequipinc.com\/?post_type=product&#038;p=4386"},"modified":"2025-01-20T10:24:30","modified_gmt":"2025-01-20T02:24:30","slug":"pet-bottle-washing-line","status":"publish","type":"product","link":"https:\/\/recyclingequipinc.com\/de\/product\/pet-bottle-washing-line\/","title":{"rendered":"PET-Flaschenwaschanlage"},"content":{"rendered":"<p>Bei der PET-Flaschenwaschanlage handelt es sich haupts\u00e4chlich um eine Produktionslinie zum Reinigen und Zerkleinern von PET-Kunststoffflaschen. Die PET-Flaschenwaschlinie umfasst haupts\u00e4chlich einen Waschtank, einen Hei\u00dfwasserwaschtank und mindestens eine Reibungsreinigungsmaschine. Jede Maschine ist durch eine F\u00f6rderschnecke verbunden. Wenn das Budget hoch ist oder klarere Endprodukte angestrebt werden, k\u00f6nnen Sie die Anzahl der Waschtanks, Warmwasserwaschtanks und Reibungsreinigungsmaschinen auf zwei oder drei erh\u00f6hen. Dar\u00fcber hinaus k\u00f6nnen wir die Waschanlagenlinie individuell an Ihre Bed\u00fcrfnisse anpassen.<\/p> <h2>Die Hauptausr\u00fcstung der Haustierflaschenwaschanlage<\/h2> <h3>Etikettentrenner<\/h3> <p>Der Etikettentrenner f\u00fcr Plastikflaschen ist die Maschine zum Entfernen von Etiketten von Plastikflaschen. Durch die Drehung der Maschine kann die Nagelplatte im Kunststoffetikettenentferner das Etikett vom Flaschenk\u00f6rper entfernen. Nach dem Entfernen des Etiketts kann der Ventilator \u00fcber dem Plastikflaschenabscheider das Etikett aus dem Rumpf blasen. Denn die Trennleistung dieses Kunststoffetikettenentferners liegt zwischen 98% \u2013 99%. Im Vergleich zu seinen Mitbewerbern weist die Maschine von Shuliy gro\u00dfe Vorteile bei der Abscheiderate auf.<\/p> <figure id=\"attachment_5475\" aria-describedby=\"caption-attachment-5475\" style=\"width: 750px\" class=\"wp-caption aligncenter\"><img fetchpriority=\"high\" decoding=\"async\" class=\"size-full wp-image-5475\" src=\"https:\/\/recyclingequipinc.com\/wp-content\/uploads\/2021\/09\/Plastic-Label-Remove-Machine.jpg\" alt=\"Maschine zum Entfernen von Kunststoffetiketten\" width=\"750\" height=\"750\" srcset=\"https:\/\/recyclingequipinc.com\/wp-content\/uploads\/2021\/09\/Plastic-Label-Remove-Machine.jpg 750w, https:\/\/recyclingequipinc.com\/wp-content\/uploads\/2021\/09\/Plastic-Label-Remove-Machine-100x100.jpg 100w, https:\/\/recyclingequipinc.com\/wp-content\/uploads\/2021\/09\/Plastic-Label-Remove-Machine-300x300.jpg 300w, https:\/\/recyclingequipinc.com\/wp-content\/uploads\/2021\/09\/Plastic-Label-Remove-Machine-150x150.jpg 150w, https:\/\/recyclingequipinc.com\/wp-content\/uploads\/2021\/09\/Plastic-Label-Remove-Machine-600x600.jpg 600w\" sizes=\"(max-width: 750px) 100vw, 750px\" \/><figcaption id=\"caption-attachment-5475\" class=\"wp-caption-text\">Maschine zum Entfernen von Kunststoffetiketten<\/figcaption><\/figure> <h3>Bandf\u00f6rder-Sortiertischmaschine<\/h3> <p>Die Bandf\u00f6rder-Sortiertischmaschine ist ein flacher F\u00f6rdertisch. Es kann nicht etikettierte Plastikflaschen oder Plastikflaschen unterschiedlicher Farbe trennen. Ziel ist es, die Reinheit von Kunststoffflocken zu verbessern. Wie oben erw\u00e4hnt, wurde eine kleine Anzahl von Flaschen nach dem Durchlaufen des Etikettentrenners aus Kunststoff nicht entetikettiert. Auf dem Bandf\u00f6rder-Sortiertisch k\u00f6nnen Sie diese aussortieren.<\/p> <figure id=\"attachment_5476\" aria-describedby=\"caption-attachment-5476\" style=\"width: 720px\" class=\"wp-caption aligncenter\"><img decoding=\"async\" class=\"size-full wp-image-5476\" src=\"https:\/\/recyclingequipinc.com\/wp-content\/uploads\/2021\/09\/Belt-Conveying-Sorting-Table-Machine.jpg\" alt=\"Bandf\u00f6rder-Sortiertischmaschine\" width=\"720\" height=\"540\" srcset=\"https:\/\/recyclingequipinc.com\/wp-content\/uploads\/2021\/09\/Belt-Conveying-Sorting-Table-Machine.jpg 720w, https:\/\/recyclingequipinc.com\/wp-content\/uploads\/2021\/09\/Belt-Conveying-Sorting-Table-Machine-300x225.jpg 300w, https:\/\/recyclingequipinc.com\/wp-content\/uploads\/2021\/09\/Belt-Conveying-Sorting-Table-Machine-600x450.jpg 600w\" sizes=\"(max-width: 720px) 100vw, 720px\" \/><figcaption id=\"caption-attachment-5476\" class=\"wp-caption-text\">Bandf\u00f6rder-Sortiertischmaschine<\/figcaption><\/figure> <h3>Kunststoff-Zerkleinerungsmaschine<\/h3> <p>Der Pet Plastic Crusher ist eine der wichtigsten Maschinen in der PET-Flaschenwaschlinie. Die Funktion des Plastikzerkleinerers besteht darin, die Plastikflasche in eine bestimmte Plastikfoliengr\u00f6\u00dfe zu zerkleinern. Unser Schneidwerkzeug besteht aus hochwertigem Stahl, der Plastikflaschen unter der Wirkung der Rotation leicht zerdr\u00fccken kann. Und das Sieb im Inneren der Maschine ist 12 mm dick und das Siebloch ist 16 mm gro\u00df. Wenn Sie das gew\u00fcnschte Sieb und die gew\u00fcnschte Maschenweite haben, k\u00f6nnen Sie uns kontaktieren und wir k\u00f6nnen Ihnen einen ma\u00dfgeschneiderten Service bieten. Dar\u00fcber hinaus k\u00f6nnen Sie die Gr\u00f6\u00dfe der fertigen Kunststoffflocken ganz nach Ihren W\u00fcnschen anpassen.<\/p> <figure id=\"attachment_5477\" aria-describedby=\"caption-attachment-5477\" style=\"width: 750px\" class=\"wp-caption aligncenter\"><img decoding=\"async\" class=\"size-full wp-image-5477\" src=\"https:\/\/recyclingequipinc.com\/wp-content\/uploads\/2021\/09\/Plastic-Crusher-Machine.jpg\" alt=\"Kunststoff-Zerkleinerungsmaschine\" width=\"750\" height=\"750\" srcset=\"https:\/\/recyclingequipinc.com\/wp-content\/uploads\/2021\/09\/Plastic-Crusher-Machine.jpg 750w, https:\/\/recyclingequipinc.com\/wp-content\/uploads\/2021\/09\/Plastic-Crusher-Machine-100x100.jpg 100w, https:\/\/recyclingequipinc.com\/wp-content\/uploads\/2021\/09\/Plastic-Crusher-Machine-300x300.jpg 300w, https:\/\/recyclingequipinc.com\/wp-content\/uploads\/2021\/09\/Plastic-Crusher-Machine-150x150.jpg 150w, https:\/\/recyclingequipinc.com\/wp-content\/uploads\/2021\/09\/Plastic-Crusher-Machine-600x600.jpg 600w\" sizes=\"(max-width: 750px) 100vw, 750px\" \/><figcaption id=\"caption-attachment-5477\" class=\"wp-caption-text\">Kunststoff-Zerkleinerungsmaschine<\/figcaption><\/figure> <h3>Waschtank<\/h3> <p>Die Anlage dient zum ersten Waschen von Kunststoffflocken nach dem Zerkleinerungsprozess. Dar\u00fcber hinaus k\u00f6nnen auch Kunststoffkappenflocken aus PP oder PE abgetrennt werden, um die Reinheit von PET-Flocken zu verbessern. Und es eignet sich zum weiteren Trennen und Sp\u00fclen nach dem Waschen mit hei\u00dfem Wasser und einer Reibungsmaschine, um Flaschenflocken sauberer zu machen. Der Waschtank l\u00e4uft stabil mit ausreichend Leistung, langlebigem Material und ist nicht leicht zu verbrennen. Es ist ein wichtiger Teil der PET-Flaschenwaschanlage.<\/p> <figure id=\"attachment_4624\" aria-describedby=\"caption-attachment-4624\" style=\"width: 674px\" class=\"wp-caption aligncenter\"><img loading=\"lazy\" decoding=\"async\" class=\"size-full wp-image-4624\" src=\"https:\/\/recyclingequipinc.com\/wp-content\/uploads\/2021\/09\/washing-tank-equipment.jpg\" alt=\"Waschtankausr\u00fcstung\" width=\"674\" height=\"545\" srcset=\"https:\/\/recyclingequipinc.com\/wp-content\/uploads\/2021\/09\/washing-tank-equipment.jpg 674w, https:\/\/recyclingequipinc.com\/wp-content\/uploads\/2021\/09\/washing-tank-equipment-300x243.jpg 300w, https:\/\/recyclingequipinc.com\/wp-content\/uploads\/2021\/09\/washing-tank-equipment-600x485.jpg 600w\" sizes=\"(max-width: 674px) 100vw, 674px\" \/><figcaption id=\"caption-attachment-4624\" class=\"wp-caption-text\">Waschtankausr\u00fcstung<\/figcaption><\/figure> <h3>Reibungsreinigungsmaschine f\u00fcr Haustierflaschen<\/h3> <p>Die Reibungswaschmaschine dient zur Reinigung von Kunststoffabf\u00e4llen als unterst\u00fctzende Ausr\u00fcstung der PET-Flaschenwaschlinie. Es besteht aus Hauptmaschine, Motor, Fu\u00dfrahmen, Wassereinlass, Zulauf, Auslass\u00f6ffnung usw. Oben befindet sich ein externer Wassereinlass, an der Unterseite des Geh\u00e4uses befindet sich ein feinmaschiger Filter. Die Materialien werden \u00fcber den Zufuhreinlass zugef\u00fchrt, von der sich schnell drehenden Schnecke vollst\u00e4ndig mit flie\u00dfendem Wasser abgerieben, wodurch Verunreinigungen (Erde, Sand, Bl\u00e4tter, Papier, Zellstoff) entfernt und anschlie\u00dfend der Schmutz von der Oberfl\u00e4che abgesp\u00fclt wird.<\/p> <figure id=\"attachment_4626\" aria-describedby=\"caption-attachment-4626\" style=\"width: 720px\" class=\"wp-caption aligncenter\"><img loading=\"lazy\" decoding=\"async\" class=\"size-full wp-image-4626\" src=\"https:\/\/recyclingequipinc.com\/wp-content\/uploads\/2021\/09\/frictional-cleaning-equipment.jpg\" alt=\"Reibungsreinigungsger\u00e4te\" width=\"720\" height=\"540\" srcset=\"https:\/\/recyclingequipinc.com\/wp-content\/uploads\/2021\/09\/frictional-cleaning-equipment.jpg 720w, https:\/\/recyclingequipinc.com\/wp-content\/uploads\/2021\/09\/frictional-cleaning-equipment-300x225.jpg 300w, https:\/\/recyclingequipinc.com\/wp-content\/uploads\/2021\/09\/frictional-cleaning-equipment-600x450.jpg 600w\" sizes=\"(max-width: 720px) 100vw, 720px\" \/><figcaption id=\"caption-attachment-4626\" class=\"wp-caption-text\">Reibungsreinigungsger\u00e4te<\/figcaption><\/figure> <h3>Hochtemperatur-Reinigungsmaschine<\/h3> <p class=\"translation-block\">Die Hei\u00dfwasserwaschmaschine wird h\u00e4ufig zur gr\u00fcndlichen Reinigung von Kunststoffen in hei\u00dfem Wasser mit Reinigungsmittel eingesetzt. Sie verf\u00fcgt \u00fcber eine obere offene Konstruktion mit automatischer Temperaturregelung, W\u00e4rmeerhaltung und R\u00fchren. Und dann ist die Ausr\u00fcstung f\u00fcr die <a href=\"https:\/\/recyclingequipinc.com\/de\/produkt\/pet-bottle-recycling-machine\/\"><strong>PET-Flaschen-Recyclinglinie<\/strong><\/a> geeignet, die schnell aufheizt und bequem reinigt.<\/p> <figure id=\"attachment_4625\" aria-describedby=\"caption-attachment-4625\" style=\"width: 475px\" class=\"wp-caption aligncenter\"><img loading=\"lazy\" decoding=\"async\" class=\"size-full wp-image-4625\" src=\"https:\/\/recyclingequipinc.com\/wp-content\/uploads\/2021\/09\/high-water-washing-machine.jpg\" alt=\"Hochwasserwaschmaschine\" width=\"475\" height=\"522\" srcset=\"https:\/\/recyclingequipinc.com\/wp-content\/uploads\/2021\/09\/high-water-washing-machine.jpg 475w, https:\/\/recyclingequipinc.com\/wp-content\/uploads\/2021\/09\/high-water-washing-machine-273x300.jpg 273w\" sizes=\"(max-width: 475px) 100vw, 475px\" \/><figcaption id=\"caption-attachment-4625\" class=\"wp-caption-text\">Hochwasserwaschmaschine<\/figcaption><\/figure> <h4>Eigenschaften der Warmwasserwaschmaschine<\/h4> <ol> <li>Es misst und regelt die Temperatur des Materials, indem es das Thermoelement mit dem Temperaturregler verbindet.<\/li> <li>Es gibt eine bewegliche H\u00fclse, die die Abtriebswelle des Untersetzungsgetriebes und die Paddelwelle verbindet und bequem zu zerlegen und zu reinigen ist.<\/li> <li>Die Oberfl\u00e4che unserer Schale weist eine spiegelpolierte, matte Oberfl\u00e4che auf.<\/li> <li>Die Innenfl\u00e4che ist hochglanzpoliert. Der Innentank hat keinen Totwinkel und das Reinigungsmaterial bleibt frei von R\u00fcckst\u00e4nden.<\/li> <\/ol> <h4>Parameter der Hochtemperaturwaschmaschine<\/h4> <ol> <li>Volumen: 5L, 10L<\/li> <li>Heizmethode: Zum Heizen Kohle oder Erdgas verwenden<\/li> <li>Materialerw\u00e4rmungstemperatur: nicht mehr als 90\u2103<\/li> <li>R\u00fchrgeschwindigkeit: 15 ~ 120 U\/min (konstante Geschwindigkeit)<\/li> <\/ol> <h3>Kunststoff-Entw\u00e4sserungsmaschine<\/h3> <p>Der Kunststoffflocken-Dehydrator ist die letzte Hauptmaschine in der gesamten PET-Kunststoffflaschen-Recyclinglinie. Es entw\u00e4ssert und trocknet haupts\u00e4chlich Materialien. Mit Hilfe der Kunststoffentw\u00e4sserungsmaschine k\u00f6nnen die gereinigten Kunststoffflocken direkt in den Zwischenbeh\u00e4lter gelangen.<\/p> <figure id=\"attachment_5478\" aria-describedby=\"caption-attachment-5478\" style=\"width: 750px\" class=\"wp-caption aligncenter\"><img loading=\"lazy\" decoding=\"async\" class=\"size-full wp-image-5478\" src=\"https:\/\/recyclingequipinc.com\/wp-content\/uploads\/2021\/09\/Plastic-Dewatering-Machine.jpg\" alt=\"Kunststoff-Entw\u00e4sserungsmaschine\" width=\"750\" height=\"750\" srcset=\"https:\/\/recyclingequipinc.com\/wp-content\/uploads\/2021\/09\/Plastic-Dewatering-Machine.jpg 750w, https:\/\/recyclingequipinc.com\/wp-content\/uploads\/2021\/09\/Plastic-Dewatering-Machine-100x100.jpg 100w, https:\/\/recyclingequipinc.com\/wp-content\/uploads\/2021\/09\/Plastic-Dewatering-Machine-300x300.jpg 300w, https:\/\/recyclingequipinc.com\/wp-content\/uploads\/2021\/09\/Plastic-Dewatering-Machine-150x150.jpg 150w, https:\/\/recyclingequipinc.com\/wp-content\/uploads\/2021\/09\/Plastic-Dewatering-Machine-600x600.jpg 600w\" sizes=\"(max-width: 750px) 100vw, 750px\" \/><figcaption id=\"caption-attachment-5478\" class=\"wp-caption-text\">Kunststoff-Entw\u00e4sserungsmaschine<\/figcaption><\/figure> <h2>Die Funktion von Plastikflocken, die in der Plastikflaschenwaschanlage hergestellt werden<\/h2> <ul> <li>Wiederaufbereitung von PET-Kunststoffflaschen. Recycelte Kunststoffflocken d\u00fcrfen nicht in direkten Kontakt mit Lebensmitteln kommen. Sie k\u00f6nnen es jedoch in die mittlere Schicht von dreischichtigen PET-Kunststoffflaschen verarbeiten und es dann zu kohlens\u00e4urehaltigen Getr\u00e4nkeflaschen verarbeiten.<\/li> <li>PET-Kunststoffflocken k\u00f6nnen zu Fasern verarbeitet und als Schlafs\u00e4cke, Matratzen, Kissenkerne usw. verwendet werden. <a href=\"https:\/\/en.wikipedia.org\/wiki\/Felt\" target=\"_blank\" rel=\"noopener\">gef\u00fchlt<\/a>, usw.<\/li> <li>Neben der Herstellung von PET-Plastikflaschen k\u00f6nnen Sie damit auch Radkappen f\u00fcr Autos usw. herstellen<\/li> <\/ul>","protected":false},"excerpt":{"rendered":"<p class=\"translation-block\"><strong><b>PET-Flaschenwaschanlage<\/b><\/strong><strong><b><\/b><\/strong> umfasst mindestens einen Waschtank, einen Hei\u00dfwaschtank und eine Reibungsreinigungsmaschine<strong><b>.<\/b><\/strong> Wenn das Budget hoch ist oder klarere Endprodukte angestrebt werden, k\u00f6nnen Sie die Anzahl der Waschtanks, Hei\u00dfwaschtanks und Reibungsreinigungsmaschinen auf zwei oder drei erh\u00f6hen. Die Waschmaschinenserie kann nach Ihren Bed\u00fcrfnissen angepasst werden.<\/p>","protected":false},"featured_media":4497,"template":"","meta":{"site-sidebar-layout":"default","site-content-layout":"default","ast-site-content-layout":"default","site-content-style":"default","site-sidebar-style":"default","ast-global-header-display":"","ast-banner-title-visibility":"","ast-main-header-display":"","ast-hfb-above-header-display":"","ast-hfb-below-header-display":"","ast-hfb-mobile-header-display":"","site-post-title":"","ast-breadcrumbs-content":"","ast-featured-img":"","footer-sml-layout":"","ast-disable-related-posts":"","theme-transparent-header-meta":"default","adv-header-id-meta":"","stick-header-meta":"default","header-above-stick-meta":"","header-main-stick-meta":"","header-below-stick-meta":"","astra-migrate-meta-layouts":"default","ast-page-background-enabled":"default","ast-page-background-meta":{"desktop":{"background-color":"","background-image":"","background-repeat":"repeat","background-position":"center center","background-size":"auto","background-attachment":"scroll","background-type":"","background-media":"","overlay-type":"","overlay-color":"","overlay-opacity":"","overlay-gradient":""},"tablet":{"background-color":"","background-image":"","background-repeat":"repeat","background-position":"center center","background-size":"auto","background-attachment":"scroll","background-type":"","background-media":"","overlay-type":"","overlay-color":"","overlay-opacity":"","overlay-gradient":""},"mobile":{"background-color":"","background-image":"","background-repeat":"repeat","background-position":"center center","background-size":"auto","background-attachment":"scroll","background-type":"","background-media":"","overlay-type":"","overlay-color":"","overlay-opacity":"","overlay-gradient":""}},"ast-content-background-meta":{"desktop":{"background-color":"var(--ast-global-color-5)","background-image":"","background-repeat":"repeat","background-position":"center center","background-size":"auto","background-attachment":"scroll","background-type":"","background-media":"","overlay-type":"","overlay-color":"","overlay-opacity":"","overlay-gradient":""},"tablet":{"background-color":"var(--ast-global-color-5)","background-image":"","background-repeat":"repeat","background-position":"center center","background-size":"auto","background-attachment":"scroll","background-type":"","background-media":"","overlay-type":"","overlay-color":"","overlay-opacity":"","overlay-gradient":""},"mobile":{"background-color":"var(--ast-global-color-5)","background-image":"","background-repeat":"repeat","background-position":"center center","background-size":"auto","background-attachment":"scroll","background-type":"","background-media":"","overlay-type":"","overlay-color":"","overlay-opacity":"","overlay-gradient":""}}},"product_brand":[],"product_cat":[36],"product_tag":[88,95],"class_list":{"0":"post-4386","1":"product","2":"type-product","3":"status-publish","4":"has-post-thumbnail","6":"product_cat-plastic-recycling-machine","7":"product_tag-pet-recycling","8":"product_tag-washing","9":"desktop-align-center","10":"tablet-align-center","11":"mobile-align-center","13":"first","14":"instock","15":"shipping-taxable","16":"product-type-simple"},"_links":{"self":[{"href":"https:\/\/recyclingequipinc.com\/de\/wp-json\/wp\/v2\/product\/4386","targetHints":{"allow":["GET"]}}],"collection":[{"href":"https:\/\/recyclingequipinc.com\/de\/wp-json\/wp\/v2\/product"}],"about":[{"href":"https:\/\/recyclingequipinc.com\/de\/wp-json\/wp\/v2\/types\/product"}],"version-history":[{"count":0,"href":"https:\/\/recyclingequipinc.com\/de\/wp-json\/wp\/v2\/product\/4386\/revisions"}],"wp:featuredmedia":[{"embeddable":true,"href":"https:\/\/recyclingequipinc.com\/de\/wp-json\/wp\/v2\/media\/4497"}],"wp:attachment":[{"href":"https:\/\/recyclingequipinc.com\/de\/wp-json\/wp\/v2\/media?parent=4386"}],"wp:term":[{"taxonomy":"product_brand","embeddable":true,"href":"https:\/\/recyclingequipinc.com\/de\/wp-json\/wp\/v2\/product_brand?post=4386"},{"taxonomy":"product_cat","embeddable":true,"href":"https:\/\/recyclingequipinc.com\/de\/wp-json\/wp\/v2\/product_cat?post=4386"},{"taxonomy":"product_tag","embeddable":true,"href":"https:\/\/recyclingequipinc.com\/de\/wp-json\/wp\/v2\/product_tag?post=4386"}],"curies":[{"name":"wp","href":"https:\/\/api.w.org\/{rel}","templated":true}]}}