{"id":4380,"date":"2021-09-13T09:23:52","date_gmt":"2021-09-13T09:23:52","guid":{"rendered":"https:\/\/recyclingequipinc.com\/?post_type=product&#038;p=4380"},"modified":"2025-01-20T10:23:57","modified_gmt":"2025-01-20T02:23:57","slug":"belt-conveyor","status":"publish","type":"product","link":"https:\/\/recyclingequipinc.com\/de\/product\/belt-conveyor\/","title":{"rendered":"Sortiertisch f\u00fcr Plastikflaschen"},"content":{"rendered":"<p class=\"translation-block\">Der Sortiertisch f\u00fcr Plastikflaschen ist die Basismaschine in verschiedenen Bereichen und Produktionslinien. Er besteht aus einem F\u00f6rderband-Stahlrahmen, einem PVC-Band mit Schaber, Rollen, einem Motor mit einstellbarer Geschwindigkeit usw. Die Ausr\u00fcstung f\u00f6rdert haupts\u00e4chlich PP- oder PE-Kunststoff zur Zerkleinerungs- und Waschmaschine in der <strong>Kunststofffolien-Recyclinglinie<\/strong>. Sie kann auch verwendet werden, um Flaschen zu Etikettenentfernungsmaschinen in der <strong>PET-Flaschen-Recyclinglinie<\/strong> zu transportieren. Wenn der Kunde Flaschen ohne vollst\u00e4ndige Etikettenentfernung und andere Plastikflaschen aussortieren m\u00f6chte, k\u00f6nnen wir eine weitere Plastikflaschen-Sortiermaschine anbieten.<\/p> <figure id=\"attachment_5648\" aria-describedby=\"caption-attachment-5648\" style=\"width: 720px\" class=\"wp-caption aligncenter\"><img fetchpriority=\"high\" decoding=\"async\" class=\"size-full wp-image-5648\" src=\"https:\/\/recyclingequipinc.com\/wp-content\/uploads\/2021\/09\/plastic-bottle-sorting-table.jpg\" alt=\"Sortiertisch f\u00fcr Plastikflaschen\" width=\"720\" height=\"540\" srcset=\"https:\/\/recyclingequipinc.com\/wp-content\/uploads\/2021\/09\/plastic-bottle-sorting-table.jpg 720w, https:\/\/recyclingequipinc.com\/wp-content\/uploads\/2021\/09\/plastic-bottle-sorting-table-300x225.jpg 300w, https:\/\/recyclingequipinc.com\/wp-content\/uploads\/2021\/09\/plastic-bottle-sorting-table-600x450.jpg 600w\" sizes=\"(max-width: 720px) 100vw, 720px\" \/><figcaption id=\"caption-attachment-5648\" class=\"wp-caption-text\">Sortiertisch f\u00fcr Plastikflaschen<\/figcaption><\/figure> <p>Daher ist der Sortiertisch f\u00fcr Plastikflaschen normalerweise eines der ersten produktivit\u00e4tssteigernden Produkte, die von Kunststoffrecyclingfabriken gekauft werden. Obwohl es viele Arten von Bandf\u00f6rderern gibt, ist der einfachste Typ der Typ mit Gleitbett. In Verbindung mit Sensoren und anderen Automatisierungsger\u00e4ten kann das F\u00f6rderbandsystem die Produktivit\u00e4t erheblich steigern. Daher ist es in der PET-Recycling-Produktionslinie f\u00fcr gro\u00dfe Kunststoffabf\u00e4lle unverzichtbar.<\/p> <p>Um die Reinheit der fertigen PET-Flocken zu verbessern, ist es besser, dieses andere Material auszuw\u00e4hlen, bevor die Flaschen in den Kunststoffbrecher gelangen. W\u00e4hlen Sie beispielsweise PP-Flaschenverschl\u00fcsse, PE-Folie usw. aus PET-Flaschen aus. Die Gr\u00f6\u00dfe des F\u00f6rderbandes kann individuell an Ihre Bed\u00fcrfnisse angepasst werden, beispielsweise in L\u00e4nge und Breite.<\/p>","protected":false},"excerpt":{"rendered":"<p>Um die Reinheit der fertigen PET-Flocken zu verbessern, ist es besser, dieses andere Material auszuw\u00e4hlen, bevor die Flaschen in den Kunststoffbrecher gelangen. W\u00e4hlen Sie beispielsweise PP-Flaschenverschl\u00fcsse, PE-Folie usw. aus PET-Flaschen aus. Die Gr\u00f6\u00dfen der F\u00f6rderb\u00e4nder k\u00f6nnen individuell an Ihre Bed\u00fcrfnisse angepasst werden.<\/p>","protected":false},"featured_media":5657,"template":"","meta":{"site-sidebar-layout":"default","site-content-layout":"default","ast-site-content-layout":"default","site-content-style":"default","site-sidebar-style":"default","ast-global-header-display":"","ast-banner-title-visibility":"","ast-main-header-display":"","ast-hfb-above-header-display":"","ast-hfb-below-header-display":"","ast-hfb-mobile-header-display":"","site-post-title":"","ast-breadcrumbs-content":"","ast-featured-img":"","footer-sml-layout":"","ast-disable-related-posts":"","theme-transparent-header-meta":"default","adv-header-id-meta":"","stick-header-meta":"default","header-above-stick-meta":"","header-main-stick-meta":"","header-below-stick-meta":"","astra-migrate-meta-layouts":"default","ast-page-background-enabled":"default","ast-page-background-meta":{"desktop":{"background-color":"","background-image":"","background-repeat":"repeat","background-position":"center center","background-size":"auto","background-attachment":"scroll","background-type":"","background-media":"","overlay-type":"","overlay-color":"","overlay-opacity":"","overlay-gradient":""},"tablet":{"background-color":"","background-image":"","background-repeat":"repeat","background-position":"center center","background-size":"auto","background-attachment":"scroll","background-type":"","background-media":"","overlay-type":"","overlay-color":"","overlay-opacity":"","overlay-gradient":""},"mobile":{"background-color":"","background-image":"","background-repeat":"repeat","background-position":"center center","background-size":"auto","background-attachment":"scroll","background-type":"","background-media":"","overlay-type":"","overlay-color":"","overlay-opacity":"","overlay-gradient":""}},"ast-content-background-meta":{"desktop":{"background-color":"var(--ast-global-color-5)","background-image":"","background-repeat":"repeat","background-position":"center center","background-size":"auto","background-attachment":"scroll","background-type":"","background-media":"","overlay-type":"","overlay-color":"","overlay-opacity":"","overlay-gradient":""},"tablet":{"background-color":"var(--ast-global-color-5)","background-image":"","background-repeat":"repeat","background-position":"center center","background-size":"auto","background-attachment":"scroll","background-type":"","background-media":"","overlay-type":"","overlay-color":"","overlay-opacity":"","overlay-gradient":""},"mobile":{"background-color":"var(--ast-global-color-5)","background-image":"","background-repeat":"repeat","background-position":"center center","background-size":"auto","background-attachment":"scroll","background-type":"","background-media":"","overlay-type":"","overlay-color":"","overlay-opacity":"","overlay-gradient":""}}},"product_brand":[],"product_cat":[36],"product_tag":[90],"class_list":{"0":"post-4380","1":"product","2":"type-product","3":"status-publish","4":"has-post-thumbnail","6":"product_cat-plastic-recycling-machine","7":"product_tag-pet-part","8":"desktop-align-center","9":"tablet-align-center","10":"mobile-align-center","12":"first","13":"instock","14":"shipping-taxable","15":"product-type-simple"},"_links":{"self":[{"href":"https:\/\/recyclingequipinc.com\/de\/wp-json\/wp\/v2\/product\/4380","targetHints":{"allow":["GET"]}}],"collection":[{"href":"https:\/\/recyclingequipinc.com\/de\/wp-json\/wp\/v2\/product"}],"about":[{"href":"https:\/\/recyclingequipinc.com\/de\/wp-json\/wp\/v2\/types\/product"}],"version-history":[{"count":0,"href":"https:\/\/recyclingequipinc.com\/de\/wp-json\/wp\/v2\/product\/4380\/revisions"}],"wp:featuredmedia":[{"embeddable":true,"href":"https:\/\/recyclingequipinc.com\/de\/wp-json\/wp\/v2\/media\/5657"}],"wp:attachment":[{"href":"https:\/\/recyclingequipinc.com\/de\/wp-json\/wp\/v2\/media?parent=4380"}],"wp:term":[{"taxonomy":"product_brand","embeddable":true,"href":"https:\/\/recyclingequipinc.com\/de\/wp-json\/wp\/v2\/product_brand?post=4380"},{"taxonomy":"product_cat","embeddable":true,"href":"https:\/\/recyclingequipinc.com\/de\/wp-json\/wp\/v2\/product_cat?post=4380"},{"taxonomy":"product_tag","embeddable":true,"href":"https:\/\/recyclingequipinc.com\/de\/wp-json\/wp\/v2\/product_tag?post=4380"}],"curies":[{"name":"wp","href":"https:\/\/api.w.org\/{rel}","templated":true}]}}