{"id":4373,"date":"2021-09-13T09:10:17","date_gmt":"2021-09-13T09:10:17","guid":{"rendered":"https:\/\/recyclingequipinc.com\/?post_type=product&#038;p=4373"},"modified":"2025-06-04T14:01:14","modified_gmt":"2025-06-04T06:01:14","slug":"pet-bottle-recycling-machine","status":"publish","type":"product","link":"https:\/\/recyclingequipinc.com\/de\/product\/pet-bottle-recycling-machine\/","title":{"rendered":"PET-Flaschen-Recyclingmaschine"},"content":{"rendered":"<p class=\"translation-block\"><strong>PET-Flaschen-Recyclingmaschine<\/strong> umfasst haupts\u00e4chlich F\u00f6rderband, Etikettenentfernungsmaschine, F\u00f6rderband-Pfl\u00fccktischmaschine, Zerkleinerer, Waschbecken, Hei\u00dfwasser-Waschbecken, Reibungsmaschine, Wasch- und Trennbecken, Dehydrator, Lagerbeh\u00e4lter, Verpackungsmaschine. Diese Kunststoffrecyclinglinie dient zur Verarbeitung von PET-Abfallflaschen. Durch den gesamten Prozess des Entfernens von Etiketten, des Zerkleinerns von Flaschen zu Flocken, des Waschens von Flocken und des Entw\u00e4sserns werden die PET-Flaschen zu sauberen PET-Flocken. Wenn die Flasche zu schmutzig ist, k\u00f6nnen Sie mehr Waschger\u00e4te zur Reinigung verwenden. Au\u00dferdem unterst\u00fctzen wir kundenspezifische Dienstleistungen gem\u00e4\u00df Ihren tats\u00e4chlichen Bed\u00fcrfnissen.<\/p> <h2>Produktionslinie f\u00fcr das Recycling von PET-Flaschen<\/h2> <p>Flaschen transportieren \u2013 Flaschenmarken entfernen \u2013 Kommissionieren und Ausw\u00e4hlen \u2013 F\u00f6rdern \u2013 Flaschen in Flocken zerkleinern \u2013 Flocken sp\u00fclen \u2013 Waschen mit hei\u00dfem Wasser \u2013 Reibungsreinigung \u2013 Flocken waschen und trennen \u2013 Dehydrieren \u2013 Lagern \u2013 Verpacken<\/p> <div class=\"ast-oembed-container\" style=\"height: 100%;\"><iframe title=\"So recyceln Sie Ihre Plastikflaschenabf\u00e4lle | Recyclinganlage f\u00fcr PET-Flaschen\" width=\"500\" height=\"281\" src=\"https:\/\/www.youtube.com\/embed\/fLzxENe6oxY?feature=oembed\" frameborder=\"0\" allow=\"accelerometer; autoplay; clipboard-write; encrypted-media; gyroscope; picture-in-picture; web-share\" referrerpolicy=\"strict-origin-when-cross-origin\" allowfullscreen><\/iframe><\/div> <h2>Einfache Einf\u00fchrung zu verwandten PET-Flaschen-Recyclingmaschinen<\/h2> <h3>1. Ballenbrecher<\/h3> <figure id=\"attachment_4585\" aria-describedby=\"caption-attachment-4585\" style=\"width: 687px\" class=\"wp-caption aligncenter\"><img fetchpriority=\"high\" decoding=\"async\" class=\"size-full wp-image-4585\" src=\"https:\/\/recyclingequipinc.com\/wp-content\/uploads\/2021\/09\/bale-breaker.jpg\" alt=\"Ballenbrecher\" width=\"687\" height=\"428\" srcset=\"https:\/\/recyclingequipinc.com\/wp-content\/uploads\/2021\/09\/bale-breaker.jpg 687w, https:\/\/recyclingequipinc.com\/wp-content\/uploads\/2021\/09\/bale-breaker-300x187.jpg 300w, https:\/\/recyclingequipinc.com\/wp-content\/uploads\/2021\/09\/bale-breaker-600x374.jpg 600w\" sizes=\"(max-width: 687px) 100vw, 687px\" \/><figcaption id=\"caption-attachment-4585\" class=\"wp-caption-text\">Ballenbrecher<\/figcaption><\/figure> <h3>2. Rollschirm<\/h3> <figure id=\"attachment_4586\" aria-describedby=\"caption-attachment-4586\" style=\"width: 689px\" class=\"wp-caption aligncenter\"><img decoding=\"async\" class=\"size-full wp-image-4586\" src=\"https:\/\/recyclingequipinc.com\/wp-content\/uploads\/2021\/09\/roller-screen.jpg\" alt=\"Rollschirm\" width=\"689\" height=\"425\" srcset=\"https:\/\/recyclingequipinc.com\/wp-content\/uploads\/2021\/09\/roller-screen.jpg 689w, https:\/\/recyclingequipinc.com\/wp-content\/uploads\/2021\/09\/roller-screen-300x185.jpg 300w, https:\/\/recyclingequipinc.com\/wp-content\/uploads\/2021\/09\/roller-screen-600x370.jpg 600w\" sizes=\"(max-width: 689px) 100vw, 689px\" \/><figcaption id=\"caption-attachment-4586\" class=\"wp-caption-text\">Rollschirm<\/figcaption><\/figure> <h3>3. Bandf\u00f6rderer\/Bandf\u00f6rder-Pfl\u00fccktischmaschine<\/h3> <p class=\"translation-block\">Es ist die Ausr\u00fcstung zum Transportieren von Flaschen zum Zerkleinerer, die in verschiedenen Bereichen und Produktionslinien eingesetzt wird. Das <a href=\"https:\/\/recyclingequipinc.com\/de\/produkt\/belt-conveyor\/\"><strong>F\u00f6rderband<\/strong><\/a> verwendet einen Stahlrahmen, ein PVC-Band mit Abstreifer, eine Antriebsrolle und einen Motor mit einstellbarer Geschwindigkeit. Die L\u00e4nge und Breite des Bandes k\u00f6nnen je nach Ihren Anforderungen angepasst werden. Um die Reinheit der endg\u00fcltigen PET-Flocken zu erh\u00f6hen, ist es besser, die verschiedenen Materialien manuell auszusortieren, bevor die PET-Flaschen in den Zerkleinerer transportiert werden, da die Prozesse zur Behandlung unterschiedlicher Materialien unterschiedlich sind. Die L\u00e4nge und Breite werden nach Ihren Anforderungen angepasst.<\/p> <figure id=\"attachment_4587\" aria-describedby=\"caption-attachment-4587\" style=\"width: 689px\" class=\"wp-caption aligncenter\"><img decoding=\"async\" class=\"size-full wp-image-4587\" src=\"https:\/\/recyclingequipinc.com\/wp-content\/uploads\/2021\/09\/belt-conveyor.jpg\" alt=\"F\u00f6rderband\" width=\"689\" height=\"429\" srcset=\"https:\/\/recyclingequipinc.com\/wp-content\/uploads\/2021\/09\/belt-conveyor.jpg 689w, https:\/\/recyclingequipinc.com\/wp-content\/uploads\/2021\/09\/belt-conveyor-300x187.jpg 300w, https:\/\/recyclingequipinc.com\/wp-content\/uploads\/2021\/09\/belt-conveyor-600x374.jpg 600w\" sizes=\"(max-width: 689px) 100vw, 689px\" \/><figcaption id=\"caption-attachment-4587\" class=\"wp-caption-text\">F\u00f6rderband<\/figcaption><\/figure> <h3>4. Etikettenentfernungsmaschine<\/h3> <p>Mit der Maschine zum Entfernen von PET-Flaschenetiketten k\u00f6nnen Markenzeichen von PET-Flaschen entfernt werden, anstatt das Etikett manuell zu entfernen. Sie eignet sich f\u00fcr die Produktion mit hoher Kapazit\u00e4t und verbessert die Produktionseffizienz. Es kann auf verschiedene Flaschengr\u00f6\u00dfen angewendet werden, indem die Messer in der Maschine angepasst werden.<\/p> <figure id=\"attachment_4588\" aria-describedby=\"caption-attachment-4588\" style=\"width: 689px\" class=\"wp-caption aligncenter\"><img loading=\"lazy\" decoding=\"async\" class=\"size-full wp-image-4588\" src=\"https:\/\/recyclingequipinc.com\/wp-content\/uploads\/2021\/09\/label-removing-machine.jpg\" alt=\"Etikettenentfernungsmaschine\" width=\"689\" height=\"430\" srcset=\"https:\/\/recyclingequipinc.com\/wp-content\/uploads\/2021\/09\/label-removing-machine.jpg 689w, https:\/\/recyclingequipinc.com\/wp-content\/uploads\/2021\/09\/label-removing-machine-300x187.jpg 300w, https:\/\/recyclingequipinc.com\/wp-content\/uploads\/2021\/09\/label-removing-machine-600x374.jpg 600w\" sizes=\"(max-width: 689px) 100vw, 689px\" \/><figcaption id=\"caption-attachment-4588\" class=\"wp-caption-text\">Etikettenentfernungsmaschine<\/figcaption><\/figure> <h3>5. PET-Flaschenzerkleinerer<\/h3> <p class=\"translation-block\">Der PET <a href=\"https:\/\/recyclingequipinc.com\/de\/produkt\/waste-plastic-crusher\/\"><strong>Kunststoff-Zerkleinerer<\/strong><\/a> ist mit Klingen aus legiertem Stahlmaterial ausgestattet, der hohe Geschwindigkeit, Haltbarkeit und Verschlei\u00dffestigkeit aufweist. Daher eignet er sich zum Zerkleinern von PET-Flaschen zu Flocken.<\/p> <figure id=\"attachment_4589\" aria-describedby=\"caption-attachment-4589\" style=\"width: 688px\" class=\"wp-caption aligncenter\"><img loading=\"lazy\" decoding=\"async\" class=\"size-full wp-image-4589\" src=\"https:\/\/recyclingequipinc.com\/wp-content\/uploads\/2021\/09\/PET-bottle-crusher.jpg\" alt=\"Zerkleinerer f\u00fcr PET-Flaschen\" width=\"688\" height=\"425\" srcset=\"https:\/\/recyclingequipinc.com\/wp-content\/uploads\/2021\/09\/PET-bottle-crusher.jpg 688w, https:\/\/recyclingequipinc.com\/wp-content\/uploads\/2021\/09\/PET-bottle-crusher-300x185.jpg 300w, https:\/\/recyclingequipinc.com\/wp-content\/uploads\/2021\/09\/PET-bottle-crusher-600x371.jpg 600w\" sizes=\"(max-width: 688px) 100vw, 688px\" \/><figcaption id=\"caption-attachment-4589\" class=\"wp-caption-text\">Zerkleinerer f\u00fcr PET-Flaschen<\/figcaption><\/figure> <h3>6. Waschtank<\/h3> <p>Der Waschtank kann erstmals Flaschenreste reinigen und PP- oder PE-Flaschendeckelflocken von PET-Flakes trennen.<\/p> <figure id=\"attachment_4595\" aria-describedby=\"caption-attachment-4595\" style=\"width: 686px\" class=\"wp-caption aligncenter\"><img loading=\"lazy\" decoding=\"async\" class=\"size-full wp-image-4595\" src=\"https:\/\/recyclingequipinc.com\/wp-content\/uploads\/2021\/09\/cleaning-tank.jpg\" alt=\"Reinigungstank\" width=\"686\" height=\"425\" srcset=\"https:\/\/recyclingequipinc.com\/wp-content\/uploads\/2021\/09\/cleaning-tank.jpg 686w, https:\/\/recyclingequipinc.com\/wp-content\/uploads\/2021\/09\/cleaning-tank-300x186.jpg 300w, https:\/\/recyclingequipinc.com\/wp-content\/uploads\/2021\/09\/cleaning-tank-600x372.jpg 600w\" sizes=\"(max-width: 686px) 100vw, 686px\" \/><figcaption id=\"caption-attachment-4595\" class=\"wp-caption-text\">Reinigungstank<\/figcaption><\/figure> <h3>7. Schneckenf\u00f6rderer<\/h3> <figure id=\"attachment_4596\" aria-describedby=\"caption-attachment-4596\" style=\"width: 687px\" class=\"wp-caption aligncenter\"><img loading=\"lazy\" decoding=\"async\" class=\"size-full wp-image-4596\" src=\"https:\/\/recyclingequipinc.com\/wp-content\/uploads\/2021\/09\/screw-conveyor.jpg\" alt=\"Schneckenf\u00f6rderer\" width=\"687\" height=\"425\" srcset=\"https:\/\/recyclingequipinc.com\/wp-content\/uploads\/2021\/09\/screw-conveyor.jpg 687w, https:\/\/recyclingequipinc.com\/wp-content\/uploads\/2021\/09\/screw-conveyor-300x186.jpg 300w, https:\/\/recyclingequipinc.com\/wp-content\/uploads\/2021\/09\/screw-conveyor-600x371.jpg 600w\" sizes=\"(max-width: 687px) 100vw, 687px\" \/><figcaption id=\"caption-attachment-4596\" class=\"wp-caption-text\">Schneckenf\u00f6rderer<\/figcaption><\/figure> <h3>8. Warmwasserwaschanlage<\/h3> <p>Der Warmwasserwaschtank ist eine notwendige Ausr\u00fcstung f\u00fcr die PET-Reinigungslinie. Durch das Erhitzen von Wasser und den Einsatz chemischer Zus\u00e4tze erh\u00e4lt man dann sauberes Material. Es handelt sich um eine obere offene Struktur mit den Funktionen automatische Temperaturregelung und R\u00fchren zur W\u00e4rmeerhaltung, geeignet f\u00fcr kleine, mittlere und gro\u00dfe Wasch- und Recyclinganlagen.<\/p> <figure id=\"attachment_4597\" aria-describedby=\"caption-attachment-4597\" style=\"width: 689px\" class=\"wp-caption aligncenter\"><img loading=\"lazy\" decoding=\"async\" class=\"size-full wp-image-4597\" src=\"https:\/\/recyclingequipinc.com\/wp-content\/uploads\/2021\/09\/hot-water-washing-machine.jpg\" alt=\"Warmwasser-Waschmaschine\" width=\"689\" height=\"425\" srcset=\"https:\/\/recyclingequipinc.com\/wp-content\/uploads\/2021\/09\/hot-water-washing-machine.jpg 689w, https:\/\/recyclingequipinc.com\/wp-content\/uploads\/2021\/09\/hot-water-washing-machine-300x185.jpg 300w, https:\/\/recyclingequipinc.com\/wp-content\/uploads\/2021\/09\/hot-water-washing-machine-600x370.jpg 600w\" sizes=\"(max-width: 689px) 100vw, 689px\" \/><figcaption id=\"caption-attachment-4597\" class=\"wp-caption-text\">Warmwasser-Waschmaschine<\/figcaption><\/figure> <h3>9. Reibungswaschmaschine<\/h3> <p>Der K\u00f6rper der Reibungsreinigungsmaschine besteht aus Hauptmotor, Motor, Fu\u00dfrahmen, Wassereinlass, Zufuhreinlass, Auslass\u00f6ffnung usw. An der Unterseite des Geh\u00e4uses befindet sich ein feinmaschiger Filter. Oben befindet sich ein externer Wassereinlass. Materialien sollten \u00fcber den Zufuhreinlass zugef\u00fchrt werden. Hochgeschwindigkeitsrotierende Schnecke, die es erm\u00f6glicht, das Material vollst\u00e4ndig mit flie\u00dfendem Wasser abzureiben. Und reinigen Sie das Material anschlie\u00dfend vollst\u00e4ndig.<\/p> <figure id=\"attachment_4599\" aria-describedby=\"caption-attachment-4599\" style=\"width: 685px\" class=\"wp-caption aligncenter\"><img loading=\"lazy\" decoding=\"async\" class=\"size-full wp-image-4599\" src=\"https:\/\/recyclingequipinc.com\/wp-content\/uploads\/2021\/09\/frictional-washing-machine-1.jpg\" alt=\"Reibungswaschmaschine\" width=\"685\" height=\"427\" srcset=\"https:\/\/recyclingequipinc.com\/wp-content\/uploads\/2021\/09\/frictional-washing-machine-1.jpg 685w, https:\/\/recyclingequipinc.com\/wp-content\/uploads\/2021\/09\/frictional-washing-machine-1-300x187.jpg 300w, https:\/\/recyclingequipinc.com\/wp-content\/uploads\/2021\/09\/frictional-washing-machine-1-600x374.jpg 600w\" sizes=\"(max-width: 685px) 100vw, 685px\" \/><figcaption id=\"caption-attachment-4599\" class=\"wp-caption-text\">Reibungswaschmaschine<\/figcaption><\/figure> <h3>10. Wasch- und Trennmaschine<\/h3> <p>Die Wasch- und Trennmaschine zum Reinigen von PP-, PE- und PET-Platten, zur automatischen Trennung von Flaschenverschl\u00fcssen und anderen schwimmenden R\u00fcckst\u00e4nden sowie zur effektiven Trennung von Sand- und Papierr\u00fcckst\u00e4nden in verschiedenen Plattenmaterialien. Der Waschtank ist eines der idealen Ausr\u00fcstungsteile in Kunststoffmaschinen. Geeignet zum weiteren Abtrennen und Aussp\u00fclen von Verunreinigungen nach der Reinigung, um Flaschenflocken sauberer und wei\u00dfer zu machen. Dar\u00fcber hinaus bietet es die Vorteile einer einfachen Bedienung, einer klaren Reinigungswirkung, Sicherheit und Zuverl\u00e4ssigkeit sowie einer langen Lebensdauer.<\/p> <h3>11. D\u00f6rrger\u00e4t f\u00fcr PET-Chips<\/h3> <p>Diese Kunststoff-Entw\u00e4sserungsmaschine eignet sich hervorragend zum Entw\u00e4ssern von PET-Flocken. Es zeichnet sich durch eine gute Entw\u00e4sserungswirkung, einen geringeren Stromverbrauch und eine geringere Effizienz, eine kontinuierliche Produktion, einen hohen Automatisierungsgrad, eine hohe Leistung und Trockenheit usw. aus.<\/p> <figure id=\"attachment_4600\" aria-describedby=\"caption-attachment-4600\" style=\"width: 687px\" class=\"wp-caption aligncenter\"><img loading=\"lazy\" decoding=\"async\" class=\"size-full wp-image-4600\" src=\"https:\/\/recyclingequipinc.com\/wp-content\/uploads\/2021\/09\/horizontal-dehydrator.jpg\" alt=\"horizontaler D\u00f6rrapparat\" width=\"687\" height=\"428\" srcset=\"https:\/\/recyclingequipinc.com\/wp-content\/uploads\/2021\/09\/horizontal-dehydrator.jpg 687w, https:\/\/recyclingequipinc.com\/wp-content\/uploads\/2021\/09\/horizontal-dehydrator-300x187.jpg 300w, https:\/\/recyclingequipinc.com\/wp-content\/uploads\/2021\/09\/horizontal-dehydrator-600x374.jpg 600w\" sizes=\"(max-width: 687px) 100vw, 687px\" \/><figcaption id=\"caption-attachment-4600\" class=\"wp-caption-text\">horizontaler D\u00f6rrapparat<\/figcaption><\/figure> <p>Dar\u00fcber hinaus bef\u00f6rdert der Vorratsbeh\u00e4lter PET-Kunststoffflocken \u00fcber einen Ventilator in die Maschine, und die Verpackungsmaschine kann Material in Beutel verpacken, was sich bequem lagern, handeln und verwalten l\u00e4sst.<\/p> <h2>Breite Einsatzm\u00f6glichkeiten der PET-Flaschen-Recyclingmaschine<\/h2> <p class=\"translation-block\">Die PET-Flaschen-Recyclinglinie wird h\u00e4ufig f\u00fcr <a href=\"https:\/\/en.wikipedia.org\/wiki\/Category:Carbonated_drinks\" target=\"_blank\" rel=\"noopener\">kohlens\u00e4urehaltige Getr\u00e4nke<\/a>, Mineralwasser, Fruchts\u00e4fte, Medikamente, Kosmetika, transparente Boxen, Chemikalien usw. verwendet. Bei der Kunststoffklassifizierung ist die Codenummer von PET eins. Als Verpackungsmaterial weist PET die Eigenschaften guter mechanischer Eigenschaften, starker Schlagfestigkeit und guter Faltbest\u00e4ndigkeit auf. Heutzutage werden PET-Flaschen \u00fcberall in unserem Alltag verwendet. Daher ist die Wiederverwertung von PET-Flaschen durch eine PET-Flaschen-Recyclingmaschine f\u00fcr den Umweltschutz von gro\u00dfer Bedeutung. Wenn Sie in die PET-Flaschen-Wiederverwertung investieren m\u00f6chten, k\u00f6nnen Sie uns kontaktieren, um weitere Details zu erhalten, und wir k\u00f6nnen einen Plan nach Ihren Bed\u00fcrfnissen entwerfen.<\/p> <h2>Merkmale der PET-Flaschen-Recyclingmaschine<\/h2> <ol> <li>Hochautomatisierte Maschinen, hohe Leistung, Arbeitsersparnis, Praktikabilit\u00e4t und Zuverl\u00e4ssigkeit;<\/li> <li>Geeignet f\u00fcr die effiziente Gro\u00dfproduktion von PET-Flaschenrecycling;<\/li> <li>Die PET-Flaschenwaschanlage l\u00e4sst sich je nach Sauberkeit der Flaschen und Ihrem Budget anpassen.<\/li> <li>Basierend auf Ihrem Output kann eine ma\u00dfgeschneiderte Recyclinglinie f\u00fcr PET-Flaschen entworfen werden.<\/li> <li>Es kommt dem Umweltschutz zugute.<\/li> <\/ol> <h2>Kann man mit dem Recycling von PET-Plastikflaschen Geld verdienen?<\/h2> <p>Viele Menschen fragen sich vielleicht, ob sich mit dem Recycling von PET-Flaschen ein Gewinn erzielen l\u00e4sst. Zu den wichtigsten Methoden zur Entsorgung von Kunststoffabf\u00e4llen geh\u00f6ren vor allem die Verbrennung, die Entsorgung auf einer Deponie und das Recycling. Nach Meinung vieler Menschen scheint es kein lukratives Gesch\u00e4ft zu sein, Kunststoffabf\u00e4lle zu recyceln, da eine Plastikflasche nur einen sehr geringen Wert hat. Doch in den Gro\u00dfst\u00e4dten werden zumindest Millionen von Mineralwasserflaschen von den Menschen produziert. Eine Mineralwasserflasche mit einer Tonne besteht wahrscheinlich aus 60.000 Plastikflaschen, wodurch ein Gewinn von etwa 300 Dollar erzielt werden kann.<\/p> <p>Oberfl\u00e4chlich betrachtet ist die PET-Flaschen-Recyclingmaschinenlinie ein Gesch\u00e4ft mit geringem Gewinn. Tats\u00e4chlich sind die Aussichten der Recyclingbranche f\u00fcr Plastikwasserflaschen aus makro\u00f6konomischer Sicht sehr optimistisch. Wenn Sie \u00fcber einen stabilen Vorrat, umfassende Kunststoffkenntnisse und ein Team verf\u00fcgen, ist Kunststoffrecycling ein profitables Gesch\u00e4ft f\u00fcr Sie.<\/p> <h2>Wie w\u00e4hlt man die PET-Flaschen-Recyclingmaschine aus?<\/h2> <p class=\"translation-block\">Die <a href=\"https:\/\/recyclingequipinc.com\/de\/produkt\/pet-bottle-washing-line\/\"><strong>PET-Flaschen-Waschmaschinen<\/strong><\/a> sind aufgrund der Sauberkeit der Flaschen unterschiedlich. Die PET-Kunststoffflaschen-Recyclingmaschinen-Produktionslinie erfordert mindestens ein Waschbecken, ein Hei\u00dfwasser-Waschbecken und eine Reibungsreinigungsmaschine. Wenn das Budget knapp ist, sind diese drei Waschger\u00e4te notwendig. Wenn die Flaschen jedoch zu schmutzig sind und die Fabrik Waschmaschinen hinzuf\u00fcgen m\u00f6chte, um die Sauberkeit der Plastikflaschen zu gew\u00e4hrleisten. Die Anzahl der Waschbecken, Hei\u00dfwasser-Waschmaschinen und Reibungs-Waschmaschinen kann auf zwei oder drei erh\u00f6ht werden. M\u00f6chten Sie mehr Details erfahren? Nehmen Sie Kontakt mit uns auf und wir werden Ihnen so schnell wie m\u00f6glich antworten.<\/p> <h2>Video zur PET-Flaschen-Recyclinglinie<\/h2> <div class=\"ast-oembed-container\" style=\"height: 100%;\"><iframe title=\"Explizites Video einer automatischen Recyclinglinie f\u00fcr PET-Flaschenabf\u00e4lle zur Herstellung von PET-Kunststoffflocken in der Fabrik\" width=\"500\" height=\"281\" src=\"https:\/\/www.youtube.com\/embed\/NxbTX2KwQfA?feature=oembed\" frameborder=\"0\" allow=\"accelerometer; autoplay; clipboard-write; encrypted-media; gyroscope; picture-in-picture; web-share\" referrerpolicy=\"strict-origin-when-cross-origin\" allowfullscreen><\/iframe><\/div>","protected":false},"excerpt":{"rendered":"<p>Diese Kunststoffrecyclinglinie dient haupts\u00e4chlich der Verarbeitung von Abfallflaschen aus PET. Durch den gesamten Prozess des Entfernens des Etiketts, des Zerkleinerns der Flaschen zu Flocken, des Waschens der Flocken und des Trocknens werden die PET-Flaschen zu sauberen PET-Flocken. Kontaktieren Sie uns f\u00fcr den besten Preis.<\/p>","protected":false},"featured_media":16800,"template":"","meta":{"site-sidebar-layout":"default","site-content-layout":"default","ast-site-content-layout":"default","site-content-style":"default","site-sidebar-style":"default","ast-global-header-display":"","ast-banner-title-visibility":"","ast-main-header-display":"","ast-hfb-above-header-display":"","ast-hfb-below-header-display":"","ast-hfb-mobile-header-display":"","site-post-title":"","ast-breadcrumbs-content":"","ast-featured-img":"","footer-sml-layout":"","ast-disable-related-posts":"","theme-transparent-header-meta":"default","adv-header-id-meta":"","stick-header-meta":"default","header-above-stick-meta":"","header-main-stick-meta":"","header-below-stick-meta":"","astra-migrate-meta-layouts":"set","ast-page-background-enabled":"default","ast-page-background-meta":{"desktop":{"background-color":"","background-image":"","background-repeat":"repeat","background-position":"center center","background-size":"auto","background-attachment":"scroll","background-type":"","background-media":"","overlay-type":"","overlay-color":"","overlay-opacity":"","overlay-gradient":""},"tablet":{"background-color":"","background-image":"","background-repeat":"repeat","background-position":"center center","background-size":"auto","background-attachment":"scroll","background-type":"","background-media":"","overlay-type":"","overlay-color":"","overlay-opacity":"","overlay-gradient":""},"mobile":{"background-color":"","background-image":"","background-repeat":"repeat","background-position":"center center","background-size":"auto","background-attachment":"scroll","background-type":"","background-media":"","overlay-type":"","overlay-color":"","overlay-opacity":"","overlay-gradient":""}},"ast-content-background-meta":{"desktop":{"background-color":"var(--ast-global-color-5)","background-image":"","background-repeat":"repeat","background-position":"center center","background-size":"auto","background-attachment":"scroll","background-type":"","background-media":"","overlay-type":"","overlay-color":"","overlay-opacity":"","overlay-gradient":""},"tablet":{"background-color":"var(--ast-global-color-5)","background-image":"","background-repeat":"repeat","background-position":"center center","background-size":"auto","background-attachment":"scroll","background-type":"","background-media":"","overlay-type":"","overlay-color":"","overlay-opacity":"","overlay-gradient":""},"mobile":{"background-color":"var(--ast-global-color-5)","background-image":"","background-repeat":"repeat","background-position":"center center","background-size":"auto","background-attachment":"scroll","background-type":"","background-media":"","overlay-type":"","overlay-color":"","overlay-opacity":"","overlay-gradient":""}}},"product_brand":[],"product_cat":[130],"product_tag":[64],"class_list":{"0":"post-4373","1":"product","2":"type-product","3":"status-publish","4":"has-post-thumbnail","6":"product_cat-solution","7":"product_tag-pet-bottle-recycling-line","8":"desktop-align-center","9":"tablet-align-center","10":"mobile-align-center","12":"first","13":"instock","14":"shipping-taxable","15":"product-type-simple"},"_links":{"self":[{"href":"https:\/\/recyclingequipinc.com\/de\/wp-json\/wp\/v2\/product\/4373","targetHints":{"allow":["GET"]}}],"collection":[{"href":"https:\/\/recyclingequipinc.com\/de\/wp-json\/wp\/v2\/product"}],"about":[{"href":"https:\/\/recyclingequipinc.com\/de\/wp-json\/wp\/v2\/types\/product"}],"version-history":[{"count":0,"href":"https:\/\/recyclingequipinc.com\/de\/wp-json\/wp\/v2\/product\/4373\/revisions"}],"wp:featuredmedia":[{"embeddable":true,"href":"https:\/\/recyclingequipinc.com\/de\/wp-json\/wp\/v2\/media\/16800"}],"wp:attachment":[{"href":"https:\/\/recyclingequipinc.com\/de\/wp-json\/wp\/v2\/media?parent=4373"}],"wp:term":[{"taxonomy":"product_brand","embeddable":true,"href":"https:\/\/recyclingequipinc.com\/de\/wp-json\/wp\/v2\/product_brand?post=4373"},{"taxonomy":"product_cat","embeddable":true,"href":"https:\/\/recyclingequipinc.com\/de\/wp-json\/wp\/v2\/product_cat?post=4373"},{"taxonomy":"product_tag","embeddable":true,"href":"https:\/\/recyclingequipinc.com\/de\/wp-json\/wp\/v2\/product_tag?post=4373"}],"curies":[{"name":"wp","href":"https:\/\/api.w.org\/{rel}","templated":true}]}}