{"id":17473,"date":"2025-08-18T14:59:00","date_gmt":"2025-08-18T06:59:00","guid":{"rendered":"https:\/\/recyclingequipinc.com\/?post_type=product&#038;p=17473"},"modified":"2025-08-18T14:59:00","modified_gmt":"2025-08-18T06:59:00","slug":"fiber-opening-machine","status":"publish","type":"product","link":"https:\/\/recyclingequipinc.com\/de\/product\/fiber-opening-machine\/","title":{"rendered":"Faser\u00f6ffnungsmaschine zur Reinigung und zum Recycling"},"content":{"rendered":"<p>Sie k\u00e4mpfen mit verheddertem Textilabfall und inkonsistenter Qualit\u00e4t von Recyclingfasern? Shuliy\u2019s Hochleistungs-Faser\u00f6ffnungsmaschine ist Ihre L\u00f6sung. Entwickelt f\u00fcr den industriellen Einsatz, verwandelt unsere Maschine unordentliche Abf\u00e4lle \u2013 wie Baumwolltuch, Garnabf\u00e4lle und Vliesstoffe \u2013 in wertvolle, flauschige Fasern mit einer au\u00dfergew\u00f6hnlichen \u00d6ffnungsrate von 93-97%. H\u00f6ren Sie auf, Geld durch ineffiziente Verarbeitung zu verlieren, und beginnen Sie, den Wert jeder Faser zu maximieren.<\/p> <figure id=\"attachment_17481\" aria-describedby=\"caption-attachment-17481\" style=\"width: 720px\" class=\"wp-caption aligncenter\"><img fetchpriority=\"high\" decoding=\"async\" class=\"wp-image-17481 size-full\" src=\"https:\/\/recyclingequipinc.com\/wp-content\/uploads\/2025\/08\/cotton-waste-opening-machine.webp\" alt=\"Baumwollabfall-\u00d6ffnungsmaschine\" width=\"720\" height=\"540\" srcset=\"https:\/\/recyclingequipinc.com\/wp-content\/uploads\/2025\/08\/cotton-waste-opening-machine.webp 720w, https:\/\/recyclingequipinc.com\/wp-content\/uploads\/2025\/08\/cotton-waste-opening-machine-300x225.webp 300w, https:\/\/recyclingequipinc.com\/wp-content\/uploads\/2025\/08\/cotton-waste-opening-machine-16x12.webp 16w\" sizes=\"(max-width: 720px) 100vw, 720px\" \/><figcaption id=\"caption-attachment-17481\" class=\"wp-caption-text\">Baumwollabfall-\u00d6ffnungsmaschine<\/figcaption><\/figure> <h2>Anwendbare Materialien f\u00fcr die Verarbeitung mit der Faser\u00f6ffnungsmaschine<\/h2> <p>Unsere Faser\u00f6ffnungsmaschine ist die ideale Wahl f\u00fcr eine Vielzahl von Unternehmen, die ihren Materialien einen Mehrwert verleihen m\u00f6chten. Nach dem \u00d6ffnen weisen die Fasern eine hohe Flauschigkeit, eine gleichm\u00e4\u00dfige Verteilung, einen geringen Verunreinigungsgehalt und eine intakte Faserstruktur auf.<\/p> <div id='gallery-1' class='gallery galleryid-17473 gallery-columns-3 gallery-size-full'><figure class='gallery-item'> \t\t\t<div class='gallery-icon landscape'> \t\t\t\t<a href='https:\/\/recyclingequipinc.com\/de\/?attachment_id=17486'><img decoding=\"async\" width=\"720\" height=\"540\" src=\"https:\/\/recyclingequipinc.com\/wp-content\/uploads\/2025\/08\/waste-cotton.webp\" class=\"attachment-full size-full\" alt=\"Baumwollabf\u00e4lle\" aria-describedby=\"gallery-1-17486\" srcset=\"https:\/\/recyclingequipinc.com\/wp-content\/uploads\/2025\/08\/waste-cotton.webp 720w, https:\/\/recyclingequipinc.com\/wp-content\/uploads\/2025\/08\/waste-cotton-300x225.webp 300w, https:\/\/recyclingequipinc.com\/wp-content\/uploads\/2025\/08\/waste-cotton-16x12.webp 16w\" sizes=\"(max-width: 720px) 100vw, 720px\" \/><\/a> \t\t\t<\/div> \t\t\t\t<figcaption class='wp-caption-text gallery-caption' id='gallery-1-17486'> \t\t\t\tBaumwollabf\u00e4lle \t\t\t\t<\/figcaption><\/figure><figure class='gallery-item'> \t\t\t<div class='gallery-icon landscape'> \t\t\t\t<a href='https:\/\/recyclingequipinc.com\/de\/?attachment_id=17485'><img decoding=\"async\" width=\"720\" height=\"540\" src=\"https:\/\/recyclingequipinc.com\/wp-content\/uploads\/2025\/08\/waste-cloth.webp\" class=\"attachment-full size-full\" alt=\"Stoffreste\" aria-describedby=\"gallery-1-17485\" srcset=\"https:\/\/recyclingequipinc.com\/wp-content\/uploads\/2025\/08\/waste-cloth.webp 720w, https:\/\/recyclingequipinc.com\/wp-content\/uploads\/2025\/08\/waste-cloth-300x225.webp 300w, https:\/\/recyclingequipinc.com\/wp-content\/uploads\/2025\/08\/waste-cloth-16x12.webp 16w\" sizes=\"(max-width: 720px) 100vw, 720px\" \/><\/a> \t\t\t<\/div> \t\t\t\t<figcaption class='wp-caption-text gallery-caption' id='gallery-1-17485'> \t\t\t\tStoffreste \t\t\t\t<\/figcaption><\/figure> \t\t<\/div>  <h3><span style=\"font-size: 14pt;\">H\u00e4ufig verarbeitete Materialien:<\/span><\/h3> <p>PP-Baumwolle, Puppenbaumwolle, Hohlfaser, Polyesterstapelfaser (PSF), Naturbaumwolle, Wolle, Vliesstoffreste, Stoffreste, Garnreste und mehr.<\/p> <h3><span style=\"font-size: 14pt;\">Ideal f\u00fcr diese Branchen:<\/span><\/h3> <ul> <li>Heimtextilien: Zum F\u00fcllen von Kissen, Polstern, Bettdecken und Bettw\u00e4sche.<\/li> <li>M\u00f6belherstellung: Herstellung hochwertiger F\u00fcllungen f\u00fcr Sofas und St\u00fchle.<\/li> <li>Spielzeugherstellung: Herstellung sicherer und weicher F\u00fcllungen f\u00fcr Pl\u00fcschtiere und Puppen.<\/li> <li>Tierprodukte: Herstellung bequemer und langlebiger F\u00fcllungen f\u00fcr Hundebetten.<\/li> <li>Bekleidungs- &amp; Textilfabriken: Recycling von Bekleidungsabschnitten und Garnabf\u00e4llen zu wiederverwendbaren Fasern.<\/li> <\/ul> <h2>Hauptmerkmale unserer Baumwoll\u00f6ffnungsmaschine<\/h2> <p>Unsere Faser\u00f6ffnungsmaschinen sind nicht nur Ger\u00e4te; sie sind eine Komplettl\u00f6sung, die darauf ausgelegt ist, Ihre Produktivit\u00e4t und Rentabilit\u00e4t zu steigern.<\/p> <ul> <li><strong>Skalierbare Produktion f\u00fcr Ihr Wachstum:<\/strong> Wir bieten eine vollst\u00e4ndige Palette von Modellen an, von 1-Walzen-Einheiten f\u00fcr Start-ups bis hin zu leistungsstarken 4-Walzen-Systemen f\u00fcr gro\u00dfe Industrieanlagen.<\/li> <li><strong>\u00dcberragende Endproduktqualit\u00e4t: <\/strong>Unser pr\u00e4zisionsgefertigter Kardiervorgang \u00f6ffnet die Fasern schonend, ohne ihre Struktur zu besch\u00e4digen. Das Ergebnis ist ein durchweg weicher, gleichm\u00e4\u00dfiger und verunreinigungsfreier Aussto\u00df, perfekt f\u00fcr hochwertige Anwendungen und erzielt einen besseren Marktpreis.<\/li> <li><strong>Gebaut f\u00fcr industrielle Anforderungen:<\/strong> Die Faser\u00f6ffnungsmaschinen sind mit einem hochbelastbaren Stahlrahmen (800 kg bis 3200 kg) und dynamisch ausgewuchteten Hauptwalzen konstruiert und f\u00fcr einen kontinuierlichen, stabilen Betrieb ausgelegt. Das bedeutet weniger Vibrationen, eine l\u00e4ngere Lebensdauer und minimale Ausfallzeiten.<\/li> <li><strong>Vielseitigkeit in der Anwendung: <\/strong>Eine Maschine verarbeitet eine riesige Bandbreite von Materialien. Verarbeiten Sie m\u00fchelos alles von Rohbaumwolle und Wolle bis hin zu Polyesterfasern und Textilabf\u00e4llen, was sie zu einem vielseitigen Verm\u00f6genswert f\u00fcr jede Produktionslinie macht.<\/li> <li><strong>Reduzierte Betriebskosten:<\/strong> Hohe Effizienz bedeutet geringeren Energieverbrauch pro Kilogramm produzierter Faser. Die hohe Ausgabequalit\u00e4t reduziert auch Materialverschwendung und eliminiert die Notwendigkeit kostspieliger Nachbearbeitung, was sich direkt auf Ihr Endergebnis auswirkt.<\/li> <\/ul> <div id='gallery-2' class='gallery galleryid-17473 gallery-columns-3 gallery-size-full'><figure class='gallery-item'> \t\t\t<div class='gallery-icon landscape'> \t\t\t\t<a href='https:\/\/recyclingequipinc.com\/de\/?attachment_id=17484'><img loading=\"lazy\" decoding=\"async\" width=\"720\" height=\"540\" src=\"https:\/\/recyclingequipinc.com\/wp-content\/uploads\/2025\/08\/Stainless-steel-spike-roller-for-fiber-opening-machine.webp\" class=\"attachment-full size-full\" alt=\"Edelstahl-Stachelwalze f\u00fcr Faser\u00f6ffnungsmaschine\" aria-describedby=\"gallery-2-17484\" srcset=\"https:\/\/recyclingequipinc.com\/wp-content\/uploads\/2025\/08\/Stainless-steel-spike-roller-for-fiber-opening-machine.webp 720w, https:\/\/recyclingequipinc.com\/wp-content\/uploads\/2025\/08\/Stainless-steel-spike-roller-for-fiber-opening-machine-300x225.webp 300w, https:\/\/recyclingequipinc.com\/wp-content\/uploads\/2025\/08\/Stainless-steel-spike-roller-for-fiber-opening-machine-16x12.webp 16w\" sizes=\"(max-width: 720px) 100vw, 720px\" \/><\/a> \t\t\t<\/div> \t\t\t\t<figcaption class='wp-caption-text gallery-caption' id='gallery-2-17484'> \t\t\t\tEdelstahl-Stachelwalze f\u00fcr Faser\u00f6ffnungsmaschine \t\t\t\t<\/figcaption><\/figure><figure class='gallery-item'> \t\t\t<div class='gallery-icon landscape'> \t\t\t\t<a href='https:\/\/recyclingequipinc.com\/de\/?attachment_id=17482'><img loading=\"lazy\" decoding=\"async\" width=\"720\" height=\"540\" src=\"https:\/\/recyclingequipinc.com\/wp-content\/uploads\/2025\/08\/details-of-the-textile-opening-machine.webp\" class=\"attachment-full size-full\" alt=\"Details der Textil\u00f6ffnungsmaschine\" aria-describedby=\"gallery-2-17482\" srcset=\"https:\/\/recyclingequipinc.com\/wp-content\/uploads\/2025\/08\/details-of-the-textile-opening-machine.webp 720w, https:\/\/recyclingequipinc.com\/wp-content\/uploads\/2025\/08\/details-of-the-textile-opening-machine-300x225.webp 300w, https:\/\/recyclingequipinc.com\/wp-content\/uploads\/2025\/08\/details-of-the-textile-opening-machine-16x12.webp 16w\" sizes=\"(max-width: 720px) 100vw, 720px\" \/><\/a> \t\t\t<\/div> \t\t\t\t<figcaption class='wp-caption-text gallery-caption' id='gallery-2-17482'> \t\t\t\tDetails der Textil\u00f6ffnungsmaschine \t\t\t\t<\/figcaption><\/figure> \t\t<\/div>  <h2>Parameter der Polyesterfaser-\u00d6ffnungsmaschine<\/h2> <p>Unsere Faser\u00f6ffnungsmaschinen sind darauf ausgelegt, Rohfasern und Textilabf\u00e4lle in hochwertige, wiederverwendbare Materialien zu verwandeln. W\u00e4hlen Sie die perfekte L\u00f6sung f\u00fcr Ihre Produktionslinie. Wenn Sie Fragen haben, kontaktieren Sie uns bitte!<\/p> <table style=\"border-collapse: collapse; width: 100%;\"> <tbody> <tr> <td style=\"width: 20%;\">Merkmal<\/td> <td style=\"width: 20%;\">Einstiegsmodell<\/td> <td style=\"width: 20%;\">Standardmodell<\/td> <td style=\"width: 20%;\">Profi-Modell<\/td> <td style=\"width: 20%;\">Elite-Modell<\/td> <\/tr> <tr> <td style=\"width: 20%;\">Modell-ID<\/td> <td style=\"width: 20%;\">FO-1000-1R<\/td> <td style=\"width: 20%;\">FO-1000-2R<\/td> <td style=\"width: 20%;\">FO-1000-3R<\/td> <td style=\"width: 20%;\">FO-1000-4R<\/td> <\/tr> <tr> <td style=\"width: 20%;\">Am besten geeignet f\u00fcr<\/td> <td style=\"width: 20%;\">Start-ups, grundlegendes Rei\u00dfen von Abf\u00e4llen<\/td> <td style=\"width: 20%;\">Kleine bis mittlere Fabriken<\/td> <td style=\"width: 20%;\">Hochwertige Faserverarbeitung<\/td> <td style=\"width: 20%;\">Anspruchsvolle industrielle Anwendungen<\/td> <\/tr> <tr> <td style=\"width: 20%;\">\u00d6ffnungsstufen<\/td> <td style=\"width: 20%;\">Einzelstufe<\/td> <td style=\"width: 20%;\">Doppelstufe<\/td> <td style=\"width: 20%;\">Dreifachstufe<\/td> <td style=\"width: 20%;\">Vierfachstufe<\/td> <\/tr> <tr> <td style=\"width: 20%;\">Qualit\u00e4t der Faserabgabe<\/td> <td style=\"width: 20%;\">Gut<\/td> <td style=\"width: 20%;\">Besser<\/td> <td style=\"width: 20%;\">Ausgezeichnet<\/td> <td style=\"width: 20%;\">\u00dcberragend\/Hochrein<\/td> <\/tr> <tr> <td style=\"width: 20%;\">Stundenproduktion<\/td> <td style=\"width: 20%;\">bis zu 250 kg<\/td> <td style=\"width: 20%;\">bis zu 400 kg<\/td> <td style=\"width: 20%;\">bis zu 550 kg<\/td> <td style=\"width: 20%;\">Bis zu 700 kg<\/td> <\/tr> <tr> <td style=\"width: 20%;\">Leistungsbedarf<\/td> <td style=\"width: 20%;\">11 kW<\/td> <td style=\"width: 20%;\">29 kW<\/td> <td style=\"width: 20%;\">34 kW<\/td> <td style=\"width: 20%;\">40 kW<\/td> <\/tr> <\/tbody> <\/table> <div id='gallery-3' class='gallery galleryid-17473 gallery-columns-3 gallery-size-full'><figure class='gallery-item'> \t\t\t<div class='gallery-icon landscape'> \t\t\t\t<a href='https:\/\/recyclingequipinc.com\/de\/?attachment_id=17479'><img loading=\"lazy\" decoding=\"async\" width=\"1706\" height=\"1280\" src=\"https:\/\/recyclingequipinc.com\/wp-content\/uploads\/2025\/08\/2-roll-fiber-opening-machine.webp\" class=\"attachment-full size-full\" alt=\"2-Walzen-Faser\u00f6ffnungsmaschine\" aria-describedby=\"gallery-3-17479\" srcset=\"https:\/\/recyclingequipinc.com\/wp-content\/uploads\/2025\/08\/2-roll-fiber-opening-machine.webp 1706w, https:\/\/recyclingequipinc.com\/wp-content\/uploads\/2025\/08\/2-roll-fiber-opening-machine-300x225.webp 300w, https:\/\/recyclingequipinc.com\/wp-content\/uploads\/2025\/08\/2-roll-fiber-opening-machine-1024x768.webp 1024w, https:\/\/recyclingequipinc.com\/wp-content\/uploads\/2025\/08\/2-roll-fiber-opening-machine-768x576.webp 768w, https:\/\/recyclingequipinc.com\/wp-content\/uploads\/2025\/08\/2-roll-fiber-opening-machine-16x12.webp 16w, https:\/\/recyclingequipinc.com\/wp-content\/uploads\/2025\/08\/2-roll-fiber-opening-machine-1536x1152.webp 1536w, https:\/\/recyclingequipinc.com\/wp-content\/uploads\/2025\/08\/2-roll-fiber-opening-machine-750x563.webp 750w\" sizes=\"(max-width: 1706px) 100vw, 1706px\" \/><\/a> \t\t\t<\/div> \t\t\t\t<figcaption class='wp-caption-text gallery-caption' id='gallery-3-17479'> \t\t\t\t2-Walzen-Faser\u00f6ffnungsmaschine \t\t\t\t<\/figcaption><\/figure><figure class='gallery-item'> \t\t\t<div class='gallery-icon landscape'> \t\t\t\t<a href='https:\/\/recyclingequipinc.com\/de\/?attachment_id=17480'><img loading=\"lazy\" decoding=\"async\" width=\"720\" height=\"540\" src=\"https:\/\/recyclingequipinc.com\/wp-content\/uploads\/2025\/08\/3-rollers-fiber-opener.webp\" class=\"attachment-full size-full\" alt=\"3-Walzen-Faser\u00f6ffner\" aria-describedby=\"gallery-3-17480\" srcset=\"https:\/\/recyclingequipinc.com\/wp-content\/uploads\/2025\/08\/3-rollers-fiber-opener.webp 720w, https:\/\/recyclingequipinc.com\/wp-content\/uploads\/2025\/08\/3-rollers-fiber-opener-300x225.webp 300w, https:\/\/recyclingequipinc.com\/wp-content\/uploads\/2025\/08\/3-rollers-fiber-opener-16x12.webp 16w\" sizes=\"(max-width: 720px) 100vw, 720px\" \/><\/a> \t\t\t<\/div> \t\t\t\t<figcaption class='wp-caption-text gallery-caption' id='gallery-3-17480'> \t\t\t\t3-Walzen-Faser\u00f6ffner \t\t\t\t<\/figcaption><\/figure> \t\t<\/div>  <h2>Wie funktioniert die Textil\u00f6ffnungsmaschine?<\/h2> <p>Unsere Maschine verwandelt Roh- oder Textilabf\u00e4lle durch einen ausgekl\u00fcgelten mehrstufigen \u00d6ffnungsprozess in hochwertige, wiederverwendbare Fasern.<\/p> <ul> <li>Erste Zuf\u00fchrung &amp; Prim\u00e4ro\u0308ffnung: Das Material wird dem System zugef\u00fchrt und trifft auf die Hauptwalze mit hoher Geschwindigkeit. Diese leistungsstarke, dynamisch ausgewuchtete Trommel leistet die Hauptarbeit und bricht komprimierte Ballen und gro\u00dfe Klumpen auf.<\/li> <li>Progressives K\u00e4mmen &amp; Verfeinern: Die Faser durchl\u00e4uft dann eine Reihe kleinerer, spezialisierter Walzen. Jede Walze ist mit einzigartigen Drahtz\u00e4hnen ausgestattet, die das Material progressiv k\u00e4mmen und entwirren, um eine schonende und doch gr\u00fcndliche Trennung zu gew\u00e4hrleisten.<\/li> <li>Schonende &amp; besch\u00e4digungsfreie Ausgabe: Im Gegensatz zu aggressiven Rei\u00dfmethoden ist unser System darauf ausgelegt, die Faserl\u00e4nge und -st\u00e4rke zu erhalten. Das Ergebnis ist eine weiche, saubere und durchweg hochwertige Faser, die den Wert Ihres Materials maximiert.<\/li> <\/ul> <p>Dieser gesamte Prozess basiert auf Stabilit\u00e4t und Langlebigkeit, um einen kontinuierlichen Betrieb mit minimalen Ausfallzeiten und geringem Wartungsaufwand zu gew\u00e4hrleisten.<\/p> <h2>Bauen Sie Ihre komplette Faserverarbeitungslinie auf<\/h2> <p>Wenn Sie sich f\u00fcr Shuli entscheiden, erhalten Sie mehr als nur eine Maschine. Sie erhalten einen zuverl\u00e4ssigen Partner, der sich Ihrem Erfolg widmet.<\/p> <ul> <li>Fachberatung: Unser Team hilft Ihnen bei der Auswahl der perfekten Faser\u00f6ffnungsmaschine f\u00fcr Ihre Materialien und Produktionsziele.<\/li> <li>M\u00fcssen Sie gro\u00dfe Materialien vorverarbeiten? F\u00fcr \u00fcbergro\u00dfe Textilabf\u00e4lle, lange Seile oder verhedderte Garne ist eine <a href=\"https:\/\/recyclingequipinc.com\/de\/produkt\/cotton-waste-cutting-machine\/\">Faserschneidemaschine<\/a> der unerl\u00e4ssliche erste Schritt. Sie schneidet Materialien effizient auf eine einheitliche Gr\u00f6\u00dfe, um eine optimale Leistung zu gew\u00e4hrleisten und Verstopfungen in Ihrer Faser\u00f6ffnungsmaschine zu verhindern.<\/li> <li>Weltweiter Versand &amp; Support: Wir versenden weltweit und bieten umfassenden technischen Support sowie eine 12-monatige Garantie auf alle unsere Ger\u00e4te.<\/li> <\/ul> <h2>Bereit, Ihre Faserverarbeitungslinie zu modernisieren?<\/h2> <p>Lassen Sie keine wertvollen Materialien verschwenden. Kontaktieren Sie uns noch heute, um Ihr Projekt zu besprechen \u2013 von einer einzelnen Maschine bis hin zu einer voll integrierten Verarbeitungslinie \u2013 und erhalten Sie ein pers\u00f6nliches, unverbindliches Angebot.<\/p>","protected":false},"excerpt":{"rendered":"<p>Steigern Sie Ihre Recyclingeffizienz mit Shuliys industrieller Faser\u00f6ffnungsmaschine. Verarbeiten Sie Baumwolle, Textilabf\u00e4lle und Polyester zu hochwertiger, flauschiger Faser f\u00fcr Kissen, Spielzeug und mehr. Holen Sie sich noch heute ein Angebot ein!<\/p>","protected":false},"featured_media":17483,"template":"","meta":{"site-sidebar-layout":"default","site-content-layout":"","ast-site-content-layout":"default","site-content-style":"default","site-sidebar-style":"default","ast-global-header-display":"","ast-banner-title-visibility":"","ast-main-header-display":"","ast-hfb-above-header-display":"","ast-hfb-below-header-display":"","ast-hfb-mobile-header-display":"","site-post-title":"","ast-breadcrumbs-content":"","ast-featured-img":"","footer-sml-layout":"","ast-disable-related-posts":"","theme-transparent-header-meta":"default","adv-header-id-meta":"","stick-header-meta":"","header-above-stick-meta":"","header-main-stick-meta":"","header-below-stick-meta":"","astra-migrate-meta-layouts":"set","ast-page-background-enabled":"default","ast-page-background-meta":{"desktop":{"background-color":"","background-image":"","background-repeat":"repeat","background-position":"center center","background-size":"auto","background-attachment":"scroll","background-type":"","background-media":"","overlay-type":"","overlay-color":"","overlay-opacity":"","overlay-gradient":""},"tablet":{"background-color":"","background-image":"","background-repeat":"repeat","background-position":"center center","background-size":"auto","background-attachment":"scroll","background-type":"","background-media":"","overlay-type":"","overlay-color":"","overlay-opacity":"","overlay-gradient":""},"mobile":{"background-color":"","background-image":"","background-repeat":"repeat","background-position":"center center","background-size":"auto","background-attachment":"scroll","background-type":"","background-media":"","overlay-type":"","overlay-color":"","overlay-opacity":"","overlay-gradient":""}},"ast-content-background-meta":{"desktop":{"background-color":"var(--ast-global-color-5)","background-image":"","background-repeat":"repeat","background-position":"center center","background-size":"auto","background-attachment":"scroll","background-type":"","background-media":"","overlay-type":"","overlay-color":"","overlay-opacity":"","overlay-gradient":""},"tablet":{"background-color":"var(--ast-global-color-5)","background-image":"","background-repeat":"repeat","background-position":"center center","background-size":"auto","background-attachment":"scroll","background-type":"","background-media":"","overlay-type":"","overlay-color":"","overlay-opacity":"","overlay-gradient":""},"mobile":{"background-color":"var(--ast-global-color-5)","background-image":"","background-repeat":"repeat","background-position":"center center","background-size":"auto","background-attachment":"scroll","background-type":"","background-media":"","overlay-type":"","overlay-color":"","overlay-opacity":"","overlay-gradient":""}}},"product_brand":[],"product_cat":[129],"product_tag":[],"class_list":{"0":"post-17473","1":"product","2":"type-product","3":"status-publish","4":"has-post-thumbnail","6":"product_cat-fiber-recycling-machine","7":"desktop-align-center","8":"tablet-align-center","9":"mobile-align-center","11":"first","12":"instock","13":"shipping-taxable","14":"product-type-simple"},"_links":{"self":[{"href":"https:\/\/recyclingequipinc.com\/de\/wp-json\/wp\/v2\/product\/17473","targetHints":{"allow":["GET"]}}],"collection":[{"href":"https:\/\/recyclingequipinc.com\/de\/wp-json\/wp\/v2\/product"}],"about":[{"href":"https:\/\/recyclingequipinc.com\/de\/wp-json\/wp\/v2\/types\/product"}],"version-history":[{"count":0,"href":"https:\/\/recyclingequipinc.com\/de\/wp-json\/wp\/v2\/product\/17473\/revisions"}],"wp:featuredmedia":[{"embeddable":true,"href":"https:\/\/recyclingequipinc.com\/de\/wp-json\/wp\/v2\/media\/17483"}],"wp:attachment":[{"href":"https:\/\/recyclingequipinc.com\/de\/wp-json\/wp\/v2\/media?parent=17473"}],"wp:term":[{"taxonomy":"product_brand","embeddable":true,"href":"https:\/\/recyclingequipinc.com\/de\/wp-json\/wp\/v2\/product_brand?post=17473"},{"taxonomy":"product_cat","embeddable":true,"href":"https:\/\/recyclingequipinc.com\/de\/wp-json\/wp\/v2\/product_cat?post=17473"},{"taxonomy":"product_tag","embeddable":true,"href":"https:\/\/recyclingequipinc.com\/de\/wp-json\/wp\/v2\/product_tag?post=17473"}],"curies":[{"name":"wp","href":"https:\/\/api.w.org\/{rel}","templated":true}]}}