{"id":17439,"date":"2025-08-04T15:07:01","date_gmt":"2025-08-04T07:07:01","guid":{"rendered":"https:\/\/recyclingequipinc.com\/?post_type=product&#038;p=17439"},"modified":"2025-08-04T15:07:01","modified_gmt":"2025-08-04T07:07:01","slug":"tire-debeader-machine","status":"publish","type":"product","link":"https:\/\/recyclingequipinc.com\/de\/product\/tire-debeader-machine\/","title":{"rendered":"Reifenentladermaschine zu verkaufen"},"content":{"rendered":"<p>Altreifen enthalten eine erhebliche Menge an eingebettetem Stahl, was sie schwierig zu zerkleinern macht. Der Einsatz einer Reifenentdrahtungsmaschine zur Entfernung des Stahlrandes erm\u00f6glicht die effiziente Trennung und das Recycling wertvoller Materialien sowie die Verbesserung der gesamten Verarbeitungseffizienz und des wirtschaftlichen Ertrags. Shuliy bietet eine Vielzahl von Drahtziehmaschinen f\u00fcr Reifen an, die f\u00fcr Standardreifen (900\u20131.200 mm) und gro\u00dfe OTR-Reifen (1.800\u20134.000 mm) geeignet sind.<\/p> <div id='gallery-1' class='gallery galleryid-17439 gallery-columns-3 gallery-size-full'><figure class='gallery-item'> \t\t\t<div class='gallery-icon landscape'> \t\t\t\t<a href='https:\/\/recyclingequipinc.com\/de\/?attachment_id=17450'><img fetchpriority=\"high\" decoding=\"async\" width=\"720\" height=\"540\" src=\"https:\/\/recyclingequipinc.com\/wp-content\/uploads\/2025\/08\/single-hook-tire-wire-removal-machine.webp\" class=\"attachment-full size-full\" alt=\"Einzelhaken-Reifen-Drahtentfernungsmachine\" aria-describedby=\"gallery-1-17450\" srcset=\"https:\/\/recyclingequipinc.com\/wp-content\/uploads\/2025\/08\/single-hook-tire-wire-removal-machine.webp 720w, https:\/\/recyclingequipinc.com\/wp-content\/uploads\/2025\/08\/single-hook-tire-wire-removal-machine-300x225.webp 300w, https:\/\/recyclingequipinc.com\/wp-content\/uploads\/2025\/08\/single-hook-tire-wire-removal-machine-16x12.webp 16w\" sizes=\"(max-width: 720px) 100vw, 720px\" \/><\/a> \t\t\t<\/div> \t\t\t\t<figcaption class='wp-caption-text gallery-caption' id='gallery-1-17450'> \t\t\t\tEinzelhaken-Reifen-Drahtentfernungsmachine \t\t\t\t<\/figcaption><\/figure><figure class='gallery-item'> \t\t\t<div class='gallery-icon landscape'> \t\t\t\t<a href='https:\/\/recyclingequipinc.com\/de\/?attachment_id=17448'><img decoding=\"async\" width=\"720\" height=\"540\" src=\"https:\/\/recyclingequipinc.com\/wp-content\/uploads\/2025\/08\/powerful-tire-debeader-for-sale.webp\" class=\"attachment-full size-full\" alt=\"Leistungsstarker Reifen-Drahtentferner zu verkaufen\" aria-describedby=\"gallery-1-17448\" srcset=\"https:\/\/recyclingequipinc.com\/wp-content\/uploads\/2025\/08\/powerful-tire-debeader-for-sale.webp 720w, https:\/\/recyclingequipinc.com\/wp-content\/uploads\/2025\/08\/powerful-tire-debeader-for-sale-300x225.webp 300w, https:\/\/recyclingequipinc.com\/wp-content\/uploads\/2025\/08\/powerful-tire-debeader-for-sale-16x12.webp 16w\" sizes=\"(max-width: 720px) 100vw, 720px\" \/><\/a> \t\t\t<\/div> \t\t\t\t<figcaption class='wp-caption-text gallery-caption' id='gallery-1-17448'> \t\t\t\tLeistungsstarker Reifen-Drahtentferner zu verkaufen \t\t\t\t<\/figcaption><\/figure><figure class='gallery-item'> \t\t\t<div class='gallery-icon landscape'> \t\t\t\t<a href='https:\/\/recyclingequipinc.com\/de\/?attachment_id=17445'><img decoding=\"async\" width=\"720\" height=\"540\" src=\"https:\/\/recyclingequipinc.com\/wp-content\/uploads\/2025\/08\/OTR-tire-debeader-machine.webp\" class=\"attachment-full size-full\" alt=\"OTR-Reifenentladermaschine\" aria-describedby=\"gallery-1-17445\" srcset=\"https:\/\/recyclingequipinc.com\/wp-content\/uploads\/2025\/08\/OTR-tire-debeader-machine.webp 720w, https:\/\/recyclingequipinc.com\/wp-content\/uploads\/2025\/08\/OTR-tire-debeader-machine-300x225.webp 300w, https:\/\/recyclingequipinc.com\/wp-content\/uploads\/2025\/08\/OTR-tire-debeader-machine-16x12.webp 16w\" sizes=\"(max-width: 720px) 100vw, 720px\" \/><\/a> \t\t\t<\/div> \t\t\t\t<figcaption class='wp-caption-text gallery-caption' id='gallery-1-17445'> \t\t\t\tOTR-Reifenentladermaschine \t\t\t\t<\/figcaption><\/figure> \t\t<\/div>  <h2>Hauptmerkmale unserer Reifen-Debeadermaschine zum Verkauf<\/h2> <ul> <li>Robuste, industrietaugliche Bauweise f\u00fcr langfristige Nutzung<\/li> <li>Hochpr\u00e4zise hydraulische Steuerung und Hakenmechanismus<\/li> <li>Einfache Wartung und benutzerfreundliches Design<\/li> <li>Modelle verf\u00fcgbar f\u00fcr sowohl Standard- als auch \u00dcbergr\u00f6\u00dfenreifen<\/li> <li>Schnelle Lieferung und technischer Support weltweit<\/li> <\/ul> <div id='gallery-2' class='gallery galleryid-17439 gallery-columns-3 gallery-size-full'><figure class='gallery-item'> \t\t\t<div class='gallery-icon landscape'> \t\t\t\t<a href='https:\/\/recyclingequipinc.com\/de\/?attachment_id=17444'><img loading=\"lazy\" decoding=\"async\" width=\"720\" height=\"540\" src=\"https:\/\/recyclingequipinc.com\/wp-content\/uploads\/2025\/08\/Effect-of-the-tire-debeader.webp\" class=\"attachment-full size-full\" alt=\"Wirkung des Reifenentdrahtungsger\u00e4ts\" aria-describedby=\"gallery-2-17444\" srcset=\"https:\/\/recyclingequipinc.com\/wp-content\/uploads\/2025\/08\/Effect-of-the-tire-debeader.webp 720w, https:\/\/recyclingequipinc.com\/wp-content\/uploads\/2025\/08\/Effect-of-the-tire-debeader-300x225.webp 300w, https:\/\/recyclingequipinc.com\/wp-content\/uploads\/2025\/08\/Effect-of-the-tire-debeader-16x12.webp 16w\" sizes=\"(max-width: 720px) 100vw, 720px\" \/><\/a> \t\t\t<\/div> \t\t\t\t<figcaption class='wp-caption-text gallery-caption' id='gallery-2-17444'> \t\t\t\tWirkung des Reifenentdrahtungsger\u00e4ts \t\t\t\t<\/figcaption><\/figure><figure class='gallery-item'> \t\t\t<div class='gallery-icon landscape'> \t\t\t\t<a href='https:\/\/recyclingequipinc.com\/de\/?attachment_id=17449'><img loading=\"lazy\" decoding=\"async\" width=\"720\" height=\"540\" src=\"https:\/\/recyclingequipinc.com\/wp-content\/uploads\/2025\/08\/removed-steel-wires.webp\" class=\"attachment-full size-full\" alt=\"entfernte Stahl Dr\u00e4hte\" aria-describedby=\"gallery-2-17449\" srcset=\"https:\/\/recyclingequipinc.com\/wp-content\/uploads\/2025\/08\/removed-steel-wires.webp 720w, https:\/\/recyclingequipinc.com\/wp-content\/uploads\/2025\/08\/removed-steel-wires-300x225.webp 300w, https:\/\/recyclingequipinc.com\/wp-content\/uploads\/2025\/08\/removed-steel-wires-16x12.webp 16w\" sizes=\"(max-width: 720px) 100vw, 720px\" \/><\/a> \t\t\t<\/div> \t\t\t\t<figcaption class='wp-caption-text gallery-caption' id='gallery-2-17449'> \t\t\t\tentfernte Stahl Dr\u00e4hte \t\t\t\t<\/figcaption><\/figure> \t\t<\/div>  <h2>Parameter und Unterschiede verschiedener Reifen-Drahtentfernungsmachines<\/h2> <table style=\"border-collapse: collapse; width: 100%;\"> <tbody> <tr> <td style=\"width: 16.6667%;\">Modell<\/td> <td style=\"width: 16.6667%;\">Einzelhaken-Reifenentdrahtungsmaschine<\/td> <td style=\"width: 16.6667%;\">Doppelhaken-Reifenentdrahtungsmaschine<\/td> <td style=\"width: 16.6667%;\">OTR-Reifen-Drahtziehmaschine<\/td> <\/tr> <tr> <td style=\"width: 16.6667%;\">Hakenanzahl<\/td> <td style=\"width: 16.6667%;\">1<\/td> <td style=\"width: 16.6667%;\">2<\/td> <td style=\"width: 16.6667%;\">1 verst\u00e4rkter Schwerlast-Haken<\/td> <\/tr> <tr> <td style=\"width: 16.6667%;\">Anwendungsreifenma\u00df<\/td> <td style=\"width: 16.6667%;\">900-1200 mm<\/td> <td style=\"width: 16.6667%;\">900-1200 mm<\/td> <td style=\"width: 16.6667%;\">1800-4000 mm<\/td> <\/tr> <tr> <td style=\"width: 16.6667%;\">Funktionsprinzip<\/td> <td style=\"width: 16.6667%;\">Zieht den Draht von einer Seite<\/td> <td style=\"width: 16.6667%;\">Zieht Stahldr\u00e4hte von beiden Seiten<\/td> <td style=\"width: 16.6667%;\">Zieht extrem dicke Stahlringe aus gro\u00dfen OTR-Reifen<\/td> <\/tr> <tr> <td style=\"width: 16.6667%;\">Kapazit\u00e4t<\/td> <td style=\"width: 16.6667%;\">20-30 Reifen\/h<\/td> <td style=\"width: 16.6667%;\">40-50 Reifen\/h<\/td> <td style=\"width: 16.6667%;\">30 Ziehungen\/h<\/td> <\/tr> <tr> <td style=\"width: 16.6667%;\">Leistung<\/td> <td style=\"width: 16.6667%;\">11 kW<\/td> <td style=\"width: 16.6667%;\">18,5 kW<\/td> <td style=\"width: 16.6667%;\">22+3 kW<\/td> <\/tr> <tr> <td style=\"width: 16.6667%;\">Strukturmerkmal<\/td> <td style=\"width: 16.6667%;\">Kompakt<\/td> <td style=\"width: 16.6667%;\">Kompakt<\/td> <td style=\"width: 16.6667%;\">Extra-gro\u00dfes Gestell &amp; hydraulisches System<\/td> <\/tr> <tr> <td style=\"width: 16.6667%;\">Reifenladeverfahren<\/td> <td style=\"width: 16.6667%;\">Manuell oder halbautomatisch<\/td> <td style=\"width: 16.6667%;\">Manuell oder halbautomatisch<\/td> <td style=\"width: 16.6667%;\">Gabelstapler oder Hebevorrichtung<\/td> <\/tr> <tr> <td style=\"width: 16.6667%;\">Zielbenutzer<\/td> <td style=\"width: 16.6667%;\">Kleine Recyclinglinien<\/td> <td style=\"width: 16.6667%;\">Mittlere Recyclinglinien<\/td> <td style=\"width: 16.6667%;\">Schwere OTR-Recyclinganlagen<\/td> <\/tr> <\/tbody> <\/table> <div id='gallery-3' class='gallery galleryid-17439 gallery-columns-3 gallery-size-full'><figure class='gallery-item'> \t\t\t<div class='gallery-icon landscape'> \t\t\t\t<a href='https:\/\/recyclingequipinc.com\/de\/?attachment_id=17451'><img loading=\"lazy\" decoding=\"async\" width=\"720\" height=\"540\" src=\"https:\/\/recyclingequipinc.com\/wp-content\/uploads\/2025\/08\/standard-tire-debeader-machine.webp\" class=\"attachment-full size-full\" alt=\"Standard-Reifenentstahler\" aria-describedby=\"gallery-3-17451\" srcset=\"https:\/\/recyclingequipinc.com\/wp-content\/uploads\/2025\/08\/standard-tire-debeader-machine.webp 720w, https:\/\/recyclingequipinc.com\/wp-content\/uploads\/2025\/08\/standard-tire-debeader-machine-300x225.webp 300w, https:\/\/recyclingequipinc.com\/wp-content\/uploads\/2025\/08\/standard-tire-debeader-machine-16x12.webp 16w\" sizes=\"(max-width: 720px) 100vw, 720px\" \/><\/a> \t\t\t<\/div> \t\t\t\t<figcaption class='wp-caption-text gallery-caption' id='gallery-3-17451'> \t\t\t\tStandard-Reifenentstahler \t\t\t\t<\/figcaption><\/figure><figure class='gallery-item'> \t\t\t<div class='gallery-icon landscape'> \t\t\t\t<a href='https:\/\/recyclingequipinc.com\/de\/?attachment_id=17443'><img loading=\"lazy\" decoding=\"async\" width=\"720\" height=\"540\" src=\"https:\/\/recyclingequipinc.com\/wp-content\/uploads\/2025\/08\/double-single-tire-debeader-machine.webp\" class=\"attachment-full size-full\" alt=\"Doppelter Einzelreifenentstahler\" aria-describedby=\"gallery-3-17443\" srcset=\"https:\/\/recyclingequipinc.com\/wp-content\/uploads\/2025\/08\/double-single-tire-debeader-machine.webp 720w, https:\/\/recyclingequipinc.com\/wp-content\/uploads\/2025\/08\/double-single-tire-debeader-machine-300x225.webp 300w, https:\/\/recyclingequipinc.com\/wp-content\/uploads\/2025\/08\/double-single-tire-debeader-machine-16x12.webp 16w\" sizes=\"(max-width: 720px) 100vw, 720px\" \/><\/a> \t\t\t<\/div> \t\t\t\t<figcaption class='wp-caption-text gallery-caption' id='gallery-3-17443'> \t\t\t\tDoppelter Einzelreifenentstahler \t\t\t\t<\/figcaption><\/figure> \t\t<\/div>  <div id='gallery-4' class='gallery galleryid-17439 gallery-columns-3 gallery-size-full'><figure class='gallery-item'> \t\t\t<div class='gallery-icon portrait'> \t\t\t\t<a href='https:\/\/recyclingequipinc.com\/de\/?attachment_id=17446'><img loading=\"lazy\" decoding=\"async\" width=\"540\" height=\"720\" src=\"https:\/\/recyclingequipinc.com\/wp-content\/uploads\/2025\/08\/OTR-tire-steel-wire-drawing-machine.webp\" class=\"attachment-full size-full\" alt=\"OTR-Reifen Stahldrahtziehmaschine\" aria-describedby=\"gallery-4-17446\" srcset=\"https:\/\/recyclingequipinc.com\/wp-content\/uploads\/2025\/08\/OTR-tire-steel-wire-drawing-machine.webp 540w, https:\/\/recyclingequipinc.com\/wp-content\/uploads\/2025\/08\/OTR-tire-steel-wire-drawing-machine-225x300.webp 225w, https:\/\/recyclingequipinc.com\/wp-content\/uploads\/2025\/08\/OTR-tire-steel-wire-drawing-machine-9x12.webp 9w\" sizes=\"(max-width: 540px) 100vw, 540px\" \/><\/a> \t\t\t<\/div> \t\t\t\t<figcaption class='wp-caption-text gallery-caption' id='gallery-4-17446'> \t\t\t\tOTR-Reifen Stahldrahtziehmaschine \t\t\t\t<\/figcaption><\/figure><figure class='gallery-item'> \t\t\t<div class='gallery-icon portrait'> \t\t\t\t<a href='https:\/\/recyclingequipinc.com\/de\/?attachment_id=17447'><img loading=\"lazy\" decoding=\"async\" width=\"540\" height=\"720\" src=\"https:\/\/recyclingequipinc.com\/wp-content\/uploads\/2025\/08\/OTR-tyre-debeading-machine.webp\" class=\"attachment-full size-full\" alt=\"OTR-Reifen Abziehmaschine\" aria-describedby=\"gallery-4-17447\" srcset=\"https:\/\/recyclingequipinc.com\/wp-content\/uploads\/2025\/08\/OTR-tyre-debeading-machine.webp 540w, https:\/\/recyclingequipinc.com\/wp-content\/uploads\/2025\/08\/OTR-tyre-debeading-machine-225x300.webp 225w, https:\/\/recyclingequipinc.com\/wp-content\/uploads\/2025\/08\/OTR-tyre-debeading-machine-9x12.webp 9w\" sizes=\"(max-width: 540px) 100vw, 540px\" \/><\/a> \t\t\t<\/div> \t\t\t\t<figcaption class='wp-caption-text gallery-caption' id='gallery-4-17447'> \t\t\t\tOTR-Reifen Abziehmaschine \t\t\t\t<\/figcaption><\/figure> \t\t<\/div>  <p>Die OTR-Reifen-Debeadermaschine ist mit einem einzelnen verst\u00e4rkten hydraulischen Haken ausgestattet, der speziell daf\u00fcr entwickelt wurde, den extrem dicken Stahlwulst von gro\u00dfen Off-Road-Reifen (OTR) zu entfernen, die typischerweise einen Durchmesser von 1800 bis 4000 mm haben. Obwohl sie technisch gesehen nur einen Haken hat, ist dieser Haken deutlich gr\u00f6\u00dfer, st\u00e4rker und f\u00fcr industrielle Kraft ausgelegt \u2013 im Gegensatz zu den Standardhaken an kleinen Debeadermaschinen.<\/p> <p>Im Vergleich dazu sind die Einzelhaken- und Doppelhaken-Debeaders f\u00fcr normale Auto-, Lkw- und Busreifen (900\u20131200 mm) konzipiert. Sie sind kompakt, leichter zu bewegen und f\u00fcr kleinere Betriebe ausgelegt. Das Doppelhakenmodell erh\u00f6ht die Effizienz, indem es beide Seiten des Reifens gleichzeitig bearbeitet, w\u00e4hrend das OTR-Modell auf St\u00e4rke und Stabilit\u00e4t f\u00fcr \u00fcbergro\u00dfe, schwere Reifen fokussiert ist.<\/p> <h2>Wie funktioniert die Reifen-Drahtentferner-Maschine?<\/h2> <p>Alle unsere Reifenabziehmaschinen folgen einem \u00e4hnlichen Arbeitsprinzip, mit einigen Variationen je nach Modelltyp. Der typische Betriebsprozess umfasst:<\/p> <ol> <li>Reifenbeladung: Der Altreifen wird manuell oder mechanisch auf den Arbeitstisch oder den Tragarm der Maschine gelegt. Standardmodelle (Einzel-\/Doppelhaken) unterst\u00fctzen die manuelle Beladung. Das OTR-Modell erfordert aufgrund der Reifengr\u00f6\u00dfe einen Gabelstapler oder eine Hebevorrichtung.<\/li> <li><span style=\"font-size: 16px;\">Klemmen und Positionierung: <\/span><span style=\"font-size: 16px;\">Der Reifen wird durch hydraulischen Druck fest eingespannt, um Bewegungen w\u00e4hrend der Extraktion zu verhindern.<\/span><\/li> <li>Haken Einf\u00fcgen: Ein hydraulischer Haken wird in den Wulstbereich des Reifens eingef\u00fchrt, um den eingebetteten Stahldraht zu erfassen. Das Einzelhakenmodell arbeitet jeweils an einer Seite. Das Doppelhakenmodell arbeitet gleichzeitig an beiden Seiten. Das OTR-Modell verwendet einen verst\u00e4rkten Haken f\u00fcr dicke Stahlw\u00fclste.<\/li> <li>Drahtentfernung: Der Haken wird vom Hydraulikzylinder nach au\u00dfen gezogen, wodurch der Stahlring sanft herausgezogen wird.<\/li> <li>Entladen und Wiederholen: Der Reifen (nun ohne Stahl) wird freigegeben und entfernt. Der Prozess wird f\u00fcr den n\u00e4chsten Reifen wiederholt.<\/li> <\/ol> <h2>Ausgabe der Reifen-Draht-Extraktionsmaschine<\/h2> <p>Nach der Drahtentfernung erh\u00e4lt man zwei Ausg\u00e4nge: den Stahlperlen-Draht und den Gummireifenk\u00f6rper ohne Stahl. Jeder hat eigene Merkmale und Verwendungen:<\/p> <ul> <li><strong>Stahldrahtkern:<\/strong> Hochfeste, mehrschichtige Stahlringe mit minimalen Gummir\u00fcckst\u00e4nden. Sie k\u00f6nnen direkt an Stahlwerke zum Einschmelzen verkauft oder in einigen Anwendungen als alternative industrielle Brennstoffe verwendet werden.<\/li> <li><strong style=\"font-size: 16px;\">Gummireifen-K\u00f6rper:<\/strong> <span style=\"font-size: 16px;\">Sobald der Stahl entfernt ist, kann der Reifen weiterverarbeitet werden mit einem <a href=\"https:\/\/recyclingequipinc.com\/de\/produkt\/hydraulic-tire-cutter\/\">Reifen-Schneidemaschine<\/a>, <a href=\"https:\/\/recyclingequipinc.com\/de\/produkt\/tire-rubber-shredder-for-sale\/\">Reifenzerkleinerer<\/a>, und Gummigranulator. F\u00fcr gro\u00dfe OTR-Reifen kann der OTR-Debeaders mit einem OTR-Reifenzerkleinerer kombiniert werden, um eine effiziente Vorbehandlung zu gew\u00e4hrleisten.<\/span><\/li> <\/ul> <h2>Reifenentladermaschine zu verkaufen<\/h2> <p>Shuliy Machinery verpflichtet sich, langlebige, leistungsstarke Reifenentmantelungsmaschinen an Recyclingunternehmen weltweit zu liefern. Egal, ob Sie Standard-Pkw-Reifen oder riesige OTR-Reifen bearbeiten, wir haben eine L\u00f6sung, die auf Ihre Bed\u00fcrfnisse zugeschnitten ist. Kontaktieren Sie unser Team jetzt, um ein kostenloses Angebot und eine Beratung zu erhalten. Wir helfen Ihnen, das richtige Modell auszuw\u00e4hlen und bieten umfassende technische Unterst\u00fctzung f\u00fcr Installation und Betrieb.<\/p>","protected":false},"excerpt":{"rendered":"<p>Shuliy bietet eine Vielzahl von Maschinen zum Entfernen von Reifenstahldraht an, darunter Modelle mit ein- und zweifachem Haken sowie spezielle Maschinen f\u00fcr OTR-Reifen. Diese Maschinen entfernen effizient Stahlringdr\u00e4hte und verbessern die Recyclingeffizienz.<\/p>","protected":false},"featured_media":17445,"template":"","meta":{"site-sidebar-layout":"default","site-content-layout":"","ast-site-content-layout":"default","site-content-style":"default","site-sidebar-style":"default","ast-global-header-display":"","ast-banner-title-visibility":"","ast-main-header-display":"","ast-hfb-above-header-display":"","ast-hfb-below-header-display":"","ast-hfb-mobile-header-display":"","site-post-title":"","ast-breadcrumbs-content":"","ast-featured-img":"","footer-sml-layout":"","ast-disable-related-posts":"","theme-transparent-header-meta":"default","adv-header-id-meta":"","stick-header-meta":"","header-above-stick-meta":"","header-main-stick-meta":"","header-below-stick-meta":"","astra-migrate-meta-layouts":"set","ast-page-background-enabled":"default","ast-page-background-meta":{"desktop":{"background-color":"","background-image":"","background-repeat":"repeat","background-position":"center center","background-size":"auto","background-attachment":"scroll","background-type":"","background-media":"","overlay-type":"","overlay-color":"","overlay-opacity":"","overlay-gradient":""},"tablet":{"background-color":"","background-image":"","background-repeat":"repeat","background-position":"center center","background-size":"auto","background-attachment":"scroll","background-type":"","background-media":"","overlay-type":"","overlay-color":"","overlay-opacity":"","overlay-gradient":""},"mobile":{"background-color":"","background-image":"","background-repeat":"repeat","background-position":"center center","background-size":"auto","background-attachment":"scroll","background-type":"","background-media":"","overlay-type":"","overlay-color":"","overlay-opacity":"","overlay-gradient":""}},"ast-content-background-meta":{"desktop":{"background-color":"var(--ast-global-color-5)","background-image":"","background-repeat":"repeat","background-position":"center center","background-size":"auto","background-attachment":"scroll","background-type":"","background-media":"","overlay-type":"","overlay-color":"","overlay-opacity":"","overlay-gradient":""},"tablet":{"background-color":"var(--ast-global-color-5)","background-image":"","background-repeat":"repeat","background-position":"center center","background-size":"auto","background-attachment":"scroll","background-type":"","background-media":"","overlay-type":"","overlay-color":"","overlay-opacity":"","overlay-gradient":""},"mobile":{"background-color":"var(--ast-global-color-5)","background-image":"","background-repeat":"repeat","background-position":"center center","background-size":"auto","background-attachment":"scroll","background-type":"","background-media":"","overlay-type":"","overlay-color":"","overlay-opacity":"","overlay-gradient":""}}},"product_brand":[],"product_cat":[128],"product_tag":[],"class_list":{"0":"post-17439","1":"product","2":"type-product","3":"status-publish","4":"has-post-thumbnail","6":"product_cat-tire-recycling-machine","7":"desktop-align-center","8":"tablet-align-center","9":"mobile-align-center","11":"first","12":"instock","13":"shipping-taxable","14":"product-type-simple"},"_links":{"self":[{"href":"https:\/\/recyclingequipinc.com\/de\/wp-json\/wp\/v2\/product\/17439","targetHints":{"allow":["GET"]}}],"collection":[{"href":"https:\/\/recyclingequipinc.com\/de\/wp-json\/wp\/v2\/product"}],"about":[{"href":"https:\/\/recyclingequipinc.com\/de\/wp-json\/wp\/v2\/types\/product"}],"version-history":[{"count":0,"href":"https:\/\/recyclingequipinc.com\/de\/wp-json\/wp\/v2\/product\/17439\/revisions"}],"wp:featuredmedia":[{"embeddable":true,"href":"https:\/\/recyclingequipinc.com\/de\/wp-json\/wp\/v2\/media\/17445"}],"wp:attachment":[{"href":"https:\/\/recyclingequipinc.com\/de\/wp-json\/wp\/v2\/media?parent=17439"}],"wp:term":[{"taxonomy":"product_brand","embeddable":true,"href":"https:\/\/recyclingequipinc.com\/de\/wp-json\/wp\/v2\/product_brand?post=17439"},{"taxonomy":"product_cat","embeddable":true,"href":"https:\/\/recyclingequipinc.com\/de\/wp-json\/wp\/v2\/product_cat?post=17439"},{"taxonomy":"product_tag","embeddable":true,"href":"https:\/\/recyclingequipinc.com\/de\/wp-json\/wp\/v2\/product_tag?post=17439"}],"curies":[{"name":"wp","href":"https:\/\/api.w.org\/{rel}","templated":true}]}}