{"id":17387,"date":"2025-07-21T15:40:31","date_gmt":"2025-07-21T07:40:31","guid":{"rendered":"https:\/\/recyclingequipinc.com\/?post_type=product&#038;p=17387"},"modified":"2025-07-21T15:40:31","modified_gmt":"2025-07-21T07:40:31","slug":"tire-rubber-shredder-for-sale","status":"publish","type":"product","link":"https:\/\/recyclingequipinc.com\/de\/product\/tire-rubber-shredder-for-sale\/","title":{"rendered":"Reifen-Gummi-Schredder zu verkaufen | Reifen-Schreddermaschine"},"content":{"rendered":"<p>Da die Automobil- und Ingenieurindustrie weiterhin w\u00e4chst, steigt der Bedarf an Reifenrecycling. Der zum Verkauf stehende Reifenrubber-Schredder ist eine wichtige Ausr\u00fcstung f\u00fcr das Recycling.<br \/> Es zerkleinert Altreifen und produziert gleichm\u00e4\u00dfige, kleine Gummist\u00fccke, die leicht zu mahlen, zu transportieren, zu lagern oder als Rohmaterial f\u00fcr neue Gummiprodukte zu verwenden sind.<\/p> <div id='gallery-1' class='gallery galleryid-17387 gallery-columns-3 gallery-size-full'><figure class='gallery-item'> \t\t\t<div class='gallery-icon landscape'> \t\t\t\t<a href='https:\/\/recyclingequipinc.com\/de\/?attachment_id=17399'><img fetchpriority=\"high\" decoding=\"async\" width=\"720\" height=\"540\" src=\"https:\/\/recyclingequipinc.com\/wp-content\/uploads\/2025\/07\/industrial-rubber-shredder.webp\" class=\"attachment-full size-full\" alt=\"Industrieller Gummischredder\" aria-describedby=\"gallery-1-17399\" srcset=\"https:\/\/recyclingequipinc.com\/wp-content\/uploads\/2025\/07\/industrial-rubber-shredder.webp 720w, https:\/\/recyclingequipinc.com\/wp-content\/uploads\/2025\/07\/industrial-rubber-shredder-300x225.webp 300w, https:\/\/recyclingequipinc.com\/wp-content\/uploads\/2025\/07\/industrial-rubber-shredder-16x12.webp 16w\" sizes=\"(max-width: 720px) 100vw, 720px\" \/><\/a> \t\t\t<\/div> \t\t\t\t<figcaption class='wp-caption-text gallery-caption' id='gallery-1-17399'> \t\t\t\tIndustrieller Gummischredder \t\t\t\t<\/figcaption><\/figure><figure class='gallery-item'> \t\t\t<div class='gallery-icon landscape'> \t\t\t\t<a href='https:\/\/recyclingequipinc.com\/de\/?attachment_id=17400'><img decoding=\"async\" width=\"720\" height=\"540\" src=\"https:\/\/recyclingequipinc.com\/wp-content\/uploads\/2025\/07\/rubber-blocks-processed-by-rubber-tire-chipper.webp\" class=\"attachment-full size-full\" alt=\"Gummiblocke, die von einem Gummireifenzerkleinerer verarbeitet wurden\" aria-describedby=\"gallery-1-17400\" srcset=\"https:\/\/recyclingequipinc.com\/wp-content\/uploads\/2025\/07\/rubber-blocks-processed-by-rubber-tire-chipper.webp 720w, https:\/\/recyclingequipinc.com\/wp-content\/uploads\/2025\/07\/rubber-blocks-processed-by-rubber-tire-chipper-300x225.webp 300w, https:\/\/recyclingequipinc.com\/wp-content\/uploads\/2025\/07\/rubber-blocks-processed-by-rubber-tire-chipper-16x12.webp 16w\" sizes=\"(max-width: 720px) 100vw, 720px\" \/><\/a> \t\t\t<\/div> \t\t\t\t<figcaption class='wp-caption-text gallery-caption' id='gallery-1-17400'> \t\t\t\tGummiblocke, die von einem Gummireifenzerkleinerer verarbeitet wurden \t\t\t\t<\/figcaption><\/figure> \t\t<\/div>  <h2>Rohstoffe und Ausgang des Reifenzerkleinerungsmaschinen<\/h2> <p class=\"translation-block\">Der Shuliy Reifen-Gummischredder zum Verkauf ist in verschiedenen Modellen und Gr\u00f6\u00dfen erh\u00e4ltlich und bietet Flexibilit\u00e4t zur Anpassung an unterschiedliche Produktionsbed\u00fcrfnisse und Anwendungen. Der Zerkleinerer kann alle Arten von Reifen verarbeiten, einschlie\u00dflich Automobil-, Bau- (OTR) und gro\u00dfe OTR-Reifen. Sowohl <a href=\"https:\/\/recyclingequipinc.com\/de\/produkt\/rubber-powder-production-line\/\">automatische<\/a> als auch <a href=\"https:\/\/recyclingequipinc.com\/de\/produkt\/waste-tire-recycling-line\/\">halbautomatische Gummipulver-Produktionslinien<\/a> k\u00f6nnen entsprechend angepasst werden.<\/p> <p>Der industrielle Reifenzerkleinerer kann folgende Rohmaterialien verarbeiten:<\/p> <ul> <li>Komplettr\u00e4der (bis zu 1400 mm Durchmesser)<\/li> <li>Zerlegte oder entdrillte Reifenbestandteile<\/li> <li>Reifenabschnitte oder -streifen schneiden<\/li> <\/ul> <div id='gallery-2' class='gallery galleryid-17387 gallery-columns-3 gallery-size-full'><figure class='gallery-item'> \t\t\t<div class='gallery-icon landscape'> \t\t\t\t<a href='https:\/\/recyclingequipinc.com\/de\/?attachment_id=17408'><img decoding=\"async\" width=\"720\" height=\"540\" src=\"https:\/\/recyclingequipinc.com\/wp-content\/uploads\/2025\/07\/whole-tires.webp\" class=\"attachment-full size-full\" alt=\"komplette Reifen\" aria-describedby=\"gallery-2-17408\" srcset=\"https:\/\/recyclingequipinc.com\/wp-content\/uploads\/2025\/07\/whole-tires.webp 720w, https:\/\/recyclingequipinc.com\/wp-content\/uploads\/2025\/07\/whole-tires-300x225.webp 300w, https:\/\/recyclingequipinc.com\/wp-content\/uploads\/2025\/07\/whole-tires-16x12.webp 16w\" sizes=\"(max-width: 720px) 100vw, 720px\" \/><\/a> \t\t\t<\/div> \t\t\t\t<figcaption class='wp-caption-text gallery-caption' id='gallery-2-17408'> \t\t\t\tkomplette Reifen \t\t\t\t<\/figcaption><\/figure><figure class='gallery-item'> \t\t\t<div class='gallery-icon landscape'> \t\t\t\t<a href='https:\/\/recyclingequipinc.com\/de\/?attachment_id=17398'><img loading=\"lazy\" decoding=\"async\" width=\"720\" height=\"540\" src=\"https:\/\/recyclingequipinc.com\/wp-content\/uploads\/2025\/07\/disintegrated-OTR-tires.webp\" class=\"attachment-full size-full\" alt=\"zerfallene OTR-Reifen\" aria-describedby=\"gallery-2-17398\" srcset=\"https:\/\/recyclingequipinc.com\/wp-content\/uploads\/2025\/07\/disintegrated-OTR-tires.webp 720w, https:\/\/recyclingequipinc.com\/wp-content\/uploads\/2025\/07\/disintegrated-OTR-tires-300x225.webp 300w, https:\/\/recyclingequipinc.com\/wp-content\/uploads\/2025\/07\/disintegrated-OTR-tires-16x12.webp 16w\" sizes=\"(max-width: 720px) 100vw, 720px\" \/><\/a> \t\t\t<\/div> \t\t\t\t<figcaption class='wp-caption-text gallery-caption' id='gallery-2-17398'> \t\t\t\tzerfallene OTR-Reifen \t\t\t\t<\/figcaption><\/figure> \t\t<\/div>  <p>Die Gr\u00f6\u00dfe der zerkleinerten Gummist\u00fccke kann durch den Austausch des Siebs angepasst werden. Ein typischer Ausgabebereich liegt zwischen 50 und 100 mm, um unterschiedlichen Anforderungen an die nachfolgende Verarbeitung gerecht zu werden.<\/p> <figure id=\"attachment_17407\" aria-describedby=\"caption-attachment-17407\" style=\"width: 720px\" class=\"wp-caption alignnone\"><img loading=\"lazy\" decoding=\"async\" class=\"wp-image-17407 size-full\" src=\"https:\/\/recyclingequipinc.com\/wp-content\/uploads\/2025\/07\/uniform-tire-blocks.webp\" alt=\"einheitliche Reifenbl\u00f6cke\" width=\"720\" height=\"540\" srcset=\"https:\/\/recyclingequipinc.com\/wp-content\/uploads\/2025\/07\/uniform-tire-blocks.webp 720w, https:\/\/recyclingequipinc.com\/wp-content\/uploads\/2025\/07\/uniform-tire-blocks-300x225.webp 300w, https:\/\/recyclingequipinc.com\/wp-content\/uploads\/2025\/07\/uniform-tire-blocks-16x12.webp 16w\" sizes=\"(max-width: 720px) 100vw, 720px\" \/><figcaption id=\"caption-attachment-17407\" class=\"wp-caption-text\">einheitliche Reifenbl\u00f6cke<\/figcaption><\/figure> <h2>Hauptmerkmale des zum Verkauf stehenden Gummischredders<\/h2> <ul> <li data-start=\"78\" data-end=\"181\"> <p data-start=\"81\" data-end=\"181\" class=\"translation-block\"><strong data-start=\"81\" data-end=\"101\">Breite Anwendung: <\/strong>Geeignet f\u00fcr alle Arten von Altreifen, einschlie\u00dflich Auto-, LKW-, OTR-Reifen usw.<\/p> <\/li> <li data-start=\"182\" data-end=\"280\"> <p data-start=\"185\" data-end=\"280\" class=\"translation-block\"><strong data-start=\"185\" data-end=\"207\">Leistungsstarkes Zerkleinern: <\/strong>Das Design mit hohem Drehmoment und niedriger Drehzahl sorgt f\u00fcr starke, effiziente Leistung.<\/p> <\/li> <li data-start=\"281\" data-end=\"368\"> <p data-start=\"284\" data-end=\"368\" class=\"translation-block\"><strong data-start=\"284\" data-end=\"304\">Robuste Struktur: <\/strong>Schwerlastrahmen f\u00fcr kontinuierlichen und stabilen Betrieb.<\/p> <\/li> <li data-start=\"369\" data-end=\"458\"> <p data-start=\"372\" data-end=\"458\" class=\"translation-block\"><strong data-start=\"372\" data-end=\"390\">Gleichm\u00e4\u00dfige Ausgabe: <\/strong>Saubere, gleichm\u00e4\u00dfig gro\u00dfe Gummibl\u00f6cke, ideal f\u00fcr die Weiterverarbeitung.<\/p> <\/li> <li data-start=\"459\" data-end=\"570\"> <p data-start=\"462\" data-end=\"570\" class=\"translation-block\"><strong data-start=\"462\" data-end=\"483\">Verstellbares Sieb: <\/strong>Die Ausgabegr\u00f6\u00dfe ist einstellbar (typischerweise 50\u2013100 mm); das Sieb ist leicht zu ersetzen und zu warten.<\/p> <\/li> <li data-start=\"571\" data-end=\"676\"> <p data-start=\"574\" data-end=\"676\" class=\"translation-block\"><strong data-start=\"574\" data-end=\"598\">Zuverl\u00e4ssiger Kundendienst: <\/strong>Garantie mit optionaler Vor-Ort-Installation und technischem Support.<\/p> <\/li> <\/ul> <div id='gallery-3' class='gallery galleryid-17387 gallery-columns-3 gallery-size-full'><figure class='gallery-item'> \t\t\t<div class='gallery-icon landscape'> \t\t\t\t<a href='https:\/\/recyclingequipinc.com\/de\/?attachment_id=17405'><img loading=\"lazy\" decoding=\"async\" width=\"720\" height=\"540\" src=\"https:\/\/recyclingequipinc.com\/wp-content\/uploads\/2025\/07\/tire-shredding-machine-screens.webp\" class=\"attachment-full size-full\" alt=\"Reifenzerkleinerungsmaschinen-Bildschirme\" aria-describedby=\"gallery-3-17405\" srcset=\"https:\/\/recyclingequipinc.com\/wp-content\/uploads\/2025\/07\/tire-shredding-machine-screens.webp 720w, https:\/\/recyclingequipinc.com\/wp-content\/uploads\/2025\/07\/tire-shredding-machine-screens-300x225.webp 300w, https:\/\/recyclingequipinc.com\/wp-content\/uploads\/2025\/07\/tire-shredding-machine-screens-16x12.webp 16w\" sizes=\"(max-width: 720px) 100vw, 720px\" \/><\/a> \t\t\t<\/div> \t\t\t\t<figcaption class='wp-caption-text gallery-caption' id='gallery-3-17405'> \t\t\t\tReifenzerkleinerungsmaschinen-Bildschirme \t\t\t\t<\/figcaption><\/figure><figure class='gallery-item'> \t\t\t<div class='gallery-icon landscape'> \t\t\t\t<a href='https:\/\/recyclingequipinc.com\/de\/?attachment_id=17397'><img loading=\"lazy\" decoding=\"async\" width=\"720\" height=\"540\" src=\"https:\/\/recyclingequipinc.com\/wp-content\/uploads\/2025\/07\/blades-of-tire-rubber-shredders.webp\" class=\"attachment-full size-full\" alt=\"Klingen von Reifenrubberzerkleinerern\" aria-describedby=\"gallery-3-17397\" srcset=\"https:\/\/recyclingequipinc.com\/wp-content\/uploads\/2025\/07\/blades-of-tire-rubber-shredders.webp 720w, https:\/\/recyclingequipinc.com\/wp-content\/uploads\/2025\/07\/blades-of-tire-rubber-shredders-300x225.webp 300w, https:\/\/recyclingequipinc.com\/wp-content\/uploads\/2025\/07\/blades-of-tire-rubber-shredders-16x12.webp 16w\" sizes=\"(max-width: 720px) 100vw, 720px\" \/><\/a> \t\t\t<\/div> \t\t\t\t<figcaption class='wp-caption-text gallery-caption' id='gallery-3-17397'> \t\t\t\tKlingen von Reifenrubberzerkleinerern \t\t\t\t<\/figcaption><\/figure> \t\t<\/div>  <h2>Liste der Gummischreddermaschinen<\/h2> <p>Ein professioneller Reifenzerkleinerer, der entwickelt wurde, um alle Arten von Reifen in gleichm\u00e4\u00dfige Gummiblocke (50\u2013100 mm) zu schneiden, ideal f\u00fcr Recycling, Mahlen oder alternative Brennstoffnutzung. Diese Reifenzerkleinerer sind in mehreren Modellen erh\u00e4ltlich, um Ihren Produktionsanforderungen gerecht zu werden.<\/p> <table> <thead> <tr> <th><strong>Modell<\/strong><\/th> <th><strong>SL-900<\/strong><\/th> <th><strong>SL-1000<\/strong><\/th> <th><strong>SL-1200<\/strong><\/th> <th><strong>SL-1500<\/strong><\/th> <th><strong>SL-1800<\/strong><\/th> <\/tr> <\/thead> <tbody> <tr> <td><strong>Kapazit\u00e4t<\/strong><\/td> <td>2 Tonnen\/h<\/td> <td>4 Tonnen\/h<\/td> <td>5\u20136 Tonnen\/h<\/td> <td>8\u201310 Tonnen\/h<\/td> <td>15\u201320 Tonnen\/h<\/td> <\/tr> <tr> <td><strong>Eingangsgr\u00f6\u00dfe<\/strong><\/td> <td>\u2264900 mm<\/td> <td>\u22641000 mm<\/td> <td>\u22641200 mm<\/td> <td>\u22641200 mm<\/td> <td>\u22641400 mm<\/td> <\/tr> <tr> <td><strong>Ausgangsgr\u00f6\u00dfe<\/strong><\/td> <td>50 mm<\/td> <td>60 mm<\/td> <td>60 mm<\/td> <td>75 mm<\/td> <td>100 mm<\/td> <\/tr> <tr> <td><strong>Motorleistung<\/strong><\/td> <td>64,5 kW<\/td> <td>94,5 kW<\/td> <td>157 kW<\/td> <td>188,5 kW<\/td> <td>328,5 kW<\/td> <\/tr> <tr> <td><strong>Klingen-Spezifikationen<\/strong><\/td> <td>360 mm \u00d8 \/ 50 mm dick \/ 16 St\u00fcck<\/td> <td>440 mm \u00d8 \/ 50 mm dick \/ 16 St\u00fcck<\/td> <td>510 mm \u00d8 \/ 60 mm dick \/ 18 St\u00fcck<\/td> <td>580 mm \u00d8 \/ 75 mm dick \/ 20 St\u00fcck<\/td> <td>650 mm \u00d8 \/ 100 mm dick \/ 18 St\u00fcck<\/td> <\/tr> <tr> <td><strong>Maschinengewicht<\/strong><\/td> <td>10 Tonnen<\/td> <td>13 Tonnen<\/td> <td>15,8 Tonnen<\/td> <td>18,6 Tonnen<\/td> <td>26 Tonnen<\/td> <\/tr> <tr> <td><strong>Fu\u00dfabdruck<\/strong><\/td> <td>9*5*2,8 m<\/td> <td>10*6*3.2 m<\/td> <td>10*6*3.2 m<\/td> <td>20*10*3.5 m<\/td> <td>20*12*4 m<\/td> <\/tr> <tr> <td><strong>F\u00f6rderbandgr\u00f6\u00dfe<\/strong><\/td> <td>7200*950 mm<\/td> <td>7200*1150 mm<\/td> <td>7200*1350 mm<\/td> <td>7200*1350 mm<\/td> <td>7200*1550 mm<\/td> <\/tr> <tr> <td><strong>Klingenmaterial<\/strong><\/td> <td>Legierter Stahlverbund<\/td> <td>Legierter Stahlverbund<\/td> <td>Legierter Stahlverbund<\/td> <td>Legierter Stahlverbund<\/td> <td>Legierter Stahlverbund<\/td> <\/tr> <\/tbody> <\/table> <div id='gallery-4' class='gallery galleryid-17387 gallery-columns-3 gallery-size-full'><figure class='gallery-item'> \t\t\t<div class='gallery-icon landscape'> \t\t\t\t<a href='https:\/\/recyclingequipinc.com\/de\/?attachment_id=17404'><img loading=\"lazy\" decoding=\"async\" width=\"720\" height=\"540\" src=\"https:\/\/recyclingequipinc.com\/wp-content\/uploads\/2025\/07\/tire-rubber-shredder-for-sale.webp\" class=\"attachment-full size-full\" alt=\"Reifen-Gummischredder zu verkaufen\" aria-describedby=\"gallery-4-17404\" srcset=\"https:\/\/recyclingequipinc.com\/wp-content\/uploads\/2025\/07\/tire-rubber-shredder-for-sale.webp 720w, https:\/\/recyclingequipinc.com\/wp-content\/uploads\/2025\/07\/tire-rubber-shredder-for-sale-300x225.webp 300w, https:\/\/recyclingequipinc.com\/wp-content\/uploads\/2025\/07\/tire-rubber-shredder-for-sale-16x12.webp 16w\" sizes=\"(max-width: 720px) 100vw, 720px\" \/><\/a> \t\t\t<\/div> \t\t\t\t<figcaption class='wp-caption-text gallery-caption' id='gallery-4-17404'> \t\t\t\tReifen-Gummischredder zu verkaufen \t\t\t\t<\/figcaption><\/figure><figure class='gallery-item'> \t\t\t<div class='gallery-icon landscape'> \t\t\t\t<a href='https:\/\/recyclingequipinc.com\/de\/?attachment_id=17402'><img loading=\"lazy\" decoding=\"async\" width=\"720\" height=\"534\" src=\"https:\/\/recyclingequipinc.com\/wp-content\/uploads\/2025\/07\/rubber-shredding-machine.webp\" class=\"attachment-full size-full\" alt=\"Gummizerkleinerungsmaschine\" aria-describedby=\"gallery-4-17402\" srcset=\"https:\/\/recyclingequipinc.com\/wp-content\/uploads\/2025\/07\/rubber-shredding-machine.webp 720w, https:\/\/recyclingequipinc.com\/wp-content\/uploads\/2025\/07\/rubber-shredding-machine-300x223.webp 300w, https:\/\/recyclingequipinc.com\/wp-content\/uploads\/2025\/07\/rubber-shredding-machine-16x12.webp 16w\" sizes=\"(max-width: 720px) 100vw, 720px\" \/><\/a> \t\t\t<\/div> \t\t\t\t<figcaption class='wp-caption-text gallery-caption' id='gallery-4-17402'> \t\t\t\tGummizerkleinerungsmaschine \t\t\t\t<\/figcaption><\/figure><figure class='gallery-item'> \t\t\t<div class='gallery-icon landscape'> \t\t\t\t<a href='https:\/\/recyclingequipinc.com\/de\/?attachment_id=17401'><img loading=\"lazy\" decoding=\"async\" width=\"720\" height=\"540\" src=\"https:\/\/recyclingequipinc.com\/wp-content\/uploads\/2025\/07\/rubber-shredder-for-sale.webp\" class=\"attachment-full size-full\" alt=\"Gummizerkleinerer zu verkaufen\" aria-describedby=\"gallery-4-17401\" srcset=\"https:\/\/recyclingequipinc.com\/wp-content\/uploads\/2025\/07\/rubber-shredder-for-sale.webp 720w, https:\/\/recyclingequipinc.com\/wp-content\/uploads\/2025\/07\/rubber-shredder-for-sale-300x225.webp 300w, https:\/\/recyclingequipinc.com\/wp-content\/uploads\/2025\/07\/rubber-shredder-for-sale-16x12.webp 16w\" sizes=\"(max-width: 720px) 100vw, 720px\" \/><\/a> \t\t\t<\/div> \t\t\t\t<figcaption class='wp-caption-text gallery-caption' id='gallery-4-17401'> \t\t\t\tGummizerkleinerer zu verkaufen \t\t\t\t<\/figcaption><\/figure> \t\t<\/div>  <h2>Funktionsprinzip der Reifenzerkleinerungsmaschine zum Verkauf<\/h2> <p data-start=\"243\" data-end=\"443\">Dieser Gummischredder zum Verkauf verwendet ein Dual-Shaft-Schneiddesign, um Altreifen effizient zu zerkleinern. Ein wichtiges Merkmal ist sein externes Rotationssieb \u2013 \u00fcbergro\u00dfe Materialien, die nicht der festgelegten Ausgabengr\u00f6\u00dfe entsprechen, werden zur\u00fcck in den Trichter rotiert und erneut zerkleinert, um eine gleichm\u00e4\u00dfige Granularit\u00e4t sicherzustellen und die manuelle Handhabung zu minimieren.<\/p> <p data-start=\"671\" data-end=\"1056\" class=\"translation-block\">Angetrieben von einem <strong data-start=\"683\" data-end=\"715\">Motor mit niedriger Drehzahl und hohem Drehmoment<\/strong>, bietet die Maschine eine starke Schneidkraft, geringen Verschlei\u00df und eine lange Lebensdauer. Dieses Design macht sie ideal f\u00fcr Reifen-Schredder-Systeme, industrielles Gummi-Recycling und f\u00fcr den Start oder Ausbau eines Reifen-Schredder-Gesch\u00e4fts. Sie kann auch mit Reifen-Granulatoren zur weiteren Gr\u00f6\u00dfenreduzierung kombiniert werden.<\/p> <figure id=\"attachment_17406\" aria-describedby=\"caption-attachment-17406\" style=\"width: 720px\" class=\"wp-caption alignnone\"><img loading=\"lazy\" decoding=\"async\" class=\"wp-image-17406 size-full\" src=\"https:\/\/recyclingequipinc.com\/wp-content\/uploads\/2025\/07\/tires-fed-into-the-tyre-crusher.webp\" alt=\"Reifen, die in den Reifenzerkleinerer gef\u00fcttert werden\" width=\"720\" height=\"540\" srcset=\"https:\/\/recyclingequipinc.com\/wp-content\/uploads\/2025\/07\/tires-fed-into-the-tyre-crusher.webp 720w, https:\/\/recyclingequipinc.com\/wp-content\/uploads\/2025\/07\/tires-fed-into-the-tyre-crusher-300x225.webp 300w, https:\/\/recyclingequipinc.com\/wp-content\/uploads\/2025\/07\/tires-fed-into-the-tyre-crusher-16x12.webp 16w\" sizes=\"(max-width: 720px) 100vw, 720px\" \/><figcaption id=\"caption-attachment-17406\" class=\"wp-caption-text\">Reifen, die in den Reifenzerkleinerer gef\u00fcttert werden<\/figcaption><\/figure> <h2 data-start=\"75\" data-end=\"118\">Beginnen Sie noch heute, von Reifenabf\u00e4llen zu profitieren<\/h2> <p data-start=\"119\" data-end=\"331\">Unsere fortschrittlichen Gummireifen-Schredder helfen Ihnen, Altreifen m\u00fchelos und effizient in wertvolle Materialien umzuwandeln. Kontaktieren Sie unser Expertenteam \u00fcber WhatsApp: +86 17303831295 f\u00fcr eine kostenlose Beratung und ein Maschinenangebot!<\/p>","protected":false},"excerpt":{"rendered":"<p>Shuliy bietet eine breite Palette von Reifen-Gummischreddern mit einer Kapazit\u00e4t von 2-20 t\/h f\u00fcr kraftvolles Zerkleinern von Altreifen und Gummi an. Die Gr\u00f6\u00dfe der ausgegebenen Gummibl\u00f6cke ist dank des Siebgeh\u00e4uses im Bereich von 50-100 mm einstellbar.<\/p>","protected":false},"featured_media":17403,"template":"","meta":{"site-sidebar-layout":"default","site-content-layout":"","ast-site-content-layout":"default","site-content-style":"default","site-sidebar-style":"default","ast-global-header-display":"","ast-banner-title-visibility":"","ast-main-header-display":"","ast-hfb-above-header-display":"","ast-hfb-below-header-display":"","ast-hfb-mobile-header-display":"","site-post-title":"","ast-breadcrumbs-content":"","ast-featured-img":"","footer-sml-layout":"","ast-disable-related-posts":"","theme-transparent-header-meta":"default","adv-header-id-meta":"","stick-header-meta":"","header-above-stick-meta":"","header-main-stick-meta":"","header-below-stick-meta":"","astra-migrate-meta-layouts":"set","ast-page-background-enabled":"default","ast-page-background-meta":{"desktop":{"background-color":"","background-image":"","background-repeat":"repeat","background-position":"center center","background-size":"auto","background-attachment":"scroll","background-type":"","background-media":"","overlay-type":"","overlay-color":"","overlay-opacity":"","overlay-gradient":""},"tablet":{"background-color":"","background-image":"","background-repeat":"repeat","background-position":"center center","background-size":"auto","background-attachment":"scroll","background-type":"","background-media":"","overlay-type":"","overlay-color":"","overlay-opacity":"","overlay-gradient":""},"mobile":{"background-color":"","background-image":"","background-repeat":"repeat","background-position":"center center","background-size":"auto","background-attachment":"scroll","background-type":"","background-media":"","overlay-type":"","overlay-color":"","overlay-opacity":"","overlay-gradient":""}},"ast-content-background-meta":{"desktop":{"background-color":"var(--ast-global-color-5)","background-image":"","background-repeat":"repeat","background-position":"center center","background-size":"auto","background-attachment":"scroll","background-type":"","background-media":"","overlay-type":"","overlay-color":"","overlay-opacity":"","overlay-gradient":""},"tablet":{"background-color":"var(--ast-global-color-5)","background-image":"","background-repeat":"repeat","background-position":"center center","background-size":"auto","background-attachment":"scroll","background-type":"","background-media":"","overlay-type":"","overlay-color":"","overlay-opacity":"","overlay-gradient":""},"mobile":{"background-color":"var(--ast-global-color-5)","background-image":"","background-repeat":"repeat","background-position":"center center","background-size":"auto","background-attachment":"scroll","background-type":"","background-media":"","overlay-type":"","overlay-color":"","overlay-opacity":"","overlay-gradient":""}}},"product_brand":[],"product_cat":[128],"product_tag":[],"class_list":{"0":"post-17387","1":"product","2":"type-product","3":"status-publish","4":"has-post-thumbnail","6":"product_cat-tire-recycling-machine","7":"desktop-align-center","8":"tablet-align-center","9":"mobile-align-center","11":"first","12":"instock","13":"shipping-taxable","14":"product-type-simple"},"_links":{"self":[{"href":"https:\/\/recyclingequipinc.com\/de\/wp-json\/wp\/v2\/product\/17387","targetHints":{"allow":["GET"]}}],"collection":[{"href":"https:\/\/recyclingequipinc.com\/de\/wp-json\/wp\/v2\/product"}],"about":[{"href":"https:\/\/recyclingequipinc.com\/de\/wp-json\/wp\/v2\/types\/product"}],"version-history":[{"count":0,"href":"https:\/\/recyclingequipinc.com\/de\/wp-json\/wp\/v2\/product\/17387\/revisions"}],"wp:featuredmedia":[{"embeddable":true,"href":"https:\/\/recyclingequipinc.com\/de\/wp-json\/wp\/v2\/media\/17403"}],"wp:attachment":[{"href":"https:\/\/recyclingequipinc.com\/de\/wp-json\/wp\/v2\/media?parent=17387"}],"wp:term":[{"taxonomy":"product_brand","embeddable":true,"href":"https:\/\/recyclingequipinc.com\/de\/wp-json\/wp\/v2\/product_brand?post=17387"},{"taxonomy":"product_cat","embeddable":true,"href":"https:\/\/recyclingequipinc.com\/de\/wp-json\/wp\/v2\/product_cat?post=17387"},{"taxonomy":"product_tag","embeddable":true,"href":"https:\/\/recyclingequipinc.com\/de\/wp-json\/wp\/v2\/product_tag?post=17387"}],"curies":[{"name":"wp","href":"https:\/\/api.w.org\/{rel}","templated":true}]}}