{"id":17366,"date":"2025-07-07T14:33:25","date_gmt":"2025-07-07T06:33:25","guid":{"rendered":"https:\/\/recyclingequipinc.com\/?post_type=product&#038;p=17366"},"modified":"2025-07-07T14:33:25","modified_gmt":"2025-07-07T06:33:25","slug":"plastic-bag-shredder","status":"publish","type":"product","link":"https:\/\/recyclingequipinc.com\/de\/product\/plastic-bag-shredder\/","title":{"rendered":"Plastiktaschen-Schredder zur Recycling von weichem Plastikm\u00fcll"},"content":{"rendered":"<p>In der boomenden Kunststoffrecyclingbranche kann die richtige Ausr\u00fcstung Ihre Effizienz und die Qualit\u00e4t der Ausgaben erheblich verbessern. Unser Kunststoffbeutel-Schredder ist eine Hochleistungsmaschine, die speziell zum Zerkleinern aller Arten von weichen Kunststofffolien und -beuteln entwickelt wurde, einschlie\u00dflich LDPE, HDPE und anderen flexiblen Verpackungsmaterialien. Egal, ob Sie post-consumer Abf\u00e4lle oder industrielle Folienreste verarbeiten, dieser Schredder bietet eine leistungsstarke und zuverl\u00e4ssige L\u00f6sung.<\/p> <h2>Was ist ein Plastikbeutelzerkleinerer?<\/h2> <p data-start=\"793\" data-end=\"1114\">Ein Plastikt\u00fctenzerkleinerer ist eine Maschine, die die Gr\u00f6\u00dfe von Plastikt\u00fcten in kleinere, einheitliche St\u00fccke reduziert, die zum Waschen, Trocknen und zur weiteren Wiederverwertung geeignet sind. Er ist ein entscheidender Bestandteil jeder Recyclinglinie f\u00fcr Kunststofffolien, insbesondere f\u00fcr weiche, leichte Materialien, die mit herk\u00f6mmlichen Zerkleinerern schwer zu verarbeiten sind.<\/p> <p data-start=\"1116\" data-end=\"1139\">Unsere Maschine kann folgende Materialien verarbeiten:<\/p> <ul data-start=\"1140\" data-end=\"1329\"> <li data-start=\"1140\" data-end=\"1171\"> <p data-start=\"1142\" data-end=\"1171\">LDPE- und HDPE-Einkaufsbeutel<\/p> <\/li> <li data-start=\"1172\" data-end=\"1205\"> <p data-start=\"1174\" data-end=\"1205\">M\u00fclls\u00e4cke und Abfallliner<\/p> <\/li> <li data-start=\"1206\" data-end=\"1234\"> <p data-start=\"1208\" data-end=\"1234\">Industrielle Stretchfolien<\/p> <\/li> <li data-start=\"1235\" data-end=\"1280\"> <p data-start=\"1237\" data-end=\"1280\">Lebensmittelverpackungsfolien und Kunststoffverpackungen<\/p> <\/li> <li data-start=\"1281\" data-end=\"1329\"> <p data-start=\"1283\" data-end=\"1329\">Agrar-Mulchfolien und Gew\u00e4chshausabdeckungen<\/p> <\/li> <\/ul> <div id='gallery-1' class='gallery galleryid-17366 gallery-columns-3 gallery-size-full'><figure class='gallery-item'> \t\t\t<div class='gallery-icon landscape'> \t\t\t\t<a href='https:\/\/recyclingequipinc.com\/de\/?attachment_id=17380'><img fetchpriority=\"high\" decoding=\"async\" width=\"740\" height=\"540\" src=\"https:\/\/recyclingequipinc.com\/wp-content\/uploads\/2025\/07\/woven-bags.webp\" class=\"attachment-full size-full\" alt=\"Gewebte Taschen\" aria-describedby=\"gallery-1-17380\" srcset=\"https:\/\/recyclingequipinc.com\/wp-content\/uploads\/2025\/07\/woven-bags.webp 740w, https:\/\/recyclingequipinc.com\/wp-content\/uploads\/2025\/07\/woven-bags-300x219.webp 300w, https:\/\/recyclingequipinc.com\/wp-content\/uploads\/2025\/07\/woven-bags-16x12.webp 16w\" sizes=\"(max-width: 740px) 100vw, 740px\" \/><\/a> \t\t\t<\/div> \t\t\t\t<figcaption class='wp-caption-text gallery-caption' id='gallery-1-17380'> \t\t\t\tGewebte Taschen \t\t\t\t<\/figcaption><\/figure><figure class='gallery-item'> \t\t\t<div class='gallery-icon landscape'> \t\t\t\t<a href='https:\/\/recyclingequipinc.com\/de\/?attachment_id=17372'><img decoding=\"async\" width=\"720\" height=\"540\" src=\"https:\/\/recyclingequipinc.com\/wp-content\/uploads\/2025\/07\/packaging-PE-films.webp\" class=\"attachment-full size-full\" alt=\"Verpackungs-PE-Folien\" aria-describedby=\"gallery-1-17372\" srcset=\"https:\/\/recyclingequipinc.com\/wp-content\/uploads\/2025\/07\/packaging-PE-films.webp 720w, https:\/\/recyclingequipinc.com\/wp-content\/uploads\/2025\/07\/packaging-PE-films-300x225.webp 300w, https:\/\/recyclingequipinc.com\/wp-content\/uploads\/2025\/07\/packaging-PE-films-16x12.webp 16w\" sizes=\"(max-width: 720px) 100vw, 720px\" \/><\/a> \t\t\t<\/div> \t\t\t\t<figcaption class='wp-caption-text gallery-caption' id='gallery-1-17372'> \t\t\t\tVerpackungs-PE-Folien \t\t\t\t<\/figcaption><\/figure><figure class='gallery-item'> \t\t\t<div class='gallery-icon landscape'> \t\t\t\t<a href='https:\/\/recyclingequipinc.com\/de\/?attachment_id=17369'><img decoding=\"async\" width=\"720\" height=\"540\" src=\"https:\/\/recyclingequipinc.com\/wp-content\/uploads\/2025\/07\/agricultural-film.webp\" class=\"attachment-full size-full\" alt=\"Agrarfolie\" aria-describedby=\"gallery-1-17369\" srcset=\"https:\/\/recyclingequipinc.com\/wp-content\/uploads\/2025\/07\/agricultural-film.webp 720w, https:\/\/recyclingequipinc.com\/wp-content\/uploads\/2025\/07\/agricultural-film-300x225.webp 300w, https:\/\/recyclingequipinc.com\/wp-content\/uploads\/2025\/07\/agricultural-film-16x12.webp 16w\" sizes=\"(max-width: 720px) 100vw, 720px\" \/><\/a> \t\t\t<\/div> \t\t\t\t<figcaption class='wp-caption-text gallery-caption' id='gallery-1-17369'> \t\t\t\tAgrarfolie \t\t\t\t<\/figcaption><\/figure> \t\t<\/div>  <h3 data-start=\"1336\" data-end=\"1393\">Hauptmerkmale unseres Kunststoffbeutelzerkleinerers und -schredders<\/h3> <ul data-start=\"1395\" data-end=\"2004\"> <li data-start=\"1395\" data-end=\"1545\"> <p data-start=\"1397\" data-end=\"1545\" class=\"translation-block\"><strong data-start=\"1397\" data-end=\"1431\">Hocheffizientes Schneidesystem<\/strong>: Ausgestattet mit Hochgeschwindigkeits-Drehbl\u00e4ttern und festen Messern, erzieltd eine konstante Gr\u00f6\u00dfenreduktion weicher Kunststoffe.<\/p> <\/li> <li data-start=\"1546\" data-end=\"1676\"> <p data-start=\"1548\" data-end=\"1676\" class=\"translation-block\"><strong data-start=\"1548\" data-end=\"1571\">Anti-Wind-Design<\/strong>: Optimiert f\u00fcr d\u00fcnne, flexible Folien, die sich um Achsen wickeln \u2013 ideal f\u00fcr Beutel und Verpackungsfolien.<\/p> <\/li> <li data-start=\"1677\" data-end=\"1775\"> <p data-start=\"1679\" data-end=\"1775\" class=\"translation-block\"><strong data-start=\"1679\" data-end=\"1699\">Robuste Struktur<\/strong>: Hergestellt aus verschlei\u00dffestem Stahl, um Haltbarkeit und lange Lebensdauer sicherzustellen.<\/p> <\/li> <li data-start=\"1776\" data-end=\"1882\"> <p data-start=\"1778\" data-end=\"1882\" class=\"translation-block\"><strong data-start=\"1778\" data-end=\"1807\">Anpassbare Siebgr\u00f6\u00dfen<\/strong>: Erm\u00f6glicht anpassbare Ausgabengr\u00f6\u00dfen abh\u00e4ngig von Ihren downstream-Anforderungen.<\/p> <\/li> <li data-start=\"1883\" data-end=\"2004\"> <p data-start=\"1885\" data-end=\"2004\" class=\"translation-block\"><strong data-start=\"1885\" data-end=\"1924\">Optionale F\u00f6rder- und Gebl\u00e4seanlage<\/strong>: Erm\u00f6glicht automatisches Ein- und Austragen, ideal f\u00fcr integrierte Recyclinglinien.<\/p> <\/li> <\/ul> <div id='gallery-2' class='gallery galleryid-17366 gallery-columns-3 gallery-size-full'><figure class='gallery-item'> \t\t\t<div class='gallery-icon landscape'> \t\t\t\t<a href='https:\/\/recyclingequipinc.com\/de\/?attachment_id=17376'><img loading=\"lazy\" decoding=\"async\" width=\"720\" height=\"540\" src=\"https:\/\/recyclingequipinc.com\/wp-content\/uploads\/2025\/07\/plastic-film-crusher-blades.webp\" class=\"attachment-full size-full\" alt=\"Kunststofffolienzerkleinerer-Klingen\" aria-describedby=\"gallery-2-17376\" srcset=\"https:\/\/recyclingequipinc.com\/wp-content\/uploads\/2025\/07\/plastic-film-crusher-blades.webp 720w, https:\/\/recyclingequipinc.com\/wp-content\/uploads\/2025\/07\/plastic-film-crusher-blades-300x225.webp 300w, https:\/\/recyclingequipinc.com\/wp-content\/uploads\/2025\/07\/plastic-film-crusher-blades-16x12.webp 16w\" sizes=\"(max-width: 720px) 100vw, 720px\" \/><\/a> \t\t\t<\/div> \t\t\t\t<figcaption class='wp-caption-text gallery-caption' id='gallery-2-17376'> \t\t\t\tKunststofffolienzerkleinerer-Klingen \t\t\t\t<\/figcaption><\/figure><figure class='gallery-item'> \t\t\t<div class='gallery-icon landscape'> \t\t\t\t<a href='https:\/\/recyclingequipinc.com\/de\/?attachment_id=17377'><img loading=\"lazy\" decoding=\"async\" width=\"720\" height=\"540\" src=\"https:\/\/recyclingequipinc.com\/wp-content\/uploads\/2025\/07\/screen-of-the-plastic-film-shredder.webp\" class=\"attachment-full size-full\" alt=\"Sieb des Kunststofffolienzersetzers\" aria-describedby=\"gallery-2-17377\" srcset=\"https:\/\/recyclingequipinc.com\/wp-content\/uploads\/2025\/07\/screen-of-the-plastic-film-shredder.webp 720w, https:\/\/recyclingequipinc.com\/wp-content\/uploads\/2025\/07\/screen-of-the-plastic-film-shredder-300x225.webp 300w, https:\/\/recyclingequipinc.com\/wp-content\/uploads\/2025\/07\/screen-of-the-plastic-film-shredder-16x12.webp 16w\" sizes=\"(max-width: 720px) 100vw, 720px\" \/><\/a> \t\t\t<\/div> \t\t\t\t<figcaption class='wp-caption-text gallery-caption' id='gallery-2-17377'> \t\t\t\tSieb des Kunststofffolienzersetzers \t\t\t\t<\/figcaption><\/figure><figure class='gallery-item'> \t\t\t<div class='gallery-icon landscape'> \t\t\t\t<a href='https:\/\/recyclingequipinc.com\/de\/?attachment_id=17373'><img loading=\"lazy\" decoding=\"async\" width=\"720\" height=\"540\" src=\"https:\/\/recyclingequipinc.com\/wp-content\/uploads\/2025\/07\/plastic-bag-shredder-for-sale.webp\" class=\"attachment-full size-full\" alt=\"Kunststoffbeutelzerkleinerer zu verkaufen\" aria-describedby=\"gallery-2-17373\" srcset=\"https:\/\/recyclingequipinc.com\/wp-content\/uploads\/2025\/07\/plastic-bag-shredder-for-sale.webp 720w, https:\/\/recyclingequipinc.com\/wp-content\/uploads\/2025\/07\/plastic-bag-shredder-for-sale-300x225.webp 300w, https:\/\/recyclingequipinc.com\/wp-content\/uploads\/2025\/07\/plastic-bag-shredder-for-sale-16x12.webp 16w\" sizes=\"(max-width: 720px) 100vw, 720px\" \/><\/a> \t\t\t<\/div> \t\t\t\t<figcaption class='wp-caption-text gallery-caption' id='gallery-2-17373'> \t\t\t\tKunststoffbeutelzerkleinerer zu verkaufen \t\t\t\t<\/figcaption><\/figure> \t\t<\/div>  <h2>Technische Spezifikationen unseres Kunststofffolienzerkleinerers<\/h2> <table> <thead> <tr> <th><strong>Modell<\/strong><\/th> <th><strong>SLSP-600<\/strong><\/th> <th><strong>SLSP-800<\/strong><\/th> <th><strong>SLSP-1000<\/strong><\/th> <\/tr> <\/thead> <tbody> <tr> <td><strong>Motorleistung<\/strong><\/td> <td>30 kW<\/td> <td>45 kW<\/td> <td>55 kW<\/td> <\/tr> <tr> <td><strong>Kapazit\u00e4t<\/strong><\/td> <td>600\u2013800 kg\/h<\/td> <td>800\u20131000 kg\/h<\/td> <td>1000\u20131200 kg\/h<\/td> <\/tr> <tr> <td><strong>Anwendbare Rohstoffe<\/strong><\/td> <td>PE-Folie, LDPE-Folie, HDPE-Folie, Agrar-Mulchfolie, Gew\u00e4chshausfolie, Plastikt\u00fcten, M\u00fclls\u00e4cke, Stretchfolie, Schrumpffolie, bedruckte Folie, weiche Kunststoffverpackungen, Verpackungsfolie<\/td> <td>Gleich wie links<\/td> <td>Gleich wie links<\/td> <\/tr> <tr> <td><strong>Endausgabema\u00df<\/strong><\/td> <td>40\u201350 mm (verstellbare Siebgr\u00f6\u00dfe)<\/td> <td>40\u201350 mm<\/td> <td>40\u201350 mm<\/td> <\/tr> <tr> <td><strong>Messermaterial<\/strong><\/td> <td>60Si2Mn<\/td> <td>60Si2Mn<\/td> <td>60Si2Mn<\/td> <\/tr> <tr> <td><strong>Anzahl der Rotationsmesser<\/strong><\/td> <td>10 St\u00fcck<\/td> <td>10 St\u00fcck<\/td> <td>10 St\u00fcck<\/td> <\/tr> <tr> <td><strong>Breite der Brecherbox<\/strong><\/td> <td>600 mm<\/td> <td>800 mm<\/td> <td>1000 mm<\/td> <\/tr> <tr> <td><strong>Material des Maschinenrahmens<\/strong><\/td> <td>Hochwertiger Edelstahl<\/td> <td>Hochwertiger Edelstahl<\/td> <td>Hochwertiger Edelstahl<\/td> <\/tr> <tr> <td><strong>H\u00e4ufige Anwendungen<\/strong><\/td> <td>Kunststoffbeutelzerkleinerer, Kunststofffolienzerkleinerer, Stretchfolien-Schredder, weicher Kunststoffflockenzerkleinerer<\/td> <td>Gleich wie links<\/td> <td>Gleich wie links<\/td> <\/tr> <\/tbody> <\/table> <p class=\"translation-block\"><em>Hinweis: Ma\u00dfgeschneiderte Modelle sind je nach Rohmaterial und Kapazit\u00e4tsbedarf erh\u00e4ltlich.<\/em><\/p> <figure id=\"attachment_17374\" aria-describedby=\"caption-attachment-17374\" style=\"width: 720px\" class=\"wp-caption aligncenter\"><img loading=\"lazy\" decoding=\"async\" class=\"wp-image-17374 size-full\" src=\"https:\/\/recyclingequipinc.com\/wp-content\/uploads\/2025\/07\/plastic-bag-shredder-in-the-factory.webp\" alt=\"Plastikt\u00fctenzerkleinerer in der Fabrik\" width=\"720\" height=\"540\" srcset=\"https:\/\/recyclingequipinc.com\/wp-content\/uploads\/2025\/07\/plastic-bag-shredder-in-the-factory.webp 720w, https:\/\/recyclingequipinc.com\/wp-content\/uploads\/2025\/07\/plastic-bag-shredder-in-the-factory-300x225.webp 300w, https:\/\/recyclingequipinc.com\/wp-content\/uploads\/2025\/07\/plastic-bag-shredder-in-the-factory-16x12.webp 16w\" sizes=\"(max-width: 720px) 100vw, 720px\" \/><figcaption id=\"caption-attachment-17374\" class=\"wp-caption-text\">Plastikt\u00fctenzerkleinerer in der Fabrik<\/figcaption><\/figure> <p><span style=\"font-size: 1.7em; font-weight: bold;\">Wie funktioniert der Plastikt\u00fctenzerkleinerer?<\/span><\/p> <p data-start=\"145\" data-end=\"459\">Der Plastikbeutelzerkleinerer funktioniert, indem weiche Kunststoffmaterialien \u2013 wie Einkaufstaschen, Stretchfolien oder Verpackungsfolien \u2013 in eine rotierende Schneidkammer eingef\u00fchrt werden. In der Kammer arbeiten Hochgeschwindigkeitsrotormesser zusammen mit station\u00e4ren Messern, um den Kunststoff in kleinere, gleichm\u00e4\u00dfige Flocken zu schneiden und zu rei\u00dfen.<\/p> <p data-start=\"461\" data-end=\"490\">Der Arbeitsprozess umfasst:<\/p> <ol data-start=\"492\" data-end=\"913\"> <li data-start=\"492\" data-end=\"564\"> <p data-start=\"495\" data-end=\"564\" class=\"translation-block\"><strong data-start=\"495\" data-end=\"506\">F\u00f6rderung<\/strong>: Plastikt\u00fcten werden manuell oder \u00fcber ein F\u00f6rderband zugef\u00fchrt.<\/p> <\/li> <li data-start=\"565\" data-end=\"685\"> <p data-start=\"568\" data-end=\"685\" class=\"translation-block\"><strong data-start=\"568\" data-end=\"591\">Schneiden &amp; Zerkleinern<\/strong>: Die rotierenden Messer schneiden das Material gegen feststehende Messer, Verstopfungen und Umwicklungen werden minimiert.<\/p> <\/li> <li data-start=\"686\" data-end=\"802\"> <p data-start=\"689\" data-end=\"802\" class=\"translation-block\"><strong data-start=\"689\" data-end=\"699\">Gr\u00f6\u00dfe<\/strong>: Ein Sieb unterhalb der Messer filtert das Material, sodass nur ordnungsgem\u00e4\u00df geformte Fl\u00f6ckchen durchgehen.<\/p> <\/li> <li data-start=\"803\" data-end=\"913\"> <p data-start=\"806\" data-end=\"913\" class=\"translation-block\"><strong data-start=\"806\" data-end=\"819\">Discharge<\/strong>: Das zerkleinerte Kunststoffmaterial wird gesammelt oder direkt zum Waschen oder Pelletieren transportiert.<\/p> <\/li> <\/ol> <p data-start=\"915\" data-end=\"1058\">Viele Modelle verf\u00fcgen \u00fcber Anti-Wickel-Klingen-Designs und automatische R\u00fccklaufsysteme, um ein Verstopfen zu verhindern \u2013 was sie ideal f\u00fcr weiche, flexible Kunststoffe macht.<\/p> <figure id=\"attachment_17370\" aria-describedby=\"caption-attachment-17370\" style=\"width: 720px\" class=\"wp-caption aligncenter\"><img loading=\"lazy\" decoding=\"async\" class=\"wp-image-17370 size-full\" src=\"https:\/\/recyclingequipinc.com\/wp-content\/uploads\/2025\/07\/Conveyor-Belt-Connection-to-Plastic-Film-Crusher.webp\" alt=\"F\u00f6rderbandanschluss an den Kunststofffolienzerkleinerer\" width=\"720\" height=\"540\" srcset=\"https:\/\/recyclingequipinc.com\/wp-content\/uploads\/2025\/07\/Conveyor-Belt-Connection-to-Plastic-Film-Crusher.webp 720w, https:\/\/recyclingequipinc.com\/wp-content\/uploads\/2025\/07\/Conveyor-Belt-Connection-to-Plastic-Film-Crusher-300x225.webp 300w, https:\/\/recyclingequipinc.com\/wp-content\/uploads\/2025\/07\/Conveyor-Belt-Connection-to-Plastic-Film-Crusher-16x12.webp 16w\" sizes=\"(max-width: 720px) 100vw, 720px\" \/><figcaption id=\"caption-attachment-17370\" class=\"wp-caption-text\">F\u00f6rderbandanschluss an den Kunststofffolienzerkleinerer<\/figcaption><\/figure> <h2 data-start=\"915\" data-end=\"1058\">Effizienter Kunststofffolien-Schredder weltweit installiert<\/h2> <p data-start=\"98\" data-end=\"568\" class=\"translation-block\">Unser Kunststofffolien-Krusher-Maschine, bekannt f\u00fcr ihr <strong data-start=\"150\" data-end=\"264\">Anti-Verwickelungs-Design, hohe Zerkleinerungseffizienz und Kompatibilit\u00e4t mit einer Vielzahl von Weichkunststoffmaterialien<\/strong>, wurde erfolgreich in L\u00e4ndern wie Kenia, S\u00fcdafrika, Saudi-Arabien, Mexiko usw. exportiert. Sie hat Kunden geholfen, ihre Recyclingkapazit\u00e4t effektiv zu steigern und Arbeitskosten zu senken, was weltweit positives Feedback von Kunden erhalten hat.<\/p> <p data-start=\"702\" data-end=\"789\">Um unsere Kunden zu unterst\u00fctzen, bieten wir umfassende After-Sales-Services an, einschlie\u00dflich:<\/p> <ul data-start=\"790\" data-end=\"940\"> <li data-start=\"790\" data-end=\"827\"> <p data-start=\"792\" data-end=\"827\" class=\"translation-block\"><strong data-start=\"792\" data-end=\"827\">Vor-Ort Installation &amp; Schulung<\/strong><\/p> <\/li> <li data-start=\"828\" data-end=\"859\"> <p data-start=\"830\" data-end=\"859\" class=\"translation-block\"><strong data-start=\"830\" data-end=\"859\">Ein-Jahres-Qualit\u00e4tsgarantie<\/strong><\/p> <\/li> <li data-start=\"860\" data-end=\"904\"> <p data-start=\"862\" data-end=\"904\" class=\"translation-block\"><strong data-start=\"862\" data-end=\"904\">Videoanleitung und 24\/7 Online-Support<\/strong><\/p> <\/li> <li data-start=\"905\" data-end=\"940\"> <p data-start=\"907\" data-end=\"940\" class=\"translation-block\"><strong data-start=\"907\" data-end=\"940\">Ersatzteile sofort verf\u00fcgbar<\/strong><\/p> <\/li> <\/ul> <p data-start=\"942\" data-end=\"1105\" class=\"translation-block\">\ud83d\udce9 <strong data-start=\"945\" data-end=\"965\">Kontaktieren Sie uns noch heute<\/strong>, um eine ma\u00dfgeschneiderte L\u00f6sung f\u00fcr Ihr Kunststofffolien-Recycling-Projekt zu erhalten. Lassen Sie uns Ihnen helfen, Ihre Recyclinglinie mit Zuversicht zu starten oder zu aktualisieren! Wir bieten auch <a href=\"https:\/\/recyclingequipinc.com\/de\/produkt\/waste-plastic-crusher\/\">Hard Plastic Crusher<\/a>, <a href=\"https:\/\/recyclingequipinc.com\/de\/produkt\/styrofoam-shredder\/\">Styrofoam Shredder<\/a> und <a href=\"https:\/\/recyclingequipinc.com\/de\/produkt\/pet-plastic-bottle-crushing-machine\/\">PET-Flaschen-Shredder<\/a> an.<\/p>","protected":false},"excerpt":{"rendered":"<p class=\"translation-block\"><strong data-start=\"38\" data-end=\"72\">Shuliy\u2019s plastic bag shredder<\/strong> ist darauf ausgelegt, weiche Kunststoffe effizient zu zerkleinern \u2014 kein Verhaken oder Verwickeln mehr. Von Plastikt\u00fcten bis Stretchfolie verwandelt es verwickelte Abf\u00e4lle in saubere, gleichm\u00e4\u00dfige Flocken und erh\u00f6ht Ihre Recycling-Ausgabe.<\/p>","protected":false},"featured_media":17375,"template":"","meta":{"site-sidebar-layout":"default","site-content-layout":"","ast-site-content-layout":"default","site-content-style":"default","site-sidebar-style":"default","ast-global-header-display":"","ast-banner-title-visibility":"","ast-main-header-display":"","ast-hfb-above-header-display":"","ast-hfb-below-header-display":"","ast-hfb-mobile-header-display":"","site-post-title":"","ast-breadcrumbs-content":"","ast-featured-img":"","footer-sml-layout":"","ast-disable-related-posts":"","theme-transparent-header-meta":"default","adv-header-id-meta":"","stick-header-meta":"","header-above-stick-meta":"","header-main-stick-meta":"","header-below-stick-meta":"","astra-migrate-meta-layouts":"set","ast-page-background-enabled":"default","ast-page-background-meta":{"desktop":{"background-color":"","background-image":"","background-repeat":"repeat","background-position":"center center","background-size":"auto","background-attachment":"scroll","background-type":"","background-media":"","overlay-type":"","overlay-color":"","overlay-opacity":"","overlay-gradient":""},"tablet":{"background-color":"","background-image":"","background-repeat":"repeat","background-position":"center center","background-size":"auto","background-attachment":"scroll","background-type":"","background-media":"","overlay-type":"","overlay-color":"","overlay-opacity":"","overlay-gradient":""},"mobile":{"background-color":"","background-image":"","background-repeat":"repeat","background-position":"center center","background-size":"auto","background-attachment":"scroll","background-type":"","background-media":"","overlay-type":"","overlay-color":"","overlay-opacity":"","overlay-gradient":""}},"ast-content-background-meta":{"desktop":{"background-color":"var(--ast-global-color-5)","background-image":"","background-repeat":"repeat","background-position":"center center","background-size":"auto","background-attachment":"scroll","background-type":"","background-media":"","overlay-type":"","overlay-color":"","overlay-opacity":"","overlay-gradient":""},"tablet":{"background-color":"var(--ast-global-color-5)","background-image":"","background-repeat":"repeat","background-position":"center center","background-size":"auto","background-attachment":"scroll","background-type":"","background-media":"","overlay-type":"","overlay-color":"","overlay-opacity":"","overlay-gradient":""},"mobile":{"background-color":"var(--ast-global-color-5)","background-image":"","background-repeat":"repeat","background-position":"center center","background-size":"auto","background-attachment":"scroll","background-type":"","background-media":"","overlay-type":"","overlay-color":"","overlay-opacity":"","overlay-gradient":""}}},"product_brand":[],"product_cat":[36],"product_tag":[],"class_list":{"0":"post-17366","1":"product","2":"type-product","3":"status-publish","4":"has-post-thumbnail","6":"product_cat-plastic-recycling-machine","7":"desktop-align-center","8":"tablet-align-center","9":"mobile-align-center","11":"first","12":"instock","13":"shipping-taxable","14":"product-type-simple"},"_links":{"self":[{"href":"https:\/\/recyclingequipinc.com\/de\/wp-json\/wp\/v2\/product\/17366","targetHints":{"allow":["GET"]}}],"collection":[{"href":"https:\/\/recyclingequipinc.com\/de\/wp-json\/wp\/v2\/product"}],"about":[{"href":"https:\/\/recyclingequipinc.com\/de\/wp-json\/wp\/v2\/types\/product"}],"version-history":[{"count":0,"href":"https:\/\/recyclingequipinc.com\/de\/wp-json\/wp\/v2\/product\/17366\/revisions"}],"wp:featuredmedia":[{"embeddable":true,"href":"https:\/\/recyclingequipinc.com\/de\/wp-json\/wp\/v2\/media\/17375"}],"wp:attachment":[{"href":"https:\/\/recyclingequipinc.com\/de\/wp-json\/wp\/v2\/media?parent=17366"}],"wp:term":[{"taxonomy":"product_brand","embeddable":true,"href":"https:\/\/recyclingequipinc.com\/de\/wp-json\/wp\/v2\/product_brand?post=17366"},{"taxonomy":"product_cat","embeddable":true,"href":"https:\/\/recyclingequipinc.com\/de\/wp-json\/wp\/v2\/product_cat?post=17366"},{"taxonomy":"product_tag","embeddable":true,"href":"https:\/\/recyclingequipinc.com\/de\/wp-json\/wp\/v2\/product_tag?post=17366"}],"curies":[{"name":"wp","href":"https:\/\/api.w.org\/{rel}","templated":true}]}}