{"id":17313,"date":"2025-06-23T16:06:20","date_gmt":"2025-06-23T08:06:20","guid":{"rendered":"https:\/\/recyclingequipinc.com\/?post_type=product&#038;p=17313"},"modified":"2025-06-23T16:06:20","modified_gmt":"2025-06-23T08:06:20","slug":"waste-tire-strip-cutter","status":"publish","type":"product","link":"https:\/\/recyclingequipinc.com\/de\/product\/waste-tire-strip-cutter\/","title":{"rendered":"Abfallreifenstreifen-Schneider"},"content":{"rendered":"<p>Selbst nachdem die eingebetteten Stahlkabel entfernt wurden, ist der verbleibende Gummiteil des Reifens immer noch dick und robust, was es schwierig macht, ihn direkt zu zerschneiden oder zu mahlen. Um dies zu l\u00f6sen, wird ein Reifenstreifenschneider verwendet, um das Reifenprofil in 3\u20135 cm breite Gummistreifen zu schneiden, wodurch die Vorbehandlungsphase abgeschlossen wird und die Effizienz des Reifenrecyclings erheblich verbessert wird.<\/p> <figure id=\"attachment_17343\" aria-describedby=\"caption-attachment-17343\" style=\"width: 720px\" class=\"wp-caption aligncenter\"><img fetchpriority=\"high\" decoding=\"async\" class=\"wp-image-17343 size-full\" src=\"https:\/\/recyclingequipinc.com\/wp-content\/uploads\/2025\/06\/tire-strip-cutter-machine.webp\" alt=\"Reifenstreifenschneidemaschine\" width=\"720\" height=\"540\" srcset=\"https:\/\/recyclingequipinc.com\/wp-content\/uploads\/2025\/06\/tire-strip-cutter-machine.webp 720w, https:\/\/recyclingequipinc.com\/wp-content\/uploads\/2025\/06\/tire-strip-cutter-machine-300x225.webp 300w, https:\/\/recyclingequipinc.com\/wp-content\/uploads\/2025\/06\/tire-strip-cutter-machine-16x12.webp 16w\" sizes=\"(max-width: 720px) 100vw, 720px\" \/><figcaption id=\"caption-attachment-17343\" class=\"wp-caption-text\">Reifenstreifenschneidemaschine<\/figcaption><\/figure> <h2>Anwendung und Ausgabe der Reifenstreifen-Schneidemaschine<\/h2> <h3>Arbeitsbereich<\/h3> <p data-start=\"70\" data-end=\"500\" class=\"translation-block\">Die Shuliy Reifenstreifen-Schneidemaschine wird h\u00e4ufig in <a href=\"https:\/\/recyclingequipinc.com\/de\/produkt\/waste-tire-recycling-line\/\">halbautomatischen Reifenrecyclinglinien<\/a> eingesetzt, um Reifen mit einem Durchmesser von bis zu <strong data-start=\"190\" data-end=\"212\">1200 mm<\/strong> zu verarbeiten. Sie arbeitet in Kombination mit Maschinen wie dem <a href=\"https:\/\/recyclingequipinc.com\/de\/produkt\/tire-sidewall-cutter\/\">Reifenflanken-Schneider<\/a> und <a href=\"https:\/\/recyclingequipinc.com\/de\/produkt\/tire-block-cutter\/\">Reifenblock-Schneider<\/a> und erm\u00f6glicht eine schrittweise Demontage von Altreifen und reduziert die Belastung der nachfolgenden Zerkleinerungsger\u00e4te.<\/p> <p data-start=\"502\" data-end=\"840\" class=\"translation-block\">Sie ist weit verbreitet in der Recyclingindustrie f\u00fcr Autoreifen, Lkw-Reifen und andere \u00e4hnliche Typen. Mit ihrer breiten Kompatibilit\u00e4t und zuverl\u00e4ssigen Leistung ist diese Maschine ein unverzichtbares Werkzeug f\u00fcr <strong data-start=\"696\" data-end=\"777\">Reifenrecyclinganlagen, Schrottverarbeitungszentren, Hersteller von Gummiprodukten<\/strong> und andere Einrichtungen, die die Reifenvorverarbeitung optimieren m\u00f6chten.<\/p> <h3 data-start=\"502\" data-end=\"840\">Endprodukte<\/h3> <p data-start=\"672\" data-end=\"851\" class=\"translation-block\">Die Reifenstreifen-Schneidemaschine schneidet diese Gummilauffl\u00e4chen in gleichm\u00e4\u00dfige <strong data-start=\"744\" data-end=\"761\">Gummistreifen<\/strong>, die typischerweise <strong data-start=\"773\" data-end=\"792\">3\u20135 cm breit<\/strong> sind, abh\u00e4ngig vom Abstand der Schneidklingen. Diese Streifen sind geeignet f\u00fcr eine weitere Bearbeitung zu Bl\u00f6cken.<\/p> <div id='gallery-1' class='gallery galleryid-17313 gallery-columns-3 gallery-size-full'><figure class='gallery-item'> \t\t\t<div class='gallery-icon landscape'> \t\t\t\t<a href='https:\/\/recyclingequipinc.com\/de\/?attachment_id=17339'><img decoding=\"async\" width=\"720\" height=\"540\" src=\"https:\/\/recyclingequipinc.com\/wp-content\/uploads\/2025\/06\/put-tire-sidewall-between-the-two-rollers.webp\" class=\"attachment-full size-full\" alt=\"Reifenflanke zwischen die beiden Walzen legen\" aria-describedby=\"gallery-1-17339\" srcset=\"https:\/\/recyclingequipinc.com\/wp-content\/uploads\/2025\/06\/put-tire-sidewall-between-the-two-rollers.webp 720w, https:\/\/recyclingequipinc.com\/wp-content\/uploads\/2025\/06\/put-tire-sidewall-between-the-two-rollers-300x225.webp 300w, https:\/\/recyclingequipinc.com\/wp-content\/uploads\/2025\/06\/put-tire-sidewall-between-the-two-rollers-16x12.webp 16w\" sizes=\"(max-width: 720px) 100vw, 720px\" \/><\/a> \t\t\t<\/div> \t\t\t\t<figcaption class='wp-caption-text gallery-caption' id='gallery-1-17339'> \t\t\t\tReifenflanke zwischen die beiden Walzen legen \t\t\t\t<\/figcaption><\/figure><figure class='gallery-item'> \t\t\t<div class='gallery-icon landscape'> \t\t\t\t<a href='https:\/\/recyclingequipinc.com\/de\/?attachment_id=17338'><img decoding=\"async\" width=\"720\" height=\"540\" src=\"https:\/\/recyclingequipinc.com\/wp-content\/uploads\/2025\/06\/output-long-rubber-strips.webp\" class=\"attachment-full size-full\" alt=\"lange Gummistreifen ausgeben\" aria-describedby=\"gallery-1-17338\" srcset=\"https:\/\/recyclingequipinc.com\/wp-content\/uploads\/2025\/06\/output-long-rubber-strips.webp 720w, https:\/\/recyclingequipinc.com\/wp-content\/uploads\/2025\/06\/output-long-rubber-strips-300x225.webp 300w, https:\/\/recyclingequipinc.com\/wp-content\/uploads\/2025\/06\/output-long-rubber-strips-16x12.webp 16w\" sizes=\"(max-width: 720px) 100vw, 720px\" \/><\/a> \t\t\t<\/div> \t\t\t\t<figcaption class='wp-caption-text gallery-caption' id='gallery-1-17338'> \t\t\t\tlange Gummistreifen ausgeben \t\t\t\t<\/figcaption><\/figure> \t\t<\/div>  <h2 data-start=\"672\" data-end=\"851\">Warum ist unsere Reifenstreifen-Schneidemaschine auf dem Markt beliebt?<\/h2> <p data-start=\"170\" data-end=\"452\">Als erfahrener Anbieter von Maschinen zur Reifenrecycling hat Shuliy Machinery ma\u00dfgeschneiderte Reifenzerkleinerungsl\u00f6sungen f\u00fcr Gummirecycler auf der ganzen Welt bereitgestellt. Unser Gummireifenstreifenschneider ist mit Vielseitigkeit, Effizienz und Benutzerfreundlichkeit im Hinterkopf konzipiert. Zu den Hauptmerkmalen geh\u00f6ren:<\/p> <ul> <li data-start=\"456\" data-end=\"566\"><strong data-start=\"456\" data-end=\"478\">Breite Kompatibilit\u00e4t<\/strong>Geeignet f\u00fcr die Verarbeitung verschiedener Arten von Altreifen mit Durchmessern bis zu <strong data-start=\"554\" data-end=\"564\">1200mm<\/strong><\/li> <li data-start=\"456\" data-end=\"566\"><strong data-start=\"569\" data-end=\"592\">Hochwertige Klingen<\/strong>Ausgestattet mit scharfen, verschlei\u00dffesten Legierungsschneidern f\u00fcr eine langlebige und effiziente Leistung<\/li> <li data-start=\"691\" data-end=\"800\"><strong data-start=\"691\" data-end=\"717\">Verstellbare Ausgabengr\u00f6\u00dfe<\/strong>Die Breite der Gummistreifen kann angepasst werden, um spezifischen Anforderungen der nachgelagerten Verarbeitung gerecht zu werden<\/li> <li data-start=\"803\" data-end=\"916\"><strong data-start=\"803\" data-end=\"835\">Einfach zu bedienen und zu warten<\/strong>Benutzerfreundliches Design mit Betriebsanleitung und Unterst\u00fctzung durch Shuliy<\/li> <li data-start=\"919\" data-end=\"1003\"><strong data-start=\"919\" data-end=\"945\">Sauberes, pr\u00e4zises Schneiden<\/strong>Produziert gummierte Streifen mit glatten Kanten und minimalem Abfall<\/li> <li data-start=\"1006\" data-end=\"1163\"><strong data-start=\"1006\" data-end=\"1046\">Schnelle Lieferung und Installationssupport<\/strong>Maschinen werden schnell versandt, mit optionalem Vor-Ort-Installationsservice, um Ihnen zu helfen, die Produktion ohne Verz\u00f6gerung zu starten<\/li> <\/ul> <div id='gallery-2' class='gallery galleryid-17313 gallery-columns-3 gallery-size-full'><figure class='gallery-item'> \t\t\t<div class='gallery-icon landscape'> \t\t\t\t<a href='https:\/\/recyclingequipinc.com\/de\/?attachment_id=17341'><img loading=\"lazy\" decoding=\"async\" width=\"720\" height=\"540\" src=\"https:\/\/recyclingequipinc.com\/wp-content\/uploads\/2025\/06\/rubber-strip-cutting-machine.webp\" class=\"attachment-full size-full\" alt=\"Gummistreifenschneidemaschine\" aria-describedby=\"gallery-2-17341\" srcset=\"https:\/\/recyclingequipinc.com\/wp-content\/uploads\/2025\/06\/rubber-strip-cutting-machine.webp 720w, https:\/\/recyclingequipinc.com\/wp-content\/uploads\/2025\/06\/rubber-strip-cutting-machine-300x225.webp 300w, https:\/\/recyclingequipinc.com\/wp-content\/uploads\/2025\/06\/rubber-strip-cutting-machine-16x12.webp 16w\" sizes=\"(max-width: 720px) 100vw, 720px\" \/><\/a> \t\t\t<\/div> \t\t\t\t<figcaption class='wp-caption-text gallery-caption' id='gallery-2-17341'> \t\t\t\tGummistreifenschneidemaschine \t\t\t\t<\/figcaption><\/figure><figure class='gallery-item'> \t\t\t<div class='gallery-icon landscape'> \t\t\t\t<a href='https:\/\/recyclingequipinc.com\/de\/?attachment_id=17340'><img loading=\"lazy\" decoding=\"async\" width=\"720\" height=\"540\" src=\"https:\/\/recyclingequipinc.com\/wp-content\/uploads\/2025\/06\/rubber-strip-cutter.webp\" class=\"attachment-full size-full\" alt=\"Gummistreifenschneider\" aria-describedby=\"gallery-2-17340\" srcset=\"https:\/\/recyclingequipinc.com\/wp-content\/uploads\/2025\/06\/rubber-strip-cutter.webp 720w, https:\/\/recyclingequipinc.com\/wp-content\/uploads\/2025\/06\/rubber-strip-cutter-300x225.webp 300w, https:\/\/recyclingequipinc.com\/wp-content\/uploads\/2025\/06\/rubber-strip-cutter-16x12.webp 16w\" sizes=\"(max-width: 720px) 100vw, 720px\" \/><\/a> \t\t\t<\/div> \t\t\t\t<figcaption class='wp-caption-text gallery-caption' id='gallery-2-17340'> \t\t\t\tGummistreifenschneider \t\t\t\t<\/figcaption><\/figure> \t\t<\/div>  <h2 data-start=\"179\" data-end=\"238\">Technische Spezifikationen des zu verkaufenden Gummistreifen-Schneiders<\/h2> <p>Unten finden Sie die technischen Spezifikationen unserer Reifenstreifen-Schneidemaschine, die f\u00fcr die Verarbeitung von Auto- und Lkw-Reifen mit einem Durchmesser von bis zu 1200 mm ausgelegt ist. Sie verf\u00fcgt \u00fcber einen hocheffizienten 5,5 kW Motor, eine einstellbare Schnittbreite und verschlei\u00dffeste Legierungsklingen \u2013 ideal f\u00fcr den Einsatz in halbautomatischen Altreifen-Recyclinglinien.<\/p> <div class=\"_tableContainer_16hzy_1\"> <div class=\"_tableWrapper_16hzy_14 group flex w-fit flex-col-reverse\" tabindex=\"-1\"> <table class=\"w-fit min-w-(--thread-content-width)\" data-start=\"240\" data-end=\"959\"> <thead data-start=\"240\" data-end=\"300\"> <tr data-start=\"240\" data-end=\"300\"> <th data-start=\"240\" data-end=\"266\" data-col-size=\"sm\"><strong data-start=\"242\" data-end=\"251\">Modellreifen<\/strong><\/th> <th data-start=\"266\" data-end=\"300\" data-col-size=\"md\"><strong data-start=\"268\" data-end=\"298\">Reifenstreifen-Schneidemaschine<\/strong><\/th> <\/tr> <\/thead> <tbody data-start=\"360\" data-end=\"959\"> <tr data-start=\"360\" data-end=\"455\"> <td data-start=\"360\" data-end=\"387\" data-col-size=\"sm\"><strong data-start=\"365\" data-end=\"380\">Motorleistung<\/strong><\/td> <td data-col-size=\"md\" data-start=\"387\" data-end=\"455\">5,5 kW \u2013 Hochleistungsmotor f\u00fcr stabiles und kontinuierliches Schneiden<\/td> <\/tr> <tr data-start=\"456\" data-end=\"557\"> <td data-start=\"456\" data-end=\"483\" data-col-size=\"sm\"><strong data-start=\"461\" data-end=\"481\">Schneidkapazit\u00e4t<\/strong><\/td> <td data-col-size=\"md\" data-start=\"483\" data-end=\"557\">Bis zu <strong data-start=\"491\" data-end=\"504\">1000 kg\/h<\/strong> \u2013 Ideal f\u00fcr mittelgro\u00dfe Reifenrecycling-Betriebe<\/td> <\/tr> <tr data-start=\"558\" data-end=\"647\"> <td data-start=\"558\" data-end=\"585\" data-col-size=\"sm\"><strong data-start=\"563\" data-end=\"581\">Drehgeschwindigkeit<\/strong><\/td> <td data-col-size=\"md\" data-start=\"585\" data-end=\"647\">45 U\/min \u2013 Optimierte Geschwindigkeit f\u00fcr das glatte Schneiden von Gummistreifen<\/td> <\/tr> <tr data-start=\"648\" data-end=\"744\"> <td data-start=\"648\" data-end=\"675\" data-col-size=\"sm\"><strong data-start=\"653\" data-end=\"675\">Maschinenabmessungen<\/strong><\/td> <td data-col-size=\"md\" data-start=\"675\" data-end=\"744\">1,3 m*0,8 m*1,65 m \u2013 Kompaktes Design passt in die meisten Fabriklayouts<\/td> <\/tr> <tr data-start=\"745\" data-end=\"825\"> <td data-start=\"745\" data-end=\"772\" data-col-size=\"sm\"><strong data-start=\"750\" data-end=\"768\">Maschinengewicht<\/strong><\/td> <td data-col-size=\"md\" data-start=\"772\" data-end=\"825\">850 kg \u2013 Robuste und vibrationsresistente Struktur<\/td> <\/tr> <tr data-start=\"826\" data-end=\"959\"> <td data-start=\"826\" data-end=\"853\" data-col-size=\"sm\"><strong data-start=\"831\" data-end=\"852\">Streifen-Ausgabegr\u00f6\u00dfe<\/strong><\/td> <td data-col-size=\"md\" data-start=\"853\" data-end=\"959\">Verstellbar <strong data-start=\"866\" data-end=\"895\">3\u20135 cm breite Gummistreifen<\/strong> \u2013 Perfekt f\u00fcr nachgelagertes Zerkleinern, Granulieren oder Pyrolyse<\/td> <\/tr> <\/tbody> <\/table> <\/div> <\/div> <h2>Funktionsprinzip der Gummi-Reifenstreifen-Schneidemaschine<\/h2> <figure id=\"attachment_17342\" aria-describedby=\"caption-attachment-17342\" style=\"width: 720px\" class=\"wp-caption aligncenter\"><img loading=\"lazy\" decoding=\"async\" class=\"wp-image-17342 size-full\" src=\"https:\/\/recyclingequipinc.com\/wp-content\/uploads\/2025\/06\/structure-of-the-tire-strip-cutting-machine.webp\" alt=\"Aufbau der Reifenstreifenschneidemaschine\" width=\"720\" height=\"540\" srcset=\"https:\/\/recyclingequipinc.com\/wp-content\/uploads\/2025\/06\/structure-of-the-tire-strip-cutting-machine.webp 720w, https:\/\/recyclingequipinc.com\/wp-content\/uploads\/2025\/06\/structure-of-the-tire-strip-cutting-machine-300x225.webp 300w, https:\/\/recyclingequipinc.com\/wp-content\/uploads\/2025\/06\/structure-of-the-tire-strip-cutting-machine-16x12.webp 16w\" sizes=\"(max-width: 720px) 100vw, 720px\" \/><figcaption id=\"caption-attachment-17342\" class=\"wp-caption-text\">Aufbau der Reifenstreifenschneidemaschine<\/figcaption><\/figure> <p data-start=\"149\" data-end=\"286\" class=\"translation-block\"><strong data-start=\"152\" data-end=\"183\">Dual Rotary Blade Structure<\/strong><br data-start=\"183\" data-end=\"186\" \/>Die Maschine ist mit oberen und unteren rotierenden Klingen ausgestattet, die ein Paar Rollenschneider bilden.<\/p> <p data-start=\"288\" data-end=\"415\" class=\"translation-block\"><strong data-start=\"291\" data-end=\"309\">Tire Placement<\/strong><br data-start=\"309\" data-end=\"312\" \/>Die vorgefertigte Reifenlauffl\u00e4che wird zwischen die beiden Walzen eingef\u00fchrt, nachdem die Seitenwand und der Wulst entfernt wurden.<\/p> <p data-start=\"417\" data-end=\"578\" class=\"translation-block\"><strong data-start=\"420\" data-end=\"445\">Strip Cutting Process<\/strong><br data-start=\"445\" data-end=\"448\" \/>W\u00e4hrend sich die Klingen in entgegengesetzte Richtungen drehen, greifen sie den Reifen und schneiden ihn in <strong data-start=\"531\" data-end=\"560\">3\u20135 cm breite Gummistreifen<\/strong> mit sauberen Kanten.<\/p> <p data-start=\"580\" data-end=\"768\" class=\"translation-block\"><strong data-start=\"582\" data-end=\"614\">Ideal for Further Processing<\/strong><br data-start=\"614\" data-end=\"617\" \/>Die resultierenden Streifen sind perfekt zum Zuf\u00fchren in Schredder, M\u00fchlen oder Gummibl\u00f6cke, was die Effizienz des Reifenrecyclingprozesses verbessert.<\/p> <h2 data-start=\"580\" data-end=\"768\">Reifenstreifenschneider zu verkaufen<\/h2> <p>Shuliy Machinery bietet langlebige und erschwingliche Reifenstreifen-Schneider zum Verkauf an, mit ma\u00dfgeschneidertem Service f\u00fcr verschiedene Reifengr\u00f6\u00dfen und Verarbeitungskapazit\u00e4ten. Jede Maschine wird rigoros getestet und kann an Ihre Recyclingziele angepasst werden. Wenn Sie interessiert sind, z\u00f6gern Sie bitte nicht, uns zu kontaktieren!<\/p>","protected":false},"excerpt":{"rendered":"<p>Die Reifenstreifen-Schneidemaschine ist der zweite Schritt in der halbautomatischen Reifenrecyclinglinie. Sie schneidet die Seitenw\u00e4nde weiter und produziert lange Gummistreifen von 3-5 cm Breite, was die Recyclingeffizienz verbessert.<\/p>","protected":false},"featured_media":17344,"template":"","meta":{"site-sidebar-layout":"default","site-content-layout":"","ast-site-content-layout":"default","site-content-style":"default","site-sidebar-style":"default","ast-global-header-display":"","ast-banner-title-visibility":"","ast-main-header-display":"","ast-hfb-above-header-display":"","ast-hfb-below-header-display":"","ast-hfb-mobile-header-display":"","site-post-title":"","ast-breadcrumbs-content":"","ast-featured-img":"","footer-sml-layout":"","ast-disable-related-posts":"","theme-transparent-header-meta":"default","adv-header-id-meta":"","stick-header-meta":"","header-above-stick-meta":"","header-main-stick-meta":"","header-below-stick-meta":"","astra-migrate-meta-layouts":"set","ast-page-background-enabled":"default","ast-page-background-meta":{"desktop":{"background-color":"","background-image":"","background-repeat":"repeat","background-position":"center center","background-size":"auto","background-attachment":"scroll","background-type":"","background-media":"","overlay-type":"","overlay-color":"","overlay-opacity":"","overlay-gradient":""},"tablet":{"background-color":"","background-image":"","background-repeat":"repeat","background-position":"center center","background-size":"auto","background-attachment":"scroll","background-type":"","background-media":"","overlay-type":"","overlay-color":"","overlay-opacity":"","overlay-gradient":""},"mobile":{"background-color":"","background-image":"","background-repeat":"repeat","background-position":"center center","background-size":"auto","background-attachment":"scroll","background-type":"","background-media":"","overlay-type":"","overlay-color":"","overlay-opacity":"","overlay-gradient":""}},"ast-content-background-meta":{"desktop":{"background-color":"var(--ast-global-color-5)","background-image":"","background-repeat":"repeat","background-position":"center center","background-size":"auto","background-attachment":"scroll","background-type":"","background-media":"","overlay-type":"","overlay-color":"","overlay-opacity":"","overlay-gradient":""},"tablet":{"background-color":"var(--ast-global-color-5)","background-image":"","background-repeat":"repeat","background-position":"center center","background-size":"auto","background-attachment":"scroll","background-type":"","background-media":"","overlay-type":"","overlay-color":"","overlay-opacity":"","overlay-gradient":""},"mobile":{"background-color":"var(--ast-global-color-5)","background-image":"","background-repeat":"repeat","background-position":"center center","background-size":"auto","background-attachment":"scroll","background-type":"","background-media":"","overlay-type":"","overlay-color":"","overlay-opacity":"","overlay-gradient":""}}},"product_brand":[],"product_cat":[128],"product_tag":[],"class_list":{"0":"post-17313","1":"product","2":"type-product","3":"status-publish","4":"has-post-thumbnail","6":"product_cat-tire-recycling-machine","7":"desktop-align-center","8":"tablet-align-center","9":"mobile-align-center","11":"first","12":"instock","13":"shipping-taxable","14":"product-type-simple"},"_links":{"self":[{"href":"https:\/\/recyclingequipinc.com\/de\/wp-json\/wp\/v2\/product\/17313","targetHints":{"allow":["GET"]}}],"collection":[{"href":"https:\/\/recyclingequipinc.com\/de\/wp-json\/wp\/v2\/product"}],"about":[{"href":"https:\/\/recyclingequipinc.com\/de\/wp-json\/wp\/v2\/types\/product"}],"version-history":[{"count":0,"href":"https:\/\/recyclingequipinc.com\/de\/wp-json\/wp\/v2\/product\/17313\/revisions"}],"wp:featuredmedia":[{"embeddable":true,"href":"https:\/\/recyclingequipinc.com\/de\/wp-json\/wp\/v2\/media\/17344"}],"wp:attachment":[{"href":"https:\/\/recyclingequipinc.com\/de\/wp-json\/wp\/v2\/media?parent=17313"}],"wp:term":[{"taxonomy":"product_brand","embeddable":true,"href":"https:\/\/recyclingequipinc.com\/de\/wp-json\/wp\/v2\/product_brand?post=17313"},{"taxonomy":"product_cat","embeddable":true,"href":"https:\/\/recyclingequipinc.com\/de\/wp-json\/wp\/v2\/product_cat?post=17313"},{"taxonomy":"product_tag","embeddable":true,"href":"https:\/\/recyclingequipinc.com\/de\/wp-json\/wp\/v2\/product_tag?post=17313"}],"curies":[{"name":"wp","href":"https:\/\/api.w.org\/{rel}","templated":true}]}}