{"id":17293,"date":"2025-06-09T16:37:00","date_gmt":"2025-06-09T08:37:00","guid":{"rendered":"https:\/\/recyclingequipinc.com\/?post_type=product&#038;p=17293"},"modified":"2025-08-22T10:20:13","modified_gmt":"2025-08-22T02:20:13","slug":"cotton-waste-cutting-machine","status":"publish","type":"product","link":"https:\/\/recyclingequipinc.com\/de\/product\/cotton-waste-cutting-machine\/","title":{"rendered":"Stoff Baumwollabfall Schneidemaschine f\u00fcr Faserrecycling"},"content":{"rendered":"<p>Baumwollabf\u00e4lle und weggeworfene Stoffe wie alte Kleidung, Vorh\u00e4nge, Teppiche und Fischernetze sind in unserem t\u00e4glichen Leben verbreitet. Diese Materialien haben einen hohen Recyclingwert und k\u00f6nnen zu neuen Faserprodukten wie Vliesstoffen, Isoliermaterialien usw. verarbeitet werden.<\/p> <p>Gro\u00dfe und sperrige Textilabf\u00e4lle sind jedoch schwer direkt zu handhaben. Mit der Shuliy Textilbaumwollabfall-Schneidemaschine k\u00f6nnen diese Materialien in kurze, einheitliche Fasern zerkleinert werden, was die Effizienz des Faserrecyclings erheblich verbessert und einen kontinuierlichen, stabilen und hochgeschwindigkeits Schneidprozess erm\u00f6glicht.<\/p> <div class=\"ast-oembed-container\" style=\"height: 100%;\"><iframe title=\"Leistungsstarke Faser-Schneidemaschine in Aktion: Von Steppdeckenf\u00fcllung und Textilien bis hin zu Recyclingfasern\" width=\"500\" height=\"281\" src=\"https:\/\/www.youtube.com\/embed\/k3odotZRnOg?feature=oembed\" frameborder=\"0\" allow=\"accelerometer; autoplay; clipboard-write; encrypted-media; gyroscope; picture-in-picture; web-share\" referrerpolicy=\"strict-origin-when-cross-origin\" allowfullscreen><\/iframe><\/div> <h2>Anwendung und Funktion der Faser Baumwollabfall Schneidemaschine<\/h2> <p>Die Shuliy Faser Schneidemaschine kann effizient die folgenden Materialien schneiden:<\/p> <p>Textilindustrie: Abfallkleidung, Baumwollspinnabfallgarn, Abfallbekleidung, Vliesstoffe, Markenetiketten usw.<br \/> Fasermaterialien: Baumwolle, Wolle, chemische Fasern, Leinen und Lederreste.<br \/> Industrieller Abfall: Kunststofffolie, Papier usw.<\/p> <div id='gallery-1' class='gallery galleryid-17293 gallery-columns-3 gallery-size-medium'><figure class='gallery-item'> \t\t\t<div class='gallery-icon landscape'> \t\t\t\t<a href='https:\/\/recyclingequipinc.com\/de\/?attachment_id=17302'><img fetchpriority=\"high\" decoding=\"async\" width=\"300\" height=\"225\" src=\"https:\/\/recyclingequipinc.com\/wp-content\/uploads\/2025\/06\/waste-clothes-300x225.webp\" class=\"attachment-medium size-medium\" alt=\"Abfallkleidung\" aria-describedby=\"gallery-1-17302\" srcset=\"https:\/\/recyclingequipinc.com\/wp-content\/uploads\/2025\/06\/waste-clothes-300x225.webp 300w, https:\/\/recyclingequipinc.com\/wp-content\/uploads\/2025\/06\/waste-clothes-16x12.webp 16w, https:\/\/recyclingequipinc.com\/wp-content\/uploads\/2025\/06\/waste-clothes.webp 720w\" sizes=\"(max-width: 300px) 100vw, 300px\" \/><\/a> \t\t\t<\/div> \t\t\t\t<figcaption class='wp-caption-text gallery-caption' id='gallery-1-17302'> \t\t\t\tAbfallkleidung \t\t\t\t<\/figcaption><\/figure><figure class='gallery-item'> \t\t\t<div class='gallery-icon landscape'> \t\t\t\t<a href='https:\/\/recyclingequipinc.com\/de\/?attachment_id=17300'><img decoding=\"async\" width=\"300\" height=\"225\" src=\"https:\/\/recyclingequipinc.com\/wp-content\/uploads\/2025\/06\/nonwoven-fabric-300x225.webp\" class=\"attachment-medium size-medium\" alt=\"Vliesstoff\" aria-describedby=\"gallery-1-17300\" srcset=\"https:\/\/recyclingequipinc.com\/wp-content\/uploads\/2025\/06\/nonwoven-fabric-300x225.webp 300w, https:\/\/recyclingequipinc.com\/wp-content\/uploads\/2025\/06\/nonwoven-fabric-16x12.webp 16w, https:\/\/recyclingequipinc.com\/wp-content\/uploads\/2025\/06\/nonwoven-fabric.webp 720w\" sizes=\"(max-width: 300px) 100vw, 300px\" \/><\/a> \t\t\t<\/div> \t\t\t\t<figcaption class='wp-caption-text gallery-caption' id='gallery-1-17300'> \t\t\t\tVliesstoff \t\t\t\t<\/figcaption><\/figure><figure class='gallery-item'> \t\t\t<div class='gallery-icon landscape'> \t\t\t\t<a href='https:\/\/recyclingequipinc.com\/de\/?attachment_id=17304'><img decoding=\"async\" width=\"300\" height=\"225\" src=\"https:\/\/recyclingequipinc.com\/wp-content\/uploads\/2025\/06\/wool-fiber-300x225.webp\" class=\"attachment-medium size-medium\" alt=\"Wollfaser\" aria-describedby=\"gallery-1-17304\" srcset=\"https:\/\/recyclingequipinc.com\/wp-content\/uploads\/2025\/06\/wool-fiber-300x225.webp 300w, https:\/\/recyclingequipinc.com\/wp-content\/uploads\/2025\/06\/wool-fiber-16x12.webp 16w, https:\/\/recyclingequipinc.com\/wp-content\/uploads\/2025\/06\/wool-fiber.webp 720w\" sizes=\"(max-width: 300px) 100vw, 300px\" \/><\/a> \t\t\t<\/div> \t\t\t\t<figcaption class='wp-caption-text gallery-caption' id='gallery-1-17304'> \t\t\t\tWollfaser \t\t\t\t<\/figcaption><\/figure> \t\t<\/div>  <p>Mit dieser Textilschneidemaschine k\u00f6nnen Sie erhalten:<\/p> <ul> <li>Feinschnitt: Zerkleinert Abfallfasermaterial gleichm\u00e4\u00dfig (einstellbare L\u00e4nge: 3 mm - 500 mm).<\/li> <li>Regenerationsvorbehandlung: Bietet qualifizierte Rohmaterialien zum Lockern und Weiterverarbeiten.<\/li> <li>Ersatz f\u00fcr manuelle Arbeit: L\u00f6st das Problem des traditionellen Zerkleinerns und Schneidens, das viel Arbeitskraft erfordert.<\/li> <li>Guter Schneideffekt: Im Vergleich zu einer Faser-Laserschneidemaschine gibt es keinen thermischen Einfluss oder Brandspuren auf dem Material, und es ist nicht klebrig.<\/li> <li>Prozessoptimierung: Realisiert die vollautomatische kontinuierliche Zuf\u00fchrung, Scherung und Entladung.<\/li> <\/ul> <div id='gallery-2' class='gallery galleryid-17293 gallery-columns-3 gallery-size-medium'><figure class='gallery-item'> \t\t\t<div class='gallery-icon landscape'> \t\t\t\t<a href='https:\/\/recyclingequipinc.com\/de\/?attachment_id=17298'><img loading=\"lazy\" decoding=\"async\" width=\"300\" height=\"225\" src=\"https:\/\/recyclingequipinc.com\/wp-content\/uploads\/2025\/06\/cut-fibers-300x225.webp\" class=\"attachment-medium size-medium\" alt=\"geschnittene Fasern\" aria-describedby=\"gallery-2-17298\" srcset=\"https:\/\/recyclingequipinc.com\/wp-content\/uploads\/2025\/06\/cut-fibers-300x225.webp 300w, https:\/\/recyclingequipinc.com\/wp-content\/uploads\/2025\/06\/cut-fibers-16x12.webp 16w, https:\/\/recyclingequipinc.com\/wp-content\/uploads\/2025\/06\/cut-fibers.webp 720w\" sizes=\"(max-width: 300px) 100vw, 300px\" \/><\/a> \t\t\t<\/div> \t\t\t\t<figcaption class='wp-caption-text gallery-caption' id='gallery-2-17298'> \t\t\t\tgeschnittene Fasern \t\t\t\t<\/figcaption><\/figure><figure class='gallery-item'> \t\t\t<div class='gallery-icon landscape'> \t\t\t\t<a href='https:\/\/recyclingequipinc.com\/de\/?attachment_id=17301'><img loading=\"lazy\" decoding=\"async\" width=\"300\" height=\"225\" src=\"https:\/\/recyclingequipinc.com\/wp-content\/uploads\/2025\/06\/small-fiber-pieces-output-300x225.webp\" class=\"attachment-medium size-medium\" alt=\"kleine Faserst\u00fcckausgabe\" aria-describedby=\"gallery-2-17301\" srcset=\"https:\/\/recyclingequipinc.com\/wp-content\/uploads\/2025\/06\/small-fiber-pieces-output-300x225.webp 300w, https:\/\/recyclingequipinc.com\/wp-content\/uploads\/2025\/06\/small-fiber-pieces-output-16x12.webp 16w, https:\/\/recyclingequipinc.com\/wp-content\/uploads\/2025\/06\/small-fiber-pieces-output.webp 720w\" sizes=\"(max-width: 300px) 100vw, 300px\" \/><\/a> \t\t\t<\/div> \t\t\t\t<figcaption class='wp-caption-text gallery-caption' id='gallery-2-17301'> \t\t\t\tkleine Faserst\u00fcckausgabe \t\t\t\t<\/figcaption><\/figure> \t\t<\/div>  <h2>Die 5 besten Vorteile der Textilschneidemaschine<\/h2> <ul> <li data-start=\"114\" data-end=\"218\"> <p data-start=\"117\" data-end=\"218\" class=\"translation-block\"><strong data-start=\"117\" data-end=\"139\">Hochgeschwindigkeits-Schneiden<\/strong><br data-start=\"139\" data-end=\"142\" \/>Fortschrittliche spiralf\u00f6rmige Rotormesser erm\u00f6glichen kontinuierliches Schneiden bei 300\u20132000 kg\/h.<\/p> <\/li> <li data-start=\"220\" data-end=\"311\"> <p data-start=\"223\" data-end=\"311\" class=\"translation-block\"><strong data-start=\"223\" data-end=\"242\">Pr\u00e4zise Steuerung<\/strong><br data-start=\"242\" data-end=\"245\" \/>Einstellbare Schnittl\u00e4nge mit \u00b11 mm Genauigkeit (modellabh\u00e4ngig).<\/p> <\/li> <li data-start=\"313\" data-end=\"404\"> <p data-start=\"316\" data-end=\"404\" class=\"translation-block\"><strong data-start=\"316\" data-end=\"334\">Langlebige Klingen<\/strong><br data-start=\"334\" data-end=\"337\" \/>Legierungsstahlklingen mit Doppelrandschneide verl\u00e4ngern die Lebensdauer um das 3-fache.<\/p> <\/li> <li data-start=\"406\" data-end=\"503\"> <p data-start=\"409\" data-end=\"503\" class=\"translation-block\"><strong data-start=\"409\" data-end=\"429\">Intelligenter Schutz<\/strong><br data-start=\"429\" data-end=\"432\" \/>Integrierter \u00dcberlastschutz und Not-Aus f\u00fcr einen sichereren Betrieb.<\/p> <\/li> <li data-start=\"505\" data-end=\"607\"> <p data-start=\"508\" data-end=\"607\" class=\"translation-block\"><strong data-start=\"508\" data-end=\"528\">Einfache Wartung<\/strong><br data-start=\"528\" data-end=\"531\" \/>Modularer Klingenhalter und visuelle Anleitung erm\u00f6glichen eine schnelle Wartung in &lt;30 Minuten.<\/p> <\/li> <\/ul> <div id='gallery-3' class='gallery galleryid-17293 gallery-columns-3 gallery-size-medium'><figure class='gallery-item'> \t\t\t<div class='gallery-icon landscape'> \t\t\t\t<a href='https:\/\/recyclingequipinc.com\/de\/?attachment_id=17303'><img loading=\"lazy\" decoding=\"async\" width=\"300\" height=\"225\" src=\"https:\/\/recyclingequipinc.com\/wp-content\/uploads\/2025\/06\/waste-cotton-cloth-cuttiing-machine-300x225.webp\" class=\"attachment-medium size-medium\" alt=\"Abfallbaumwollstoffschneidemaschine\" aria-describedby=\"gallery-3-17303\" srcset=\"https:\/\/recyclingequipinc.com\/wp-content\/uploads\/2025\/06\/waste-cotton-cloth-cuttiing-machine-300x225.webp 300w, https:\/\/recyclingequipinc.com\/wp-content\/uploads\/2025\/06\/waste-cotton-cloth-cuttiing-machine-16x12.webp 16w, https:\/\/recyclingequipinc.com\/wp-content\/uploads\/2025\/06\/waste-cotton-cloth-cuttiing-machine.webp 720w\" sizes=\"(max-width: 300px) 100vw, 300px\" \/><\/a> \t\t\t<\/div> \t\t\t\t<figcaption class='wp-caption-text gallery-caption' id='gallery-3-17303'> \t\t\t\tAbfallbaumwollstoffschneidemaschine \t\t\t\t<\/figcaption><\/figure><figure class='gallery-item'> \t\t\t<div class='gallery-icon landscape'> \t\t\t\t<a href='https:\/\/recyclingequipinc.com\/de\/?attachment_id=17299'><img loading=\"lazy\" decoding=\"async\" width=\"300\" height=\"225\" src=\"https:\/\/recyclingequipinc.com\/wp-content\/uploads\/2025\/06\/fiber-textile-cutter-machine-blades-300x225.webp\" class=\"attachment-medium size-medium\" alt=\"Fasertextil-Schneidemaschinenklingen\" aria-describedby=\"gallery-3-17299\" srcset=\"https:\/\/recyclingequipinc.com\/wp-content\/uploads\/2025\/06\/fiber-textile-cutter-machine-blades-300x225.webp 300w, https:\/\/recyclingequipinc.com\/wp-content\/uploads\/2025\/06\/fiber-textile-cutter-machine-blades-16x12.webp 16w, https:\/\/recyclingequipinc.com\/wp-content\/uploads\/2025\/06\/fiber-textile-cutter-machine-blades.webp 720w\" sizes=\"(max-width: 300px) 100vw, 300px\" \/><\/a> \t\t\t<\/div> \t\t\t\t<figcaption class='wp-caption-text gallery-caption' id='gallery-3-17299'> \t\t\t\tFasertextil-Schneidemaschinenklingen \t\t\t\t<\/figcaption><\/figure> \t\t<\/div>  <h2>Hei\u00dfverkaufte Stoffschneidemaschinen zu verkaufen<\/h2> <p>Hier sind die Spezifikationen f\u00fcr unsere f\u00fcnf meistverkauften Baumwollabfall-Schneidemaschinen. Die Klingen der Faser-Schneidemaschine bestehen aus hartem, langlebigem Legierungswerkzeugstahl.<\/p> <table style=\"border-collapse: collapse; width: 100%;\"> <tbody> <tr> <td style=\"width: 16.6667%;\">Modell<\/td> <td style=\"width: 16.6667%;\">500B<\/td> <td style=\"width: 16.6667%;\">800C<\/td> <td style=\"width: 16.6667%;\">1200B<\/td> <td style=\"width: 16.6667%;\">1600B<\/td> <td style=\"width: 16.6667%;\">2400B<\/td> <\/tr> <tr> <td style=\"width: 16.6667%;\">Kapazit\u00e4t<\/td> <td style=\"width: 16.6667%;\">300\u2013500 kg\/h<\/td> <td style=\"width: 16.6667%;\">500\u2013800 kg\/h<\/td> <td style=\"width: 16.6667%;\">800\u20131200 kg\/h<\/td> <td style=\"width: 16.6667%;\">1000\u20133000 kg\/h<\/td> <td style=\"width: 16.6667%;\">\u00a02000\u20135000 kg\/h<\/td> <\/tr> <tr> <td style=\"width: 16.6667%;\">Motorleistung<\/td> <td style=\"width: 16.6667%;\">5,5 + 1,5 kW<\/td> <td style=\"width: 16.6667%;\">\u00a07,5 + 1,5 kW<\/td> <td style=\"width: 16.6667%;\">15 + 2,2 kW<\/td> <td style=\"width: 16.6667%;\">\u00a018,5 + 3,0 kW<\/td> <td style=\"width: 16.6667%;\">\u00a022 + 3,0 kW<\/td> <\/tr> <tr> <td style=\"width: 16.6667%;\">Schnittgr\u00f6\u00dfe<\/td> <td style=\"width: 16.6667%;\">5\u2013150 mm<\/td> <td style=\"width: 16.6667%;\">5\u2013150 mm<\/td> <td style=\"width: 16.6667%;\">5\u2013150 mm<\/td> <td style=\"width: 16.6667%;\">5\u2013300 mm<\/td> <td style=\"width: 16.6667%;\">10\u2013300 mm<\/td> <\/tr> <tr> <td style=\"width: 16.6667%;\">Schnittdicke<\/td> <td style=\"width: 16.6667%;\">20 mm<\/td> <td style=\"width: 16.6667%;\">\u00a030\u201350 mm<\/td> <td style=\"width: 16.6667%;\">\u00a030\u201350 mm<\/td> <td style=\"width: 16.6667%;\">\u00a030\u2013150 mm<\/td> <td style=\"width: 16.6667%;\">\u00a030\u2013200 mm<\/td> <\/tr> <tr> <td style=\"width: 16.6667%;\">Abmessungen<\/td> <td style=\"width: 16.6667%;\">3200*1000*1200 mm<\/td> <td style=\"width: 16.6667%;\">3200*1000*1200 mm<\/td> <td style=\"width: 16.6667%;\">7000*1500*1500 mm<\/td> <td style=\"width: 16.6667%;\">7000*1800*1950 mm<\/td> <td style=\"width: 16.6667%;\">5800*2200*1950 mm<\/td> <\/tr> <tr> <td style=\"width: 16.6667%;\">Zuf\u00fchr- \/ Ausgabeband<\/td> <td style=\"width: 16.6667%;\">2800*350 mm<\/td> <td style=\"width: 16.6667%;\">\u00a02800*350 mm<\/td> <td style=\"width: 16.6667%;\">\u00a03000*520 mm<\/td> <td style=\"width: 16.6667%;\">\u00a03000*720 mm<\/td> <td style=\"width: 16.6667%;\">\u00a03000*1100 mm<\/td> <\/tr> <tr> <td style=\"width: 16.6667%;\">Elektrische Konfiguration<\/td> <td style=\"width: 16.6667%;\">\u00dcberlastschutz, elektrischer Steuerkasten<\/td> <td style=\"width: 16.6667%;\">\u00dcberlastschutz, elektrischer Steuerkasten<\/td> <td style=\"width: 16.6667%;\">\u00a0Unabh\u00e4ngiger elektrischer Steuerkasten<\/td> <td style=\"width: 16.6667%;\">\u00a0Unabh\u00e4ngiger elektrischer Steuerkasten<\/td> <td style=\"width: 16.6667%;\">Unabh\u00e4ngiger Dreifachsteuerungs-Elektrokasten<\/td> <\/tr> <\/tbody> <\/table> <h2>Funktionsprinzip der Abfallbaumwollstoff-Schneidemaschine<\/h2> <ul> <li>Eingabe: Legen Sie Abfallfasern, Baumwollstoffe usw. auf das F\u00f6rderband und in die Baumwollabfall-Schneidemaschine.<\/li> <li>Schneiden: Die Faser-Schneidemaschine verwendet ein fortschrittliches, schr\u00e4ges, spiralf\u00f6rmiges Rotationsklingen-Design, das mit festen Klingen arbeitet, um einen beweglichen Scherpunkt zu erzeugen. Dies erm\u00f6glicht ein kontinuierliches, hochgeschwindigkeits Schneiden von Materialien.<\/li> <li>Entladung: Die geschnittenen Faserst\u00fccke gleiten in den Trichter und werden \u00fcber das Ausgabeband ausgegeben. Je nach Produktionsanforderungen kann ein starkes Magnettrennger\u00e4t hinzugef\u00fcgt werden, um gemischte N\u00e4gel, Kn\u00f6pfe usw. aufzufangen, wodurch die Lebensdauer der Klingen verl\u00e4ngert wird.<\/li> <\/ul> <h2>Preise f\u00fcr Stoffschneider erhalten!<\/h2> <p>Shuliy bietet eine breite Palette von Maschinen zum Schneiden von Baumwollabf\u00e4llen und ma\u00dfgeschneiderte L\u00f6sungen f\u00fcr das Recycling von Fasern an. Wenn Sie interessiert sind, kontaktieren Sie uns bitte f\u00fcr Preise, Bilder, Live-Videos, Branchenanwendungen und mehr!<\/p> <figure id=\"attachment_17296\" aria-describedby=\"caption-attachment-17296\" style=\"width: 720px\" class=\"wp-caption aligncenter\"><img loading=\"lazy\" decoding=\"async\" class=\"wp-image-17296 size-full\" src=\"https:\/\/recyclingequipinc.com\/wp-content\/uploads\/2025\/06\/cotton-waste-cutting-machine-for-sale.webp\" alt=\"Baumwollabfall-Schneidemaschine zu verkaufen\" width=\"720\" height=\"540\" srcset=\"https:\/\/recyclingequipinc.com\/wp-content\/uploads\/2025\/06\/cotton-waste-cutting-machine-for-sale.webp 720w, https:\/\/recyclingequipinc.com\/wp-content\/uploads\/2025\/06\/cotton-waste-cutting-machine-for-sale-300x225.webp 300w, https:\/\/recyclingequipinc.com\/wp-content\/uploads\/2025\/06\/cotton-waste-cutting-machine-for-sale-16x12.webp 16w\" sizes=\"(max-width: 720px) 100vw, 720px\" \/><figcaption id=\"caption-attachment-17296\" class=\"wp-caption-text\">Baumwollabfall-Schneidemaschine zu verkaufen<\/figcaption><\/figure>","protected":false},"excerpt":{"rendered":"<p>Die Shuliy Baumwollabfall-Schneidemaschine schneidet alle Arten von Fasern und Textilmaterialien in kleine und gleichm\u00e4\u00dfige St\u00fccke und liefert qualifizierte Rohmaterialien f\u00fcr die anschlie\u00dfende \u00d6ffnung und Weiterverarbeitung. Diese Maschine hat eine Kapazit\u00e4t von 300-5.000 kg\/h, und die L\u00e4nge der fertigen Faser kann von 3-500 mm eingestellt werden.<\/p>","protected":false},"featured_media":17297,"template":"","meta":{"site-sidebar-layout":"default","site-content-layout":"","ast-site-content-layout":"default","site-content-style":"default","site-sidebar-style":"default","ast-global-header-display":"","ast-banner-title-visibility":"","ast-main-header-display":"","ast-hfb-above-header-display":"","ast-hfb-below-header-display":"","ast-hfb-mobile-header-display":"","site-post-title":"","ast-breadcrumbs-content":"","ast-featured-img":"","footer-sml-layout":"","ast-disable-related-posts":"","theme-transparent-header-meta":"default","adv-header-id-meta":"","stick-header-meta":"","header-above-stick-meta":"","header-main-stick-meta":"","header-below-stick-meta":"","astra-migrate-meta-layouts":"set","ast-page-background-enabled":"default","ast-page-background-meta":{"desktop":{"background-color":"","background-image":"","background-repeat":"repeat","background-position":"center center","background-size":"auto","background-attachment":"scroll","background-type":"","background-media":"","overlay-type":"","overlay-color":"","overlay-opacity":"","overlay-gradient":""},"tablet":{"background-color":"","background-image":"","background-repeat":"repeat","background-position":"center center","background-size":"auto","background-attachment":"scroll","background-type":"","background-media":"","overlay-type":"","overlay-color":"","overlay-opacity":"","overlay-gradient":""},"mobile":{"background-color":"","background-image":"","background-repeat":"repeat","background-position":"center center","background-size":"auto","background-attachment":"scroll","background-type":"","background-media":"","overlay-type":"","overlay-color":"","overlay-opacity":"","overlay-gradient":""}},"ast-content-background-meta":{"desktop":{"background-color":"var(--ast-global-color-5)","background-image":"","background-repeat":"repeat","background-position":"center center","background-size":"auto","background-attachment":"scroll","background-type":"","background-media":"","overlay-type":"","overlay-color":"","overlay-opacity":"","overlay-gradient":""},"tablet":{"background-color":"var(--ast-global-color-5)","background-image":"","background-repeat":"repeat","background-position":"center center","background-size":"auto","background-attachment":"scroll","background-type":"","background-media":"","overlay-type":"","overlay-color":"","overlay-opacity":"","overlay-gradient":""},"mobile":{"background-color":"var(--ast-global-color-5)","background-image":"","background-repeat":"repeat","background-position":"center center","background-size":"auto","background-attachment":"scroll","background-type":"","background-media":"","overlay-type":"","overlay-color":"","overlay-opacity":"","overlay-gradient":""}}},"product_brand":[],"product_cat":[129],"product_tag":[],"class_list":{"0":"post-17293","1":"product","2":"type-product","3":"status-publish","4":"has-post-thumbnail","6":"product_cat-fiber-recycling-machine","7":"desktop-align-center","8":"tablet-align-center","9":"mobile-align-center","11":"first","12":"instock","13":"shipping-taxable","14":"product-type-simple"},"_links":{"self":[{"href":"https:\/\/recyclingequipinc.com\/de\/wp-json\/wp\/v2\/product\/17293","targetHints":{"allow":["GET"]}}],"collection":[{"href":"https:\/\/recyclingequipinc.com\/de\/wp-json\/wp\/v2\/product"}],"about":[{"href":"https:\/\/recyclingequipinc.com\/de\/wp-json\/wp\/v2\/types\/product"}],"version-history":[{"count":0,"href":"https:\/\/recyclingequipinc.com\/de\/wp-json\/wp\/v2\/product\/17293\/revisions"}],"wp:featuredmedia":[{"embeddable":true,"href":"https:\/\/recyclingequipinc.com\/de\/wp-json\/wp\/v2\/media\/17297"}],"wp:attachment":[{"href":"https:\/\/recyclingequipinc.com\/de\/wp-json\/wp\/v2\/media?parent=17293"}],"wp:term":[{"taxonomy":"product_brand","embeddable":true,"href":"https:\/\/recyclingequipinc.com\/de\/wp-json\/wp\/v2\/product_brand?post=17293"},{"taxonomy":"product_cat","embeddable":true,"href":"https:\/\/recyclingequipinc.com\/de\/wp-json\/wp\/v2\/product_cat?post=17293"},{"taxonomy":"product_tag","embeddable":true,"href":"https:\/\/recyclingequipinc.com\/de\/wp-json\/wp\/v2\/product_tag?post=17293"}],"curies":[{"name":"wp","href":"https:\/\/api.w.org\/{rel}","templated":true}]}}