{"id":17268,"date":"2025-05-26T14:37:26","date_gmt":"2025-05-26T06:37:26","guid":{"rendered":"https:\/\/recyclingequipinc.com\/?post_type=product&#038;p=17268"},"modified":"2025-05-26T14:38:27","modified_gmt":"2025-05-26T06:38:27","slug":"mining-tire-recycling-machine","status":"publish","type":"product","link":"https:\/\/recyclingequipinc.com\/de\/product\/mining-tire-recycling-machine\/","title":{"rendered":"Recyclingmaschine f\u00fcr Bergbaureifen zu verkaufen | OTR-Reifenentsorgung"},"content":{"rendered":"<p>Mit der Entwicklung der Landwirtschaft, des Bergbaus und anderer Industrien hat die Anzahl der entsorgten Off-the-Road (OTR) Reifen dramatisch zugenommen. Obwohl Abfallbergreifen einen hohen Recyclingwert haben, sind sie aufgrund ihrer gro\u00dfen Gr\u00f6\u00dfe und robusten Struktur schwer direkt zu verarbeiten. Die Shuliy-Recyclingmaschinen f\u00fcr Bergbau-Reifen k\u00f6nnen riesige OTR-Reifen mit einem Durchmesser von \u00fcber 1400 mm verarbeiten, um anpassbaren Gummipulver in Gr\u00f6\u00dfen von 10 bis 40 Mesh, Stahlfelgen und Nylonfasern zur Wiederverwendung zu gewinnen.<\/p> <figure id=\"attachment_17275\" aria-describedby=\"caption-attachment-17275\" style=\"width: 720px\" class=\"wp-caption aligncenter\"><img fetchpriority=\"high\" decoding=\"async\" class=\"wp-image-17275 size-full\" src=\"https:\/\/recyclingequipinc.com\/wp-content\/uploads\/2025\/05\/mining-tire-recycling-line.webp\" alt=\"Recyclinglinie f\u00fcr Bergbau-Reifen\" width=\"720\" height=\"540\" srcset=\"https:\/\/recyclingequipinc.com\/wp-content\/uploads\/2025\/05\/mining-tire-recycling-line.webp 720w, https:\/\/recyclingequipinc.com\/wp-content\/uploads\/2025\/05\/mining-tire-recycling-line-300x225.webp 300w, https:\/\/recyclingequipinc.com\/wp-content\/uploads\/2025\/05\/mining-tire-recycling-line-16x12.webp 16w\" sizes=\"(max-width: 720px) 100vw, 720px\" \/><figcaption id=\"caption-attachment-17275\" class=\"wp-caption-text\">Recyclinglinie f\u00fcr Bergbau-Reifen<\/figcaption><\/figure> <h2>Die Rolle der Shuliy-Recyclingmaschinen f\u00fcr Bergbau-Reifen<\/h2> <p>Dieses Reifenrecycling-System f\u00fcr Bergbau-Reifen ist f\u00fcr alle gro\u00dfen Reifen mit einem Durchmesser von \u00fcber 1400 mm geeignet, einschlie\u00dflich Bergbau-Reifen, Erdbewegungsreifen, Laderreifen usw. Durch einen Prozess der Zerkleinerung, Zerschlagung, Mahlen und Sieben wird feines, gleichm\u00e4\u00dfiges Gummipulver gewonnen. Diese Pulver werden h\u00e4ufig in der Wiederaufbereitung von Asphaltmodifikationen, recycelten Reifen, Gummimatten und anderen Gummiprodukten verwendet. Die Feinheit des Gummipulvers kann je nach Bedarf von 10 bis 40 Mesh eingestellt werden.<\/p> <div id='gallery-1' class='gallery galleryid-17268 gallery-columns-3 gallery-size-full'><figure class='gallery-item'> \t\t\t<div class='gallery-icon landscape'> \t\t\t\t<a href='https:\/\/recyclingequipinc.com\/de\/?attachment_id=17278'><img decoding=\"async\" width=\"720\" height=\"540\" src=\"https:\/\/recyclingequipinc.com\/wp-content\/uploads\/2025\/05\/OTR-mining-tires.webp\" class=\"attachment-full size-full\" alt=\"OTR-Bergbaureifen\" aria-describedby=\"gallery-1-17278\" srcset=\"https:\/\/recyclingequipinc.com\/wp-content\/uploads\/2025\/05\/OTR-mining-tires.webp 720w, https:\/\/recyclingequipinc.com\/wp-content\/uploads\/2025\/05\/OTR-mining-tires-300x225.webp 300w, https:\/\/recyclingequipinc.com\/wp-content\/uploads\/2025\/05\/OTR-mining-tires-16x12.webp 16w\" sizes=\"(max-width: 720px) 100vw, 720px\" \/><\/a> \t\t\t<\/div> \t\t\t\t<figcaption class='wp-caption-text gallery-caption' id='gallery-1-17278'> \t\t\t\tOTR-Bergbaureifen \t\t\t\t<\/figcaption><\/figure><figure class='gallery-item'> \t\t\t<div class='gallery-icon landscape'> \t\t\t\t<a href='https:\/\/recyclingequipinc.com\/de\/?attachment_id=17281'><img decoding=\"async\" width=\"720\" height=\"540\" src=\"https:\/\/recyclingequipinc.com\/wp-content\/uploads\/2025\/05\/Taller-than-human-large-mining-tires.webp\" class=\"attachment-full size-full\" alt=\"Gr\u00f6\u00dfere als menschliche gro\u00dfe Bergbaureifen\" aria-describedby=\"gallery-1-17281\" srcset=\"https:\/\/recyclingequipinc.com\/wp-content\/uploads\/2025\/05\/Taller-than-human-large-mining-tires.webp 720w, https:\/\/recyclingequipinc.com\/wp-content\/uploads\/2025\/05\/Taller-than-human-large-mining-tires-300x225.webp 300w, https:\/\/recyclingequipinc.com\/wp-content\/uploads\/2025\/05\/Taller-than-human-large-mining-tires-16x12.webp 16w\" sizes=\"(max-width: 720px) 100vw, 720px\" \/><\/a> \t\t\t<\/div> \t\t\t\t<figcaption class='wp-caption-text gallery-caption' id='gallery-1-17281'> \t\t\t\tGr\u00f6\u00dfere als menschliche gro\u00dfe Bergbaureifen \t\t\t\t<\/figcaption><\/figure><figure class='gallery-item'> \t\t\t<div class='gallery-icon landscape'> \t\t\t\t<a href='https:\/\/recyclingequipinc.com\/de\/?attachment_id=17274'><img loading=\"lazy\" decoding=\"async\" width=\"720\" height=\"540\" src=\"https:\/\/recyclingequipinc.com\/wp-content\/uploads\/2025\/05\/gaint-tires.webp\" class=\"attachment-full size-full\" alt=\"Riesenreifen\" aria-describedby=\"gallery-1-17274\" srcset=\"https:\/\/recyclingequipinc.com\/wp-content\/uploads\/2025\/05\/gaint-tires.webp 720w, https:\/\/recyclingequipinc.com\/wp-content\/uploads\/2025\/05\/gaint-tires-300x225.webp 300w, https:\/\/recyclingequipinc.com\/wp-content\/uploads\/2025\/05\/gaint-tires-16x12.webp 16w\" sizes=\"(max-width: 720px) 100vw, 720px\" \/><\/a> \t\t\t<\/div> \t\t\t\t<figcaption class='wp-caption-text gallery-caption' id='gallery-1-17274'> \t\t\t\tRiesenreifen \t\t\t\t<\/figcaption><\/figure> \t\t<\/div>  <p>Dar\u00fcber hinaus werden Stahlseil und Faser w\u00e4hrend des gesamten Produktionsprozesses von Reifenpulver effektiv getrennt. Diese Materialien k\u00f6nnen als Rohstoffe f\u00fcr die Stahlproduktion und als alternative Brennstoffe verwendet werden. Dies erh\u00f6ht die Ressourcennutzungsrate und den wirtschaftlichen Wert von Abfall-OTR-Reifen erheblich.<\/p> <figure id=\"attachment_17282\" aria-describedby=\"caption-attachment-17282\" style=\"width: 1120px\" class=\"wp-caption aligncenter\"><img loading=\"lazy\" decoding=\"async\" class=\"wp-image-17282 size-full\" src=\"https:\/\/recyclingequipinc.com\/wp-content\/uploads\/2025\/05\/wide-applications-of-recycled-materials-from-OTR-tires.webp\" alt=\"Breite Anwendungen von recycelten Materialien aus OTR-Reifen\" width=\"1120\" height=\"200\" srcset=\"https:\/\/recyclingequipinc.com\/wp-content\/uploads\/2025\/05\/wide-applications-of-recycled-materials-from-OTR-tires.webp 1120w, https:\/\/recyclingequipinc.com\/wp-content\/uploads\/2025\/05\/wide-applications-of-recycled-materials-from-OTR-tires-300x54.webp 300w, https:\/\/recyclingequipinc.com\/wp-content\/uploads\/2025\/05\/wide-applications-of-recycled-materials-from-OTR-tires-1024x183.webp 1024w, https:\/\/recyclingequipinc.com\/wp-content\/uploads\/2025\/05\/wide-applications-of-recycled-materials-from-OTR-tires-768x137.webp 768w, https:\/\/recyclingequipinc.com\/wp-content\/uploads\/2025\/05\/wide-applications-of-recycled-materials-from-OTR-tires-18x3.webp 18w, https:\/\/recyclingequipinc.com\/wp-content\/uploads\/2025\/05\/wide-applications-of-recycled-materials-from-OTR-tires-750x134.webp 750w\" sizes=\"(max-width: 1120px) 100vw, 1120px\" \/><figcaption id=\"caption-attachment-17282\" class=\"wp-caption-text\">Breite Anwendungen von recycelten Materialien aus OTR-Reifen<\/figcaption><\/figure> <h2>Vorteile unserer Recyclingger\u00e4te f\u00fcr Bergbau-Reifen<\/h2> <ul> <li>Mit starker Anpassungsf\u00e4higkeit und breiter Anwendung ist sie f\u00fcr alle OTR-Reifen mit einem Durchmesser von mehr als 1400 mm geeignet.<\/li> <li>Die gesamte Maschine ist nach den Standards der Schwerindustrie gebaut, mit einer robusten Struktur, verschlei\u00dffesten Materialien, einer hohen Tragf\u00e4higkeit und hoher Betriebseffizienz.<\/li> <li>Die Feinheit des Gummipulvers kann von 10 bis 40 Mesh eingestellt werden, um verschiedene Produktionsanforderungen zu erf\u00fcllen.<\/li> <li>Es trennt Stahlseile und Faserverunreinigungen hoch effizient, und das Gummipulver ist zu 99 % rein oder mehr.<\/li> <li>Es hat einen niedrigen Energieverbrauch und entspricht den Standards f\u00fcr Umweltschutz und Energieeinsparung.<\/li> <\/ul> <p>&nbsp;<\/p> <h2>Zwei vollautomatische Produktionslinien f\u00fcr Gummipulver<\/h2> <p>Um die Recyclingbed\u00fcrfnisse von OTR-Reifen unterschiedlicher Gr\u00f6\u00dfen vollst\u00e4ndig zu erf\u00fcllen, bietet Shuliy zwei Verarbeitungswege an: \"Drahtziehen-Zerkleinern-Zerkleinern-Mahlen\" wird f\u00fcr mittelgro\u00dfe Reifen (1400-4000 mm) verwendet, w\u00e4hrend \"Zerlegung-Zerkleinern-Mahlen\" f\u00fcr \u00fcbergro\u00dfe ganze Reifen (\u22652100 mm) eingesetzt wird. Es gibt auch flexible Optionen, um verschiedenen Produktionsbed\u00fcrfnissen gerecht zu werden.<\/p> <h3><span style=\"font-size: 14pt;\">OTR-Reifenrecyclinglinie f\u00fcr Reifen von 1400-4000 mm<\/span><\/h3> <figure id=\"attachment_17277\" aria-describedby=\"caption-attachment-17277\" style=\"width: 720px\" class=\"wp-caption alignleft\"><img loading=\"lazy\" decoding=\"async\" class=\"wp-image-17277 size-full\" src=\"https:\/\/recyclingequipinc.com\/wp-content\/uploads\/2025\/05\/mining-tire-recycling-solution-1.webp\" alt=\"Reifenrecyclingl\u00f6sung f\u00fcr den Bergbau 1\" width=\"720\" height=\"540\" srcset=\"https:\/\/recyclingequipinc.com\/wp-content\/uploads\/2025\/05\/mining-tire-recycling-solution-1.webp 720w, https:\/\/recyclingequipinc.com\/wp-content\/uploads\/2025\/05\/mining-tire-recycling-solution-1-300x225.webp 300w, https:\/\/recyclingequipinc.com\/wp-content\/uploads\/2025\/05\/mining-tire-recycling-solution-1-16x12.webp 16w\" sizes=\"(max-width: 720px) 100vw, 720px\" \/><figcaption id=\"caption-attachment-17277\" class=\"wp-caption-text\">Reifenrecyclingl\u00f6sung f\u00fcr den Bergbau 1<\/figcaption><\/figure> <p>&nbsp;<\/p> <p>Beteiligte Maschinen zum Recycling von Bergbaureifen:<br \/> OTR-Reifen-Entlader, OTR-Reifen-Schneidemaschine, Gummi-Reifen-Schredder, Reifenbrecher &amp; Magnetseparator<\/p> <p>Arbeitsablauf:<\/p> <ol> <li>Die OTR-Reifen-Zeichnungsmaschine entfernt effizient die Seitenwand-R\u00e4nder mit einem leistungsstarken Hydrauliksystem und einem Greifger\u00e4t.<\/li> <li>Der Gummireifen, dessen R\u00e4nder entfernt wurden, wird von einer Abtrennmaschine in leicht zu schreddernde Segmente unterteilt.<\/li> <li>Der Reifenzerkleinerer zerkleinert Reifen kraftvoll in kleine, gleichm\u00e4\u00dfige St\u00fccke von 50-100 mm mit einem hochgeschwindigkeitsdrehenden Schneidwerk.<\/li> <li>Das Mahlen von Doppelwalzen und die Anwendung von mehrschichtigen Sieb- und Magnettrennvorrichtungen erzeugt Gummipulver gem\u00e4\u00df der festgelegten Gr\u00f6\u00dfe und erreicht eine pr\u00e4zise Sortierung.<\/li> <li>Der Faserseparator trennt Faserverunreinigungen effizient mithilfe von Luftstromsortierung.<\/li> <\/ol> <p>&nbsp;<\/p> <p>&nbsp;<\/p> <figure id=\"attachment_17276\" aria-describedby=\"caption-attachment-17276\" style=\"width: 720px\" class=\"wp-caption alignleft\"><img loading=\"lazy\" decoding=\"async\" class=\"wp-image-17276 size-full\" src=\"https:\/\/recyclingequipinc.com\/wp-content\/uploads\/2025\/05\/mining-tire-recycling-plant-2.webp\" alt=\"Recyclinganlage f\u00fcr Bergbau-Reifen 2\" width=\"720\" height=\"540\" srcset=\"https:\/\/recyclingequipinc.com\/wp-content\/uploads\/2025\/05\/mining-tire-recycling-plant-2.webp 720w, https:\/\/recyclingequipinc.com\/wp-content\/uploads\/2025\/05\/mining-tire-recycling-plant-2-300x225.webp 300w, https:\/\/recyclingequipinc.com\/wp-content\/uploads\/2025\/05\/mining-tire-recycling-plant-2-16x12.webp 16w\" sizes=\"(max-width: 720px) 100vw, 720px\" \/><figcaption id=\"caption-attachment-17276\" class=\"wp-caption-text\">Recyclinganlage f\u00fcr Bergbau-Reifen 2<\/figcaption><\/figure> <p>&nbsp;<\/p> <p>Beteiligte OTR-Reifenrecyclingger\u00e4te: OTR-Reifenzerlegungsmaschine, OTR-Stahlseparierer, Reifenzerkleinerungsmaschine, Reifenmahl- und Magnettrennmaschine<\/p> <p>Arbeitsablauf:<\/p> <ol> <li>Die OTR-Demontagemaschine zerlegt gro\u00dfe Reifen schnell in Ober-, Seitenwand- und Karkassensegmente mit leistungsstarken, verstellbaren Messern.<\/li> <li>Der OTR-Wulstseparator trennt die in der Karkasse eingebetteten W\u00fclste effizient und vollst\u00e4ndig.<\/li> <li>Die von den W\u00fclsten befreiten Reifenbl\u00f6cke werden dann in den Reifenzerkleinerer zur gleichm\u00e4\u00dfigen Zerkleinerung eingef\u00fchrt.<\/li> <li>Das Reifenmahl- und Siebsystem erm\u00f6glicht eine feine Zerkleinerung und die effiziente Entfernung von Gummibl\u00f6cken.<\/li> <li>Der Faserseparator trennt die Fasern.<\/li> <\/ol> <p>&nbsp;<\/p> <p>&nbsp;<\/p> <p>&nbsp;<\/p> <h2>Professionelle Recyclingmaschinen f\u00fcr Bergbau-Reifen zu verkaufen<\/h2> <p>Da der Bergbau, das Ingenieurwesen, der Transport und andere Schwerindustrien weiterhin wachsen, nimmt die Verwendung von OTR-Reifen zu. Ihre gro\u00dfe Gr\u00f6\u00dfe und nicht abbaubaren Eigenschaften stellen wichtige Herausforderungen im Bereich Umwelt- und Ressourcenmanagement dar. Gleichzeitig schafft der Markt f\u00fcr die Recycling von OTR-Reifen beispiellose Gesch\u00e4ftsm\u00f6glichkeiten, da L\u00e4nder die politische Unterst\u00fctzung f\u00fcr das Recycling von gebrauchten Reifen verst\u00e4rken.<\/p> <p>Shuliy verpflichtet sich, unseren globalen Kunden effiziente, umweltfreundliche L\u00f6sungen f\u00fcr die Reifenrecyclingindustrie (OTR) anzubieten. Wir bieten ma\u00dfgeschneiderte Ausstattungsvarianten und decken den gesamten Prozess ab, von der Standortplanung und der Installation von T\u00fcr zu T\u00fcr bis hin zu technischer Schulung und einer einj\u00e4hrigen kostenlosen Garantie. Dies hilft unseren Kunden, schnell mit der Produktion zu beginnen und stetige Gewinne zu erzielen. Unsere Ausr\u00fcstung wurde nach Kanada, Australien, Kenia und in andere L\u00e4nder exportiert und hat breite Anerkennung erhalten.<\/p> <p>Bitte z\u00f6gern Sie nicht, uns heute f\u00fcr einen Vorschlag und ein Angebot zu kontaktieren, wenn Sie die F\u00fchrung im Markt f\u00fcr die Recycling von OTR-Reifen \u00fcbernehmen m\u00f6chten. Shuliy \u2013 Ihr zuverl\u00e4ssiger Partner f\u00fcr Recyclinganlagen!<\/p> <div id='gallery-2' class='gallery galleryid-17268 gallery-columns-2 gallery-size-full'><figure class='gallery-item'> \t\t\t<div class='gallery-icon landscape'> \t\t\t\t<a href='https:\/\/recyclingequipinc.com\/de\/?attachment_id=17280'><img loading=\"lazy\" decoding=\"async\" width=\"720\" height=\"540\" src=\"https:\/\/recyclingequipinc.com\/wp-content\/uploads\/2025\/05\/Sapin-customers-visit-Shuliy.webp\" class=\"attachment-full size-full\" alt=\"Spanische Kunden besuchen Shuliy\" aria-describedby=\"gallery-2-17280\" srcset=\"https:\/\/recyclingequipinc.com\/wp-content\/uploads\/2025\/05\/Sapin-customers-visit-Shuliy.webp 720w, https:\/\/recyclingequipinc.com\/wp-content\/uploads\/2025\/05\/Sapin-customers-visit-Shuliy-300x225.webp 300w, https:\/\/recyclingequipinc.com\/wp-content\/uploads\/2025\/05\/Sapin-customers-visit-Shuliy-16x12.webp 16w\" sizes=\"(max-width: 720px) 100vw, 720px\" \/><\/a> \t\t\t<\/div> \t\t\t\t<figcaption class='wp-caption-text gallery-caption' id='gallery-2-17280'> \t\t\t\tSpanische Kunden besuchen Shuliy \t\t\t\t<\/figcaption><\/figure><figure class='gallery-item'> \t\t\t<div class='gallery-icon landscape'> \t\t\t\t<a href='https:\/\/recyclingequipinc.com\/de\/?attachment_id=17272'><img loading=\"lazy\" decoding=\"async\" width=\"720\" height=\"540\" src=\"https:\/\/recyclingequipinc.com\/wp-content\/uploads\/2025\/05\/Austrialian-clients-visit-tire-recycling-machines.webp\" class=\"attachment-full size-full\" alt=\"Australische Kunden besuchen Reifenrecyclingmaschinen\" aria-describedby=\"gallery-2-17272\" srcset=\"https:\/\/recyclingequipinc.com\/wp-content\/uploads\/2025\/05\/Austrialian-clients-visit-tire-recycling-machines.webp 720w, https:\/\/recyclingequipinc.com\/wp-content\/uploads\/2025\/05\/Austrialian-clients-visit-tire-recycling-machines-300x225.webp 300w, https:\/\/recyclingequipinc.com\/wp-content\/uploads\/2025\/05\/Austrialian-clients-visit-tire-recycling-machines-16x12.webp 16w\" sizes=\"(max-width: 720px) 100vw, 720px\" \/><\/a> \t\t\t<\/div> \t\t\t\t<figcaption class='wp-caption-text gallery-caption' id='gallery-2-17272'> \t\t\t\tAustralische Kunden besuchen Reifenrecyclingmaschinen \t\t\t\t<\/figcaption><\/figure> \t\t<\/div>","protected":false},"excerpt":{"rendered":"<p>Die Shuliy-Recyclingmaschinen f\u00fcr Bergbaureifen sind speziell daf\u00fcr ausgelegt, gro\u00dfe OTR-Reifen (\u22651400 mm) zu verarbeiten und hochwertigen Gummipulver (10-40 Mesh) zu produzieren. Sie bieten eine Komplettl\u00f6sung f\u00fcr die Entsorgung von OTR-Reifen.<\/p>","protected":false},"featured_media":17277,"template":"","meta":{"site-sidebar-layout":"default","site-content-layout":"","ast-site-content-layout":"default","site-content-style":"default","site-sidebar-style":"default","ast-global-header-display":"","ast-banner-title-visibility":"","ast-main-header-display":"","ast-hfb-above-header-display":"","ast-hfb-below-header-display":"","ast-hfb-mobile-header-display":"","site-post-title":"","ast-breadcrumbs-content":"","ast-featured-img":"","footer-sml-layout":"","ast-disable-related-posts":"","theme-transparent-header-meta":"default","adv-header-id-meta":"","stick-header-meta":"","header-above-stick-meta":"","header-main-stick-meta":"","header-below-stick-meta":"","astra-migrate-meta-layouts":"set","ast-page-background-enabled":"default","ast-page-background-meta":{"desktop":{"background-color":"","background-image":"","background-repeat":"repeat","background-position":"center center","background-size":"auto","background-attachment":"scroll","background-type":"","background-media":"","overlay-type":"","overlay-color":"","overlay-opacity":"","overlay-gradient":""},"tablet":{"background-color":"","background-image":"","background-repeat":"repeat","background-position":"center center","background-size":"auto","background-attachment":"scroll","background-type":"","background-media":"","overlay-type":"","overlay-color":"","overlay-opacity":"","overlay-gradient":""},"mobile":{"background-color":"","background-image":"","background-repeat":"repeat","background-position":"center center","background-size":"auto","background-attachment":"scroll","background-type":"","background-media":"","overlay-type":"","overlay-color":"","overlay-opacity":"","overlay-gradient":""}},"ast-content-background-meta":{"desktop":{"background-color":"var(--ast-global-color-5)","background-image":"","background-repeat":"repeat","background-position":"center center","background-size":"auto","background-attachment":"scroll","background-type":"","background-media":"","overlay-type":"","overlay-color":"","overlay-opacity":"","overlay-gradient":""},"tablet":{"background-color":"var(--ast-global-color-5)","background-image":"","background-repeat":"repeat","background-position":"center center","background-size":"auto","background-attachment":"scroll","background-type":"","background-media":"","overlay-type":"","overlay-color":"","overlay-opacity":"","overlay-gradient":""},"mobile":{"background-color":"var(--ast-global-color-5)","background-image":"","background-repeat":"repeat","background-position":"center center","background-size":"auto","background-attachment":"scroll","background-type":"","background-media":"","overlay-type":"","overlay-color":"","overlay-opacity":"","overlay-gradient":""}}},"product_brand":[],"product_cat":[128],"product_tag":[],"class_list":{"0":"post-17268","1":"product","2":"type-product","3":"status-publish","4":"has-post-thumbnail","6":"product_cat-tire-recycling-machine","7":"desktop-align-center","8":"tablet-align-center","9":"mobile-align-center","11":"first","12":"instock","13":"shipping-taxable","14":"product-type-simple"},"_links":{"self":[{"href":"https:\/\/recyclingequipinc.com\/de\/wp-json\/wp\/v2\/product\/17268","targetHints":{"allow":["GET"]}}],"collection":[{"href":"https:\/\/recyclingequipinc.com\/de\/wp-json\/wp\/v2\/product"}],"about":[{"href":"https:\/\/recyclingequipinc.com\/de\/wp-json\/wp\/v2\/types\/product"}],"version-history":[{"count":0,"href":"https:\/\/recyclingequipinc.com\/de\/wp-json\/wp\/v2\/product\/17268\/revisions"}],"wp:featuredmedia":[{"embeddable":true,"href":"https:\/\/recyclingequipinc.com\/de\/wp-json\/wp\/v2\/media\/17277"}],"wp:attachment":[{"href":"https:\/\/recyclingequipinc.com\/de\/wp-json\/wp\/v2\/media?parent=17268"}],"wp:term":[{"taxonomy":"product_brand","embeddable":true,"href":"https:\/\/recyclingequipinc.com\/de\/wp-json\/wp\/v2\/product_brand?post=17268"},{"taxonomy":"product_cat","embeddable":true,"href":"https:\/\/recyclingequipinc.com\/de\/wp-json\/wp\/v2\/product_cat?post=17268"},{"taxonomy":"product_tag","embeddable":true,"href":"https:\/\/recyclingequipinc.com\/de\/wp-json\/wp\/v2\/product_tag?post=17268"}],"curies":[{"name":"wp","href":"https:\/\/api.w.org\/{rel}","templated":true}]}}