{"id":17256,"date":"2025-05-20T15:40:48","date_gmt":"2025-05-20T07:40:48","guid":{"rendered":"https:\/\/recyclingequipinc.com\/?post_type=product&#038;p=17256"},"modified":"2025-05-20T15:40:48","modified_gmt":"2025-05-20T07:40:48","slug":"rubber-powder-production-line","status":"publish","type":"product","link":"https:\/\/recyclingequipinc.com\/de\/product\/rubber-powder-production-line\/","title":{"rendered":"Vollautomatische Gummipulver-Produktionslinie"},"content":{"rendered":"<p>Mit der Entwicklung der Automobilindustrie steigt die Anzahl der Altreifen, was die Reifenrecycling zu einem beliebten Projekt macht. Shuliy Machinery hat drei Arten von vollautomatischen Gummipulver-Produktionslinien entwickelt, die Altreifen effizient in Gummipulver umwandeln k\u00f6nnen und Reifenrecyclern auf der ganzen Welt helfen, rentable und umweltfreundliche Unternehmen zu betreiben.<\/p> <div class=\"ast-oembed-container\" style=\"height: 100%;\"><iframe title=\"Vollautomatische Reifenrecyclinglinie in Aktion | Hochleistungsproduktion von Gummipulver\" width=\"500\" height=\"281\" src=\"https:\/\/www.youtube.com\/embed\/vPOWjr2Om_E?feature=oembed\" frameborder=\"0\" allow=\"accelerometer; autoplay; clipboard-write; encrypted-media; gyroscope; picture-in-picture; web-share\" referrerpolicy=\"strict-origin-when-cross-origin\" allowfullscreen><\/iframe><\/div> <h2>Anwendung von automatischen Reifenrecyclinglinien<\/h2> <p>Diese Linien sind geeignet f\u00fcr die Verarbeitung von Reifen mit einem Durchmesser von bis zu 1200 mm durch Demontage, Zerkleinerung und Mahlen. Dieser Prozess liefert die Stahldr\u00e4hte, Gummipulver und Nylonfasern aus den Altreifen, die sortiert und recycelt werden k\u00f6nnen.<\/p> <p>Diese hocheffiziente, arbeitsparende, vollautomatische Reifenrecyclinglinie wird f\u00fcr mittelgro\u00dfe und gro\u00dfe Unternehmen empfohlen.<\/p> <figure id=\"attachment_17266\" aria-describedby=\"caption-attachment-17266\" style=\"width: 720px\" class=\"wp-caption aligncenter\"><img fetchpriority=\"high\" decoding=\"async\" class=\"wp-image-17266 size-full\" src=\"https:\/\/recyclingequipinc.com\/wp-content\/uploads\/2025\/05\/what-can-you-get-with-Shuliy-rubber-powder-production-lines.webp\" alt=\"Was Sie mit Shuliy Gummipulverproduktionslinien erhalten k\u00f6nnen\" width=\"720\" height=\"540\" srcset=\"https:\/\/recyclingequipinc.com\/wp-content\/uploads\/2025\/05\/what-can-you-get-with-Shuliy-rubber-powder-production-lines.webp 720w, https:\/\/recyclingequipinc.com\/wp-content\/uploads\/2025\/05\/what-can-you-get-with-Shuliy-rubber-powder-production-lines-300x225.webp 300w, https:\/\/recyclingequipinc.com\/wp-content\/uploads\/2025\/05\/what-can-you-get-with-Shuliy-rubber-powder-production-lines-16x12.webp 16w\" sizes=\"(max-width: 720px) 100vw, 720px\" \/><figcaption id=\"caption-attachment-17266\" class=\"wp-caption-text\">Was Sie mit Shuliy Gummipulverproduktionslinien erhalten k\u00f6nnen<\/figcaption><\/figure> <h2>Kernvorteile der vollautomatischen Gummipulverproduktionslinien<\/h2> <ul style=\"list-style-type: circle;\"> <li><strong>Hohe Effizienz:<\/strong> bis zu 18 Tonnen Gummipulver pro Tag.<\/li> <li><strong>Hochwertige Endprodukte:<\/strong> Die Reinheit des fertigen Gummipulvers betr\u00e4gt mindestens 99%, was einen hohen Mehrwert bietet.<\/li> <li><strong>Flexibilit\u00e4t:<\/strong> Eine Vielzahl von Programmen zur Auswahl, mit einstellbarer Feinheit des Gummipulvers.<\/li> <li><strong>Umweltschutz:<\/strong> Niedriger Energieverbrauch und Einhaltung der CE-Normen der Europ\u00e4ischen Union sowie der Staubemissionsstandards.<\/li> <\/ul> <h2>Drei Arten von Gummipulverproduktionslinien<\/h2> <h3><span style=\"font-size: 14pt;\">Reifenrecyclingl\u00f6sung 1:\u00a0<\/span><\/h3> <figure id=\"attachment_17260\" aria-describedby=\"caption-attachment-17260\" style=\"width: 720px\" class=\"wp-caption alignleft\"><img decoding=\"async\" class=\"wp-image-17260 size-full\" src=\"https:\/\/recyclingequipinc.com\/wp-content\/uploads\/2025\/05\/automatic-rubber-powder-production-line.webp\" alt=\"automatische Gummipulver-Produktionslinie\" width=\"720\" height=\"540\" srcset=\"https:\/\/recyclingequipinc.com\/wp-content\/uploads\/2025\/05\/automatic-rubber-powder-production-line.webp 720w, https:\/\/recyclingequipinc.com\/wp-content\/uploads\/2025\/05\/automatic-rubber-powder-production-line-300x225.webp 300w, https:\/\/recyclingequipinc.com\/wp-content\/uploads\/2025\/05\/automatic-rubber-powder-production-line-16x12.webp 16w\" sizes=\"(max-width: 720px) 100vw, 720px\" \/><figcaption id=\"caption-attachment-17260\" class=\"wp-caption-text\">automatische Gummipulver-Produktionslinie<\/figcaption><\/figure> <p>&nbsp;<\/p> <p class=\"translation-block\"><strong>Einschlie\u00dflich Ausr\u00fcstung: <\/strong> Reifenentstahler, Reifenschneidemaschine, Reifenzerkleinerer, Reifenmahl- und Siebsystem<\/p> <p class=\"translation-block\"><strong style=\"font-size: 16px\">Detaillierter Arbeitsablauf:<\/strong><\/p> <ol> <li>Die Reifenentmantelmaschine zieht die Stahlfelgen mit einem starken hydraulischen Zugger\u00e4t aus den inneren Felgen der Reifen.<\/li> <li>Der Reifenzerkleinerer schneidet die Reifen dann in zwei oder drei St\u00fccke, die leicht in den Schredder zur Verarbeitung gelegt werden k\u00f6nnen.<\/li> <li>Der Reifenzerkleinerer zerdr\u00fcckt Reifen in kleine, einheitliche St\u00fccke, was die Effizienz der anschlie\u00dfenden Zerkleinerung erh\u00f6ht.<\/li> <li>Die Gummipulverherstellungsanlage produziert hochwertiges Gummipulver mit einer einstellbaren Feinheit von 10\u201340 Mesh durch Prozesse wie Doppelwalzenmahlung, Siebtrennung und magnetische Trennung.<\/li> <\/ol> <ol style=\"list-style-type: lower-alpha;\"> <li style=\"list-style-type: none;\"><\/li> <\/ol> <p>&nbsp;<\/p> <p>&nbsp;<\/p> <p>&nbsp;<\/p> <h3><span style=\"font-size: 14pt;\">Reifenrecyclinganlage 2:<\/span><\/h3> <figure id=\"attachment_17261\" aria-describedby=\"caption-attachment-17261\" style=\"width: 720px\" class=\"wp-caption alignleft\"><img decoding=\"async\" class=\"wp-image-17261 size-full\" src=\"https:\/\/recyclingequipinc.com\/wp-content\/uploads\/2025\/05\/fully-automatic-waste-tire-recycling-line.webp\" alt=\"vollautomatische Reifenrecyclinganlage\" width=\"720\" height=\"540\" srcset=\"https:\/\/recyclingequipinc.com\/wp-content\/uploads\/2025\/05\/fully-automatic-waste-tire-recycling-line.webp 720w, https:\/\/recyclingequipinc.com\/wp-content\/uploads\/2025\/05\/fully-automatic-waste-tire-recycling-line-300x225.webp 300w, https:\/\/recyclingequipinc.com\/wp-content\/uploads\/2025\/05\/fully-automatic-waste-tire-recycling-line-16x12.webp 16w\" sizes=\"(max-width: 720px) 100vw, 720px\" \/><figcaption id=\"caption-attachment-17261\" class=\"wp-caption-text\">vollautomatische Reifenrecyclinganlage<\/figcaption><\/figure> <p>&nbsp;<\/p> <p>&nbsp;<\/p> <p class=\"translation-block\"><strong>Einschlie\u00dflich Anlage: <\/strong> Reifenwulstdrahtentferner und -schneidemaschine, Stahl s\u00e9paration von Reifen, Gummireifen-Zerkleinerer, Reifenzerkleinerungslinie<\/p> <p class=\"translation-block\"><strong>Vollst\u00e4ndiger Arbeitsablauf:<\/strong><\/p> <ol> <li>Die Reifenwulstentferner- und Schneidemaschine entfernt den Reifenwulst, der die Stahldr\u00e4hte enth\u00e4lt, und schneidet den Reifen ab, der dann \u00fcber ein automatisches F\u00f6rderband in die Reifenzerkleinerungsmaschine gelangt.<\/li> <li>Der Reifenstahlseparierer trennt dann die Gummi- und Stahlseilanteile des Reifenwulstes, wobei der Gummianteil ebenfalls in den Schredder zur Verarbeitung gegeben werden kann.<\/li> <li>Der leistungsstarke Schredder sowie die Zerkleinerungs- und Siebsysteme zerdr\u00fccken, mahlen und entfernen Verunreinigungen aus dem Gummi.<\/li> <li>Ausgabe: Hochreines Gummipulver, dessen Feinheit mithilfe des Siebs eingestellt werden kann.<\/li> <\/ol> <p>&nbsp;<\/p> <p>&nbsp;<\/p> <h3><span style=\"font-size: 14pt;\">Gummipulverproduktionslinie 3:<\/span><\/h3> <figure id=\"attachment_17264\" aria-describedby=\"caption-attachment-17264\" style=\"width: 720px\" class=\"wp-caption alignleft\"><img loading=\"lazy\" decoding=\"async\" class=\"wp-image-17264 size-full\" src=\"https:\/\/recyclingequipinc.com\/wp-content\/uploads\/2025\/05\/tire-recycling-plant.webp\" alt=\"Recyclinganlage f\u00fcr Reifen\" width=\"720\" height=\"540\" srcset=\"https:\/\/recyclingequipinc.com\/wp-content\/uploads\/2025\/05\/tire-recycling-plant.webp 720w, https:\/\/recyclingequipinc.com\/wp-content\/uploads\/2025\/05\/tire-recycling-plant-300x225.webp 300w, https:\/\/recyclingequipinc.com\/wp-content\/uploads\/2025\/05\/tire-recycling-plant-16x12.webp 16w\" sizes=\"(max-width: 720px) 100vw, 720px\" \/><figcaption id=\"caption-attachment-17264\" class=\"wp-caption-text\">Recyclinganlage f\u00fcr Reifen<\/figcaption><\/figure> <p>&nbsp;<\/p> <p>&nbsp;<\/p> <p>&nbsp;<\/p> <p class=\"translation-block\"><strong>Einschlie\u00dflich Maschinen: <\/strong><\/p> <p>Industrieller Gummischredder, Reifen-Gummimahlmaschine und Magnetseparator<\/p> <p class=\"translation-block\"><strong>Arbeitsablauf:<\/strong><\/p> <p>Im Gegensatz zu den vorherigen beiden L\u00f6sungen erfordert diese Reifenrecycling-L\u00f6sung keine Vorverarbeitung. Der gesamte Reifen kann direkt in einen Hochleistungsreifenzerkleinerer gegeben werden, gefolgt von einer tiefen Zerkleinerung und Siebung.<\/p> <p>&nbsp;<\/p> <p>&nbsp;<\/p> <p>&nbsp;<\/p> <p>&nbsp;<\/p> <p>&nbsp;<\/p> <h2>Erfolgreiche F\u00e4lle \u00fcber Produktionslinien f\u00fcr Gummireifen<\/h2> <p>Wir haben zuvor vollautomatisierte Reifenrecyclinglinien nach Kanada, Katar, S\u00fcdafrika, Indien und andere L\u00e4nder exportiert, um Reifenrecyclingfabriken zu etablieren und die Effizienz weltweit zu verbessern. Zum Beispiel stieg nach der Einf\u00fchrung der Shuliy 560# automatischen Gummipulverproduktionslinie in einer kanadischen Fabrik die t\u00e4gliche Produktion auf 5 Tonnen, was die Effizienz und Rentabilit\u00e4t erheblich steigerte.<\/p> <div id='gallery-1' class='gallery galleryid-17256 gallery-columns-3 gallery-size-thumbnail'><figure class='gallery-item'> \t\t\t<div class='gallery-icon landscape'> \t\t\t\t<a href='https:\/\/recyclingequipinc.com\/de\/?attachment_id=17265'><img loading=\"lazy\" decoding=\"async\" width=\"150\" height=\"150\" src=\"https:\/\/recyclingequipinc.com\/wp-content\/uploads\/2025\/05\/tire-recycling-quipment-to-Canada-150x150.webp\" class=\"attachment-thumbnail size-thumbnail\" alt=\"Reifenrecyclingger\u00e4te nach Kanada\" aria-describedby=\"gallery-1-17265\" srcset=\"https:\/\/recyclingequipinc.com\/wp-content\/uploads\/2025\/05\/tire-recycling-quipment-to-Canada-150x150.webp 150w, https:\/\/recyclingequipinc.com\/wp-content\/uploads\/2025\/05\/tire-recycling-quipment-to-Canada-100x100.webp 100w\" sizes=\"(max-width: 150px) 100vw, 150px\" \/><\/a> \t\t\t<\/div> \t\t\t\t<figcaption class='wp-caption-text gallery-caption' id='gallery-1-17265'> \t\t\t\tReifenrecyclingger\u00e4te nach Kanada \t\t\t\t<\/figcaption><\/figure><figure class='gallery-item'> \t\t\t<div class='gallery-icon landscape'> \t\t\t\t<a href='https:\/\/recyclingequipinc.com\/de\/?attachment_id=17263'><img loading=\"lazy\" decoding=\"async\" width=\"150\" height=\"150\" src=\"https:\/\/recyclingequipinc.com\/wp-content\/uploads\/2025\/05\/tire-recycling-machines-to-Austrilia-150x150.webp\" class=\"attachment-thumbnail size-thumbnail\" alt=\"Reifenrecyclingmaschinen nach Australien\" aria-describedby=\"gallery-1-17263\" srcset=\"https:\/\/recyclingequipinc.com\/wp-content\/uploads\/2025\/05\/tire-recycling-machines-to-Austrilia-150x150.webp 150w, https:\/\/recyclingequipinc.com\/wp-content\/uploads\/2025\/05\/tire-recycling-machines-to-Austrilia-100x100.webp 100w\" sizes=\"(max-width: 150px) 100vw, 150px\" \/><\/a> \t\t\t<\/div> \t\t\t\t<figcaption class='wp-caption-text gallery-caption' id='gallery-1-17263'> \t\t\t\tReifenrecyclingmaschinen nach Australien \t\t\t\t<\/figcaption><\/figure><figure class='gallery-item'> \t\t\t<div class='gallery-icon landscape'> \t\t\t\t<a href='https:\/\/recyclingequipinc.com\/de\/?attachment_id=17262'><img loading=\"lazy\" decoding=\"async\" width=\"150\" height=\"150\" src=\"https:\/\/recyclingequipinc.com\/wp-content\/uploads\/2025\/05\/tire-recycling-machine-packed-for-shippment-to-South-africa-150x150.webp\" class=\"attachment-thumbnail size-thumbnail\" alt=\"Recyclingmaschine f\u00fcr Reifen verpackt f\u00fcr den Versand nach S\u00fcdafrika\" aria-describedby=\"gallery-1-17262\" srcset=\"https:\/\/recyclingequipinc.com\/wp-content\/uploads\/2025\/05\/tire-recycling-machine-packed-for-shippment-to-South-africa-150x150.webp 150w, https:\/\/recyclingequipinc.com\/wp-content\/uploads\/2025\/05\/tire-recycling-machine-packed-for-shippment-to-South-africa-100x100.webp 100w\" sizes=\"(max-width: 150px) 100vw, 150px\" \/><\/a> \t\t\t<\/div> \t\t\t\t<figcaption class='wp-caption-text gallery-caption' id='gallery-1-17262'> \t\t\t\tRecyclingmaschine f\u00fcr Reifen verpackt f\u00fcr den Versand nach S\u00fcdafrika \t\t\t\t<\/figcaption><\/figure> \t\t<\/div>  <h2>Automatische Reifenrecycling-Anlage zu verkaufen<\/h2> <p>Als f\u00fchrender Anbieter von Reifenrecyclinganlagen k\u00f6nnen wir einen umfassenden Service bieten, von der Planung und Installation bis hin zum After-Sales-Support. Wenn Sie interessiert sind, z\u00f6gern Sie bitte nicht, uns zu kontaktieren!<\/p>","protected":false},"excerpt":{"rendered":"<p>Die automatische Gummipulver-Produktionslinie von Shuliy ist darauf ausgelegt, Abfallreifen mit einem Durchmesser von weniger als 1200 mm in Gummipulver zur Wiederverwendung umzuwandeln. Die Feinheit des Gummipulvers kann auf einen Bereich von 10 bis 40 Mesh eingestellt werden, mit einer Reinheit von mindestens 99 %.<\/p>","protected":false},"featured_media":17264,"template":"","meta":{"site-sidebar-layout":"default","site-content-layout":"","ast-site-content-layout":"default","site-content-style":"default","site-sidebar-style":"default","ast-global-header-display":"","ast-banner-title-visibility":"","ast-main-header-display":"","ast-hfb-above-header-display":"","ast-hfb-below-header-display":"","ast-hfb-mobile-header-display":"","site-post-title":"","ast-breadcrumbs-content":"","ast-featured-img":"","footer-sml-layout":"","ast-disable-related-posts":"","theme-transparent-header-meta":"default","adv-header-id-meta":"","stick-header-meta":"","header-above-stick-meta":"","header-main-stick-meta":"","header-below-stick-meta":"","astra-migrate-meta-layouts":"set","ast-page-background-enabled":"default","ast-page-background-meta":{"desktop":{"background-color":"","background-image":"","background-repeat":"repeat","background-position":"center center","background-size":"auto","background-attachment":"scroll","background-type":"","background-media":"","overlay-type":"","overlay-color":"","overlay-opacity":"","overlay-gradient":""},"tablet":{"background-color":"","background-image":"","background-repeat":"repeat","background-position":"center center","background-size":"auto","background-attachment":"scroll","background-type":"","background-media":"","overlay-type":"","overlay-color":"","overlay-opacity":"","overlay-gradient":""},"mobile":{"background-color":"","background-image":"","background-repeat":"repeat","background-position":"center center","background-size":"auto","background-attachment":"scroll","background-type":"","background-media":"","overlay-type":"","overlay-color":"","overlay-opacity":"","overlay-gradient":""}},"ast-content-background-meta":{"desktop":{"background-color":"var(--ast-global-color-5)","background-image":"","background-repeat":"repeat","background-position":"center center","background-size":"auto","background-attachment":"scroll","background-type":"","background-media":"","overlay-type":"","overlay-color":"","overlay-opacity":"","overlay-gradient":""},"tablet":{"background-color":"var(--ast-global-color-5)","background-image":"","background-repeat":"repeat","background-position":"center center","background-size":"auto","background-attachment":"scroll","background-type":"","background-media":"","overlay-type":"","overlay-color":"","overlay-opacity":"","overlay-gradient":""},"mobile":{"background-color":"var(--ast-global-color-5)","background-image":"","background-repeat":"repeat","background-position":"center center","background-size":"auto","background-attachment":"scroll","background-type":"","background-media":"","overlay-type":"","overlay-color":"","overlay-opacity":"","overlay-gradient":""}}},"product_brand":[],"product_cat":[128],"product_tag":[],"class_list":{"0":"post-17256","1":"product","2":"type-product","3":"status-publish","4":"has-post-thumbnail","6":"product_cat-tire-recycling-machine","7":"desktop-align-center","8":"tablet-align-center","9":"mobile-align-center","11":"first","12":"instock","13":"shipping-taxable","14":"product-type-simple"},"_links":{"self":[{"href":"https:\/\/recyclingequipinc.com\/de\/wp-json\/wp\/v2\/product\/17256","targetHints":{"allow":["GET"]}}],"collection":[{"href":"https:\/\/recyclingequipinc.com\/de\/wp-json\/wp\/v2\/product"}],"about":[{"href":"https:\/\/recyclingequipinc.com\/de\/wp-json\/wp\/v2\/types\/product"}],"version-history":[{"count":0,"href":"https:\/\/recyclingequipinc.com\/de\/wp-json\/wp\/v2\/product\/17256\/revisions"}],"wp:featuredmedia":[{"embeddable":true,"href":"https:\/\/recyclingequipinc.com\/de\/wp-json\/wp\/v2\/media\/17264"}],"wp:attachment":[{"href":"https:\/\/recyclingequipinc.com\/de\/wp-json\/wp\/v2\/media?parent=17256"}],"wp:term":[{"taxonomy":"product_brand","embeddable":true,"href":"https:\/\/recyclingequipinc.com\/de\/wp-json\/wp\/v2\/product_brand?post=17256"},{"taxonomy":"product_cat","embeddable":true,"href":"https:\/\/recyclingequipinc.com\/de\/wp-json\/wp\/v2\/product_cat?post=17256"},{"taxonomy":"product_tag","embeddable":true,"href":"https:\/\/recyclingequipinc.com\/de\/wp-json\/wp\/v2\/product_tag?post=17256"}],"curies":[{"name":"wp","href":"https:\/\/api.w.org\/{rel}","templated":true}]}}