{"id":17105,"date":"2025-01-24T17:00:18","date_gmt":"2025-01-24T09:00:18","guid":{"rendered":"https:\/\/recyclingequipinc.com\/?post_type=product&#038;p=17105"},"modified":"2025-01-24T17:00:18","modified_gmt":"2025-01-24T09:00:18","slug":"trommel-sieve","status":"publish","type":"product","link":"https:\/\/recyclingequipinc.com\/de\/product\/trommel-sieve\/","title":{"rendered":"Plastikflaschen-Trommelsieb zum Verkauf"},"content":{"rendered":"<p>Als effizientes Sieb- und Verunreinigungentrennger\u00e4t bietet das Trommelsieb wichtige technische Unterst\u00fctzung und Qualit\u00e4tssicherung f\u00fcr das Recycling von Kunststoffflaschen. Als effiziente Sieb- und Verunreinigungentrennungsanlage bietet die Trommelsiebmaschine erhebliche technische Unterst\u00fctzung und Qualit\u00e4tssicherung f\u00fcr das Recycling von Kunststoffflaschen. Sein einzigartiges Wirkprinzip und seine breite Anwendbarkeit verleihen ihm einen hohen Nutzwert.<\/p> <figure id=\"attachment_17121\" aria-describedby=\"caption-attachment-17121\" style=\"width: 720px\" class=\"wp-caption aligncenter\"><img fetchpriority=\"high\" decoding=\"async\" class=\"size-full wp-image-17121\" src=\"https:\/\/recyclingequipinc.com\/wp-content\/uploads\/2025\/01\/trommel-sieve.webp\" alt=\"Trommelsieb\" width=\"720\" height=\"540\" srcset=\"https:\/\/recyclingequipinc.com\/wp-content\/uploads\/2025\/01\/trommel-sieve.webp 720w, https:\/\/recyclingequipinc.com\/wp-content\/uploads\/2025\/01\/trommel-sieve-300x225.webp 300w, https:\/\/recyclingequipinc.com\/wp-content\/uploads\/2025\/01\/trommel-sieve-16x12.webp 16w\" sizes=\"(max-width: 720px) 100vw, 720px\" \/><figcaption id=\"caption-attachment-17121\" class=\"wp-caption-text\">Trommelsieb<\/figcaption><\/figure> <h2>Warum Trommelsiebe verwenden?<\/h2> <p>Taumelsiebe werden h\u00e4ufig zur Vorbehandlung von Plastikflaschen verwendet, bevor sie zerkleinert und recycelt werden. Warum also sie verwenden? Unter anderem:<\/p> <ul> <li>Der Einsatz eines Taumelsiebs kann gro\u00dfe Verunreinigungen effektiv entfernen, die Schwierigkeit des anschlie\u00dfenden Recyclings verringern und dazu beitragen, die Effizienz und Qualit\u00e4t von PET-Recyclinglinien zu verbessern.<\/li> <li>Das Vorabsieben von Steinen, Metallen und anderen Verunreinigungen kann dazu beitragen, die Lebensdauer des nachfolgenden Brechers, W\u00e4schers usw. zu verbessern und Verstopfungen, Verstopfungen usw. zu vermeiden.<\/li> <li>Taumelsiebe k\u00f6nnen dabei helfen, PET-Flaschen unterschiedlicher Gr\u00f6\u00dfe zu sieben, was f\u00fcr eine abgestufte Recyclingbehandlung praktisch ist und die Effizienz des Kunststoffrecyclings maximiert.<\/li> <\/ul> <figure id=\"attachment_17122\" aria-describedby=\"caption-attachment-17122\" style=\"width: 720px\" class=\"wp-caption aligncenter\"><img decoding=\"async\" class=\"size-full wp-image-17122\" src=\"https:\/\/recyclingequipinc.com\/wp-content\/uploads\/2025\/01\/trommel-sieve-2.webp\" alt=\"Trommelsieb\" width=\"720\" height=\"539\" srcset=\"https:\/\/recyclingequipinc.com\/wp-content\/uploads\/2025\/01\/trommel-sieve-2.webp 720w, https:\/\/recyclingequipinc.com\/wp-content\/uploads\/2025\/01\/trommel-sieve-2-300x225.webp 300w, https:\/\/recyclingequipinc.com\/wp-content\/uploads\/2025\/01\/trommel-sieve-2-16x12.webp 16w\" sizes=\"(max-width: 720px) 100vw, 720px\" \/><figcaption id=\"caption-attachment-17122\" class=\"wp-caption-text\">Trommelsieb<\/figcaption><\/figure> <h2>Vorteile des Shuliy Tumbler-Siebs<\/h2> <ul> <li>Aus Kohlenstoffstahl, verschlei\u00dffest und langlebig, geringe Wartungskosten.<\/li> <li>Einfache Trommelsiebstruktur aus Kunststoff, einfach zu bedienen, zu reinigen und zu warten.<\/li> <li>Gro\u00dfe Kapazit\u00e4t, hohe Leistung und hoher Durchsatz zum effizienten Sieben und Entfernen von PET-Verunreinigungen.<\/li> <li>Kann f\u00fcr eine Vielzahl von Kunststoffflaschengr\u00f6\u00dfen und -formen verwendet werden.<\/li> <\/ul> <figure id=\"attachment_17125\" aria-describedby=\"caption-attachment-17125\" style=\"width: 720px\" class=\"wp-caption aligncenter\"><img decoding=\"async\" class=\"size-full wp-image-17125\" src=\"https:\/\/recyclingequipinc.com\/wp-content\/uploads\/2025\/01\/trommel-screen.webp\" alt=\"Trommelsieb\" width=\"720\" height=\"540\" srcset=\"https:\/\/recyclingequipinc.com\/wp-content\/uploads\/2025\/01\/trommel-screen.webp 720w, https:\/\/recyclingequipinc.com\/wp-content\/uploads\/2025\/01\/trommel-screen-300x225.webp 300w, https:\/\/recyclingequipinc.com\/wp-content\/uploads\/2025\/01\/trommel-screen-16x12.webp 16w\" sizes=\"(max-width: 720px) 100vw, 720px\" \/><figcaption id=\"caption-attachment-17125\" class=\"wp-caption-text\">Trommelsieb<\/figcaption><\/figure> <h2>Wie funktioniert ein Trommelsieb?<\/h2> <p>Ein Trommelsieb besteht im Wesentlichen aus Trommel, Sieb, Halterung, Motor, Einlass und Auslass.<\/p> <p>Durch den Einlauf werden Kunststoffflaschen in die Trommel eingef\u00fchrt, die Trommel wird durch den Motor in langsame Drehung versetzt, die Kunststoffflaschen werden \u00fcberrollt und die Verunreinigungen werden durch die Gr\u00f6\u00dfe der Sieb\u00f6ffnung abgeschieden. Verunreinigungen, die kleiner als die Maschenweite sind, werden durch das Sieb ausgetragen, w\u00e4hrend Plastikflaschen, die gr\u00f6\u00dfer als die Maschenweite sind, weiter vorw\u00e4rts rollen und schlie\u00dflich durch verschiedene Auslass\u00f6ffnungen ausgetragen und zur n\u00e4chsten Recyclinganlage transportiert werden.<\/p> <p>Je nach Produktionssituation k\u00f6nnen Sie ein Sieb mit unterschiedlichen Maschenweiten frei w\u00e4hlen, um Plastikflaschen effektiv zu sieben. Bitte senden Sie uns Ihre Produktionsanforderungen und wir empfehlen Ihnen die richtige Wahl!<\/p> <figure id=\"attachment_17123\" aria-describedby=\"caption-attachment-17123\" style=\"width: 720px\" class=\"wp-caption aligncenter\"><img loading=\"lazy\" decoding=\"async\" class=\"wp-image-17123 size-full\" src=\"https:\/\/recyclingequipinc.com\/wp-content\/uploads\/2025\/01\/drum-screen.webp\" alt=\"Trommelsieb im Werk\" width=\"720\" height=\"540\" srcset=\"https:\/\/recyclingequipinc.com\/wp-content\/uploads\/2025\/01\/drum-screen.webp 720w, https:\/\/recyclingequipinc.com\/wp-content\/uploads\/2025\/01\/drum-screen-300x225.webp 300w, https:\/\/recyclingequipinc.com\/wp-content\/uploads\/2025\/01\/drum-screen-16x12.webp 16w\" sizes=\"(max-width: 720px) 100vw, 720px\" \/><figcaption id=\"caption-attachment-17123\" class=\"wp-caption-text\">Trommelsieb im Werk<\/figcaption><\/figure> <h2>Parameter des Tumblersiebs<\/h2> <table style=\"border-collapse: collapse; width: 43.3696%;\"> <tbody> <tr> <td style=\"width: 21.4607%;\">Rohstoffe<\/td> <td style=\"width: 21.9101%;\">PET-Flaschen<\/td> <\/tr> <tr> <td style=\"width: 21.4607%;\">Trommell\u00e4nge<\/td> <td style=\"width: 21.9101%;\">4500 mm<\/td> <\/tr> <tr> <td style=\"width: 21.4607%;\">Funktion<\/td> <td style=\"width: 21.9101%;\">Vorf\u00fchrung<\/td> <\/tr> <tr> <td style=\"width: 21.4607%;\">Garantie<\/td> <td style=\"width: 21.9101%;\">Ein Jahr<\/td> <\/tr> <\/tbody> <\/table> <p>&nbsp;<\/p> <h2>Die praktische Anwendung des Trommelsiebs<\/h2> <p>Das PET-Recycling ist in der Regel in Vorbehandlung, Zerkleinerung und Reinigung unterteilt und weist mehrere wichtige Zusammenh\u00e4nge auf. Bei der Vorbehandlung kommt der Trommelsiebmaschine eine Schl\u00fcsselrolle zu. Es kann die vorl\u00e4ufige Trennung von Verunreinigungen f\u00fcr das Recycling von Plastikflaschen effizient realisieren und so eine stabile Qualit\u00e4tssicherung des Rohmaterials gew\u00e4hrleisten und gleichzeitig die Effizienz der nachfolgenden Verarbeitungsschritte und die Reinheit des Endprodukts verbessern.<\/p> <figure id=\"attachment_17124\" aria-describedby=\"caption-attachment-17124\" style=\"width: 720px\" class=\"wp-caption aligncenter\"><img loading=\"lazy\" decoding=\"async\" class=\"size-full wp-image-17124\" src=\"https:\/\/recyclingequipinc.com\/wp-content\/uploads\/2025\/01\/drum-sieve.webp\" alt=\"Trommelsieb\" width=\"720\" height=\"540\" srcset=\"https:\/\/recyclingequipinc.com\/wp-content\/uploads\/2025\/01\/drum-sieve.webp 720w, https:\/\/recyclingequipinc.com\/wp-content\/uploads\/2025\/01\/drum-sieve-300x225.webp 300w, https:\/\/recyclingequipinc.com\/wp-content\/uploads\/2025\/01\/drum-sieve-16x12.webp 16w\" sizes=\"(max-width: 720px) 100vw, 720px\" \/><figcaption id=\"caption-attachment-17124\" class=\"wp-caption-text\">Trommelsieb<\/figcaption><\/figure> <h2>Zusammenfassend<\/h2> <p>Das Obige ist eine allgemeine Einf\u00fchrung in die Trommelsiebmaschine. Wenn Sie detailliertere Informationen w\u00fcnschen, beispielsweise zur konkreten Siebeffizienz oder zu geeigneten Produktionslinienempfehlungen, k\u00f6nnen Sie sich gerne an uns wenden. Wir freuen uns darauf, dies weiter mit Ihnen zu besprechen!<\/p> <p>&nbsp;<\/p>","protected":false},"excerpt":{"rendered":"<p>Taumelsiebe werden h\u00e4ufig beim PET-Recycling verwendet und dienen der Vorsiebung, um gro\u00dfe Papierst\u00fccke, Steine \u200b\u200bund andere Verunreinigungen vor dem Zerkleinern zu entfernen und so die Effizienz des Plastikflaschenrecyclings zu verbessern.<\/p>","protected":false},"featured_media":17126,"template":"","meta":{"site-sidebar-layout":"default","site-content-layout":"","ast-site-content-layout":"default","site-content-style":"default","site-sidebar-style":"default","ast-global-header-display":"","ast-banner-title-visibility":"","ast-main-header-display":"","ast-hfb-above-header-display":"","ast-hfb-below-header-display":"","ast-hfb-mobile-header-display":"","site-post-title":"","ast-breadcrumbs-content":"","ast-featured-img":"","footer-sml-layout":"","ast-disable-related-posts":"","theme-transparent-header-meta":"default","adv-header-id-meta":"","stick-header-meta":"","header-above-stick-meta":"","header-main-stick-meta":"","header-below-stick-meta":"","astra-migrate-meta-layouts":"set","ast-page-background-enabled":"default","ast-page-background-meta":{"desktop":{"background-color":"","background-image":"","background-repeat":"repeat","background-position":"center center","background-size":"auto","background-attachment":"scroll","background-type":"","background-media":"","overlay-type":"","overlay-color":"","overlay-opacity":"","overlay-gradient":""},"tablet":{"background-color":"","background-image":"","background-repeat":"repeat","background-position":"center center","background-size":"auto","background-attachment":"scroll","background-type":"","background-media":"","overlay-type":"","overlay-color":"","overlay-opacity":"","overlay-gradient":""},"mobile":{"background-color":"","background-image":"","background-repeat":"repeat","background-position":"center center","background-size":"auto","background-attachment":"scroll","background-type":"","background-media":"","overlay-type":"","overlay-color":"","overlay-opacity":"","overlay-gradient":""}},"ast-content-background-meta":{"desktop":{"background-color":"var(--ast-global-color-5)","background-image":"","background-repeat":"repeat","background-position":"center center","background-size":"auto","background-attachment":"scroll","background-type":"","background-media":"","overlay-type":"","overlay-color":"","overlay-opacity":"","overlay-gradient":""},"tablet":{"background-color":"var(--ast-global-color-5)","background-image":"","background-repeat":"repeat","background-position":"center center","background-size":"auto","background-attachment":"scroll","background-type":"","background-media":"","overlay-type":"","overlay-color":"","overlay-opacity":"","overlay-gradient":""},"mobile":{"background-color":"var(--ast-global-color-5)","background-image":"","background-repeat":"repeat","background-position":"center center","background-size":"auto","background-attachment":"scroll","background-type":"","background-media":"","overlay-type":"","overlay-color":"","overlay-opacity":"","overlay-gradient":""}}},"product_brand":[],"product_cat":[36],"product_tag":[90],"class_list":{"0":"post-17105","1":"product","2":"type-product","3":"status-publish","4":"has-post-thumbnail","6":"product_cat-plastic-recycling-machine","7":"product_tag-pet-part","8":"desktop-align-center","9":"tablet-align-center","10":"mobile-align-center","12":"first","13":"instock","14":"shipping-taxable","15":"product-type-simple"},"_links":{"self":[{"href":"https:\/\/recyclingequipinc.com\/de\/wp-json\/wp\/v2\/product\/17105","targetHints":{"allow":["GET"]}}],"collection":[{"href":"https:\/\/recyclingequipinc.com\/de\/wp-json\/wp\/v2\/product"}],"about":[{"href":"https:\/\/recyclingequipinc.com\/de\/wp-json\/wp\/v2\/types\/product"}],"version-history":[{"count":0,"href":"https:\/\/recyclingequipinc.com\/de\/wp-json\/wp\/v2\/product\/17105\/revisions"}],"wp:featuredmedia":[{"embeddable":true,"href":"https:\/\/recyclingequipinc.com\/de\/wp-json\/wp\/v2\/media\/17126"}],"wp:attachment":[{"href":"https:\/\/recyclingequipinc.com\/de\/wp-json\/wp\/v2\/media?parent=17105"}],"wp:term":[{"taxonomy":"product_brand","embeddable":true,"href":"https:\/\/recyclingequipinc.com\/de\/wp-json\/wp\/v2\/product_brand?post=17105"},{"taxonomy":"product_cat","embeddable":true,"href":"https:\/\/recyclingequipinc.com\/de\/wp-json\/wp\/v2\/product_cat?post=17105"},{"taxonomy":"product_tag","embeddable":true,"href":"https:\/\/recyclingequipinc.com\/de\/wp-json\/wp\/v2\/product_tag?post=17105"}],"curies":[{"name":"wp","href":"https:\/\/api.w.org\/{rel}","templated":true}]}}