{"id":17102,"date":"2025-01-24T18:05:00","date_gmt":"2025-01-24T10:05:00","guid":{"rendered":"https:\/\/recyclingequipinc.com\/?post_type=product&#038;p=17102"},"modified":"2025-01-24T18:05:00","modified_gmt":"2025-01-24T10:05:00","slug":"pet-bottle-bale-opener","status":"publish","type":"product","link":"https:\/\/recyclingequipinc.com\/de\/product\/pet-bottle-bale-opener\/","title":{"rendered":"Ballen\u00f6ffner f\u00fcr PET-Flaschen"},"content":{"rendered":"<p>Fabriken verwenden h\u00e4ufig hydraulische Ballenpressen, um gro\u00dfe Mengen Kunststoffabf\u00e4lle f\u00fcr den einfachen Transport und die Lagerung in Bl\u00f6cke zu komprimieren. Vor dem Kunststoffrecycling m\u00fcssen Sie dann den Ballen\u00f6ffner f\u00fcr PET-Flaschen verwenden, um die Kunststoffbl\u00f6cke zu entb\u00fcndeln und aufzubrechen. Dadurch wird der anschlie\u00dfende Recyclingprozess erleichtert und die Effizienz des Kunststoffrecyclings erh\u00f6ht.<\/p> <div class=\"ast-oembed-container\" style=\"height: 100%;\"><iframe title=\"Ballen\u00f6ffner f\u00fcr Plastikflaschen: Steigern Sie die Effizienz beim Kunststoffrecycling!\" width=\"500\" height=\"281\" src=\"https:\/\/www.youtube.com\/embed\/_22nDnzyN2w?feature=oembed\" frameborder=\"0\" allow=\"accelerometer; autoplay; clipboard-write; encrypted-media; gyroscope; picture-in-picture; web-share\" referrerpolicy=\"strict-origin-when-cross-origin\" allowfullscreen><\/iframe><\/div> <h2>Warum einen Ballen\u00f6ffner verwenden?<\/h2> <ul> <li>Der Ballen\u00f6ffner kann die Dekomprimierung von Kunststoffbl\u00f6cken effizient und schnell in den nachfolgenden Produktionsprozess umsetzen und die Effizienz des Kunststoffrecyclings verbessern.<\/li> <li>Es \u00f6ffnet die hochdichten Kunststoffballen und vermeidet so eine Verstopfung oder Besch\u00e4digung der nachfolgenden Kunststoffrecyclinganlagen durch das gro\u00dfe Volumen an Kunststoffballen.<\/li> <li>Im Vergleich zur herk\u00f6mmlichen manuellen Auspackmethode reduziert der Ballen\u00f6ffner nicht nur die Arbeitskosten erheblich, sondern erzielt auch einen effizienteren und gleichm\u00e4\u00dfigeren Auspackeffekt.<\/li> <\/ul> <h2>Vorteile der Ballen\u00f6ffnermaschine von Shuliy<\/h2> <ul> <li>Kann zur Verarbeitung von Kunststoffflaschen, Kunststofffolien und vielen anderen Kunststoffmaterialien wie PET, PP, PE, LDPE usw. verwendet werden.<\/li> <li>Ausgestattet mit leistungsstarken Klingen aus hochwertigem Edelstahl kann die Ballen\u00f6ffnermaschine f\u00fcr PET-Flaschen die Kunststoffteile schnell und gleichm\u00e4\u00dfig zerkleinern.<\/li> <li>Durch die pr\u00e4zise Gestaltung der Verpackungs\u00f6ffnungen wird ein Plastikbruch beim Auspacken effektiv vermieden.<\/li> <li>Der hohe Automatisierungsgrad, die einfache und sichere Bedienung und der reduzierte Arbeitsaufwand.<\/li> <li>Je nach Produktionsbedarf flexibel mit einer passenden Produktionslinie kombinierbar.<\/li> <\/ul> <figure id=\"attachment_17130\" aria-describedby=\"caption-attachment-17130\" style=\"width: 720px\" class=\"wp-caption aligncenter\"><img fetchpriority=\"high\" decoding=\"async\" class=\"size-full wp-image-17130\" src=\"https:\/\/recyclingequipinc.com\/wp-content\/uploads\/2025\/01\/PET-bottle-bale-opener-2.webp\" alt=\"Ballen\u00f6ffner f\u00fcr PET-Flaschen\" width=\"720\" height=\"540\" srcset=\"https:\/\/recyclingequipinc.com\/wp-content\/uploads\/2025\/01\/PET-bottle-bale-opener-2.webp 720w, https:\/\/recyclingequipinc.com\/wp-content\/uploads\/2025\/01\/PET-bottle-bale-opener-2-300x225.webp 300w, https:\/\/recyclingequipinc.com\/wp-content\/uploads\/2025\/01\/PET-bottle-bale-opener-2-16x12.webp 16w\" sizes=\"(max-width: 720px) 100vw, 720px\" \/><figcaption id=\"caption-attachment-17130\" class=\"wp-caption-text\">Ballen\u00f6ffner f\u00fcr PET-Flaschen<\/figcaption><\/figure> <h2>Anwendungen der Debaler-Maschine<\/h2> <p>Ballen\u00f6ffner aus Kunststoff werden h\u00e4ufig bei der Vorbehandlung verschiedener Kunststoffrecyclingverfahren eingesetzt, darunter:<\/p> <ul> <li>PET-Recycling: Um die komprimierten Plastikflaschen zu l\u00f6sen und anschlie\u00dfend die Plastikverunreinigungen zu entfernen <a href=\"https:\/\/recyclingequipinc.com\/de\/produkt\/pet-bottle-label-remover-machine\/\">Etikettenentferner<\/a> und ein Tumbler-Sieb.<\/li> <li>Recycling von Kunststofffolien: Um das komprimierte Folienmaterial gleichm\u00e4\u00dfig zu lockern, das Ph\u00e4nomen der Verwicklung zu vermeiden und die Recyclingeffizienz zu verbessern.<\/li> <li>Andere Materialien: Ballen\u00f6ffner k\u00f6nnen auch f\u00fcr das Recycling von Hartplastik verwendet werden, um die Kunststoffklassifizierung zu erleichtern, oder f\u00fcr Altpapier, Textilien und andere Industrien.<\/li> <\/ul> <h2>Wie funktioniert der Ballen\u00f6ffner?<\/h2> <ol> <li>Zuf\u00fchrung: Die komprimierten Kunststoffbl\u00f6cke gelangen in den Innenteil des PET-Flaschenballen\u00f6ffners.<\/li> <li>Brechen: Die Klingen rotieren mit hoher Geschwindigkeit, um die Kunststoffteile zu zerkleinern. Aufgrund ihres pr\u00e4zisen Designs besch\u00e4digen die Klingen den Kunststoff nicht.<\/li> <li>Austrag: Der zerkleinerte Kunststoff wird auf einem F\u00f6rderband zum n\u00e4chsten Recyclingprozess transportiert.<\/li> <\/ol> <figure id=\"attachment_17129\" aria-describedby=\"caption-attachment-17129\" style=\"width: 720px\" class=\"wp-caption alignnone\"><img decoding=\"async\" class=\"size-full wp-image-17129\" src=\"https:\/\/recyclingequipinc.com\/wp-content\/uploads\/2025\/01\/debaler-machine.webp\" alt=\"Entballungsmaschine\" width=\"720\" height=\"540\" srcset=\"https:\/\/recyclingequipinc.com\/wp-content\/uploads\/2025\/01\/debaler-machine.webp 720w, https:\/\/recyclingequipinc.com\/wp-content\/uploads\/2025\/01\/debaler-machine-300x225.webp 300w, https:\/\/recyclingequipinc.com\/wp-content\/uploads\/2025\/01\/debaler-machine-16x12.webp 16w\" sizes=\"(max-width: 720px) 100vw, 720px\" \/><figcaption id=\"caption-attachment-17129\" class=\"wp-caption-text\">Entballungsmaschine<\/figcaption><\/figure> <h2>Abschluss<\/h2> <p>Der Ballen\u00f6ffner ist ein unverzichtbares und wichtiges Ger\u00e4t in gro\u00dfen Kunststoffrecyclinglinien, das die Effizienz des Kunststoffrecyclings steigert und effektiv verbessert und den Arbeits- und Ger\u00e4teverschlei\u00df reduziert. Bei Interesse kontaktieren Sie uns bitte und wir stellen Ihnen das perfekte Kunststoffrecyclingprogramm zusammen.<\/p> <p>&nbsp;<\/p>","protected":false},"excerpt":{"rendered":"<p>Ballen\u00f6ffner f\u00fcr PET-Flaschen werden in der Vorverarbeitung des Kunststoffrecyclings eingesetzt, um verdichtete Kunststoffballen f\u00fcr das anschlie\u00dfende Recycling aufzulockern.<\/p>","protected":false},"featured_media":17128,"template":"","meta":{"site-sidebar-layout":"default","site-content-layout":"","ast-site-content-layout":"default","site-content-style":"default","site-sidebar-style":"default","ast-global-header-display":"","ast-banner-title-visibility":"","ast-main-header-display":"","ast-hfb-above-header-display":"","ast-hfb-below-header-display":"","ast-hfb-mobile-header-display":"","site-post-title":"","ast-breadcrumbs-content":"","ast-featured-img":"","footer-sml-layout":"","ast-disable-related-posts":"","theme-transparent-header-meta":"default","adv-header-id-meta":"","stick-header-meta":"","header-above-stick-meta":"","header-main-stick-meta":"","header-below-stick-meta":"","astra-migrate-meta-layouts":"set","ast-page-background-enabled":"default","ast-page-background-meta":{"desktop":{"background-color":"","background-image":"","background-repeat":"repeat","background-position":"center center","background-size":"auto","background-attachment":"scroll","background-type":"","background-media":"","overlay-type":"","overlay-color":"","overlay-opacity":"","overlay-gradient":""},"tablet":{"background-color":"","background-image":"","background-repeat":"repeat","background-position":"center center","background-size":"auto","background-attachment":"scroll","background-type":"","background-media":"","overlay-type":"","overlay-color":"","overlay-opacity":"","overlay-gradient":""},"mobile":{"background-color":"","background-image":"","background-repeat":"repeat","background-position":"center center","background-size":"auto","background-attachment":"scroll","background-type":"","background-media":"","overlay-type":"","overlay-color":"","overlay-opacity":"","overlay-gradient":""}},"ast-content-background-meta":{"desktop":{"background-color":"var(--ast-global-color-5)","background-image":"","background-repeat":"repeat","background-position":"center center","background-size":"auto","background-attachment":"scroll","background-type":"","background-media":"","overlay-type":"","overlay-color":"","overlay-opacity":"","overlay-gradient":""},"tablet":{"background-color":"var(--ast-global-color-5)","background-image":"","background-repeat":"repeat","background-position":"center center","background-size":"auto","background-attachment":"scroll","background-type":"","background-media":"","overlay-type":"","overlay-color":"","overlay-opacity":"","overlay-gradient":""},"mobile":{"background-color":"var(--ast-global-color-5)","background-image":"","background-repeat":"repeat","background-position":"center center","background-size":"auto","background-attachment":"scroll","background-type":"","background-media":"","overlay-type":"","overlay-color":"","overlay-opacity":"","overlay-gradient":""}}},"product_brand":[],"product_cat":[36],"product_tag":[74],"class_list":{"0":"post-17102","1":"product","2":"type-product","3":"status-publish","4":"has-post-thumbnail","6":"product_cat-plastic-recycling-machine","7":"product_tag-baler","8":"desktop-align-center","9":"tablet-align-center","10":"mobile-align-center","12":"first","13":"instock","14":"shipping-taxable","15":"product-type-simple"},"_links":{"self":[{"href":"https:\/\/recyclingequipinc.com\/de\/wp-json\/wp\/v2\/product\/17102","targetHints":{"allow":["GET"]}}],"collection":[{"href":"https:\/\/recyclingequipinc.com\/de\/wp-json\/wp\/v2\/product"}],"about":[{"href":"https:\/\/recyclingequipinc.com\/de\/wp-json\/wp\/v2\/types\/product"}],"version-history":[{"count":0,"href":"https:\/\/recyclingequipinc.com\/de\/wp-json\/wp\/v2\/product\/17102\/revisions"}],"wp:featuredmedia":[{"embeddable":true,"href":"https:\/\/recyclingequipinc.com\/de\/wp-json\/wp\/v2\/media\/17128"}],"wp:attachment":[{"href":"https:\/\/recyclingequipinc.com\/de\/wp-json\/wp\/v2\/media?parent=17102"}],"wp:term":[{"taxonomy":"product_brand","embeddable":true,"href":"https:\/\/recyclingequipinc.com\/de\/wp-json\/wp\/v2\/product_brand?post=17102"},{"taxonomy":"product_cat","embeddable":true,"href":"https:\/\/recyclingequipinc.com\/de\/wp-json\/wp\/v2\/product_cat?post=17102"},{"taxonomy":"product_tag","embeddable":true,"href":"https:\/\/recyclingequipinc.com\/de\/wp-json\/wp\/v2\/product_tag?post=17102"}],"curies":[{"name":"wp","href":"https:\/\/api.w.org\/{rel}","templated":true}]}}