{"id":17080,"date":"2025-01-22T11:09:50","date_gmt":"2025-01-22T03:09:50","guid":{"rendered":"https:\/\/recyclingequipinc.com\/?post_type=product&#038;p=17080"},"modified":"2025-01-22T11:09:50","modified_gmt":"2025-01-22T03:09:50","slug":"plastic-pellet-storage-silos","status":"publish","type":"product","link":"https:\/\/recyclingequipinc.com\/de\/product\/plastic-pellet-storage-silos\/","title":{"rendered":"Pellet-Lagersilos aus Edelstahl f\u00fcr das Kunststoffrecycling"},"content":{"rendered":"<p>Lagersilos f\u00fcr Kunststoffpellets sind f\u00fcr die Lagerung von recycelten Kunststoffpellets konzipiert und bringen durch strenge Lagerbedingungen Qualit\u00e4ts-, Wirtschafts- und Umweltvorteile beim Kunststoffrecycling mit sich. Sie sind ein unverzichtbarer Ausr\u00fcstungsgegenstand in allen Arten von Kunststoffrecyclinglinien.<\/p> <div class=\"ast-oembed-container\" style=\"height: 100%;\"><iframe title=\"Effiziente Kunststoff-Pellet-Lagersilos: Maximieren Sie Kapazit\u00e4t und Stabilit\u00e4t!\" width=\"500\" height=\"281\" src=\"https:\/\/www.youtube.com\/embed\/OqUPjlXKKlU?feature=oembed\" frameborder=\"0\" allow=\"accelerometer; autoplay; clipboard-write; encrypted-media; gyroscope; picture-in-picture; web-share\" referrerpolicy=\"strict-origin-when-cross-origin\" allowfullscreen><\/iframe><\/div> <h2>Was sind die Vorteile der Kunststoff-Pellet-Lagersilos von Shuliy?<\/h2> <ul> <li>Feuchtigkeits- und staubdicht: Das Lagersilo bietet eine versiegelte Lagerumgebung f\u00fcr die Kunststoffpellets, sch\u00fctzt die Pellets vor Feuchtigkeit und Verunreinigungen von au\u00dfen und reduziert den Materialverlust.<\/li> <li>Verhindert die Alterung der Pellets: Der Vorratsbeh\u00e4lter besteht aus undurchl\u00e4ssigem Edelstahl und verhindert so, dass die Kunststoffpellets durch direkte Sonneneinstrahlung altern und oxidieren.<br \/> Erleichtert das Pelletmanagement: Die zentrale Lagerung der produzierten Pellets erleichtert die anschlie\u00dfende geordnete Verwaltung der Pellets in Bezug auf Transport, Verpackung, Verarbeitung usw.<\/li> <li>Verbessern Sie die Recyclingeffizienz: Durch die effiziente Zusammenarbeit zwischen dem Kunststoffgranulat-Lagerbeh\u00e4lter und dem Kunststoffgranulatsystem kann das Problem der Ansammlung von fertigem Granulat effektiv gel\u00f6st und die Kontinuit\u00e4t des Recyclingprozesses sichergestellt werden, wodurch die Gesamtbetriebseffizienz erheblich verbessert wird.<\/li> <li>Reduzieren Sie die Lagerkosten: Dadurch kann die Stellfl\u00e4che f\u00fcr Kunststoffgranulate in der Fabrik reduziert und die Raumnutzungsrate verbessert werden.<\/li> <li>Umweltverschmutzung verhindern: Die zentrale Lagerung verhindert, dass Kunststoffgranulate verstreut, versch\u00fcttet usw. werden, was zu Umweltverschmutzung f\u00fchrt und die Landbelastung erh\u00f6ht.<\/li> <\/ul> <figure id=\"attachment_17085\" aria-describedby=\"caption-attachment-17085\" style=\"width: 720px\" class=\"wp-caption aligncenter\"><img fetchpriority=\"high\" decoding=\"async\" class=\"wp-image-17085 size-full\" src=\"https:\/\/recyclingequipinc.com\/wp-content\/uploads\/2025\/01\/plastic-pellet-storage-bins-in-stock.webp\" alt=\"Lagersilos f\u00fcr Kunststoffpellets auf Lager\" width=\"720\" height=\"540\" srcset=\"https:\/\/recyclingequipinc.com\/wp-content\/uploads\/2025\/01\/plastic-pellet-storage-bins-in-stock.webp 720w, https:\/\/recyclingequipinc.com\/wp-content\/uploads\/2025\/01\/plastic-pellet-storage-bins-in-stock-300x225.webp 300w, https:\/\/recyclingequipinc.com\/wp-content\/uploads\/2025\/01\/plastic-pellet-storage-bins-in-stock-16x12.webp 16w\" sizes=\"(max-width: 720px) 100vw, 720px\" \/><figcaption id=\"caption-attachment-17085\" class=\"wp-caption-text\">Lagersilos f\u00fcr Kunststoffpellets auf Lager<\/figcaption><\/figure> <h2>Warum uns w\u00e4hlen?<\/h2> <ul> <li>Hergestellt aus hochwertigem Edelstahl, langlebig und korrosionsbest\u00e4ndig, verhindert ultraviolette Strahlung.<\/li> <li>Der Kunststoff-Pellet-Lagerbeh\u00e4lter ist leicht zu reinigen und zu verwenden und kann an den automatischen F\u00f6rderer angedockt werden, um Kunststoffgranulat effizient zu transportieren und den Personalaufwand zu reduzieren.<\/li> <li>Die Kombination aus der oberen zylindrischen und der unteren konischen Struktur maximiert nicht nur die Aufnahmekapazit\u00e4t des Kunststoff-Pellets-Lagerbeh\u00e4lters, sondern optimiert auch den Pellet-Flussweg, um sicherzustellen, dass die Pellets reibungslos durch die untere Auslass\u00f6ffnung entnommen werden k\u00f6nnen.<\/li> <li>Es kann zur Lagerung einer Vielzahl von Kunststoffmaterialien verwendet werden, darunter PET, PP, PE, HDPE, PVC, ABS, EPS, EPE usw.<\/li> <\/ul> <figure id=\"attachment_17084\" aria-describedby=\"caption-attachment-17084\" style=\"width: 720px\" class=\"wp-caption aligncenter\"><img decoding=\"async\" class=\"size-full wp-image-17084\" src=\"https:\/\/recyclingequipinc.com\/wp-content\/uploads\/2025\/01\/plastic-pellet-storage-bin-in-pelletizing-line.webp\" alt=\"Kunststoff-Pellet-Lagerbeh\u00e4lter in der Pelletierlinie\" width=\"720\" height=\"540\" srcset=\"https:\/\/recyclingequipinc.com\/wp-content\/uploads\/2025\/01\/plastic-pellet-storage-bin-in-pelletizing-line.webp 720w, https:\/\/recyclingequipinc.com\/wp-content\/uploads\/2025\/01\/plastic-pellet-storage-bin-in-pelletizing-line-300x225.webp 300w, https:\/\/recyclingequipinc.com\/wp-content\/uploads\/2025\/01\/plastic-pellet-storage-bin-in-pelletizing-line-16x12.webp 16w\" sizes=\"(max-width: 720px) 100vw, 720px\" \/><figcaption id=\"caption-attachment-17084\" class=\"wp-caption-text\">Kunststoff-Pellet-Lagerbeh\u00e4lter in der Pelletierlinie<\/figcaption><\/figure> <h2>Strukturelle Eigenschaften von Pelletsilos aus Kunststoff<\/h2> <p>Der Kunststoff-Pellet-Lagerbeh\u00e4lter besteht vollst\u00e4ndig aus hochwertigem Edelstahl f\u00fcr Langlebigkeit und Korrosionsbest\u00e4ndigkeit. Die versiegelte Oberseite verhindert das Eindringen von Staub und Feuchtigkeit und ist mit einer Zugangs\u00f6ffnung zur einfachen Wartung und Inspektion ausgestattet.<\/p> <p>Der Einlass befindet sich an der Seite des Silos und ist normalerweise mit der F\u00f6rderleitung verbunden, um eine effiziente F\u00f6rderung zu gew\u00e4hrleisten. Die Auslass\u00f6ffnung befindet sich am Boden des Trichters, sodass die Pellets beim Entfernen des Materials leicht durch die Schwerkraft ausgetragen werden k\u00f6nnen. Die Lagersilos f\u00fcr Kunststoffpellets werden von einem Stativ getragen, das \u00e4u\u00dferst stabil ist und eine solide und leistungsstarke Garantie f\u00fcr den Transport gro\u00dfer Mengen Kunststoffpellets bietet.<\/p> <figure id=\"attachment_17088\" aria-describedby=\"caption-attachment-17088\" style=\"width: 720px\" class=\"wp-caption aligncenter\"><img decoding=\"async\" class=\"size-full wp-image-17088\" src=\"https:\/\/recyclingequipinc.com\/wp-content\/uploads\/2025\/01\/storage-bin.webp\" alt=\"Lagerplatz\" width=\"720\" height=\"540\" srcset=\"https:\/\/recyclingequipinc.com\/wp-content\/uploads\/2025\/01\/storage-bin.webp 720w, https:\/\/recyclingequipinc.com\/wp-content\/uploads\/2025\/01\/storage-bin-300x225.webp 300w, https:\/\/recyclingequipinc.com\/wp-content\/uploads\/2025\/01\/storage-bin-16x12.webp 16w\" sizes=\"(max-width: 720px) 100vw, 720px\" \/><figcaption id=\"caption-attachment-17088\" class=\"wp-caption-text\">Lagerplatz<\/figcaption><\/figure> <h2>Details zu Kunststoff-Lagersilos<\/h2> <table style=\"border-collapse: collapse; width: 43.2958%; height: 298px;\"> <tbody> <tr style=\"height: 53px;\"> <td style=\"width: 24.8315%; height: 53px;\">Materialien<\/td> <td style=\"width: 30.5641%; height: 53px;\">Hochwertiger Edelstahl<\/td> <\/tr> <tr style=\"height: 53px;\"> <td style=\"width: 24.8315%; height: 53px;\">Volumen<\/td> <td style=\"width: 30.5641%; height: 53px;\">1t-30t<\/td> <\/tr> <tr style=\"height: 53px;\"> <td style=\"width: 24.8315%; height: 53px;\">Gr\u00f6\u00dfe<\/td> <td style=\"width: 30.5641%; height: 53px;\">Angepasst an die Lautst\u00e4rke<\/td> <\/tr> <tr style=\"height: 53px;\"> <td style=\"width: 24.8315%; height: 53px;\">Anwendung<\/td> <td style=\"width: 30.5641%; height: 53px;\">Lagerung verschiedener Kunststoffpellets in Recyclinglinien<\/td> <\/tr> <tr style=\"height: 53px;\"> <td style=\"width: 24.8315%; height: 53px;\">Dienstleistungen<\/td> <td style=\"width: 30.5641%; height: 53px;\">Ma\u00dfgeschneiderter, technischer Support und eine einj\u00e4hrige Garantie<\/td> <\/tr> <\/tbody> <\/table> <h2>Wie werden Lagerbeh\u00e4lter beim Kunststoffrecycling eingesetzt?<\/h2> <p class=\"translation-block\">Wie im Bild unten gezeigt, sind in der <a href=\"https:\/\/recyclingequipinc.com\/de\/produkt\/plastic-granulator-machine\/\">Kunststoffpelletierungsanlage<\/a> die Kunststoffpellet-Lagersilos oft \u00fcber F\u00f6rderrohre mit den Kunststoffpelletiermaschinen verbunden, was das Sammeln und Lagern der regenerierten Pellets erleichtert. Wir bieten eine breite Palette von Pellet-Lagersilos mit Kapazit\u00e4ten von 10 bis 30 Tonnen an, um flexibel unterschiedlichen Produktionsanforderungen gerecht zu werden.<\/p> <figure id=\"attachment_17087\" aria-describedby=\"caption-attachment-17087\" style=\"width: 720px\" class=\"wp-caption aligncenter\"><img loading=\"lazy\" decoding=\"async\" class=\"size-full wp-image-17087\" src=\"https:\/\/recyclingequipinc.com\/wp-content\/uploads\/2025\/01\/granules-enter-the-storage-bin-via-an-automatic-conveyor.webp\" alt=\"Das Granulat gelangt \u00fcber ein automatisches F\u00f6rderband in den Lagerbeh\u00e4lter\" width=\"720\" height=\"540\" srcset=\"https:\/\/recyclingequipinc.com\/wp-content\/uploads\/2025\/01\/granules-enter-the-storage-bin-via-an-automatic-conveyor.webp 720w, https:\/\/recyclingequipinc.com\/wp-content\/uploads\/2025\/01\/granules-enter-the-storage-bin-via-an-automatic-conveyor-300x225.webp 300w, https:\/\/recyclingequipinc.com\/wp-content\/uploads\/2025\/01\/granules-enter-the-storage-bin-via-an-automatic-conveyor-16x12.webp 16w\" sizes=\"(max-width: 720px) 100vw, 720px\" \/><figcaption id=\"caption-attachment-17087\" class=\"wp-caption-text\">Das Granulat gelangt \u00fcber ein automatisches F\u00f6rderband in den Lagerbeh\u00e4lter<\/figcaption><\/figure> <h2>Abschluss<\/h2> <p>Lagersilos f\u00fcr Kunststoffpellets k\u00f6nnen als wichtige Maschinen zur Lagerung fertiger Pellets nicht nur die Lagerung von Pellets komfortabler machen, sondern auch die Qualit\u00e4t von Kunststoffpellets sch\u00fctzen, Umweltverschmutzung verhindern usw. Bei Interesse fragen Sie gerne an!<\/p> <figure id=\"attachment_17089\" aria-describedby=\"caption-attachment-17089\" style=\"width: 720px\" class=\"wp-caption aligncenter\"><img loading=\"lazy\" decoding=\"async\" class=\"size-full wp-image-17089\" src=\"https:\/\/recyclingequipinc.com\/wp-content\/uploads\/2025\/01\/plastic-extruder-pelletizing-line.webp\" alt=\"Kunststoff-Extruder-Pelletierlinie\" width=\"720\" height=\"540\" srcset=\"https:\/\/recyclingequipinc.com\/wp-content\/uploads\/2025\/01\/plastic-extruder-pelletizing-line.webp 720w, https:\/\/recyclingequipinc.com\/wp-content\/uploads\/2025\/01\/plastic-extruder-pelletizing-line-300x225.webp 300w, https:\/\/recyclingequipinc.com\/wp-content\/uploads\/2025\/01\/plastic-extruder-pelletizing-line-16x12.webp 16w\" sizes=\"(max-width: 720px) 100vw, 720px\" \/><figcaption id=\"caption-attachment-17089\" class=\"wp-caption-text\">Kunststoff-Extruder-Pelletierlinie<\/figcaption><\/figure> <p>&nbsp;<\/p> <p>&nbsp;<\/p>","protected":false},"excerpt":{"rendered":"<p>Um die Qualit\u00e4t recycelter Kunststoffpellets sicherzustellen und die Produktionskosten zu senken, m\u00fcssen die Lagerbedingungen von Kunststoffpellets streng kontrolliert werden. Als Spezialist f\u00fcr Kunststoffrecycling bieten wir hochwertige Kunststoff-Pellet-Lagersilos aus Edelstahl an, um Ihnen die perfekte L\u00f6sung f\u00fcr die Kunststofflagerung zu bieten.<\/p>","protected":false},"featured_media":17083,"template":"","meta":{"site-sidebar-layout":"default","site-content-layout":"","ast-site-content-layout":"default","site-content-style":"default","site-sidebar-style":"default","ast-global-header-display":"","ast-banner-title-visibility":"","ast-main-header-display":"","ast-hfb-above-header-display":"","ast-hfb-below-header-display":"","ast-hfb-mobile-header-display":"","site-post-title":"","ast-breadcrumbs-content":"","ast-featured-img":"","footer-sml-layout":"","ast-disable-related-posts":"","theme-transparent-header-meta":"default","adv-header-id-meta":"","stick-header-meta":"","header-above-stick-meta":"","header-main-stick-meta":"","header-below-stick-meta":"","astra-migrate-meta-layouts":"set","ast-page-background-enabled":"default","ast-page-background-meta":{"desktop":{"background-color":"","background-image":"","background-repeat":"repeat","background-position":"center center","background-size":"auto","background-attachment":"scroll","background-type":"","background-media":"","overlay-type":"","overlay-color":"","overlay-opacity":"","overlay-gradient":""},"tablet":{"background-color":"","background-image":"","background-repeat":"repeat","background-position":"center center","background-size":"auto","background-attachment":"scroll","background-type":"","background-media":"","overlay-type":"","overlay-color":"","overlay-opacity":"","overlay-gradient":""},"mobile":{"background-color":"","background-image":"","background-repeat":"repeat","background-position":"center center","background-size":"auto","background-attachment":"scroll","background-type":"","background-media":"","overlay-type":"","overlay-color":"","overlay-opacity":"","overlay-gradient":""}},"ast-content-background-meta":{"desktop":{"background-color":"var(--ast-global-color-5)","background-image":"","background-repeat":"repeat","background-position":"center center","background-size":"auto","background-attachment":"scroll","background-type":"","background-media":"","overlay-type":"","overlay-color":"","overlay-opacity":"","overlay-gradient":""},"tablet":{"background-color":"var(--ast-global-color-5)","background-image":"","background-repeat":"repeat","background-position":"center center","background-size":"auto","background-attachment":"scroll","background-type":"","background-media":"","overlay-type":"","overlay-color":"","overlay-opacity":"","overlay-gradient":""},"mobile":{"background-color":"var(--ast-global-color-5)","background-image":"","background-repeat":"repeat","background-position":"center center","background-size":"auto","background-attachment":"scroll","background-type":"","background-media":"","overlay-type":"","overlay-color":"","overlay-opacity":"","overlay-gradient":""}}},"product_brand":[],"product_cat":[36],"product_tag":[84],"class_list":{"0":"post-17080","1":"product","2":"type-product","3":"status-publish","4":"has-post-thumbnail","6":"product_cat-plastic-recycling-machine","7":"product_tag-pelletizer-part","8":"desktop-align-center","9":"tablet-align-center","10":"mobile-align-center","12":"first","13":"instock","14":"shipping-taxable","15":"product-type-simple"},"_links":{"self":[{"href":"https:\/\/recyclingequipinc.com\/de\/wp-json\/wp\/v2\/product\/17080","targetHints":{"allow":["GET"]}}],"collection":[{"href":"https:\/\/recyclingequipinc.com\/de\/wp-json\/wp\/v2\/product"}],"about":[{"href":"https:\/\/recyclingequipinc.com\/de\/wp-json\/wp\/v2\/types\/product"}],"version-history":[{"count":0,"href":"https:\/\/recyclingequipinc.com\/de\/wp-json\/wp\/v2\/product\/17080\/revisions"}],"wp:featuredmedia":[{"embeddable":true,"href":"https:\/\/recyclingequipinc.com\/de\/wp-json\/wp\/v2\/media\/17083"}],"wp:attachment":[{"href":"https:\/\/recyclingequipinc.com\/de\/wp-json\/wp\/v2\/media?parent=17080"}],"wp:term":[{"taxonomy":"product_brand","embeddable":true,"href":"https:\/\/recyclingequipinc.com\/de\/wp-json\/wp\/v2\/product_brand?post=17080"},{"taxonomy":"product_cat","embeddable":true,"href":"https:\/\/recyclingequipinc.com\/de\/wp-json\/wp\/v2\/product_cat?post=17080"},{"taxonomy":"product_tag","embeddable":true,"href":"https:\/\/recyclingequipinc.com\/de\/wp-json\/wp\/v2\/product_tag?post=17080"}],"curies":[{"name":"wp","href":"https:\/\/api.w.org\/{rel}","templated":true}]}}