{"id":16992,"date":"2025-01-17T15:04:33","date_gmt":"2025-01-17T07:04:33","guid":{"rendered":"https:\/\/recyclingequipinc.com\/?post_type=product&#038;p=16992"},"modified":"2025-01-20T10:04:02","modified_gmt":"2025-01-20T02:04:02","slug":"plastic-dana-cutting-machine","status":"publish","type":"product","link":"https:\/\/recyclingequipinc.com\/de\/product\/plastic-dana-cutting-machine\/","title":{"rendered":"Kunststoff-Dana-Schneidemaschine"},"content":{"rendered":"<p>Wie verwandelt man extrudierte Kunststoffe in gleichm\u00e4\u00dfige Pellets? Die Kunststoff-Dana-Schneidemaschine von Shuliy bietet Kunden hochwertige Pelletproduktionsl\u00f6sungen mit effizienter Schneidleistung, flexibler Pelletgr\u00f6\u00dfenanpassung und stabiler Betriebsleistung.<\/p> <div class=\"ast-oembed-container\" style=\"height: 100%;\"><iframe title=\"Maschine zur Herstellung von Hartplastikgranulat: Verwandeln Sie HDPE\/PP\/PE\/PVC-Kunststoffe in recycelte Pellets\" width=\"500\" height=\"281\" src=\"https:\/\/www.youtube.com\/embed\/wkOeeLbD1uY?feature=oembed\" frameborder=\"0\" allow=\"accelerometer; autoplay; clipboard-write; encrypted-media; gyroscope; picture-in-picture; web-share\" referrerpolicy=\"strict-origin-when-cross-origin\" allowfullscreen><\/iframe><\/div> <h2>Warum verwenden wir die Kunststoff-Dana-Schneidemaschine?<\/h2> <ul> <li>Der Kunststoffpelletschneider schneidet lange Streifen extrudierten Kunststoffs in kleine, gleichm\u00e4\u00dfige Pellets f\u00fcr die anschlie\u00dfende Lagerung, den Transport und die effiziente Produktion neuer Kunststoffprodukte.<\/li> <li>Die Gr\u00f6\u00dfe der Pellets kann durch die Anpassung des Messerabstands und der Geschwindigkeit des Messers flexibel angepasst werden.<\/li> <li>Das Pelletieren mit einem Pelletschneider aus Kunststoff ist effizienter, sicherer und sorgt f\u00fcr gleichm\u00e4\u00dfige Pellets.<\/li> <\/ul> <figure id=\"attachment_16993\" aria-describedby=\"caption-attachment-16993\" style=\"width: 300px\" class=\"wp-caption alignleft\"><img fetchpriority=\"high\" decoding=\"async\" class=\"wp-image-16993 size-medium\" src=\"https:\/\/recyclingequipinc.com\/wp-content\/uploads\/2025\/01\/plastic-dana-cutting-machine-300x225.webp\" alt=\"Kunststoff-Dana-Schneidemaschine\" width=\"300\" height=\"225\" srcset=\"https:\/\/recyclingequipinc.com\/wp-content\/uploads\/2025\/01\/plastic-dana-cutting-machine-300x225.webp 300w, https:\/\/recyclingequipinc.com\/wp-content\/uploads\/2025\/01\/plastic-dana-cutting-machine-16x12.webp 16w, https:\/\/recyclingequipinc.com\/wp-content\/uploads\/2025\/01\/plastic-dana-cutting-machine.webp 720w\" sizes=\"(max-width: 300px) 100vw, 300px\" \/><figcaption id=\"caption-attachment-16993\" class=\"wp-caption-text\">Kunststoff-Dana-Schneidemaschine<\/figcaption><\/figure> <figure id=\"attachment_16994\" aria-describedby=\"caption-attachment-16994\" style=\"width: 300px\" class=\"wp-caption alignleft\"><img decoding=\"async\" class=\"wp-image-16994 size-medium\" src=\"https:\/\/recyclingequipinc.com\/wp-content\/uploads\/2025\/01\/uniform-recycled-pellets-300x217.webp\" alt=\"einheitliche recycelte Pellets\" width=\"300\" height=\"217\" srcset=\"https:\/\/recyclingequipinc.com\/wp-content\/uploads\/2025\/01\/uniform-recycled-pellets-300x217.webp 300w, https:\/\/recyclingequipinc.com\/wp-content\/uploads\/2025\/01\/uniform-recycled-pellets-18x12.webp 18w, https:\/\/recyclingequipinc.com\/wp-content\/uploads\/2025\/01\/uniform-recycled-pellets.webp 720w\" sizes=\"(max-width: 300px) 100vw, 300px\" \/><figcaption id=\"caption-attachment-16994\" class=\"wp-caption-text\">einheitliche recycelte Pellets<\/figcaption><\/figure> <h2>Was sind die Vorteile einer Kunststoffgranulat-Schneidemaschine?<\/h2> <ul> <li>Breites Anwendungsspektrum: Es kann effizient auf PP, PE, LDPE, HDOE, PVC, ABS, PET und viele andere verschiedene Kunststoffmaterialien aufgetragen werden.<\/li> <li>Hohe Effizienz: Mit einer Kapazit\u00e4t von 150\u2013280 kg\/h kann es die meisten Anforderungen an die Pelletierung von Kunststoffen erf\u00fcllen. F\u00fcr besondere Anforderungen k\u00f6nnen wir auch ma\u00dfgeschneiderte Maschinen liefern.<\/li> <li>Langlebig: Die Messer sind aus hochwertigem Edelstahl gefertigt, verschlei\u00dffest und korrosionsbest\u00e4ndig, mit langer Lebensdauer.<\/li> <li>Flexible Anpassung: Es kann die Einlass- und Auslassgeschwindigkeit, die Klingengeschwindigkeit und den Klingenspalt flexibel steuern, um den unterschiedlichen Anforderungen der unterschiedlichen Kunststoffgranulatproduktion gerecht zu werden.<\/li> <li>Stabilit\u00e4t: Kontinuierliche und stabile Produktion, kein Stau und Verstopfen, was zur Verbesserung der Effizienz des Kunststoffrecyclings beitr\u00e4gt.<\/li> <\/ul> <figure id=\"attachment_16995\" aria-describedby=\"caption-attachment-16995\" style=\"width: 720px\" class=\"wp-caption aligncenter\"><img decoding=\"async\" class=\"size-full wp-image-16995\" src=\"https:\/\/recyclingequipinc.com\/wp-content\/uploads\/2025\/01\/plastic-dana-cutter.webp\" alt=\"Dana-Cutter aus Kunststoff\" width=\"720\" height=\"540\" srcset=\"https:\/\/recyclingequipinc.com\/wp-content\/uploads\/2025\/01\/plastic-dana-cutter.webp 720w, https:\/\/recyclingequipinc.com\/wp-content\/uploads\/2025\/01\/plastic-dana-cutter-300x225.webp 300w, https:\/\/recyclingequipinc.com\/wp-content\/uploads\/2025\/01\/plastic-dana-cutter-16x12.webp 16w\" sizes=\"(max-width: 720px) 100vw, 720px\" \/><figcaption id=\"caption-attachment-16995\" class=\"wp-caption-text\">Dana-Cutter aus Kunststoff<\/figcaption><\/figure> <h2>Wie k\u00f6nnen wir die Kunststoff-Dana-Schneidemaschine verwenden?<\/h2> <p>Der Pelletschneider aus Kunststoff besteht aus einem Rahmen, einer Klinge, einem Motor, einem Einlass, einem Auslass und einem Gummidruckrad.<\/p> <ol> <li>Die durch das Extrudieren und Abk\u00fchlen geformten Kunststoffstreifen gelangen durch den Zufuhreinlass und werden unter der festen Wirkung der Gummi-Andruckr\u00e4der zum Schneidbereich transportiert, um ein Verrutschen oder eine Besch\u00e4digung zu verhindern.<\/li> <li>Die beweglichen Messer der Kunststoff-Dana-Schneidemaschine rotieren mit hoher Geschwindigkeit und schneiden zusammen mit den feststehenden Messern den Kunststoffstreifen auf die eingestellte Gr\u00f6\u00dfe.<\/li> <li>Durch die Austrags\u00f6ffnung werden die gleichm\u00e4\u00dfigen Kunststoffpellets zur anschlie\u00dfenden Trocknung und Lagerung ausgetragen.<\/li> <\/ol> <figure id=\"attachment_16997\" aria-describedby=\"caption-attachment-16997\" style=\"width: 300px\" class=\"wp-caption alignleft\"><img loading=\"lazy\" decoding=\"async\" class=\"wp-image-16997 size-medium\" src=\"https:\/\/recyclingequipinc.com\/wp-content\/uploads\/2025\/01\/Rubber-pressure-roller-of-plastic-dana-cutter-300x225.webp\" alt=\"Gummi-Andruckrolle aus Kunststoff-Dana-Cutter\" width=\"300\" height=\"225\" srcset=\"https:\/\/recyclingequipinc.com\/wp-content\/uploads\/2025\/01\/Rubber-pressure-roller-of-plastic-dana-cutter-300x225.webp 300w, https:\/\/recyclingequipinc.com\/wp-content\/uploads\/2025\/01\/Rubber-pressure-roller-of-plastic-dana-cutter-16x12.webp 16w, https:\/\/recyclingequipinc.com\/wp-content\/uploads\/2025\/01\/Rubber-pressure-roller-of-plastic-dana-cutter.webp 720w\" sizes=\"(max-width: 300px) 100vw, 300px\" \/><figcaption id=\"caption-attachment-16997\" class=\"wp-caption-text\">Gummi-Andruckrolle aus Kunststoff-Dana-Cutter<\/figcaption><\/figure> <figure id=\"attachment_16996\" aria-describedby=\"caption-attachment-16996\" style=\"width: 300px\" class=\"wp-caption alignleft\"><img loading=\"lazy\" decoding=\"async\" class=\"wp-image-16996 size-medium\" src=\"https:\/\/recyclingequipinc.com\/wp-content\/uploads\/2025\/01\/Plastic-pellet-cutting-machine-300x225.webp\" alt=\"Kunststoff-Pellet-Schneidemaschine\" width=\"300\" height=\"225\" srcset=\"https:\/\/recyclingequipinc.com\/wp-content\/uploads\/2025\/01\/Plastic-pellet-cutting-machine-300x225.webp 300w, https:\/\/recyclingequipinc.com\/wp-content\/uploads\/2025\/01\/Plastic-pellet-cutting-machine-16x12.webp 16w, https:\/\/recyclingequipinc.com\/wp-content\/uploads\/2025\/01\/Plastic-pellet-cutting-machine.webp 720w\" sizes=\"(max-width: 300px) 100vw, 300px\" \/><figcaption id=\"caption-attachment-16996\" class=\"wp-caption-text\">Kunststoff-Pellet-Schneidemaschine<\/figcaption><\/figure> <h2>Parameter unserer Maschine zur Herstellung von recyceltem Granulat<\/h2> <p>&nbsp;<\/p> <table style=\"border-collapse: collapse; width: 63.0712%;\"> <tbody> <tr> <td style=\"width: 16.779%;\">Modell<\/td> <td style=\"width: 11.4607%;\">SL-140<\/td> <td style=\"width: 10.6476%;\">SL-160<\/td> <td style=\"width: 11.1226%;\">SL-180<\/td> <td style=\"width: 11.797%;\">SL-200<\/td> <\/tr> <tr> <td style=\"width: 16.779%;\">Kapazit\u00e4t (kg\/h)<\/td> <td style=\"width: 11.4607%;\">150<\/td> <td style=\"width: 10.6476%;\">180<\/td> <td style=\"width: 11.1226%;\">250<\/td> <td style=\"width: 11.797%;\">280<\/td> <\/tr> <tr> <td style=\"width: 16.779%;\">Leistung (KW)<\/td> <td style=\"width: 11.4607%;\">2.2<\/td> <td style=\"width: 10.6476%;\">2.2<\/td> <td style=\"width: 11.1226%;\">3.0<\/td> <td style=\"width: 11.797%;\">3.0<\/td> <\/tr> <tr> <td style=\"width: 16.779%;\">Dreht die Anzahl der Klingen<\/td> <td style=\"width: 11.4607%;\">18<\/td> <td style=\"width: 10.6476%;\">18<\/td> <td style=\"width: 11.1226%;\">22<\/td> <td style=\"width: 11.797%;\">22<\/td> <\/tr> <\/tbody> <\/table> <p>Hier sind einige der meistverkauften Kunststoff-Pelletschneider-Parameter als Referenz. Bitte senden Sie uns Ihre Produktionsanforderungen, wir empfehlen oder passen das passende Modell f\u00fcr Sie an!<\/p> <figure id=\"attachment_16998\" aria-describedby=\"caption-attachment-16998\" style=\"width: 720px\" class=\"wp-caption aligncenter\"><img loading=\"lazy\" decoding=\"async\" class=\"size-full wp-image-16998\" src=\"https:\/\/recyclingequipinc.com\/wp-content\/uploads\/2025\/01\/plastic-granule-cutting-machine.webp\" alt=\"Schneidemaschine f\u00fcr Kunststoffgranulate\" width=\"720\" height=\"540\" srcset=\"https:\/\/recyclingequipinc.com\/wp-content\/uploads\/2025\/01\/plastic-granule-cutting-machine.webp 720w, https:\/\/recyclingequipinc.com\/wp-content\/uploads\/2025\/01\/plastic-granule-cutting-machine-300x225.webp 300w, https:\/\/recyclingequipinc.com\/wp-content\/uploads\/2025\/01\/plastic-granule-cutting-machine-16x12.webp 16w\" sizes=\"(max-width: 720px) 100vw, 720px\" \/><figcaption id=\"caption-attachment-16998\" class=\"wp-caption-text\">Schneidemaschine f\u00fcr Kunststoffgranulate<\/figcaption><\/figure> <h2>Preis der Kunststoff-Dana-Schneidemaschine<\/h2> <p class=\"translation-block\">Kunststoff-Dana-Schneidemaschinen werden h\u00e4ufig in Verbindung mit Kunststoffextrudern und Kunststoffk\u00fchltanks verwendet, um Kunststoffabf\u00e4lle in recycelte Pellets umzuwandeln. Sie k\u00f6nnen zwischen einem kompletten <a href=\"https:\/\/recyclingequipinc.com\/de\/produkt\/plastic-granulator-machine\/\">Kunststoff-Granulierungsanlage<\/a> oder einem separaten Pelletschneider w\u00e4hlen, um unterschiedliche Produktionsanforderungen zu erf\u00fcllen.<\/p> <p>Der Preis einer Kunststoffstreifenschneidemaschine h\u00e4ngt vom Modell, den Klingenmaterialien usw. ab. Bitte kontaktieren Sie uns f\u00fcr weitere Informationen und wir unterbreiten Ihnen sinnvolle Pelletierungsvorschl\u00e4ge!<\/p> <figure id=\"attachment_16999\" aria-describedby=\"caption-attachment-16999\" style=\"width: 720px\" class=\"wp-caption aligncenter\"><img loading=\"lazy\" decoding=\"async\" class=\"size-full wp-image-16999\" src=\"https:\/\/recyclingequipinc.com\/wp-content\/uploads\/2025\/01\/complete-pelletizing-line.webp\" alt=\"Komplette Pelletierlinie\" width=\"720\" height=\"393\" srcset=\"https:\/\/recyclingequipinc.com\/wp-content\/uploads\/2025\/01\/complete-pelletizing-line.webp 720w, https:\/\/recyclingequipinc.com\/wp-content\/uploads\/2025\/01\/complete-pelletizing-line-300x164.webp 300w, https:\/\/recyclingequipinc.com\/wp-content\/uploads\/2025\/01\/complete-pelletizing-line-18x10.webp 18w\" sizes=\"(max-width: 720px) 100vw, 720px\" \/><figcaption id=\"caption-attachment-16999\" class=\"wp-caption-text\">Komplette Pelletierlinie<\/figcaption><\/figure>","protected":false},"excerpt":{"rendered":"<p>Die Kunststoff-Dana-Schneidemaschine ist die Schl\u00fcsselausr\u00fcstung zum Schneiden von Kunststoffstreifen in gleichm\u00e4\u00dfige Pellets, was mit der Gr\u00f6\u00dfe des recycelten Granulats und der Effizienz des gesamten Pelletierungsprozesses zusammenh\u00e4ngt.<\/p>","protected":false},"featured_media":16993,"template":"","meta":{"site-sidebar-layout":"default","site-content-layout":"","ast-site-content-layout":"default","site-content-style":"default","site-sidebar-style":"default","ast-global-header-display":"","ast-banner-title-visibility":"","ast-main-header-display":"","ast-hfb-above-header-display":"","ast-hfb-below-header-display":"","ast-hfb-mobile-header-display":"","site-post-title":"","ast-breadcrumbs-content":"","ast-featured-img":"","footer-sml-layout":"","ast-disable-related-posts":"","theme-transparent-header-meta":"default","adv-header-id-meta":"","stick-header-meta":"","header-above-stick-meta":"","header-main-stick-meta":"","header-below-stick-meta":"","astra-migrate-meta-layouts":"set","ast-page-background-enabled":"default","ast-page-background-meta":{"desktop":{"background-color":"","background-image":"","background-repeat":"repeat","background-position":"center center","background-size":"auto","background-attachment":"scroll","background-type":"","background-media":"","overlay-type":"","overlay-color":"","overlay-opacity":"","overlay-gradient":""},"tablet":{"background-color":"","background-image":"","background-repeat":"repeat","background-position":"center center","background-size":"auto","background-attachment":"scroll","background-type":"","background-media":"","overlay-type":"","overlay-color":"","overlay-opacity":"","overlay-gradient":""},"mobile":{"background-color":"","background-image":"","background-repeat":"repeat","background-position":"center center","background-size":"auto","background-attachment":"scroll","background-type":"","background-media":"","overlay-type":"","overlay-color":"","overlay-opacity":"","overlay-gradient":""}},"ast-content-background-meta":{"desktop":{"background-color":"var(--ast-global-color-5)","background-image":"","background-repeat":"repeat","background-position":"center center","background-size":"auto","background-attachment":"scroll","background-type":"","background-media":"","overlay-type":"","overlay-color":"","overlay-opacity":"","overlay-gradient":""},"tablet":{"background-color":"var(--ast-global-color-5)","background-image":"","background-repeat":"repeat","background-position":"center center","background-size":"auto","background-attachment":"scroll","background-type":"","background-media":"","overlay-type":"","overlay-color":"","overlay-opacity":"","overlay-gradient":""},"mobile":{"background-color":"var(--ast-global-color-5)","background-image":"","background-repeat":"repeat","background-position":"center center","background-size":"auto","background-attachment":"scroll","background-type":"","background-media":"","overlay-type":"","overlay-color":"","overlay-opacity":"","overlay-gradient":""}}},"product_brand":[],"product_cat":[36],"product_tag":[84],"class_list":{"0":"post-16992","1":"product","2":"type-product","3":"status-publish","4":"has-post-thumbnail","6":"product_cat-plastic-recycling-machine","7":"product_tag-pelletizer-part","8":"desktop-align-center","9":"tablet-align-center","10":"mobile-align-center","12":"first","13":"instock","14":"shipping-taxable","15":"product-type-simple"},"_links":{"self":[{"href":"https:\/\/recyclingequipinc.com\/de\/wp-json\/wp\/v2\/product\/16992","targetHints":{"allow":["GET"]}}],"collection":[{"href":"https:\/\/recyclingequipinc.com\/de\/wp-json\/wp\/v2\/product"}],"about":[{"href":"https:\/\/recyclingequipinc.com\/de\/wp-json\/wp\/v2\/types\/product"}],"version-history":[{"count":0,"href":"https:\/\/recyclingequipinc.com\/de\/wp-json\/wp\/v2\/product\/16992\/revisions"}],"wp:featuredmedia":[{"embeddable":true,"href":"https:\/\/recyclingequipinc.com\/de\/wp-json\/wp\/v2\/media\/16993"}],"wp:attachment":[{"href":"https:\/\/recyclingequipinc.com\/de\/wp-json\/wp\/v2\/media?parent=16992"}],"wp:term":[{"taxonomy":"product_brand","embeddable":true,"href":"https:\/\/recyclingequipinc.com\/de\/wp-json\/wp\/v2\/product_brand?post=16992"},{"taxonomy":"product_cat","embeddable":true,"href":"https:\/\/recyclingequipinc.com\/de\/wp-json\/wp\/v2\/product_cat?post=16992"},{"taxonomy":"product_tag","embeddable":true,"href":"https:\/\/recyclingequipinc.com\/de\/wp-json\/wp\/v2\/product_tag?post=16992"}],"curies":[{"name":"wp","href":"https:\/\/api.w.org\/{rel}","templated":true}]}}