{"id":16952,"date":"2025-01-14T14:22:47","date_gmt":"2025-01-14T06:22:47","guid":{"rendered":"https:\/\/recyclingequipinc.com\/?post_type=product&#038;p=16952"},"modified":"2025-06-04T14:03:13","modified_gmt":"2025-06-04T06:03:13","slug":"styrofoam-recycling-machine","status":"publish","type":"product","link":"https:\/\/recyclingequipinc.com\/de\/product\/styrofoam-recycling-machine\/","title":{"rendered":"Styropor-Recyclingmaschinen erleichtern Ihr EPS-Recyclinggesch\u00e4ft"},"content":{"rendered":"<p>Wie lassen sich Kunststoffschaumabf\u00e4lle effizient in recycelbare Pellets umwandeln? Dieser Artikel konzentriert sich auf Styropor-Recyclingmaschinen und Schaumrecyclingprozesse als Leitfaden f\u00fcr Styropor-Recycler.<\/p> <div class=\"ast-oembed-container\" style=\"height: 100%;\"><iframe title=\"Kein Schaumabfall mehr: Diese Schaumrecyclingl\u00f6sung ist genau das Richtige f\u00fcr Sie\" width=\"500\" height=\"281\" src=\"https:\/\/www.youtube.com\/embed\/Fhogy_M1KXU?feature=oembed\" frameborder=\"0\" allow=\"accelerometer; autoplay; clipboard-write; encrypted-media; gyroscope; picture-in-picture; web-share\" referrerpolicy=\"strict-origin-when-cross-origin\" allowfullscreen><\/iframe><\/div> <h2>Warum uns w\u00e4hlen?<\/h2> <ol> <li>Unsere Schaumrecyclingmaschinen verf\u00fcgen \u00fcber vollst\u00e4ndige Spezifikationen, um Ihren unterschiedlichen Anforderungen gerecht zu werden. Sie eignen sich f\u00fcr alle Arten der Schaumrecyclingproduktion im gro\u00dfen, mittleren und kleinen Ma\u00dfstab.<\/li> <li>Breites Anwendungsspektrum: Verschiedene Formen von EPS, EPP, EPE, XPS und anderen Schaumstoffrohstoffen k\u00f6nnen recycelt werden.<\/li> <li>Hohe Leistung, 150\u2013300 kg\/h Kapazit\u00e4t, hohe Effizienz. Wenn Sie spezielle Anforderungen haben, k\u00f6nnen wir auch ma\u00dfgeschneiderte Maschinen bereitstellen.<\/li> <li>Energieeinsparung und Umweltschutz: Ausgestattet mit einer Staubentfernungsvorrichtung, einem hocheffizienten Motor usw., die den Energieverbrauch senken und die Anforderungen des Umweltschutzes erf\u00fcllen k\u00f6nnen.<\/li> <li>Einfache Wartung: Das humanisierte Design der Schaumrecyclingmaschine ist einfach zu bedienen und zu warten. In der Zwischenzeit bieten wir einen umfassenden Kundendienst und k\u00f6nnen technischen Support leisten.<\/li> <li>Hohe Qualit\u00e4t der Endprodukte: Die recycelten Schaumstoffpartikel sind gleichm\u00e4\u00dfig und rund, weisen gute physikalische Eigenschaften und eine hohe Reinheit auf und k\u00f6nnen direkt in der industriellen Produktion und Verarbeitung verwendet werden.<\/li> <\/ol> <figure id=\"attachment_16963\" aria-describedby=\"caption-attachment-16963\" style=\"width: 720px\" class=\"wp-caption aligncenter\"><img fetchpriority=\"high\" decoding=\"async\" class=\"size-full wp-image-16963\" src=\"https:\/\/recyclingequipinc.com\/wp-content\/uploads\/2025\/01\/styrofoam-recycling-machines-1.webp\" alt=\"Styropor-Recyclingmaschinen\" width=\"720\" height=\"540\" srcset=\"https:\/\/recyclingequipinc.com\/wp-content\/uploads\/2025\/01\/styrofoam-recycling-machines-1.webp 720w, https:\/\/recyclingequipinc.com\/wp-content\/uploads\/2025\/01\/styrofoam-recycling-machines-1-300x225.webp 300w, https:\/\/recyclingequipinc.com\/wp-content\/uploads\/2025\/01\/styrofoam-recycling-machines-1-16x12.webp 16w\" sizes=\"(max-width: 720px) 100vw, 720px\" \/><figcaption id=\"caption-attachment-16963\" class=\"wp-caption-text\">Styropor-Recyclingmaschinen<\/figcaption><\/figure> <h2>Anwendungen der Styropor-Recyclingmaschinen<\/h2> <p>Styropor-Recyclingmaschinen werden h\u00e4ufig zur Verarbeitung von Schaumstoffabf\u00e4llen aus der Verpackungs-, Bau-, M\u00f6bel-, Automobil-, Landwirtschafts- und vielen anderen Branchen eingesetzt, beispielsweise f\u00fcr Schaumstoff-Brotdosen, Kurierschaumverpackungen, Matratzen, Autositzpolster, Geb\u00e4uded\u00e4mmplatten, Obstschutzfolien usw. usw.<\/p> <p>Die EPS-Schaumrecyclinglinie wandelt gro\u00dfe St\u00fccke weggeworfenen Schaumstoffs durch Zerkleinern, Verdichten und Granulieren in feine recycelte Pellets um. Ganz gleich, ob es sich um Post-Consumer-Recycling oder industrielles EPS-Recycling handelt, unsere Styropor-Recyclingmaschinen k\u00f6nnen Ihre Produktionsanforderungen erf\u00fcllen und die fertigen Kunststoffpellets werden hohen Standards gerecht.<\/p> <figure id=\"attachment_17033\" aria-describedby=\"caption-attachment-17033\" style=\"width: 300px\" class=\"wp-caption alignleft\"><img decoding=\"async\" class=\"wp-image-17033 size-medium\" src=\"https:\/\/recyclingequipinc.com\/wp-content\/uploads\/2025\/01\/screenshot_2024-12-16_09-59-43-300x225.png\" alt=\"Abfallsch\u00e4ume\" width=\"300\" height=\"225\" srcset=\"https:\/\/recyclingequipinc.com\/wp-content\/uploads\/2025\/01\/screenshot_2024-12-16_09-59-43-300x225.png 300w, https:\/\/recyclingequipinc.com\/wp-content\/uploads\/2025\/01\/screenshot_2024-12-16_09-59-43-16x12.png 16w, https:\/\/recyclingequipinc.com\/wp-content\/uploads\/2025\/01\/screenshot_2024-12-16_09-59-43.png 720w\" sizes=\"(max-width: 300px) 100vw, 300px\" \/><figcaption id=\"caption-attachment-17033\" class=\"wp-caption-text\">Abfallsch\u00e4ume<\/figcaption><\/figure> <figure id=\"attachment_17034\" aria-describedby=\"caption-attachment-17034\" style=\"width: 300px\" class=\"wp-caption alignleft\"><img decoding=\"async\" class=\"wp-image-17034 size-medium\" src=\"https:\/\/recyclingequipinc.com\/wp-content\/uploads\/2025\/01\/screenshot_2024-12-16_10-01-53-300x225.png\" alt=\"Styroporplatte\" width=\"300\" height=\"225\" srcset=\"https:\/\/recyclingequipinc.com\/wp-content\/uploads\/2025\/01\/screenshot_2024-12-16_10-01-53-300x225.png 300w, https:\/\/recyclingequipinc.com\/wp-content\/uploads\/2025\/01\/screenshot_2024-12-16_10-01-53-16x12.png 16w, https:\/\/recyclingequipinc.com\/wp-content\/uploads\/2025\/01\/screenshot_2024-12-16_10-01-53.png 720w\" sizes=\"(max-width: 300px) 100vw, 300px\" \/><figcaption id=\"caption-attachment-17034\" class=\"wp-caption-text\">Styroporplatte<\/figcaption><\/figure> <figure id=\"attachment_17035\" aria-describedby=\"caption-attachment-17035\" style=\"width: 300px\" class=\"wp-caption alignleft\"><img loading=\"lazy\" decoding=\"async\" class=\"wp-image-17035 size-medium\" src=\"https:\/\/recyclingequipinc.com\/wp-content\/uploads\/2025\/01\/screenshot_2024-12-16_10-03-40-300x225.png\" alt=\"EPS-Sofaf\u00fcllungen\" width=\"300\" height=\"225\" srcset=\"https:\/\/recyclingequipinc.com\/wp-content\/uploads\/2025\/01\/screenshot_2024-12-16_10-03-40-300x225.png 300w, https:\/\/recyclingequipinc.com\/wp-content\/uploads\/2025\/01\/screenshot_2024-12-16_10-03-40-16x12.png 16w, https:\/\/recyclingequipinc.com\/wp-content\/uploads\/2025\/01\/screenshot_2024-12-16_10-03-40.png 720w\" sizes=\"(max-width: 300px) 100vw, 300px\" \/><figcaption id=\"caption-attachment-17035\" class=\"wp-caption-text\">EPS-Sofaf\u00fcllungen<\/figcaption><\/figure> <p>&nbsp;<\/p> <p>&nbsp;<\/p> <p>&nbsp;<\/p> <p>&nbsp;<\/p> <p>&nbsp;<\/p> <p>&nbsp;<\/p> <p>&nbsp;<\/p> <figure id=\"attachment_17036\" aria-describedby=\"caption-attachment-17036\" style=\"width: 300px\" class=\"wp-caption alignleft\"><img loading=\"lazy\" decoding=\"async\" class=\"wp-image-17036 size-medium\" src=\"https:\/\/recyclingequipinc.com\/wp-content\/uploads\/2025\/01\/screenshot_2024-12-16_09-56-51-300x225.png\" alt=\"recyceltes Granulat\" width=\"300\" height=\"225\" srcset=\"https:\/\/recyclingequipinc.com\/wp-content\/uploads\/2025\/01\/screenshot_2024-12-16_09-56-51-300x225.png 300w, https:\/\/recyclingequipinc.com\/wp-content\/uploads\/2025\/01\/screenshot_2024-12-16_09-56-51-16x12.png 16w, https:\/\/recyclingequipinc.com\/wp-content\/uploads\/2025\/01\/screenshot_2024-12-16_09-56-51.png 720w\" sizes=\"(max-width: 300px) 100vw, 300px\" \/><figcaption id=\"caption-attachment-17036\" class=\"wp-caption-text\">recyceltes Granulat<\/figcaption><\/figure> <figure id=\"attachment_17037\" aria-describedby=\"caption-attachment-17037\" style=\"width: 300px\" class=\"wp-caption alignleft\"><img loading=\"lazy\" decoding=\"async\" class=\"wp-image-17037 size-medium\" src=\"https:\/\/recyclingequipinc.com\/wp-content\/uploads\/2025\/01\/screenshot_2024-12-16_09-58-14-300x225.png\" alt=\"Styroporpellets\" width=\"300\" height=\"225\" srcset=\"https:\/\/recyclingequipinc.com\/wp-content\/uploads\/2025\/01\/screenshot_2024-12-16_09-58-14-300x225.png 300w, https:\/\/recyclingequipinc.com\/wp-content\/uploads\/2025\/01\/screenshot_2024-12-16_09-58-14-16x12.png 16w, https:\/\/recyclingequipinc.com\/wp-content\/uploads\/2025\/01\/screenshot_2024-12-16_09-58-14.png 720w\" sizes=\"(max-width: 300px) 100vw, 300px\" \/><figcaption id=\"caption-attachment-17037\" class=\"wp-caption-text\">Styroporpellets<\/figcaption><\/figure> <h2>Wie funktioniert das Recycling von expandiertem Polyethylenschaum?<\/h2> <h3>1. Zerquetschen<\/h3> <p>Kunststoffschaum ist gro\u00df, hat eine geringe Dichte, ist leicht zu brechen und nicht einfach zu transportieren, zu lagern und zu verarbeiten. Nutzen Sie daher die Schaumzerkleinerungsmaschine, um die gesammelten Rohstoffe zur Vorbehandlung zu zerkleinern und kleinere Styroporbl\u00f6cke zu erhalten.<\/p> <p class=\"translation-block\">Shuliy<a href=\"https:\/\/recyclingequipinc.com\/de\/produkt\/styrofoam-shredder\/\"> Polystyrol-Zerkleinerer<\/a> ist aus hochwertigem Edelstahl gefertigt, langlebig und korrosionsbest\u00e4ndig, und hat eine gro\u00dfe Kapazit\u00e4t und einen hohen Durchsatz.<\/p> <ul> <li>Kapazit\u00e4t: 250\u2013500 kg\/h<\/li> <li>Leistung: 5,5\u201311 kW<\/li> <li>Material: hochwertiger Edelstahl<\/li> <li>Endprodukte: Einheitliche kleinere Schaumstoffst\u00fccke<\/li> <\/ul> <figure id=\"attachment_16956\" aria-describedby=\"caption-attachment-16956\" style=\"width: 720px\" class=\"wp-caption aligncenter\"><img loading=\"lazy\" decoding=\"async\" class=\"wp-image-16956 size-full\" src=\"https:\/\/recyclingequipinc.com\/wp-content\/uploads\/2025\/01\/EPS-shredding-machine.webp\" alt=\"EPS-Zerkleinerungsmaschine\" width=\"720\" height=\"540\" srcset=\"https:\/\/recyclingequipinc.com\/wp-content\/uploads\/2025\/01\/EPS-shredding-machine.webp 720w, https:\/\/recyclingequipinc.com\/wp-content\/uploads\/2025\/01\/EPS-shredding-machine-300x225.webp 300w, https:\/\/recyclingequipinc.com\/wp-content\/uploads\/2025\/01\/EPS-shredding-machine-16x12.webp 16w\" sizes=\"(max-width: 720px) 100vw, 720px\" \/><figcaption id=\"caption-attachment-16956\" class=\"wp-caption-text\">EPS-Zerkleinerungsmaschine<\/figcaption><\/figure> <h3>2. Kaltpressung<\/h3> <p>Wenn Sie das Schaumvolumen weiter reduzieren m\u00fcssen, k\u00f6nnen Sie mit dem Styroporverdichter die zerkleinerten Schaumbl\u00f6cke durch mechanischen Druck zu dichten Schaumbl\u00f6cken verdichten, was den anschlie\u00dfenden Transport, die Lagerung usw. erleichtert.<\/p> <p class=\"translation-block\"><a href=\"https:\/\/recyclingequipinc.com\/de\/produkt\/eps-foam-densifier\/\">EPS-Brikettiermaschinen<\/a> ben\u00f6tigen keine Erw\u00e4rmung, was zu einem geringen Energieverbrauch f\u00fchrt; sie k\u00f6nnen das Volumen von Plasticsch\u00e4umen um bis zu 40 Mal reduzieren, was zu einer effizienten Verdichtung f\u00fchrt; dar\u00fcber hinaus ver\u00e4ndert die Kaltpressung die chemischen Eigenschaften des Materials nicht, was die nachfolgende Tiefenverarbeitung erleichtert.<\/p> <ul> <li>Kapazit\u00e4t: 150\u2013250 kg\/h<\/li> <li>Leistung: 11\u201322 kW<\/li> <li>Endprodukte: Kompressionsbl\u00f6cke aus hochdichtem Schaumstoff<\/li> <\/ul> <figure id=\"attachment_16960\" aria-describedby=\"caption-attachment-16960\" style=\"width: 720px\" class=\"wp-caption aligncenter\"><img loading=\"lazy\" decoding=\"async\" class=\"size-full wp-image-16960\" src=\"https:\/\/recyclingequipinc.com\/wp-content\/uploads\/2025\/01\/styrofoam-compactor.webp\" alt=\"Styroporverdichter\" width=\"720\" height=\"540\" srcset=\"https:\/\/recyclingequipinc.com\/wp-content\/uploads\/2025\/01\/styrofoam-compactor.webp 720w, https:\/\/recyclingequipinc.com\/wp-content\/uploads\/2025\/01\/styrofoam-compactor-300x225.webp 300w, https:\/\/recyclingequipinc.com\/wp-content\/uploads\/2025\/01\/styrofoam-compactor-16x12.webp 16w\" sizes=\"(max-width: 720px) 100vw, 720px\" \/><figcaption id=\"caption-attachment-16960\" class=\"wp-caption-text\">Styroporverdichter<\/figcaption><\/figure> <h3>3. Hei\u00dfschmelzen<\/h3> <p>Wenn eine h\u00f6here Dichte oder ein h\u00f6herer geschmolzener Zustand des Schaumstoffblocks erforderlich ist, wird die EPS-Hei\u00dfschmelz-Recyclingmaschine empfohlen. Der Styroporschmelzer erhitzt den Schaum bei hoher Temperatur in einen geschmolzenen Zustand und extrudiert ihn dann zu einem hochdichten Schaumblock mit geringem Volumen. Dar\u00fcber hinaus k\u00f6nnen durch den Schmelz- und Erhitzungsprozess Verunreinigungen herausgefiltert und die Reinheit recycelter Kunststoffe verbessert werden.<\/p> <p class=\"translation-block\"><a href=\"https:\/\/recyclingequipinc.com\/de\/produkt\/eps-epe-foam-hot-melting-machine\/\">Schaumverdichter<\/a> eignet sich f\u00fcr die tiefgehende Recyclingverarbeitung. Er ist einfach zu bedienen, energiesparend und umweltfreundlich und kann effizient Schaumstoffbl\u00f6cke mit h\u00f6herer Dichte erhalten; ausgestattet mit einem Schlackefiltersystem zur effektiven Entfernung von Verunreinigungen.<\/p> <ul> <li>Kapazit\u00e4t: 100\u2013250 kg\/h<\/li> <li>Leistung: 15\u201322 kW<\/li> <li>Endprodukte: Styroporbarren mit hoher Dichte und hoher Reinheit<\/li> <\/ul> <figure id=\"attachment_16961\" aria-describedby=\"caption-attachment-16961\" style=\"width: 720px\" class=\"wp-caption aligncenter\"><img loading=\"lazy\" decoding=\"async\" class=\"size-full wp-image-16961\" src=\"https:\/\/recyclingequipinc.com\/wp-content\/uploads\/2025\/01\/styrofoam-densifier.webp\" alt=\"Verdichter aus Styropor\" width=\"720\" height=\"540\" srcset=\"https:\/\/recyclingequipinc.com\/wp-content\/uploads\/2025\/01\/styrofoam-densifier.webp 720w, https:\/\/recyclingequipinc.com\/wp-content\/uploads\/2025\/01\/styrofoam-densifier-300x225.webp 300w, https:\/\/recyclingequipinc.com\/wp-content\/uploads\/2025\/01\/styrofoam-densifier-16x12.webp 16w\" sizes=\"(max-width: 720px) 100vw, 720px\" \/><figcaption id=\"caption-attachment-16961\" class=\"wp-caption-text\">Verdichter aus Styropor<\/figcaption><\/figure> <p>4. Pelletieren<\/p> <p class=\"translation-block\">Verwenden Sie eine <a href=\"https:\/\/recyclingequipinc.com\/de\/produkt\/eps-foam-pelletizing-machine\/\">EPS-Granuliermaschine<\/a> oder eine EPE-Extrusionsmaschine, um verarbeitete Schaumstoffbl\u00f6cke durch Schmelzen, Extrudieren, K\u00fchlen und Schneiden in gleichm\u00e4\u00dfige recycelte Granulate umzuwandeln. Die recycelten Kunststoffgranulate k\u00f6nnen dann direkt bei der Herstellung und Verarbeitung neuer Kunststoffprodukte verwendet werden.<\/p> <p>Die Wahl eines stabilen Styroporgranulators h\u00e4ngt von der Qualit\u00e4t der fertigen Pellets ab. Unsere Schaumgranulatoren sind stabil und best\u00e4ndig gegen hohe Temperaturen und mit einem guten Filtersystem ausgestattet, das die Anzahl der Filterwechsel und Maschinenstillst\u00e4nde reduzieren kann. Der hohe Automatisierungsgrad, einfach zu bedienen.<\/p> <ul> <li>Kapazit\u00e4t: 150\u2013375 kg\/h<\/li> <li>Leistung: 15\u201322 kW<\/li> <li>Teile: Schaumextruder, K\u00fchltank, Kunststoff-Dana-Schneidemaschine<\/li> <li>Endprodukte: Hochreine, umweltfreundliche, stabile und homogene Schaumpartikel<\/li> <\/ul> <figure id=\"attachment_16962\" aria-describedby=\"caption-attachment-16962\" style=\"width: 720px\" class=\"wp-caption aligncenter\"><img loading=\"lazy\" decoding=\"async\" class=\"size-full wp-image-16962\" src=\"https:\/\/recyclingequipinc.com\/wp-content\/uploads\/2025\/01\/foam-granulator.webp\" alt=\"Schaumgranulator\" width=\"720\" height=\"540\" srcset=\"https:\/\/recyclingequipinc.com\/wp-content\/uploads\/2025\/01\/foam-granulator.webp 720w, https:\/\/recyclingequipinc.com\/wp-content\/uploads\/2025\/01\/foam-granulator-300x225.webp 300w, https:\/\/recyclingequipinc.com\/wp-content\/uploads\/2025\/01\/foam-granulator-16x12.webp 16w\" sizes=\"(max-width: 720px) 100vw, 720px\" \/><figcaption id=\"caption-attachment-16962\" class=\"wp-caption-text\">Schaumgranulator<\/figcaption><\/figure> <h2>Abschluss<\/h2> <p>Die Umwandlung von Altschaum in recycelte Pellets erfordert Zerkleinern, Komprimieren, Granulieren usw. Als professionelles Team hat sich Shuliy der Entwicklung der richtigen Styropor-Recyclingl\u00f6sung f\u00fcr unsere Kunden verschrieben. Wenn Sie Fragen haben, kontaktieren Sie uns bitte, herzlich willkommen!<\/p> <p>&nbsp;<\/p>","protected":false},"excerpt":{"rendered":"<p>Zu den Styropor-Recyclingmaschinen geh\u00f6ren EPS-Schaumbrecher, Styroporverdichter, EPS-Granulator usw. Sie wandeln den Styroporabfall in hochwertige recycelte Pellets mit guter Qualit\u00e4t, hoher Leistung und hoher Effizienz um.<\/p>","protected":false},"featured_media":16963,"template":"","meta":{"site-sidebar-layout":"default","site-content-layout":"","ast-site-content-layout":"default","site-content-style":"default","site-sidebar-style":"default","ast-global-header-display":"","ast-banner-title-visibility":"","ast-main-header-display":"","ast-hfb-above-header-display":"","ast-hfb-below-header-display":"","ast-hfb-mobile-header-display":"","site-post-title":"","ast-breadcrumbs-content":"","ast-featured-img":"","footer-sml-layout":"","ast-disable-related-posts":"","theme-transparent-header-meta":"default","adv-header-id-meta":"","stick-header-meta":"","header-above-stick-meta":"","header-main-stick-meta":"","header-below-stick-meta":"","astra-migrate-meta-layouts":"set","ast-page-background-enabled":"default","ast-page-background-meta":{"desktop":{"background-color":"","background-image":"","background-repeat":"repeat","background-position":"center center","background-size":"auto","background-attachment":"scroll","background-type":"","background-media":"","overlay-type":"","overlay-color":"","overlay-opacity":"","overlay-gradient":""},"tablet":{"background-color":"","background-image":"","background-repeat":"repeat","background-position":"center center","background-size":"auto","background-attachment":"scroll","background-type":"","background-media":"","overlay-type":"","overlay-color":"","overlay-opacity":"","overlay-gradient":""},"mobile":{"background-color":"","background-image":"","background-repeat":"repeat","background-position":"center center","background-size":"auto","background-attachment":"scroll","background-type":"","background-media":"","overlay-type":"","overlay-color":"","overlay-opacity":"","overlay-gradient":""}},"ast-content-background-meta":{"desktop":{"background-color":"var(--ast-global-color-5)","background-image":"","background-repeat":"repeat","background-position":"center center","background-size":"auto","background-attachment":"scroll","background-type":"","background-media":"","overlay-type":"","overlay-color":"","overlay-opacity":"","overlay-gradient":""},"tablet":{"background-color":"var(--ast-global-color-5)","background-image":"","background-repeat":"repeat","background-position":"center center","background-size":"auto","background-attachment":"scroll","background-type":"","background-media":"","overlay-type":"","overlay-color":"","overlay-opacity":"","overlay-gradient":""},"mobile":{"background-color":"var(--ast-global-color-5)","background-image":"","background-repeat":"repeat","background-position":"center center","background-size":"auto","background-attachment":"scroll","background-type":"","background-media":"","overlay-type":"","overlay-color":"","overlay-opacity":"","overlay-gradient":""}}},"product_brand":[],"product_cat":[130],"product_tag":[80],"class_list":{"0":"post-16952","1":"product","2":"type-product","3":"status-publish","4":"has-post-thumbnail","6":"product_cat-solution","7":"product_tag-foam","8":"desktop-align-center","9":"tablet-align-center","10":"mobile-align-center","12":"first","13":"instock","14":"shipping-taxable","15":"product-type-simple"},"_links":{"self":[{"href":"https:\/\/recyclingequipinc.com\/de\/wp-json\/wp\/v2\/product\/16952","targetHints":{"allow":["GET"]}}],"collection":[{"href":"https:\/\/recyclingequipinc.com\/de\/wp-json\/wp\/v2\/product"}],"about":[{"href":"https:\/\/recyclingequipinc.com\/de\/wp-json\/wp\/v2\/types\/product"}],"version-history":[{"count":0,"href":"https:\/\/recyclingequipinc.com\/de\/wp-json\/wp\/v2\/product\/16952\/revisions"}],"wp:featuredmedia":[{"embeddable":true,"href":"https:\/\/recyclingequipinc.com\/de\/wp-json\/wp\/v2\/media\/16963"}],"wp:attachment":[{"href":"https:\/\/recyclingequipinc.com\/de\/wp-json\/wp\/v2\/media?parent=16952"}],"wp:term":[{"taxonomy":"product_brand","embeddable":true,"href":"https:\/\/recyclingequipinc.com\/de\/wp-json\/wp\/v2\/product_brand?post=16952"},{"taxonomy":"product_cat","embeddable":true,"href":"https:\/\/recyclingequipinc.com\/de\/wp-json\/wp\/v2\/product_cat?post=16952"},{"taxonomy":"product_tag","embeddable":true,"href":"https:\/\/recyclingequipinc.com\/de\/wp-json\/wp\/v2\/product_tag?post=16952"}],"curies":[{"name":"wp","href":"https:\/\/api.w.org\/{rel}","templated":true}]}}