{"id":16917,"date":"2025-01-09T16:29:47","date_gmt":"2025-01-09T08:29:47","guid":{"rendered":"https:\/\/recyclingequipinc.com\/?post_type=product&#038;p=16917"},"modified":"2025-01-20T10:04:56","modified_gmt":"2025-01-20T02:04:56","slug":"styrofoam-shredder","status":"publish","type":"product","link":"https:\/\/recyclingequipinc.com\/de\/product\/styrofoam-shredder\/","title":{"rendered":"Styropor-Schredder | Zerkleinerungsmaschine f\u00fcr Polystyrolschaum"},"content":{"rendered":"<p>Styropor-Zerkleinerungsmaschinen, auch Polystyrol-Zerkleinerungsmaschinen genannt, k\u00f6nnen EPS, EPE, EPP und andere Schaumstoffrohstoffe effizient zerkleinern. Es hat eine Kapazit\u00e4t von 250\u2013500 kg\/h und kann individuell angepasst werden, um allen Gr\u00f6\u00dfen von Styropor-Recyclingfabriken gerecht zu werden. Ganz gleich, ob Sie Post-Consumer- oder In-Plant-EPS-Recycling w\u00fcnschen, lesen Sie bitte diesen Artikel, um herauszufinden, was unsere Schaumzerkleinerungsmaschine f\u00fcr Sie tun kann!<\/p> <div class=\"ast-oembed-container\" style=\"height: 100%;\"><iframe title=\"Leistungsstarker Styropor-Aktenvernichter: Mehrere Tests vor dem Versand\" width=\"500\" height=\"281\" src=\"https:\/\/www.youtube.com\/embed\/H_jnIKjkSqk?feature=oembed\" frameborder=\"0\" allow=\"accelerometer; autoplay; clipboard-write; encrypted-media; gyroscope; picture-in-picture; web-share\" referrerpolicy=\"strict-origin-when-cross-origin\" allowfullscreen><\/iframe><\/div> <h2>Wie k\u00f6nnen Sie von unserem Styropor-Schredder profitieren?<\/h2> <h3>Hauptmerkmale des EPS-Schaumzerkleinerers<\/h3> <ol> <li><strong>Breite Anwendung:<\/strong> Unsere EPS-Zerkleinerungsmaschine kann in gro\u00dfem Umfang in Styropor-Recyclingstationen, EPS-Recycling- oder -Verarbeitungsbetrieben, der Verpackungsindustrie, auf Baustellen und anderen Einsatzorten eingesetzt werden, um den Umgang mit einer Vielzahl von Schaumstoffrohstoffen zu erleichtern und den Transport und die Verarbeitung von Kunststoffsch\u00e4umen zu erleichtern.<\/li> <li><strong>Hohe Effizienz:<\/strong> Die Kapazit\u00e4t von Schaumzerkleinerern reicht von 250 bis 500 kg\/h und es stehen verschiedene Modelle zur Auswahl, die eine schnelle und effiziente Zerkleinerung erm\u00f6glichen.<\/li> <li><strong>Einfache Bedienung:<\/strong> Der Zufuhreinlass ist horizontal und bodenb\u00fcndig gestaltet, was dem Personal eine m\u00fchelose Materialzuf\u00fchrung erm\u00f6glicht. Die zerkleinerten Schaumstoffbl\u00f6cke werden dann in den Trichter \u00fcberf\u00fchrt. Der gesamte Prozess ist hochgradig automatisiert.<\/li> <li><strong>Hohe Qualit\u00e4t der fertigen Produkte:<\/strong> Form und Gr\u00f6\u00dfe der zerkleinerten EPS\/EPE-Bl\u00f6cke sind gleichm\u00e4\u00dfig und die Oberfl\u00e4che ist vollst\u00e4ndig staubfrei. Keine Einmischung von Metall und anderen Verunreinigungen, geeignet f\u00fcr nachfolgende Hei\u00dfschmelz-, Pelletierungs- und andere Schritte.<\/li> <li><strong>Energieeinsparung und Umweltschutz:<\/strong> Die Styropor-Zerkleinerungsmaschine verf\u00fcgt \u00fcber ein ger\u00e4uschreduzierendes und vibrationsd\u00e4mpfendes Design, und die Rohrleitung verbindet jedes Ger\u00e4t, um eine Verschmutzung der Luftqualit\u00e4t zu vermeiden. Gleichzeitig ist es mit einem hocheffizienten Motor und scharfen Messern ausgestattet, um einen ineffektiven Energieverbrauch zu vermeiden und Stromverschwendung zu reduzieren.<\/li> <\/ol> <figure id=\"attachment_16935\" aria-describedby=\"caption-attachment-16935\" style=\"width: 720px\" class=\"wp-caption aligncenter\"><img fetchpriority=\"high\" decoding=\"async\" class=\"wp-image-16935 size-full\" src=\"https:\/\/recyclingequipinc.com\/wp-content\/uploads\/2025\/01\/Horizontal-foam-crushers1.webp\" alt=\"Horizontaler Schaumbrecher\" width=\"720\" height=\"540\" srcset=\"https:\/\/recyclingequipinc.com\/wp-content\/uploads\/2025\/01\/Horizontal-foam-crushers1.webp 720w, https:\/\/recyclingequipinc.com\/wp-content\/uploads\/2025\/01\/Horizontal-foam-crushers1-300x225.webp 300w, https:\/\/recyclingequipinc.com\/wp-content\/uploads\/2025\/01\/Horizontal-foam-crushers1-16x12.webp 16w\" sizes=\"(max-width: 720px) 100vw, 720px\" \/><figcaption id=\"caption-attachment-16935\" class=\"wp-caption-text\">Horizontaler Schaumbrecher<\/figcaption><\/figure> <h3>Welchen Wert k\u00f6nnen Sie erhalten?<\/h3> <ol> <li>Kann mit a verwendet werden <a href=\"https:\/\/recyclingequipinc.com\/de\/produkt\/eps-epe-foam-hot-melting-machine\/\">Styroporschmelzger\u00e4t<\/a> das expandierte Polystyrol zu schmelzen und zu komprimieren, um Schaumstoffbl\u00f6cke mit hoher Dichte zu erhalten.<\/li> <li>Zerkleinern von Kunststoffsch\u00e4umen in gleichm\u00e4\u00dfige St\u00fccke, um die Effizienz der EPS\/EPE-Granulierung zu verbessern.<\/li> <li>Reduziert die Schaummenge, die direkt auf der Deponie oder in der Verbrennung landet, was umweltfreundlich ist.<\/li> <\/ol> <figure id=\"attachment_16938\" aria-describedby=\"caption-attachment-16938\" style=\"width: 300px\" class=\"wp-caption alignleft\"><img decoding=\"async\" class=\"wp-image-16938 size-medium\" src=\"https:\/\/recyclingequipinc.com\/wp-content\/uploads\/2025\/01\/styrofoam-shredder-machine-300x225.webp\" alt=\"\u2460Styropor-Schreddermaschine\" width=\"300\" height=\"225\" srcset=\"https:\/\/recyclingequipinc.com\/wp-content\/uploads\/2025\/01\/styrofoam-shredder-machine-300x225.webp 300w, https:\/\/recyclingequipinc.com\/wp-content\/uploads\/2025\/01\/styrofoam-shredder-machine-16x12.webp 16w, https:\/\/recyclingequipinc.com\/wp-content\/uploads\/2025\/01\/styrofoam-shredder-machine.webp 720w\" sizes=\"(max-width: 300px) 100vw, 300px\" \/><figcaption id=\"caption-attachment-16938\" class=\"wp-caption-text\">Styropor-Zerkleinerungsmaschine<\/figcaption><\/figure> <figure id=\"attachment_16937\" aria-describedby=\"caption-attachment-16937\" style=\"width: 300px\" class=\"wp-caption alignleft\"><img decoding=\"async\" class=\"wp-image-16937 size-medium\" src=\"https:\/\/recyclingequipinc.com\/wp-content\/uploads\/2025\/01\/EPS-recycling-crushing-300x225.webp\" alt=\"\u2461EPS-Recyclingzerkleinerung\" width=\"300\" height=\"225\" srcset=\"https:\/\/recyclingequipinc.com\/wp-content\/uploads\/2025\/01\/EPS-recycling-crushing-300x225.webp 300w, https:\/\/recyclingequipinc.com\/wp-content\/uploads\/2025\/01\/EPS-recycling-crushing-16x12.webp 16w, https:\/\/recyclingequipinc.com\/wp-content\/uploads\/2025\/01\/EPS-recycling-crushing.webp 720w\" sizes=\"(max-width: 300px) 100vw, 300px\" \/><figcaption id=\"caption-attachment-16937\" class=\"wp-caption-text\">EPS-Recyclingzerkleinerung<\/figcaption><\/figure> <figure id=\"attachment_16936\" aria-describedby=\"caption-attachment-16936\" style=\"width: 300px\" class=\"wp-caption alignleft\"><img loading=\"lazy\" decoding=\"async\" class=\"wp-image-16936 size-medium\" src=\"https:\/\/recyclingequipinc.com\/wp-content\/uploads\/2025\/01\/crushed-plastic-foam-300x225.webp\" alt=\"\u2462zerkleinerter Kunststoffschaum\" width=\"300\" height=\"225\" srcset=\"https:\/\/recyclingequipinc.com\/wp-content\/uploads\/2025\/01\/crushed-plastic-foam-300x225.webp 300w, https:\/\/recyclingequipinc.com\/wp-content\/uploads\/2025\/01\/crushed-plastic-foam-16x12.webp 16w, https:\/\/recyclingequipinc.com\/wp-content\/uploads\/2025\/01\/crushed-plastic-foam.webp 720w\" sizes=\"(max-width: 300px) 100vw, 300px\" \/><figcaption id=\"caption-attachment-16936\" class=\"wp-caption-text\">zerkleinerter Kunststoffschaum<\/figcaption><\/figure> <p>&nbsp;<\/p> <p>&nbsp;<\/p> <p>&nbsp;<\/p> <p>&nbsp;<\/p> <p>&nbsp;<\/p> <p>&nbsp;<\/p> <p>&nbsp;<\/p> <figure id=\"attachment_16939\" aria-describedby=\"caption-attachment-16939\" style=\"width: 300px\" class=\"wp-caption alignleft\"><img loading=\"lazy\" decoding=\"async\" class=\"wp-image-16939 size-medium\" src=\"https:\/\/recyclingequipinc.com\/wp-content\/uploads\/2025\/01\/\u2460styrofoam-melter-300x225.webp\" alt=\"\u2460Styroporschmelzer\" width=\"300\" height=\"225\" srcset=\"https:\/\/recyclingequipinc.com\/wp-content\/uploads\/2025\/01\/\u2460styrofoam-melter-300x225.webp 300w, https:\/\/recyclingequipinc.com\/wp-content\/uploads\/2025\/01\/\u2460styrofoam-melter-16x12.webp 16w, https:\/\/recyclingequipinc.com\/wp-content\/uploads\/2025\/01\/\u2460styrofoam-melter.webp 720w\" sizes=\"(max-width: 300px) 100vw, 300px\" \/><figcaption id=\"caption-attachment-16939\" class=\"wp-caption-text\">\u2460Styroporschmelzer<\/figcaption><\/figure> <figure id=\"attachment_16940\" aria-describedby=\"caption-attachment-16940\" style=\"width: 300px\" class=\"wp-caption alignleft\"><img loading=\"lazy\" decoding=\"async\" class=\"wp-image-16940 size-medium\" src=\"https:\/\/recyclingequipinc.com\/wp-content\/uploads\/2025\/01\/\u2461foam-extruding-300x225.webp\" alt=\"\u2461Schaum extrudieren\" width=\"300\" height=\"225\" srcset=\"https:\/\/recyclingequipinc.com\/wp-content\/uploads\/2025\/01\/\u2461foam-extruding-300x225.webp 300w, https:\/\/recyclingequipinc.com\/wp-content\/uploads\/2025\/01\/\u2461foam-extruding-16x12.webp 16w, https:\/\/recyclingequipinc.com\/wp-content\/uploads\/2025\/01\/\u2461foam-extruding.webp 720w\" sizes=\"(max-width: 300px) 100vw, 300px\" \/><figcaption id=\"caption-attachment-16940\" class=\"wp-caption-text\">\u2461Schaum extrudieren<\/figcaption><\/figure> <figure id=\"attachment_16941\" aria-describedby=\"caption-attachment-16941\" style=\"width: 300px\" class=\"wp-caption alignleft\"><img loading=\"lazy\" decoding=\"async\" class=\"wp-image-16941 size-medium\" src=\"https:\/\/recyclingequipinc.com\/wp-content\/uploads\/2025\/01\/\u2462dense-styrofoam-ingots-300x225.webp\" alt=\"\u2462dichte Styroporbarren\" width=\"300\" height=\"225\" srcset=\"https:\/\/recyclingequipinc.com\/wp-content\/uploads\/2025\/01\/\u2462dense-styrofoam-ingots-300x225.webp 300w, https:\/\/recyclingequipinc.com\/wp-content\/uploads\/2025\/01\/\u2462dense-styrofoam-ingots-16x12.webp 16w, https:\/\/recyclingequipinc.com\/wp-content\/uploads\/2025\/01\/\u2462dense-styrofoam-ingots.webp 720w\" sizes=\"(max-width: 300px) 100vw, 300px\" \/><figcaption id=\"caption-attachment-16941\" class=\"wp-caption-text\">\u2462dichte Styroporbarren<\/figcaption><\/figure> <p>&nbsp;<\/p> <p>&nbsp;<\/p> <p>&nbsp;<\/p> <div class=\"mceTemp\"><\/div> <h2>Rohstoffe und Endprodukte der Styropor-Schreddermaschine<\/h2> <h3>Rohstoffe:<\/h3> <p>EFFIZIENTER Polystyrol-Zerkleinerer wird \u00fcblicherweise zur Verarbeitung von EPS, EPE und anderen Schaumstoffmaterialien verwendet, darunter \u00fcblicherweise Styroporboxen, Verpackungsschaumplatten, Polystyrol-Isolierung, EPS-Brotdosen, XPS-Geb\u00e4uded\u00e4mmplatten, Yogamatten, Sofaf\u00fcllungen usw. Der EPS-Schaumzerkleinerer kann f\u00fcr alle Gr\u00f6\u00dfen von Schaumrecyclinganlagen eingesetzt werden und ist die erste Maschine in einer Polystyrol-Recyclinglinie.<\/p> <figure id=\"attachment_16943\" aria-describedby=\"caption-attachment-16943\" style=\"width: 300px\" class=\"wp-caption alignleft\"><img loading=\"lazy\" decoding=\"async\" class=\"wp-image-16943 size-medium\" src=\"https:\/\/recyclingequipinc.com\/wp-content\/uploads\/2025\/01\/eps-board-300x225.webp\" alt=\"XPS-Board\" width=\"300\" height=\"225\" srcset=\"https:\/\/recyclingequipinc.com\/wp-content\/uploads\/2025\/01\/eps-board-300x225.webp 300w, https:\/\/recyclingequipinc.com\/wp-content\/uploads\/2025\/01\/eps-board-16x12.webp 16w, https:\/\/recyclingequipinc.com\/wp-content\/uploads\/2025\/01\/eps-board.webp 720w\" sizes=\"(max-width: 300px) 100vw, 300px\" \/><figcaption id=\"caption-attachment-16943\" class=\"wp-caption-text\">XPS-Board<\/figcaption><\/figure> <figure id=\"attachment_16944\" aria-describedby=\"caption-attachment-16944\" style=\"width: 300px\" class=\"wp-caption alignleft\"><img loading=\"lazy\" decoding=\"async\" class=\"wp-image-16944 size-medium\" src=\"https:\/\/recyclingequipinc.com\/wp-content\/uploads\/2025\/01\/fruit-packaging-foam-300x225.webp\" alt=\"Obstverpackungsschaum\" width=\"300\" height=\"225\" srcset=\"https:\/\/recyclingequipinc.com\/wp-content\/uploads\/2025\/01\/fruit-packaging-foam-300x225.webp 300w, https:\/\/recyclingequipinc.com\/wp-content\/uploads\/2025\/01\/fruit-packaging-foam-16x12.webp 16w, https:\/\/recyclingequipinc.com\/wp-content\/uploads\/2025\/01\/fruit-packaging-foam.webp 720w\" sizes=\"(max-width: 300px) 100vw, 300px\" \/><figcaption id=\"caption-attachment-16944\" class=\"wp-caption-text\">Obstverpackungsschaum<\/figcaption><\/figure> <figure id=\"attachment_16945\" aria-describedby=\"caption-attachment-16945\" style=\"width: 300px\" class=\"wp-caption alignleft\"><img loading=\"lazy\" decoding=\"async\" class=\"wp-image-16945 size-medium\" src=\"https:\/\/recyclingequipinc.com\/wp-content\/uploads\/2025\/01\/styrofoam-boxes-300x225.webp\" alt=\"Styroporboxen\" width=\"300\" height=\"225\" srcset=\"https:\/\/recyclingequipinc.com\/wp-content\/uploads\/2025\/01\/styrofoam-boxes-300x225.webp 300w, https:\/\/recyclingequipinc.com\/wp-content\/uploads\/2025\/01\/styrofoam-boxes-16x12.webp 16w, https:\/\/recyclingequipinc.com\/wp-content\/uploads\/2025\/01\/styrofoam-boxes.webp 720w\" sizes=\"(max-width: 300px) 100vw, 300px\" \/><figcaption id=\"caption-attachment-16945\" class=\"wp-caption-text\">Styroporboxen<\/figcaption><\/figure> <p>&nbsp;<\/p> <p>&nbsp;<\/p> <p>&nbsp;<\/p> <p>&nbsp;<\/p> <p>&nbsp;<\/p> <p>&nbsp;<\/p> <p>&nbsp;<\/p> <figure id=\"attachment_16942\" aria-describedby=\"caption-attachment-16942\" style=\"width: 300px\" class=\"wp-caption alignleft\"><img loading=\"lazy\" decoding=\"async\" class=\"wp-image-16942 size-medium\" src=\"https:\/\/recyclingequipinc.com\/wp-content\/uploads\/2025\/01\/epe-materials-300x225.webp\" alt=\"Epe-Materialien\" width=\"300\" height=\"225\" srcset=\"https:\/\/recyclingequipinc.com\/wp-content\/uploads\/2025\/01\/epe-materials-300x225.webp 300w, https:\/\/recyclingequipinc.com\/wp-content\/uploads\/2025\/01\/epe-materials-16x12.webp 16w, https:\/\/recyclingequipinc.com\/wp-content\/uploads\/2025\/01\/epe-materials.webp 720w\" sizes=\"(max-width: 300px) 100vw, 300px\" \/><figcaption id=\"caption-attachment-16942\" class=\"wp-caption-text\">Epe-Materialien<\/figcaption><\/figure> <figure id=\"attachment_16946\" aria-describedby=\"caption-attachment-16946\" style=\"width: 300px\" class=\"wp-caption alignleft\"><img loading=\"lazy\" decoding=\"async\" class=\"wp-image-16946 size-medium\" src=\"https:\/\/recyclingequipinc.com\/wp-content\/uploads\/2025\/01\/Yoga-mat--300x225.webp\" alt=\"Yogamatte\" width=\"300\" height=\"225\" srcset=\"https:\/\/recyclingequipinc.com\/wp-content\/uploads\/2025\/01\/Yoga-mat--300x225.webp 300w, https:\/\/recyclingequipinc.com\/wp-content\/uploads\/2025\/01\/Yoga-mat--16x12.webp 16w, https:\/\/recyclingequipinc.com\/wp-content\/uploads\/2025\/01\/Yoga-mat-.webp 720w\" sizes=\"(max-width: 300px) 100vw, 300px\" \/><figcaption id=\"caption-attachment-16946\" class=\"wp-caption-text\">Yogamatte<\/figcaption><\/figure> <h3>Endprodukte:<\/h3> <p>Die zerkleinerten EPS-Schaumbl\u00f6cke liegen in der Regel in Form von Schaumstofffragmenten einheitlicher Gr\u00f6\u00dfe vor, wobei das Material intakt und nicht kontaminiert ist und das Gesamtvolumen reduziert ist, was das sp\u00e4tere Recycling erleichtert.<\/p> <h2>Grundlegende technische Daten des Schaumbrechers<\/h2> <p>Hier sind die Parameter einiger hei\u00dfer Modelle als Referenz. Wir bieten verschiedene Typen und ma\u00dfgeschneiderte Styroporzerkleinerer an, um Ihren Produktionsanforderungen gerecht zu werden. Bitte senden Sie uns Ihre Produktionssituation und wir empfehlen Ihnen die f\u00fcr Sie am besten geeignete Styropor-Zerkleinerungsmaschine.<\/p> <ul> <li>TYP: SL-800\/ SL-1000\/ SL-1200\/ SL-1500<\/li> <li>LEISTUNG (kW): 5,5\/ 5,5\/ 7,5\/ 11<\/li> <li>KAPAZIT\u00c4T (kg\/h): 250-300\/ 300-350\/ 400-450\/ 450-500<\/li> <li>EINGABEGR\u00d6SSE (cm): 800*600\/ 1000*600\/ 1200*600\/ 1500*600<\/li> <\/ul> <figure id=\"attachment_16947\" aria-describedby=\"caption-attachment-16947\" style=\"width: 720px\" class=\"wp-caption aligncenter\"><img loading=\"lazy\" decoding=\"async\" class=\"size-full wp-image-16947\" src=\"https:\/\/recyclingequipinc.com\/wp-content\/uploads\/2025\/01\/foam-crusher1.webp\" alt=\"EPS-Schaumbrecher\" width=\"720\" height=\"540\" srcset=\"https:\/\/recyclingequipinc.com\/wp-content\/uploads\/2025\/01\/foam-crusher1.webp 720w, https:\/\/recyclingequipinc.com\/wp-content\/uploads\/2025\/01\/foam-crusher1-300x225.webp 300w, https:\/\/recyclingequipinc.com\/wp-content\/uploads\/2025\/01\/foam-crusher1-16x12.webp 16w\" sizes=\"(max-width: 720px) 100vw, 720px\" \/><figcaption id=\"caption-attachment-16947\" class=\"wp-caption-text\">EPS-Schaumbrecher<\/figcaption><\/figure> <h2>Wie funktioniert der EPS-Schaumbrecher?<\/h2> <p>Die Styropor-Zerkleinerungsmaschine besteht aus einem Zufuhreinlass, einer Zerkleinerungskammer, Messern, Sieben und einem Sockel.<\/p> <p>Kunststoffabf\u00e4lle gelangen durch den Zufuhreinlass in die Zerkleinerungskammer und die hochwertigen Edelstahlmesser rotieren, um den Schaum auf die voreingestellte Gr\u00f6\u00dfe zu zerkleinern. Anschlie\u00dfend passieren die EPS-Schaumstoffst\u00fccke, die den Anforderungen entsprechen, das Sieb und werden f\u00fcr den n\u00e4chsten Recyclingprozess in den Trichter des Styroporschmelzofens \u00fcberf\u00fchrt.<\/p> <figure id=\"attachment_16948\" aria-describedby=\"caption-attachment-16948\" style=\"width: 720px\" class=\"wp-caption aligncenter\"><img loading=\"lazy\" decoding=\"async\" class=\"size-full wp-image-16948\" src=\"https:\/\/recyclingequipinc.com\/wp-content\/uploads\/2025\/01\/styrofoam-recycling-machines.webp\" alt=\"Styropor-Recyclingmaschinen\" width=\"720\" height=\"540\" srcset=\"https:\/\/recyclingequipinc.com\/wp-content\/uploads\/2025\/01\/styrofoam-recycling-machines.webp 720w, https:\/\/recyclingequipinc.com\/wp-content\/uploads\/2025\/01\/styrofoam-recycling-machines-300x225.webp 300w, https:\/\/recyclingequipinc.com\/wp-content\/uploads\/2025\/01\/styrofoam-recycling-machines-16x12.webp 16w\" sizes=\"(max-width: 720px) 100vw, 720px\" \/><figcaption id=\"caption-attachment-16948\" class=\"wp-caption-text\">Styropor-Recyclingmaschinen<\/figcaption><\/figure> <h2>Unsere Dienstleistungen<\/h2> <ul> <li>Beantwortung Ihrer Recyclingfragen, Weitergabe von Erfolgsbeispielen und Empfehlung des f\u00fcr Ihr Design am besten geeigneten Modells;<\/li> <li>Die Vorlaufzeit betr\u00e4gt etwa zwei Wochen nach Auftragserteilung und wir senden Ihnen regelm\u00e4\u00dfig Updates zum Produktionsfortschritt.<\/li> <li>Technischer Support, Installation vor Ort und ein Jahr Garantie.<\/li> <\/ul> <h2>Zusammenfassung<\/h2> <p>Als erster Schritt beim Styropor-Recycling beeinflusst der Zerkleinerungsprozess des Kunststoffschaums die Effizienz des gesamten Polystyrol-Recyclings. Die Wahl des richtigen, hochwertigen Styroporzerkleinerers kann dazu beitragen, das Schaumvolumen effizient zu reduzieren, die Weiterverarbeitung zu erleichtern und die Recyclingeffizienz zu verbessern. Bei Interesse kontaktieren Sie uns bitte, wir unterbreiten Ihnen gerne Empfehlungen!<\/p> <p>&nbsp;<\/p> <p>&nbsp;<\/p> <p>&nbsp;<\/p> <p>&nbsp;<\/p> <p>&nbsp;<\/p> <h1><\/h1>","protected":false},"excerpt":{"rendered":"<p>Wie behandelt man Styroporabf\u00e4lle vor dem Pelletieren? Die Verwendung einer Styropor-Zerkleinerungsmaschine zum Zerkleinern sperriger EPS-Sch\u00e4ume in kleine und gleichm\u00e4\u00dfige St\u00fccke kann den Platzbedarf des Schaums verringern, die sp\u00e4tere Verarbeitung erleichtern usw.<\/p> <p>&nbsp;<\/p>","protected":false},"featured_media":16934,"template":"","meta":{"site-sidebar-layout":"default","site-content-layout":"","ast-site-content-layout":"default","site-content-style":"default","site-sidebar-style":"default","ast-global-header-display":"","ast-banner-title-visibility":"","ast-main-header-display":"","ast-hfb-above-header-display":"","ast-hfb-below-header-display":"","ast-hfb-mobile-header-display":"","site-post-title":"","ast-breadcrumbs-content":"","ast-featured-img":"","footer-sml-layout":"","ast-disable-related-posts":"","theme-transparent-header-meta":"default","adv-header-id-meta":"","stick-header-meta":"","header-above-stick-meta":"","header-main-stick-meta":"","header-below-stick-meta":"","astra-migrate-meta-layouts":"set","ast-page-background-enabled":"default","ast-page-background-meta":{"desktop":{"background-color":"","background-image":"","background-repeat":"repeat","background-position":"center center","background-size":"auto","background-attachment":"scroll","background-type":"","background-media":"","overlay-type":"","overlay-color":"","overlay-opacity":"","overlay-gradient":""},"tablet":{"background-color":"","background-image":"","background-repeat":"repeat","background-position":"center center","background-size":"auto","background-attachment":"scroll","background-type":"","background-media":"","overlay-type":"","overlay-color":"","overlay-opacity":"","overlay-gradient":""},"mobile":{"background-color":"","background-image":"","background-repeat":"repeat","background-position":"center center","background-size":"auto","background-attachment":"scroll","background-type":"","background-media":"","overlay-type":"","overlay-color":"","overlay-opacity":"","overlay-gradient":""}},"ast-content-background-meta":{"desktop":{"background-color":"var(--ast-global-color-5)","background-image":"","background-repeat":"repeat","background-position":"center center","background-size":"auto","background-attachment":"scroll","background-type":"","background-media":"","overlay-type":"","overlay-color":"","overlay-opacity":"","overlay-gradient":""},"tablet":{"background-color":"var(--ast-global-color-5)","background-image":"","background-repeat":"repeat","background-position":"center center","background-size":"auto","background-attachment":"scroll","background-type":"","background-media":"","overlay-type":"","overlay-color":"","overlay-opacity":"","overlay-gradient":""},"mobile":{"background-color":"var(--ast-global-color-5)","background-image":"","background-repeat":"repeat","background-position":"center center","background-size":"auto","background-attachment":"scroll","background-type":"","background-media":"","overlay-type":"","overlay-color":"","overlay-opacity":"","overlay-gradient":""}}},"product_brand":[],"product_cat":[36],"product_tag":[80,85],"class_list":{"0":"post-16917","1":"product","2":"type-product","3":"status-publish","4":"has-post-thumbnail","6":"product_cat-plastic-recycling-machine","7":"product_tag-foam","8":"product_tag-foam-crusher","9":"desktop-align-center","10":"tablet-align-center","11":"mobile-align-center","13":"first","14":"instock","15":"shipping-taxable","16":"product-type-simple"},"_links":{"self":[{"href":"https:\/\/recyclingequipinc.com\/de\/wp-json\/wp\/v2\/product\/16917","targetHints":{"allow":["GET"]}}],"collection":[{"href":"https:\/\/recyclingequipinc.com\/de\/wp-json\/wp\/v2\/product"}],"about":[{"href":"https:\/\/recyclingequipinc.com\/de\/wp-json\/wp\/v2\/types\/product"}],"version-history":[{"count":0,"href":"https:\/\/recyclingequipinc.com\/de\/wp-json\/wp\/v2\/product\/16917\/revisions"}],"wp:featuredmedia":[{"embeddable":true,"href":"https:\/\/recyclingequipinc.com\/de\/wp-json\/wp\/v2\/media\/16934"}],"wp:attachment":[{"href":"https:\/\/recyclingequipinc.com\/de\/wp-json\/wp\/v2\/media?parent=16917"}],"wp:term":[{"taxonomy":"product_brand","embeddable":true,"href":"https:\/\/recyclingequipinc.com\/de\/wp-json\/wp\/v2\/product_brand?post=16917"},{"taxonomy":"product_cat","embeddable":true,"href":"https:\/\/recyclingequipinc.com\/de\/wp-json\/wp\/v2\/product_cat?post=16917"},{"taxonomy":"product_tag","embeddable":true,"href":"https:\/\/recyclingequipinc.com\/de\/wp-json\/wp\/v2\/product_tag?post=16917"}],"curies":[{"name":"wp","href":"https:\/\/api.w.org\/{rel}","templated":true}]}}